{"id":1936,"date":"2023-12-18T14:07:51","date_gmt":"2023-12-18T22:07:51","guid":{"rendered":"https:\/\/corvallisddc.org\/?page_id=1936"},"modified":"2026-02-28T14:08:38","modified_gmt":"2026-02-28T22:08:38","slug":"elementor-1936","status":"publish","type":"page","link":"https:\/\/corvallisddc.org\/cs\/elementor-1936\/","title":{"rendered":"Seznamte se s na\u0161\u00edm t\u00fdmem"},"content":{"rendered":"<div data-elementor-type=\"wp-page\" data-elementor-id=\"1936\" class=\"elementor elementor-1936\">\n\t\t\t\t\t\t<section class=\"elementor-section elementor-top-section elementor-element elementor-element-37815a5 elementor-section-boxed elementor-section-height-default elementor-section-height-default\" data-id=\"37815a5\" data-element_type=\"section\" data-e-type=\"section\">\n\t\t\t\t\t\t\t<div class=\"elementor-background-overlay\"><\/div>\n\t\t\t\t\t\t\t<div class=\"elementor-container elementor-column-gap-default\">\n\t\t\t\t\t<div class=\"elementor-column elementor-col-100 elementor-top-column elementor-element elementor-element-7e9a6fe\" data-id=\"7e9a6fe\" data-element_type=\"column\" data-e-type=\"column\">\n\t\t\t<div class=\"elementor-widget-wrap elementor-element-populated\">\n\t\t\t\t\t\t<div class=\"elementor-element elementor-element-47b8b51 elementor-widget__width-inherit elementor-widget elementor-widget-text-editor\" data-id=\"47b8b51\" data-element_type=\"widget\" data-e-type=\"widget\" data-widget_type=\"text-editor.default\">\n\t\t\t\t<div class=\"elementor-widget-container\">\n\t\t\t\t\t\t\t\t\t<div id=\"team\" class=\"wp-block-columns alignfull\">\n<div class=\"wp-block-column\" style=\"flex-basis: 80%;\">\n<p style=\"font-size: 24px;\"><span style=\"font-size: 22px; color: #000000;\"><em><span style=\"text-decoration: underline;\"><span style=\"font-family: arial, helvetica, sans-serif;\"><strong>Spolu\u0159editel\u00e9<\/strong><\/span><\/span><\/em><\/span><\/p>\n<p style=\"font-size: 24px;\"><span style=\"font-family: arial, helvetica, sans-serif; font-size: 22px;\"><strong>Allison Hobgoodov\u00e1<\/strong> (ona\/ona)<\/span><br \/><span style=\"font-family: arial, helvetica, sans-serif; font-size: 22px;\">E-mail: <a href=\"mailto:allison.hobgood@gmail.com\">allison.hobgood@gmail.com<\/a><\/span><br \/><span style=\"font-family: arial, helvetica, sans-serif; font-size: 22px;\">Telefon: 541-224-7578<\/span><\/p>\n<p><span style=\"font-family: arial, helvetica, sans-serif; font-size: 22px;\"><strong>Maddie Bean<\/strong> (ona\/ona)<\/span><br \/><span style=\"font-family: arial, helvetica, sans-serif; font-size: 22px;\">E-mail: <a href=\"mailto:maddie@corvallisddc.com\">maddie@corvallisddc.com<\/a><\/span><\/p>\n<p><span style=\"font-family: arial, helvetica, sans-serif; font-size: 22px;\"><strong>Maria Gonzalesov\u00e1<\/strong> (ona\/ona)<\/span><br \/><span style=\"font-family: arial, helvetica, sans-serif; font-size: 22px;\">E-mail: <a href=\"mailto:maria@corvallisddc.com\">maria@corvallisddc.com<\/a><\/span><\/p>\n<p><span style=\"text-decoration: underline; font-size: 22px; color: #000000;\"><em><span style=\"font-family: arial, helvetica, sans-serif;\"><b>Navig\u00e1to\u0159i z\u00e1kladn\u00edch pot\u0159eb a obh\u00e1jci host\u016f<\/b><\/span><\/em><\/span><\/p>\n<p><strong><span style=\"font-family: arial, helvetica, sans-serif; font-size: 22px;\">Liz Webster (ona\/jej\u00ed)<\/span><br \/><span style=\"font-family: arial, helvetica, sans-serif; font-size: 22px;\">E-mail: <a href=\"mailto:liz@corvallisddc.com\">liz@corvallisddc.com<\/a><\/span><\/strong><\/p>\n<p><strong><span style=\"font-family: arial, helvetica, sans-serif; font-size: 22px;\">Jade True (oni\/je)<\/span><br \/><span style=\"font-family: arial, helvetica, sans-serif; font-size: 22px;\">E-mail: <a href=\"mailto:jade@corvallisddc.com\">jade@corvallisddc.com<\/a><\/span><\/strong><\/p>\n<p><strong><span style=\"font-family: arial, helvetica, sans-serif; font-size: 22px;\">Ryn Darnell (oni\/oni)<\/span><br \/><span style=\"font-family: arial, helvetica, sans-serif; font-size: 22px;\">E-mail: <a href=\"mailto:ryn@corvallisddc.com\">ryn@corvallisddc.com<\/a><\/span><\/strong><\/p>\n<p><strong><span style=\"font-family: arial, helvetica, sans-serif; font-size: 22px;\">Matt Easdale (on\/jeho)<\/span><br \/><span style=\"font-family: arial, helvetica, sans-serif; font-size: 22px;\">E-mail: <a href=\"mailto:matt@corvallisddc.com\">matt@corvallisddc.com<\/a><\/span><\/strong><\/p>\n<p style=\"font-size: 24px;\"><span style=\"font-size: 22px; color: #000000;\"><em><span style=\"text-decoration: underline;\"><span style=\"font-family: arial, helvetica, sans-serif;\"><strong>Koordin\u00e1tor Street Outreach and Response Team (SORT).<\/strong><\/span><\/span><\/em><\/span><\/p>\n<p style=\"font-size: 24px;\"><span style=\"font-size: 22px; font-family: arial, helvetica, sans-serif;\"><strong>Eric Swartzendruber<\/strong> (on\/on)<\/span><br \/><span style=\"font-size: 22px; font-family: arial, helvetica, sans-serif;\">E-mail: <a href=\"mailto:sortoutreachcorvallis@gmail.com\">sortoutreachcorvallis@gmail.com<\/a><\/span><\/p>\n<p style=\"font-size: 24px;\"><span style=\"text-decoration: underline; font-size: 22px; color: #000000;\"><em><span style=\"font-family: arial, helvetica, sans-serif;\"><strong>Frontline Community Wellness Support<\/strong><\/span><\/em><\/span><\/p>\n<p style=\"font-size: 24px;\"><span style=\"font-size: 22px; font-family: arial, helvetica, sans-serif;\"><strong>Hezz Franklin<\/strong> (\u017e\u00e1dn\u00e1 z\u00e1jmena)<\/span><\/p>\n<\/div>\n<div class=\"wp-block-column\" style=\"flex-basis: 80%;\">\n<p><span style=\"text-decoration: underline; font-size: 22px; color: #000000;\"><em><span style=\"font-family: arial, helvetica, sans-serif;\"><strong>Koordin\u00e1tor programu Healing Arts<\/strong><\/span><\/em><\/span><\/p>\n<p><span style=\"font-size: 22px;\"><strong>Isobel Robinsonov\u00e1<\/strong> (ona\/ona)<\/span><\/p>\n<p><span style=\"text-decoration: underline; font-size: 22px; color: #000000;\"><em><span style=\"font-family: arial, helvetica, sans-serif;\"><strong>Podp\u016frn\u00fd person\u00e1l<\/strong><\/span><\/em><\/span><\/p>\n<p><span style=\"font-size: 22px; font-family: arial, helvetica, sans-serif;\"><strong>Anne Snell<\/strong> (oni\/oni)<\/span><\/p>\n<p style=\"font-size: 24px;\"><span style=\"font-size: 22px; font-family: arial, helvetica, sans-serif;\"><strong>Marie Palmerov\u00e1<\/strong> (ona\/ona)<\/span><\/p>\n<p><span style=\"font-size: 22px;\"><strong><span style=\"font-family: arial, helvetica, sans-serif;\">Dean Gustafson\u00a0<\/span><\/strong><span style=\"font-family: arial, helvetica, sans-serif;\">(on\/on)<\/span><\/span><\/p>\n<p style=\"font-size: 24px;\"><span style=\"text-decoration: underline; font-size: 22px; color: #000000;\"><em><span style=\"font-family: arial, helvetica, sans-serif;\"><strong>Koordin\u00e1tor dat a informac\u00ed<\/strong><\/span><\/em><\/span><\/p>\n<p style=\"font-size: 24px;\"><span style=\"font-size: 22px; font-family: arial, helvetica, sans-serif;\"><strong>Val dobrota<\/strong> (jak\u00e1koli z\u00e1jmena)<\/span><br \/><span style=\"font-size: 22px; font-family: arial, helvetica, sans-serif;\">E-mail: <a href=\"mailto:val@corvallisddc.com\">val@corvallisddc.com<\/a><\/span><br \/><span style=\"font-size: 22px; font-family: arial, helvetica, sans-serif;\">Telefon: 458-233-5327<\/span><\/p>\n<p style=\"font-size: 24px;\"><span style=\"font-size: 22px; color: #000000;\"><em><span style=\"text-decoration: underline;\"><span style=\"font-family: arial, helvetica, sans-serif;\"><strong>p\u0159edstavenstvo<\/strong><\/span><\/span><\/em><\/span><\/p>\n<p style=\"font-size: 24px;\"><span style=\"font-family: arial, helvetica, sans-serif; font-size: 22px;\"><span style=\"font-weight: 400;\">Aleita Hass-Holcombe (ona\/jej\u00ed),\u00a0<\/span><span style=\"font-weight: 400;\"><br \/><\/span><span style=\"font-weight: 400;\">Grant Carlin (on\/jeho)<\/span><a href=\"mailto:basicneeds@corvallisddc.com\"><span style=\"font-weight: 400;\"><br \/><\/span><\/a><span style=\"font-weight: 400;\">Laura Duncan (ona\/ona)<\/span><\/span><span style=\"font-family: arial, helvetica, sans-serif; font-size: 22px;\"><span style=\"font-weight: 400;\"><br \/><\/span><span style=\"font-weight: 400;\">Dawn Lasater (ona\/ona)<\/span><a href=\"mailto:basicneeds@corvallisddc.com\"><span style=\"font-weight: 400;\"><br \/><\/span><\/a><span style=\"font-weight: 400;\">Vicki Meyer (ona\/ona), pokladn\u00edk<\/span><\/span><br \/><span style=\"font-family: arial, helvetica, sans-serif; font-size: 22px;\"><span style=\"font-weight: 400;\">Mandy Place (ona\/ona)<\/span><span style=\"font-weight: 400;\"><br \/><\/span>Sue Schulz (ona\/ona)<a href=\"mailto:basicneeds@corvallisddc.com\"><span style=\"font-weight: 400;\"><br \/><\/span><\/a><\/span><span style=\"font-family: arial, helvetica, sans-serif;\"><span style=\"font-size: 22px;\"><span style=\"font-weight: 400;\">Marybetts Sinclair (ona\/ona)<\/span><span style=\"font-weight: 400;\"><br \/><\/span>Shawn Strobl (on\/on)<span style=\"font-weight: 400;\"><br \/><\/span>Michael Henthorne (on\/jeho)<\/span><\/span><\/p>\n<\/div>\n<\/div>\n<p><!-- \/wp:spacer --><!-- wp:paragraph --><\/p>\t\t\t\t\t\t\t\t<\/div>\n\t\t\t\t<\/div>\n\t\t\t\t\t<\/div>\n\t\t<\/div>\n\t\t\t\t\t<\/div>\n\t\t<\/section>\n\t\t\t\t<\/div>","protected":false},"excerpt":{"rendered":"<p>V\u00fdkonn\u00ed \u0159editel\u00e9 Allison Hobgood (ona\/jej\u00ed)E-mail: allison.hobgood@gmail.comTelefon: 541-224-7578 Maddie Bean (ona\/jej\u00ed)E-mail: maddie@corvallisddc.com Maria Gonzales (ona\/jej\u00ed)E-mail: maria@corvallisddc.com Navig\u00e1to\u0159i z\u00e1kladn\u00edch pot\u0159eb a zast\u00e1nci host\u016f Liz Webster (ona\/jej\u00ed)E-mail: liz@corvallisddc.com Jade True (oni\/oni)E-mail: jade@corvallisddc.com Ryn Darnell (oni\/oni)E-mail: ryn@corvallisddc.com Matt Easdale (on\/jeho)E-mail: matt@corvallisddc.com Koordin\u00e1tor t\u00fdmu pro pouli\u010dn\u00ed komunikaci a reakci (SORT) Eric Swartzendruber (on\/jeho)E-mail: sortoutreachcorvallis@gmail.com Podpora komunitn\u00edho zdrav\u00ed v prvn\u00ed linii Hezz Franklin (ne<a class=\"more-link\" href=\"https:\/\/corvallisddc.org\/cs\/elementor-1936\/\">Pokra\u010dovat ve \u010dten\u00ed <span class=\"screen-reader-text\">\u201eSeznamte se s na\u0161\u00edm t\u00fdmem\u201c<\/span><\/a><\/p>","protected":false},"author":212331932,"featured_media":0,"parent":0,"menu_order":0,"comment_status":"closed","ping_status":"closed","template":"","meta":{"advanced_seo_description":"","jetpack_seo_html_title":"","jetpack_seo_noindex":false,"footnotes":""},"class_list":["post-1936","page","type-page","status-publish","hentry","entry"],"jetpack_likes_enabled":true,"jetpack_sharing_enabled":true,"jetpack_shortlink":"https:\/\/wp.me\/PdkkQs-ve","amp_enabled":false,"_links":{"self":[{"href":"https:\/\/corvallisddc.org\/cs\/wp-json\/wp\/v2\/pages\/1936","targetHints":{"allow":["GET"]}}],"collection":[{"href":"https:\/\/corvallisddc.org\/cs\/wp-json\/wp\/v2\/pages"}],"about":[{"href":"https:\/\/corvallisddc.org\/cs\/wp-json\/wp\/v2\/types\/page"}],"author":[{"embeddable":true,"href":"https:\/\/corvallisddc.org\/cs\/wp-json\/wp\/v2\/users\/212331932"}],"replies":[{"embeddable":true,"href":"https:\/\/corvallisddc.org\/cs\/wp-json\/wp\/v2\/comments?post=1936"}],"version-history":[{"count":50,"href":"https:\/\/corvallisddc.org\/cs\/wp-json\/wp\/v2\/pages\/1936\/revisions"}],"predecessor-version":[{"id":5004,"href":"https:\/\/corvallisddc.org\/cs\/wp-json\/wp\/v2\/pages\/1936\/revisions\/5004"}],"wp:attachment":[{"href":"https:\/\/corvallisddc.org\/cs\/wp-json\/wp\/v2\/media?parent=1936"}],"curies":[{"name":"wp","href":"https:\/\/api.w.org\/{rel}","templated":true}]}}