{"id":2407,"date":"2024-02-06T12:36:10","date_gmt":"2024-02-06T20:36:10","guid":{"rendered":"https:\/\/corvallisddc.org\/?page_id=2407"},"modified":"2024-07-09T19:47:44","modified_gmt":"2024-07-10T02:47:44","slug":"donateonline","status":"publish","type":"page","link":"https:\/\/corvallisddc.org\/cs\/donateonline\/","title":{"rendered":"Online d\u00e1rcovstv\u00ed"},"content":{"rendered":"<div data-elementor-type=\"wp-page\" data-elementor-id=\"2407\" class=\"elementor elementor-2407\">\n\t\t\t\t\t\t<section class=\"elementor-section elementor-top-section elementor-element elementor-element-7d3f429 elementor-section-boxed elementor-section-height-default elementor-section-height-default\" data-id=\"7d3f429\" data-element_type=\"section\" data-e-type=\"section\">\n\t\t\t\t\t\t<div class=\"elementor-container elementor-column-gap-default\">\n\t\t\t\t\t<div class=\"elementor-column elementor-col-100 elementor-top-column elementor-element elementor-element-a7771d6\" data-id=\"a7771d6\" data-element_type=\"column\" data-e-type=\"column\">\n\t\t\t<div class=\"elementor-widget-wrap elementor-element-populated\">\n\t\t\t\t\t\t<div class=\"elementor-element elementor-element-74a77c7 elementor-widget elementor-widget-text-editor\" data-id=\"74a77c7\" data-element_type=\"widget\" data-e-type=\"widget\" data-widget_type=\"text-editor.default\">\n\t\t\t\t<div class=\"elementor-widget-container\">\n\t\t\t\t\t\t\t\t\t<h1><span style=\"font-family: arial, helvetica, sans-serif; font-size: 22px;\">Shrnut\u00ed<\/span><\/h1><p>Corvallis Daytime Drop-in Center je neziskov\u00e1 organizace, kterou IRS uznal jako osvobozenou od dan\u011b podle \u00a7 501(c)(3). <strong>Na\u0161e feder\u00e1ln\u00ed \u010d\u00edslo EIN je: 80-0019915<\/strong><\/p><p><span style=\"font-family: arial, helvetica, sans-serif; font-size: 18px;\">Jsme za V\u00c1S tak vd\u011b\u010dn\u00ed! Ve formul\u00e1\u0159i n\u00ed\u017ee maj\u00ed d\u00e1rci k dispozici mo\u017enosti, jak si vybrat, jak sv\u016fj online dar poskytnout. Pou\u017eit\u00edm <a href=\"https:\/\/www.zeffy.com\/home\/\">Zeffy<\/a>, nyn\u00ed p\u0159ij\u00edm\u00e1me <strong>1001 TP3T z ka\u017ed\u00e9ho online daru! <\/strong>U\u017e \u017e\u00e1dn\u00e9 poplatky za zpracov\u00e1n\u00ed, abyste se hrabali ve sv\u00fdch darech! <br \/><\/span><\/p><p><span style=\"font-family: arial, helvetica, sans-serif; font-size: 18px;\">\u00a0<\/span><\/p><ol><li><span style=\"font-family: arial, helvetica, sans-serif; font-size: 18px;\">K dispozici jsou \u010dty\u0159i (4) tla\u010d\u00edtka p\u0159ednastaven\u00e9ho mno\u017estv\u00ed pro \u201e<strong>Jednor\u00e1zov\u00fd dar<\/strong>\u201c a \u010dty\u0159i (4) tla\u010d\u00edtka pro \u201e<strong>M\u011bs\u00ed\u010dn\u00ed dar<\/strong>.\u201c Kliknut\u00edm na ka\u017ed\u00e9 tla\u010d\u00edtko se d\u00e1rc\u016fm zobraz\u00ed popis toho, jak jejich dar pom\u016f\u017ee Centru a na\u0161im host\u016fm.<\/span><\/li><li><span style=\"font-family: arial, helvetica, sans-serif; font-size: 18px;\">Mo\u017enost v\u00fdb\u011bru maj\u00ed i d\u00e1rci <em>\u017e\u00e1dn\u00fd<\/em> \u010d\u00e1stku, kterou by cht\u011bli d\u00e1t, zad\u00e1n\u00edm \u010d\u00e1stky do pole voln\u00e9ho tvaru s $ (znak dolaru) \u00fapln\u011b vpravo.<\/span><\/li><\/ol><p><span style=\"font-family: arial, helvetica, sans-serif; font-size: 18px;\">UPOZORN\u011aN\u00cd: Va\u0161e dary nebudou nikdy ve\u0159ejn\u011b uvedeny.<\/span><\/p>\t\t\t\t\t\t\t\t<\/div>\n\t\t\t\t<\/div>\n\t\t\t\t<div class=\"elementor-element elementor-element-d9d3173 elementor-widget-mobile__width-initial elementor-widget elementor-widget-html\" data-id=\"d9d3173\" data-element_type=\"widget\" data-e-type=\"widget\" data-widget_type=\"html.default\">\n\t\t\t\t<div class=\"elementor-widget-container\">\n\t\t\t\t\t<div style=\"position:relative;overflow:hidden;height:1200px;width:100%;\"><iframe title='Darovac\u00ed formul\u00e1\u0159 poh\u00e1n\u011bn\u00fd Zeffy' style='position: absolute; border: 0; top:0;left:0;bottom:0;right:0;width:100%;height:100%' src='https:\/\/www.zeffy.com\/embed\/donation-form\/467b26c0-d081-4f17-9f29-94a2cfc8f4dd' allowpaymentrequest allowtransparency=\"true\"><\/iframe><\/div>\t\t\t\t<\/div>\n\t\t\t\t<\/div>\n\t\t\t\t\t<\/div>\n\t\t<\/div>\n\t\t\t\t\t<\/div>\n\t\t<\/section>\n\t\t\t\t<\/div>","protected":false},"excerpt":{"rendered":"<p>Shrnut\u00ed Corvallis Daytime Drop-in Center je neziskov\u00e1 organizace, kterou IRS uznal jako osvobozenou od dan\u011b podle \u00a7 501(c)(3). Na\u0161e feder\u00e1ln\u00ed \u010d\u00edslo EIN je: 80-0019915 Jsme za V\u00c1S tak vd\u011b\u010dn\u00ed! Ve formul\u00e1\u0159i n\u00ed\u017ee maj\u00ed d\u00e1rci k dispozici mo\u017enosti, jak si vybrat, jak darovat online. Pou\u017e\u00edv\u00e1n\u00edm Zeffy nyn\u00ed dost\u00e1v\u00e1me 100%<a class=\"more-link\" href=\"https:\/\/corvallisddc.org\/cs\/donateonline\/\">Pokra\u010dovat ve \u010dten\u00ed <span class=\"screen-reader-text\">&quot;Online darov\u00e1n\u00ed&quot;<\/span><\/a><\/p>","protected":false},"author":212331932,"featured_media":0,"parent":0,"menu_order":0,"comment_status":"closed","ping_status":"closed","template":"","meta":{"advanced_seo_description":"","jetpack_seo_html_title":"","jetpack_seo_noindex":false,"footnotes":""},"class_list":["post-2407","page","type-page","status-publish","hentry","entry"],"jetpack_likes_enabled":true,"jetpack_sharing_enabled":true,"jetpack_shortlink":"https:\/\/wp.me\/PdkkQs-CP","amp_enabled":true,"_links":{"self":[{"href":"https:\/\/corvallisddc.org\/cs\/wp-json\/wp\/v2\/pages\/2407","targetHints":{"allow":["GET"]}}],"collection":[{"href":"https:\/\/corvallisddc.org\/cs\/wp-json\/wp\/v2\/pages"}],"about":[{"href":"https:\/\/corvallisddc.org\/cs\/wp-json\/wp\/v2\/types\/page"}],"author":[{"embeddable":true,"href":"https:\/\/corvallisddc.org\/cs\/wp-json\/wp\/v2\/users\/212331932"}],"replies":[{"embeddable":true,"href":"https:\/\/corvallisddc.org\/cs\/wp-json\/wp\/v2\/comments?post=2407"}],"version-history":[{"count":69,"href":"https:\/\/corvallisddc.org\/cs\/wp-json\/wp\/v2\/pages\/2407\/revisions"}],"predecessor-version":[{"id":2900,"href":"https:\/\/corvallisddc.org\/cs\/wp-json\/wp\/v2\/pages\/2407\/revisions\/2900"}],"wp:attachment":[{"href":"https:\/\/corvallisddc.org\/cs\/wp-json\/wp\/v2\/media?parent=2407"}],"curies":[{"name":"wp","href":"https:\/\/api.w.org\/{rel}","templated":true}]}}