{"id":2548,"date":"2024-03-26T13:11:15","date_gmt":"2024-03-26T20:11:15","guid":{"rendered":"https:\/\/corvallisddc.org\/?page_id=2548"},"modified":"2024-12-16T13:37:39","modified_gmt":"2024-12-16T21:37:39","slug":"give-help-2","status":"publish","type":"page","link":"https:\/\/corvallisddc.org\/cs\/give-help-2\/","title":{"rendered":"Poskytn\u011bte pomoc"},"content":{"rendered":"<div data-elementor-type=\"wp-page\" data-elementor-id=\"2548\" class=\"elementor elementor-2548\">\n\t\t\t\t\t\t<section class=\"elementor-section elementor-top-section elementor-element elementor-element-e606547 elementor-section-boxed elementor-section-height-default elementor-section-height-default\" data-id=\"e606547\" data-element_type=\"section\" data-e-type=\"section\">\n\t\t\t\t\t\t<div class=\"elementor-container elementor-column-gap-default\">\n\t\t\t\t\t<div class=\"elementor-column elementor-col-100 elementor-top-column elementor-element elementor-element-f3f1d3b\" data-id=\"f3f1d3b\" data-element_type=\"column\" data-e-type=\"column\">\n\t\t\t<div class=\"elementor-widget-wrap elementor-element-populated\">\n\t\t\t\t\t\t<div class=\"elementor-element elementor-element-eb095b2 elementor-widget elementor-widget-text-editor\" data-id=\"eb095b2\" data-element_type=\"widget\" data-e-type=\"widget\" data-widget_type=\"text-editor.default\">\n\t\t\t\t<div class=\"elementor-widget-container\">\n\t\t\t\t\t\t\t\t\t<div id=\"malwarebytes-root\" style=\"position: fixed; inset: 0px 0px auto; z-index: 2147483647; width: 100%;\" tabindex=\"-1\">\u00a0<\/div><p><span style=\"font-weight: 400; font-size: 22px; font-family: arial, helvetica, sans-serif;\">Va\u0161e p\u00e9\u010de a odhodl\u00e1n\u00ed maj\u00ed z\u00e1sadn\u00ed v\u00fdznam pro hosty, kter\u00e9 obsluhujeme v Corvallis Daytime Drop-in Center!\u00a0<\/span><\/p><p>\u00a0<\/p><p><span style=\"font-weight: 400; font-size: 22px; font-family: arial, helvetica, sans-serif;\">Dary pom\u00e1haj\u00ed centru poskytovat individualizovanou p\u00e9\u010di a slu\u017eby na\u0161im host\u016fm a z\u00e1rove\u0148 \u010delit syst\u00e9mov\u00e9 chudob\u011b a bezdomovectv\u00ed p\u0159\u00edmo zde na na\u0161em vlastn\u00edm dvorku.<\/span><\/p><p>\u00a0<\/p><p><span style=\"font-weight: 400; font-size: 22px; font-family: arial, helvetica, sans-serif;\">Spole\u010dn\u011b vytv\u00e1\u0159\u00edme p\u0159\u00edstup k z\u00e1kladn\u00edm pot\u0159eb\u00e1m t\u011bm, kte\u0159\u00ed to v na\u0161\u00ed komunit\u011b pot\u0159ebuj\u00ed nejv\u00edce, a to:<\/span><\/p><ul><li><span style=\"font-weight: 400; font-size: 22px; font-family: arial, helvetica, sans-serif;\">poskytov\u00e1n\u00ed d\u016fstojn\u00e9 pomoci a obhajoby, <\/span><\/li><li><span style=\"font-weight: 400; font-size: 22px; font-family: arial, helvetica, sans-serif;\">nab\u00edz\u00ed p\u0159\u00edle\u017eitosti pro budov\u00e1n\u00ed komunity a soci\u00e1ln\u00edch s\u00edt\u00ed,<\/span><\/li><li><span style=\"font-weight: 400; font-size: 22px; font-family: arial, helvetica, sans-serif;\">podpora blahobytu a rehabilitace jednotlivc\u016f v nouzov\u00fdch, p\u0159echodn\u00fdch a trval\u00fdch \u017eivotn\u00edch situac\u00edch.<\/span><\/li><\/ul><p>\u00a0<\/p><p><span style=\"font-weight: 400; font-size: 22px; font-family: arial, helvetica, sans-serif;\">D\u011bkujeme, \u017ee investujete do t\u00e9to komunity. V\u00e1\u017e\u00edme si v\u00e1s!<\/span><\/p>\t\t\t\t\t\t\t\t<\/div>\n\t\t\t\t<\/div>\n\t\t\t\t<div class=\"elementor-element elementor-element-d7962a1 elementor-widget elementor-widget-text-editor\" data-id=\"d7962a1\" data-element_type=\"widget\" data-e-type=\"widget\" data-widget_type=\"text-editor.default\">\n\t\t\t\t<div class=\"elementor-widget-container\">\n\t\t\t\t\t\t\t\t\t<h1><span style=\"font-family: arial, helvetica, sans-serif; font-size: 28px;\">Zp\u016fsoby, jak d\u00e1t<\/span><\/h1><p><span style=\"font-family: arial, helvetica, sans-serif; font-size: 24px;\"><strong>Darujte finan\u010dn\u00ed p\u0159\u00edsp\u011bvek:<\/strong><\/span><\/p><ul><li><span style=\"font-family: arial, helvetica, sans-serif;\">Ode\u0161lete online dar. <a href=\"https:\/\/corvallisddc.org\/cs\/donateonline\/\">KLIKN\u011aTE ZDE<\/a> pro p\u0159\u00edstup k online darovac\u00edmu formul\u00e1\u0159i nebo kliknut\u00edm na modr\u00e9 tla\u010d\u00edtko \u201eDAROVAT ZDE\u201c v horn\u00ed \u010d\u00e1sti str\u00e1nky.<\/span><\/li><li><span style=\"font-size: 1em; font-family: arial, helvetica, sans-serif;\">Finan\u010dn\u00ed dar po\u0161tou. Prove\u010fte \u0161ek nebo pen\u011b\u017en\u00ed pouk\u00e1zku splatnou do Corvallis Daytime Drop-in Center a za\u0161lete po\u0161tou na: PO BOX 1705, CORVALLIS, OR 97339\u00a0<\/span><\/li><\/ul><p>\u00a0<\/p><p><span style=\"font-size: 24px; font-family: arial, helvetica, sans-serif;\"><strong>Darujte zbo\u017e\u00ed, slu\u017eby nebo sv\u016fj \u010das.<\/strong><\/span><\/p><ul><li><span style=\"font-size: 20px; font-family: arial, helvetica, sans-serif;\"><strong>Dobrovoln\u011b s n\u00e1mi!<\/strong><\/span><\/li><\/ul><p style=\"padding-left: 40px;\"><span style=\"font-weight: 400; font-family: arial, helvetica, sans-serif;\">Jsme tak vd\u011b\u010dn\u00ed za v\u00e1\u0161 dar \u010dasu a dovednost\u00ed.<\/span><\/p><p style=\"padding-left: 40px;\"><span style=\"font-weight: 400; font-family: arial, helvetica, sans-serif;\">Chcete-li se dozv\u011bd\u011bt v\u00edce o dobrovolnictv\u00ed sv\u00e9ho \u010dasu nebo darov\u00e1n\u00ed slu\u017eeb, kontaktujte pros\u00edm Dr. Allison Hobgoodovou prost\u0159ednictv\u00edm e-mailu na adrese: <a href=\"mailto:info@corvallisddc.org\">info@corvallisddc.org<\/a> nebo zavolejte na \u010d\u00edslo 458-233-5327.\u00a0<\/span><\/p><ul><li><span style=\"font-family: arial, helvetica, sans-serif;\"><strong>V\u011bcn\u00e9 d\u00e1rky<\/strong><\/span><\/li><\/ul><p style=\"padding-left: 40px;\"><span style=\"font-weight: 400; font-family: arial, helvetica, sans-serif;\">Uv\u00edt\u00e1me va\u0161e dary potravin, hygienick\u00fdch pot\u0159eb, nov\u00e9ho a \u0161etrn\u011b pou\u017eit\u00e9ho oble\u010den\u00ed, obuvi a dal\u0161\u00edch p\u0159edm\u011bt\u016f.\u00a0<\/span><\/p><p>\u00a0<\/p><p style=\"padding-left: 40px;\"><span style=\"font-family: arial, helvetica, sans-serif;\"><em><span style=\"font-weight: 400;\">*** Zkontrolujte pros\u00edm na\u0161e <a href=\"https:\/\/corvallisddc.org\/cs\/current-needs-list\/\"><strong>Seznam aktu\u00e1ln\u00edch pot\u0159eb<\/strong><\/a> abychom zjistili, co na\u0161i host\u00e9 pr\u00e1v\u011b te\u010f nejv\u00edce pot\u0159ebuj\u00ed. <a href=\"https:\/\/corvallisddc.org\/cs\/current-needs-list\/\">KLIKN\u011aTE ZDE<\/a> pro zobrazen\u00ed seznamu.***<\/span><\/em><\/span><\/p><p style=\"padding-left: 40px;\"><span style=\"font-weight: 400; font-family: arial, helvetica, sans-serif;\">\u00a0<\/span><\/p><p style=\"padding-left: 40px;\"><span style=\"font-weight: 400; font-family: arial, helvetica, sans-serif;\">Polo\u017eky lze zaslat po\u0161tou nebo odevzdat do fyzick\u00e9ho um\u00edst\u011bn\u00ed Centra na 4. ulici na adrese <strong>530 SW 4th Street, Corvallis, OR 97333<\/strong>. <\/span><\/p><p style=\"padding-left: 40px;\"><span style=\"font-weight: 400; font-family: arial, helvetica, sans-serif;\">V\u011bcn\u00e9 dary pros\u00edm odevzd\u00e1vejte pouze od pond\u011bl\u00ed do p\u00e1tku od 9:00 do 12:00. <\/span><\/p><p style=\"padding-left: 40px;\"><span style=\"font-weight: 400; font-family: arial, helvetica, sans-serif;\">Nenech\u00e1vejte \u017e\u00e1dn\u00e9 dary v centru mimo pracovn\u00ed dobu. Pokud pot\u0159ebujete koordinovat odvoz s centrem, za\u0161lete e-mail: <a href=\"mailto:info@corvallisddc.org\">info@corvallisddc.org<\/a> nebo volejte: 458-233-5327.\u00a0<\/span><\/p>\t\t\t\t\t\t\t\t<\/div>\n\t\t\t\t<\/div>\n\t\t\t\t\t<\/div>\n\t\t<\/div>\n\t\t\t\t\t<\/div>\n\t\t<\/section>\n\t\t\t\t<\/div>","protected":false},"excerpt":{"rendered":"<p>\u00a0 Va\u0161e p\u00e9\u010de a odhodl\u00e1n\u00ed maj\u00ed pro hosty, kter\u00fdm slou\u017e\u00edme v denn\u00edm centru Corvallis, z\u00e1sadn\u00ed v\u00fdznam! Dary pom\u00e1haj\u00ed centru poskytovat na\u0161im host\u016fm individu\u00e1ln\u00ed p\u00e9\u010di a slu\u017eby a z\u00e1rove\u0148 \u010delit syst\u00e9mov\u00e9 chudob\u011b a bezdomovectv\u00ed p\u0159\u00edmo zde v na\u0161em domov\u011b. Spole\u010dn\u011b vytv\u00e1\u0159\u00edme p\u0159\u00edstup k z\u00e1kladn\u00edm pot\u0159eb\u00e1m.<a class=\"more-link\" href=\"https:\/\/corvallisddc.org\/cs\/give-help-2\/\">Pokra\u010dovat ve \u010dten\u00ed <span class=\"screen-reader-text\">\u201cPoskytn\u011bte pomoc\u201d<\/span><\/a><\/p>","protected":false},"author":212331932,"featured_media":0,"parent":0,"menu_order":0,"comment_status":"closed","ping_status":"closed","template":"","meta":{"advanced_seo_description":"","jetpack_seo_html_title":"","jetpack_seo_noindex":false,"footnotes":""},"class_list":["post-2548","page","type-page","status-publish","hentry","entry"],"jetpack_likes_enabled":true,"jetpack_sharing_enabled":true,"jetpack_shortlink":"https:\/\/wp.me\/PdkkQs-F6","amp_enabled":true,"_links":{"self":[{"href":"https:\/\/corvallisddc.org\/cs\/wp-json\/wp\/v2\/pages\/2548","targetHints":{"allow":["GET"]}}],"collection":[{"href":"https:\/\/corvallisddc.org\/cs\/wp-json\/wp\/v2\/pages"}],"about":[{"href":"https:\/\/corvallisddc.org\/cs\/wp-json\/wp\/v2\/types\/page"}],"author":[{"embeddable":true,"href":"https:\/\/corvallisddc.org\/cs\/wp-json\/wp\/v2\/users\/212331932"}],"replies":[{"embeddable":true,"href":"https:\/\/corvallisddc.org\/cs\/wp-json\/wp\/v2\/comments?post=2548"}],"version-history":[{"count":37,"href":"https:\/\/corvallisddc.org\/cs\/wp-json\/wp\/v2\/pages\/2548\/revisions"}],"predecessor-version":[{"id":4180,"href":"https:\/\/corvallisddc.org\/cs\/wp-json\/wp\/v2\/pages\/2548\/revisions\/4180"}],"wp:attachment":[{"href":"https:\/\/corvallisddc.org\/cs\/wp-json\/wp\/v2\/media?parent=2548"}],"curies":[{"name":"wp","href":"https:\/\/api.w.org\/{rel}","templated":true}]}}