{"id":2591,"date":"2024-03-31T19:18:28","date_gmt":"2024-04-01T02:18:28","guid":{"rendered":"https:\/\/corvallisddc.org\/?page_id=2591"},"modified":"2024-06-30T15:42:58","modified_gmt":"2024-06-30T22:42:58","slug":"current-needs-list","status":"publish","type":"page","link":"https:\/\/corvallisddc.org\/cs\/current-needs-list\/","title":{"rendered":"Seznam aktu\u00e1ln\u00edch pot\u0159eb"},"content":{"rendered":"<div data-elementor-type=\"wp-page\" data-elementor-id=\"2591\" class=\"elementor elementor-2591\">\n\t\t\t\t\t\t<section class=\"elementor-section elementor-top-section elementor-element elementor-element-1d4bd5f elementor-section-boxed elementor-section-height-default elementor-section-height-default\" data-id=\"1d4bd5f\" data-element_type=\"section\" data-e-type=\"section\">\n\t\t\t\t\t\t<div class=\"elementor-container elementor-column-gap-default\">\n\t\t\t\t\t<div class=\"elementor-column elementor-col-100 elementor-top-column elementor-element elementor-element-a8b494c\" data-id=\"a8b494c\" data-element_type=\"column\" data-e-type=\"column\">\n\t\t\t<div class=\"elementor-widget-wrap elementor-element-populated\">\n\t\t\t\t\t\t<div class=\"elementor-element elementor-element-a3c9a91 elementor-widget elementor-widget-text-editor\" data-id=\"a3c9a91\" data-element_type=\"widget\" data-e-type=\"widget\" data-widget_type=\"text-editor.default\">\n\t\t\t\t<div class=\"elementor-widget-container\">\n\t\t\t\t\t\t\t\t\t<p><span style=\"font-weight: 400; font-family: arial, helvetica, sans-serif;\">Pot\u0159eby na\u0161ich host\u016f se m\u011bn\u00ed s ro\u010dn\u00edm obdob\u00edm a okolnostmi prost\u0159ed\u00ed, tak\u017ee na to pamatujte, kdy\u017e zva\u017eujete darov\u00e1n\u00ed. Sna\u017e\u00edme se, aby byl tento seznam aktu\u00e1ln\u00ed a aktualizovan\u00fd, ale vzhledem k omezen\u00e9mu \u00falo\u017en\u00e9mu prostoru pot\u0159ebujeme va\u0161i pomoc, abychom zajistili, \u017ee p\u0159ijat\u00e9 dary budou relevantn\u00ed pro <em>proud<\/em> pot\u0159eby na\u0161ich host\u016f.<\/span><\/p><p>\u00a0<\/p><p><span style=\"font-weight: 400; font-family: arial, helvetica, sans-serif;\">Zva\u017ete pros\u00edm darov\u00e1n\u00ed nov\u00fdch a \u0161etrn\u011b pou\u017eit\u00fdch polo\u017eek z na\u0161eho seznamu n\u00ed\u017ee.<\/span><\/p><p><span style=\"font-weight: 400; font-family: arial, helvetica, sans-serif;\">Upozor\u0148ujeme tak\u00e9, \u017ee z bezpe\u010dnostn\u00edch a hygienick\u00fdch d\u016fvod\u016f p\u0159ij\u00edm\u00e1me POUZE zcela nov\u00e9 (v balen\u00ed) spodn\u00ed pr\u00e1dlo.<\/span><\/p><p>\u00a0<\/p><p><span style=\"font-weight: 400; font-family: arial, helvetica, sans-serif;\">Nev\u00e1hejte a kontaktujte centrum telefonicky 458-233-5327 nebo e-mailem <a href=\"mailto:info@corvallisddc.org\">info@corvallisddc.org<\/a>\u00a0 pokud m\u00e1te n\u011bjak\u00e9 ot\u00e1zky nebo darovat polo\u017eky, kter\u00e9 nejsou na tomto seznamu.<\/span><\/p><p>\u00a0<\/p><p><span style=\"font-weight: 400; font-family: arial, helvetica, sans-serif;\">D\u011bkujeme za va\u0161i velkorysou a trvalou podporu!<\/span><\/p><p>\u00a0<\/p><p><strong><span style=\"font-family: arial, helvetica, sans-serif; font-size: 22px;\">Nejpot\u0159ebn\u011bj\u0161\u00ed polo\u017eky<\/span><\/strong><\/p><ul><li><span style=\"font-weight: 400; font-family: arial, helvetica, sans-serif;\">XXL mikiny a mikiny (\u017eensk\u00e9, mu\u017esk\u00e9 a genderov\u011b neutr\u00e1ln\u00ed)<\/span><\/li><li><span style=\"font-weight: 400; font-family: arial, helvetica, sans-serif;\">Kalhoty (mu\u017esk\u00fd styl)<\/span><\/li><li><span style=\"font-weight: 400; font-family: arial, helvetica, sans-serif;\">Spodn\u00ed pr\u00e1dlo (\u017eensk\u00e9, mu\u017esk\u00e9 a genderov\u011b neutr\u00e1ln\u00ed)<\/span><\/li><li><span style=\"font-weight: 400; font-family: arial, helvetica, sans-serif;\">Pono\u017eky (v\u0161echny velikosti)<\/span><\/li><li><span style=\"font-weight: 400; font-family: arial, helvetica, sans-serif;\">Hygienick\u00e9 polo\u017eky (cestovn\u00ed velikost a zape\u010det\u011bn\u00e9)<\/span><\/li><li><span style=\"font-weight: 400; font-family: arial, helvetica, sans-serif;\">Jednor\u00e1zov\u00e9 menstrua\u010dn\u00ed produkty<\/span><\/li><li><span style=\"font-weight: 400; font-family: arial, helvetica, sans-serif;\">Pon\u010da <\/span><\/li><li><span style=\"font-weight: 400; font-family: arial, helvetica, sans-serif;\">Vybaven\u00ed do de\u0161t\u011b<\/span><\/li><li><span style=\"font-weight: 400; font-family: arial, helvetica, sans-serif;\">Stany<\/span><\/li><li><span style=\"font-weight: 400; font-family: arial, helvetica, sans-serif;\">Spac\u00ed pytle<\/span><\/li><li><span style=\"font-weight: 400; font-family: arial, helvetica, sans-serif;\">Batohy<\/span><\/li><li><span style=\"font-weight: 400; font-family: arial, helvetica, sans-serif;\">Plachty<\/span><\/li><li><span style=\"font-weight: 400; font-family: arial, helvetica, sans-serif;\">Sendvi\u010dov\u00fd chl\u00e9b<\/span><\/li><li><span style=\"font-weight: 400; font-family: arial, helvetica, sans-serif;\">Ovoce<\/span><\/li><li><span style=\"font-weight: 400; font-family: arial, helvetica, sans-serif;\">Sendvi\u010dov\u00e9 s\u00e1\u010dky<\/span><\/li><li><span style=\"font-weight: 400; font-family: arial, helvetica, sans-serif;\">Mal\u00e9 uzav\u00edrateln\u00e9 s\u00e1\u010dky<\/span><\/li><\/ul>\t\t\t\t\t\t\t\t<\/div>\n\t\t\t\t<\/div>\n\t\t\t\t\t<\/div>\n\t\t<\/div>\n\t\t\t\t\t<\/div>\n\t\t<\/section>\n\t\t\t\t<\/div>","protected":false},"excerpt":{"rendered":"<p>Pot\u0159eby na\u0161ich host\u016f se m\u011bn\u00ed s ro\u010dn\u00edmi obdob\u00edmi a okolnostmi prost\u0159ed\u00ed, proto na to pamatujte p\u0159i v\u00fdb\u011bru darovan\u00fdch v\u011bc\u00ed. Sna\u017e\u00edme se tento seznam udr\u017eovat aktu\u00e1ln\u00ed a aktualizovan\u00fd, nicm\u00e9n\u011b s omezen\u00fdm \u00falo\u017en\u00fdm prostorem pot\u0159ebujeme va\u0161i pomoc, abychom zajistili, \u017ee p\u0159ijat\u00e9 dary budou relevantn\u00ed pro aktu\u00e1ln\u00ed pot\u0159eby na\u0161ich host\u016f. \u00a0<a class=\"more-link\" href=\"https:\/\/corvallisddc.org\/cs\/current-needs-list\/\">Pokra\u010dovat ve \u010dten\u00ed <span class=\"screen-reader-text\">\u201cSeznam aktu\u00e1ln\u00edch pot\u0159eb\u201d<\/span><\/a><\/p>","protected":false},"author":212331932,"featured_media":0,"parent":0,"menu_order":0,"comment_status":"closed","ping_status":"closed","template":"","meta":{"advanced_seo_description":"","jetpack_seo_html_title":"","jetpack_seo_noindex":false,"footnotes":""},"class_list":["post-2591","page","type-page","status-publish","hentry","entry"],"jetpack_likes_enabled":true,"jetpack_sharing_enabled":true,"jetpack_shortlink":"https:\/\/wp.me\/PdkkQs-FN","amp_enabled":true,"_links":{"self":[{"href":"https:\/\/corvallisddc.org\/cs\/wp-json\/wp\/v2\/pages\/2591","targetHints":{"allow":["GET"]}}],"collection":[{"href":"https:\/\/corvallisddc.org\/cs\/wp-json\/wp\/v2\/pages"}],"about":[{"href":"https:\/\/corvallisddc.org\/cs\/wp-json\/wp\/v2\/types\/page"}],"author":[{"embeddable":true,"href":"https:\/\/corvallisddc.org\/cs\/wp-json\/wp\/v2\/users\/212331932"}],"replies":[{"embeddable":true,"href":"https:\/\/corvallisddc.org\/cs\/wp-json\/wp\/v2\/comments?post=2591"}],"version-history":[{"count":22,"href":"https:\/\/corvallisddc.org\/cs\/wp-json\/wp\/v2\/pages\/2591\/revisions"}],"predecessor-version":[{"id":2816,"href":"https:\/\/corvallisddc.org\/cs\/wp-json\/wp\/v2\/pages\/2591\/revisions\/2816"}],"wp:attachment":[{"href":"https:\/\/corvallisddc.org\/cs\/wp-json\/wp\/v2\/media?parent=2591"}],"curies":[{"name":"wp","href":"https:\/\/api.w.org\/{rel}","templated":true}]}}