{"id":2737,"date":"2024-06-17T16:12:27","date_gmt":"2024-06-17T23:12:27","guid":{"rendered":"https:\/\/corvallisddc.org\/?page_id=2737"},"modified":"2024-06-30T19:44:12","modified_gmt":"2024-07-01T02:44:12","slug":"local","status":"publish","type":"page","link":"https:\/\/corvallisddc.org\/cs\/local\/","title":{"rendered":"M\u00edstn\u00ed hrdinov\u00e9"},"content":{"rendered":"<div data-elementor-type=\"wp-page\" data-elementor-id=\"2737\" class=\"elementor elementor-2737\">\n\t\t\t\t\t\t<section class=\"elementor-section elementor-top-section elementor-element elementor-element-f3e8116 elementor-section-boxed elementor-section-height-default elementor-section-height-default\" data-id=\"f3e8116\" data-element_type=\"section\" data-e-type=\"section\">\n\t\t\t\t\t\t<div class=\"elementor-container elementor-column-gap-default\">\n\t\t\t\t\t<div class=\"elementor-column elementor-col-100 elementor-top-column elementor-element elementor-element-d1c7827\" data-id=\"d1c7827\" data-element_type=\"column\" data-e-type=\"column\">\n\t\t\t<div class=\"elementor-widget-wrap elementor-element-populated\">\n\t\t\t\t\t\t<div class=\"elementor-element elementor-element-9211047 elementor-widget__width-auto elementor-widget elementor-widget-text-editor\" data-id=\"9211047\" data-element_type=\"widget\" data-e-type=\"widget\" data-widget_type=\"text-editor.default\">\n\t\t\t\t<div class=\"elementor-widget-container\">\n\t\t\t\t\t\t\t\t\t<p><span style=\"font-size: 22px;\"><span style=\"font-weight: 400;\">Ka\u017ed\u00fd<\/span><span style=\"font-weight: 400;\">co d\u011bl\u00e1me, ka\u017ed\u00fd den v CDDC je mo\u017en\u00fd pouze d\u00edky pe\u010duj\u00edc\u00edm podporovatel\u016fm, dobrovoln\u00edk\u016fm a d\u00e1rc\u016fm v na\u0161\u00ed komunit\u011b. Jsme neust\u00e1le napln\u011bni nesm\u00edrnou vd\u011b\u010dnost\u00ed za tyto jednotlivce a organizace! <\/span><\/span><\/p><p>\u00a0<\/p><p><span style=\"font-weight: 400; font-size: 22px;\">Jsme tak\u00e9 nesm\u00edrn\u011b vd\u011b\u010dn\u00ed za uzn\u00e1n\u00ed m\u00edstn\u00edch partner\u016f, kte\u0159\u00ed jdou nad r\u00e1mec toho, aby slou\u017eili pot\u0159eb\u00e1m na\u0161ich host\u016f a na\u0161eho centra sv\u00fdm vlastn\u00edm jedine\u010dn\u00fdm zp\u016fsobem.<\/span><\/p><p>\u00a0<\/p><p><span style=\"font-size: 22px;\"><strong>Pod\u00edvejte se na rostouc\u00ed seznam na\u0161ich M\u00cdSTN\u00cdCH HRDIN\u016e <\/strong>(Kliknut\u00edm na \u010derven\u00fd text nav\u0161t\u00edv\u00edte webov\u00e9 str\u00e1nky partner\u016f.)<\/span><\/p><p>\u00a0<\/p><p><span style=\"font-size: 22px;\"><strong>Skupiny, firmy, organizace <\/strong>(se\u0159azeno v abecedn\u00edm po\u0159ad\u00ed):<\/span><\/p><ul><li><span style=\"font-size: 22px;\"><a href=\"https:\/\/www.allanscoffee.com\/\">Allan&#039;s Coffee &amp; Tea<\/a><\/span><\/li><\/ul><ul><li><span style=\"font-weight: 400; font-size: 22px;\">Buddhistick\u00e1 reaguj\u00edc\u00ed skupina<\/span><\/li><\/ul><p><span style=\"font-size: 22px;\">\u00a0 \u00a0 \u00a0Libby, Barry a p\u0159\u00e1tel\u00e9<\/span><\/p><ul><li><span style=\"font-size: 22px;\">Outreach Volunteers CDDC<\/span><\/li><\/ul><ul><li><span style=\"font-size: 22px;\"><a href=\"https:\/\/www.commonfieldscorvallis.com\/\"><span style=\"font-weight: 400;\">Spole\u010dn\u00e1 pole<\/span><\/a><\/span><\/li><\/ul><p><span style=\"font-size: 22px;\">\u00a0 \u00a0 \u00a0Jakub Oliver<\/span><\/p><ul><li><span style=\"font-size: 22px;\"><a href=\"https:\/\/firstalt.coop\/\"><span style=\"font-weight: 400;\">Corvallis First Alternative Natural Foods Co-op<\/span><\/a><\/span><\/li><\/ul><p><span style=\"font-size: 22px;\">\u00a0 \u00a0 \u00a0Donna Tarasawa<\/span><\/p><ul><li><span style=\"font-size: 22px;\"><a href=\"https:\/\/dbdzwebsite.wixsite.com\/deathbydonutz\"><span style=\"font-weight: 400;\">Smrt od Donutze<\/span><\/a><\/span><\/li><\/ul><p><span style=\"font-size: 22px;\">\u00a0 \u00a0 \u00a0Sierra a Dave<\/span><\/p><ul><li><span style=\"font-weight: 400; font-size: 22px;\"><a href=\"http:\/\/www.thegatheringcorvallis.org\/\">Shrom\u00e1\u017ed\u011bn\u00fd kostel-Corvallis<\/a> \u00a0 \u00a0<\/span><\/li><\/ul><p><span style=\"font-size: 22px;\">\u00a0 \u00a0 \u00a0Jennifer a Bob Headrickovi<\/span><\/p><ul><li><span style=\"font-size: 22px;\"><a href=\"http:\/\/www.Samhealth.org\"><span style=\"font-weight: 400;\">Dobr\u00e1 samarit\u00e1nsk\u00e1 nemocnice<\/span><\/a><\/span><\/li><li><a href=\"https:\/\/marshallsuniquetreats.bigcartel.com\/\"><span style=\"font-size: 22px;\">Marshallovy jedine\u010dn\u00e9 lah\u016fdky od Talisy<\/span><\/a><\/li><li><a href=\"https:\/\/www.northstaroregon.com\/\"><span style=\"font-size: 22px;\">North Star Oregon<\/span><\/a><\/li><\/ul><ul><li><a href=\"https:\/\/clubs.oregonstate.edu\/\"><span style=\"font-size: 22px;\">Oregon State University Studentsk\u00e9 skupiny, kluby, st\u00e1\u017eist\u00e9<\/span><\/a><\/li><\/ul><ul><li><span style=\"font-size: 22px;\"><a href=\"https:\/\/www.panerabread.com\/en-us\/cafe\/locations\/or\/corvallis\/335-nw-4th-st\">Panera-Corvallis<\/a><\/span><\/li><\/ul><ul><li><span style=\"font-weight: 400; font-size: 22px;\">M\u00edrov\u00e9 luter\u00e1nsk\u00e9 bat\u016f\u017ek\u00e1\u0159sk\u00e9 ministerstvo<\/span><\/li><\/ul><p><span style=\"font-size: 22px;\">\u00a0 \u00a0 \u00a0Diane Crocker<\/span><\/p><ul><li><span style=\"font-size: 22px;\"><a href=\"http:\/\/www.samsstation.com\"><span style=\"font-weight: 400;\">Samova stanice<\/span><\/a><\/span><\/li><\/ul><p><span style=\"font-size: 22px;\">\u00a0 \u00a0 \u00a0Sam a zam\u011bstnanci<\/span><\/p><ul><li><span style=\"font-size: 22px;\"><a href=\"https:\/\/locations.traderjoes.com\/or\/corvallis\/154\/\"><span style=\"font-weight: 400;\">Trader Joe&#039;s \u2013 Corvallis<\/span><\/a><\/span><\/li><\/ul><p><span style=\"font-size: 22px;\">\u00a0 \u00a0 \u00a0Steve Chovanec<\/span><\/p><p><span style=\"font-size: 22px;\"><strong>Jednotliv\u00ed hrdinov\u00e9:<\/strong><\/span><\/p><ul><li><span style=\"font-weight: 400; font-size: 22px;\">Alan Holcombe<\/span><\/li><li><span style=\"font-size: 22px;\">Phoenix<\/span><\/li><li><span style=\"font-weight: 400; font-size: 22px;\">Harry Reich\u00a0<\/span><\/li><li><span style=\"font-size: 22px;\">Ben Slothower, L &amp; S Builders<\/span><\/li><\/ul>\t\t\t\t\t\t\t\t<\/div>\n\t\t\t\t<\/div>\n\t\t\t\t\t<\/div>\n\t\t<\/div>\n\t\t\t\t\t<\/div>\n\t\t<\/section>\n\t\t\t\t<\/div>","protected":false},"excerpt":{"rendered":"<p>V\u0161echno, co v CDDC d\u011bl\u00e1me ka\u017ed\u00fd den, je mo\u017en\u00e9 pouze d\u00edky starostliv\u00fdm podporovatel\u016fm, dobrovoln\u00edk\u016fm a d\u00e1rc\u016fm v na\u0161\u00ed komunit\u011b. T\u011bmto jednotlivc\u016fm a organizac\u00edm jsme neust\u00e1le napln\u011bni nesm\u00edrnou vd\u011b\u010dnost\u00ed! Jsme tak\u00e9 nesm\u00edrn\u011b vd\u011b\u010dn\u00ed za to, \u017ee si v\u00e1\u017e\u00edme m\u00edstn\u00edch partner\u016f, kte\u0159\u00ed d\u011blaj\u00ed v\u0161e pro to, aby slou\u017eili pot\u0159eb\u00e1m na\u0161ich...<a class=\"more-link\" href=\"https:\/\/corvallisddc.org\/cs\/local\/\">Pokra\u010dovat ve \u010dten\u00ed <span class=\"screen-reader-text\">\u201eM\u00edstn\u00ed hrdinov\u00e9\u201c<\/span><\/a><\/p>","protected":false},"author":212331932,"featured_media":0,"parent":0,"menu_order":0,"comment_status":"closed","ping_status":"closed","template":"","meta":{"advanced_seo_description":"","jetpack_seo_html_title":"","jetpack_seo_noindex":false,"footnotes":""},"class_list":["post-2737","page","type-page","status-publish","hentry","entry"],"jetpack_likes_enabled":true,"jetpack_sharing_enabled":true,"jetpack_shortlink":"https:\/\/wp.me\/PdkkQs-I9","amp_enabled":true,"_links":{"self":[{"href":"https:\/\/corvallisddc.org\/cs\/wp-json\/wp\/v2\/pages\/2737","targetHints":{"allow":["GET"]}}],"collection":[{"href":"https:\/\/corvallisddc.org\/cs\/wp-json\/wp\/v2\/pages"}],"about":[{"href":"https:\/\/corvallisddc.org\/cs\/wp-json\/wp\/v2\/types\/page"}],"author":[{"embeddable":true,"href":"https:\/\/corvallisddc.org\/cs\/wp-json\/wp\/v2\/users\/212331932"}],"replies":[{"embeddable":true,"href":"https:\/\/corvallisddc.org\/cs\/wp-json\/wp\/v2\/comments?post=2737"}],"version-history":[{"count":55,"href":"https:\/\/corvallisddc.org\/cs\/wp-json\/wp\/v2\/pages\/2737\/revisions"}],"predecessor-version":[{"id":2867,"href":"https:\/\/corvallisddc.org\/cs\/wp-json\/wp\/v2\/pages\/2737\/revisions\/2867"}],"wp:attachment":[{"href":"https:\/\/corvallisddc.org\/cs\/wp-json\/wp\/v2\/media?parent=2737"}],"curies":[{"name":"wp","href":"https:\/\/api.w.org\/{rel}","templated":true}]}}