{"id":3321,"date":"2024-10-21T19:49:02","date_gmt":"2024-10-22T02:49:02","guid":{"rendered":"https:\/\/corvallisddc.org\/?page_id=3321"},"modified":"2024-12-01T23:46:22","modified_gmt":"2024-12-02T07:46:22","slug":"basicneedsprojectaction","status":"publish","type":"page","link":"https:\/\/corvallisddc.org\/cs\/get-help\/basicneedsprojectaction\/","title":{"rendered":"Z\u00e1kladn\u00ed pot\u0159eby a akce projektu"},"content":{"rendered":"<div data-elementor-type=\"wp-page\" data-elementor-id=\"3321\" class=\"elementor elementor-3321\">\n\t\t\t\t\t\t<section class=\"elementor-section elementor-top-section elementor-element elementor-element-6c87ba9 ops-section elementor-section-boxed elementor-section-height-default elementor-section-height-default\" data-id=\"6c87ba9\" data-element_type=\"section\" data-e-type=\"section\" data-settings=\"{&quot;ekit_has_onepagescroll&quot;:&quot;section&quot;,&quot;background_background&quot;:&quot;classic&quot;}\">\n\t\t\t\t\t\t\t<div class=\"elementor-background-overlay\"><\/div>\n\t\t\t\t\t\t\t<div class=\"elementor-container elementor-column-gap-default\">\n\t\t\t\t\t<div class=\"elementor-column elementor-col-100 elementor-top-column elementor-element elementor-element-f13fdea\" data-id=\"f13fdea\" data-element_type=\"column\" data-e-type=\"column\" data-settings=\"{&quot;background_background&quot;:&quot;classic&quot;}\">\n\t\t\t<div class=\"elementor-widget-wrap elementor-element-populated\">\n\t\t\t\t\t\t<section class=\"elementor-section elementor-inner-section elementor-element elementor-element-099371c elementor-section-boxed elementor-section-height-default elementor-section-height-default\" data-id=\"099371c\" data-element_type=\"section\" data-e-type=\"section\">\n\t\t\t\t\t\t<div class=\"elementor-container elementor-column-gap-default\">\n\t\t\t\t\t<div class=\"elementor-column elementor-col-50 elementor-inner-column elementor-element elementor-element-26d6b86\" data-id=\"26d6b86\" data-element_type=\"column\" data-e-type=\"column\">\n\t\t\t<div class=\"elementor-widget-wrap elementor-element-populated\">\n\t\t\t\t\t\t<div class=\"elementor-element elementor-element-8f2c7c1 elementor-widget elementor-widget-image\" data-id=\"8f2c7c1\" data-element_type=\"widget\" data-e-type=\"widget\" data-widget_type=\"image.default\">\n\t\t\t\t<div class=\"elementor-widget-container\">\n\t\t\t\t\t\t\t\t\t\t\t\t\t\t\t<img fetchpriority=\"high\" decoding=\"async\" data-attachment-id=\"3298\" data-permalink=\"https:\/\/corvallisddc.org\/cs\/constructionpaperhearts-cddc-2\/\" data-orig-file=\"https:\/\/i0.wp.com\/corvallisddc.org\/wp-content\/uploads\/2024\/08\/constructionpaperhearts-cddc-e1729563816437.jpg?fit=4379%2C2664&amp;ssl=1\" data-orig-size=\"4379,2664\" data-comments-opened=\"1\" data-image-meta=\"{&quot;aperture&quot;:&quot;0&quot;,&quot;credit&quot;:&quot;&quot;,&quot;camera&quot;:&quot;NIKON D3500&quot;,&quot;caption&quot;:&quot;&quot;,&quot;created_timestamp&quot;:&quot;1715169620&quot;,&quot;copyright&quot;:&quot;&quot;,&quot;focal_length&quot;:&quot;0&quot;,&quot;iso&quot;:&quot;1400&quot;,&quot;shutter_speed&quot;:&quot;0&quot;,&quot;title&quot;:&quot;&quot;,&quot;orientation&quot;:&quot;0&quot;}\" data-image-title=\"constructionpaperhearts-cddc\" data-image-description=\"\" data-image-caption=\"\" data-large-file=\"https:\/\/i0.wp.com\/corvallisddc.org\/wp-content\/uploads\/2024\/08\/constructionpaperhearts-cddc-e1729563816437.jpg?fit=750%2C456&amp;ssl=1\" width=\"750\" height=\"456\" src=\"https:\/\/i0.wp.com\/corvallisddc.org\/wp-content\/uploads\/2024\/08\/constructionpaperhearts-cddc-e1729563816437.jpg?fit=750%2C456&amp;ssl=1\" class=\"attachment-large size-large wp-image-3298\" alt=\"&quot;Ballion Hearts&quot; Multi colored cut-out hearts spread out on pink construction paper. Hearts are made with construction paper.\" srcset=\"https:\/\/i0.wp.com\/corvallisddc.org\/wp-content\/uploads\/2024\/08\/constructionpaperhearts-cddc-e1729563816437.jpg?w=4379&amp;ssl=1 4379w, https:\/\/i0.wp.com\/corvallisddc.org\/wp-content\/uploads\/2024\/08\/constructionpaperhearts-cddc-e1729563816437.jpg?resize=300%2C183&amp;ssl=1 300w, https:\/\/i0.wp.com\/corvallisddc.org\/wp-content\/uploads\/2024\/08\/constructionpaperhearts-cddc-e1729563816437.jpg?resize=1024%2C623&amp;ssl=1 1024w, https:\/\/i0.wp.com\/corvallisddc.org\/wp-content\/uploads\/2024\/08\/constructionpaperhearts-cddc-e1729563816437.jpg?resize=150%2C91&amp;ssl=1 150w, https:\/\/i0.wp.com\/corvallisddc.org\/wp-content\/uploads\/2024\/08\/constructionpaperhearts-cddc-e1729563816437.jpg?resize=768%2C467&amp;ssl=1 768w, https:\/\/i0.wp.com\/corvallisddc.org\/wp-content\/uploads\/2024\/08\/constructionpaperhearts-cddc-e1729563816437.jpg?resize=1536%2C934&amp;ssl=1 1536w, https:\/\/i0.wp.com\/corvallisddc.org\/wp-content\/uploads\/2024\/08\/constructionpaperhearts-cddc-e1729563816437.jpg?resize=2048%2C1246&amp;ssl=1 2048w, https:\/\/i0.wp.com\/corvallisddc.org\/wp-content\/uploads\/2024\/08\/constructionpaperhearts-cddc-e1729563816437.jpg?resize=18%2C12&amp;ssl=1 18w, https:\/\/i0.wp.com\/corvallisddc.org\/wp-content\/uploads\/2024\/08\/constructionpaperhearts-cddc-e1729563816437.jpg?resize=1568%2C954&amp;ssl=1 1568w, https:\/\/i0.wp.com\/corvallisddc.org\/wp-content\/uploads\/2024\/08\/constructionpaperhearts-cddc-e1729563816437.jpg?w=2250&amp;ssl=1 2250w\" sizes=\"(max-width: 750px) 100vw, 750px\" \/>\t\t\t\t\t\t\t\t\t\t\t\t\t\t\t<\/div>\n\t\t\t\t<\/div>\n\t\t\t\t\t<\/div>\n\t\t<\/div>\n\t\t\t\t<div class=\"elementor-column elementor-col-50 elementor-inner-column elementor-element elementor-element-64202e6\" data-id=\"64202e6\" data-element_type=\"column\" data-e-type=\"column\">\n\t\t\t<div class=\"elementor-widget-wrap elementor-element-populated\">\n\t\t\t\t\t\t<div class=\"elementor-element elementor-element-efc0769 elementor-widget__width-initial elementor-widget elementor-widget-text-editor\" data-id=\"efc0769\" data-element_type=\"widget\" data-e-type=\"widget\" data-widget_type=\"text-editor.default\">\n\t\t\t\t<div class=\"elementor-widget-container\">\n\t\t\t\t\t\t\t\t\t<h2 style=\"text-align: center;\"><span style=\"font-family: arial, helvetica, sans-serif; color: #000000;\"><strong>Z\u00e1kladn\u00ed pot\u0159eby<\/strong><\/span><\/h2><h2 style=\"text-align: center;\"><span style=\"font-family: arial, helvetica, sans-serif; color: #000000;\"><strong> a<\/strong><\/span><\/h2><h2 style=\"text-align: center;\"><strong><span style=\"font-family: arial, helvetica, sans-serif; color: #000000;\"> Akce projektu<\/span>\u00a0<\/strong><\/h2>\t\t\t\t\t\t\t\t<\/div>\n\t\t\t\t<\/div>\n\t\t\t\t\t<\/div>\n\t\t<\/div>\n\t\t\t\t\t<\/div>\n\t\t<\/section>\n\t\t\t\t<div class=\"elementor-element elementor-element-5bebe7d elementor-widget elementor-widget-text-editor\" data-id=\"5bebe7d\" data-element_type=\"widget\" data-e-type=\"widget\" data-widget_type=\"text-editor.default\">\n\t\t\t\t<div class=\"elementor-widget-container\">\n\t\t\t\t\t\t\t\t\t<p><strong>Pond\u011bl\u00ed\u2013p\u00e1tek 9\u201312 hodin<\/strong> P\u0159ij\u010fte si do Centra nab\u00edt telefon, vyzvednout si po\u0161tu a z\u00edskat pomoc se z\u00e1kladn\u00edmi hygienick\u00fdmi pot\u0159ebami, oble\u010den\u00edm, obuv\u00ed a dal\u0161\u00edmi v\u011bcmi.<\/p><p>\u00a0<\/p><p>CDDC tak\u00e9 nab\u00edz\u00ed k\u00e1vu, ovoce, ob\u010derstven\u00ed a sendvi\u010de!<\/p><p>\u00a0<\/p><ul><li>Pokud byste cht\u011bli dal\u0161\u00ed pomoc p\u0159i orientaci v \u017eivot\u011b, jsme tu, abychom v\u00e1m pomohli! M\u016f\u017eete se setkat s Navig\u00e1torem pot\u0159eb a z\u00edskat dal\u0161\u00ed informace a pomoc se slu\u017ebami, jako jsou:<\/li><li>Z\u00edsk\u00e1n\u00ed nebo nahrazen\u00ed \u00fa\u0159edn\u00edch dokument\u016f, jako je \u0159idi\u010dsk\u00fd pr\u016fkaz nebo rodn\u00fd list<\/li><li>Z\u00edsk\u00e1n\u00ed p\u0159\u00edstupu k poskytovatel\u016fm zdravotn\u00ed p\u00e9\u010de<br \/>Dokon\u010den\u00ed \u00fa\u0159edn\u00edch pap\u00edr\u016f<\/li><li>\u017d\u00e1dost o SNAP (stravenky)<\/li><li>Dostat se do po\u0159adn\u00edk\u016f na pomoc s bydlen\u00edm<\/li><li>Propojen\u00ed s dal\u0161\u00edmi komunitn\u00edmi podporami a dal\u0161\u00ed!<\/li><\/ul><p>Pokud pot\u0159ebujete slu\u017ebu, kterou nevid\u00edte, zeptejte se!<\/p><p>\u00a0<\/p><p>Je pravd\u011bpodobn\u00e9, \u017ee v\u00e1m m\u016f\u017eeme pomoci nebo v\u00e1s spojit s n\u011bk\u00fdm jin\u00fdm v komunit\u011b, kdo nab\u00edz\u00ed to, co pot\u0159ebujete.<\/p>\t\t\t\t\t\t\t\t<\/div>\n\t\t\t\t<\/div>\n\t\t\t\t\t<\/div>\n\t\t<\/div>\n\t\t\t\t\t<\/div>\n\t\t<\/section>\n\t\t\t\t<\/div>","protected":false},"excerpt":{"rendered":"<p>Z\u00e1kladn\u00ed pot\u0159eby a projektov\u00e9 akce Pond\u011bl\u00ed-P\u00e1tek 9:00-12:00 P\u0159ij\u010fte do centra nab\u00edt si telefon, vyzvednout si po\u0161tu a z\u00edskat pomoc se z\u00e1kladn\u00edmi hygienick\u00fdmi pot\u0159ebami, oble\u010den\u00edm, botami a dal\u0161\u00edmi v\u011bcmi. CDDC nab\u00edz\u00ed tak\u00e9 k\u00e1vu, ovoce, sva\u010diny a sendvi\u010de! Pokud byste pot\u0159ebovali dal\u0161\u00ed pomoc s orientac\u00ed v \u017eivot\u011b, jsme tu, abychom v\u00e1m pomohli! M\u016f\u017eete se setkat s<a class=\"more-link\" href=\"https:\/\/corvallisddc.org\/cs\/get-help\/basicneedsprojectaction\/\">Pokra\u010dovat ve \u010dten\u00ed <span class=\"screen-reader-text\">\u201cZ\u00e1kladn\u00ed pot\u0159eby a projektov\u00e9 aktivity\u201d<\/span><\/a><\/p>","protected":false},"author":212331932,"featured_media":0,"parent":115,"menu_order":0,"comment_status":"closed","ping_status":"closed","template":"","meta":{"advanced_seo_description":"","jetpack_seo_html_title":"","jetpack_seo_noindex":false,"footnotes":""},"class_list":["post-3321","page","type-page","status-publish","hentry","entry"],"jetpack_likes_enabled":true,"jetpack_sharing_enabled":true,"jetpack_shortlink":"https:\/\/wp.me\/PdkkQs-Rz","amp_enabled":true,"_links":{"self":[{"href":"https:\/\/corvallisddc.org\/cs\/wp-json\/wp\/v2\/pages\/3321","targetHints":{"allow":["GET"]}}],"collection":[{"href":"https:\/\/corvallisddc.org\/cs\/wp-json\/wp\/v2\/pages"}],"about":[{"href":"https:\/\/corvallisddc.org\/cs\/wp-json\/wp\/v2\/types\/page"}],"author":[{"embeddable":true,"href":"https:\/\/corvallisddc.org\/cs\/wp-json\/wp\/v2\/users\/212331932"}],"replies":[{"embeddable":true,"href":"https:\/\/corvallisddc.org\/cs\/wp-json\/wp\/v2\/comments?post=3321"}],"version-history":[{"count":22,"href":"https:\/\/corvallisddc.org\/cs\/wp-json\/wp\/v2\/pages\/3321\/revisions"}],"predecessor-version":[{"id":4126,"href":"https:\/\/corvallisddc.org\/cs\/wp-json\/wp\/v2\/pages\/3321\/revisions\/4126"}],"up":[{"embeddable":true,"href":"https:\/\/corvallisddc.org\/cs\/wp-json\/wp\/v2\/pages\/115"}],"wp:attachment":[{"href":"https:\/\/corvallisddc.org\/cs\/wp-json\/wp\/v2\/media?parent=3321"}],"curies":[{"name":"wp","href":"https:\/\/api.w.org\/{rel}","templated":true}]}}