{"id":3350,"date":"2024-08-30T11:52:55","date_gmt":"2024-08-30T18:52:55","guid":{"rendered":"https:\/\/corvallisddc.org\/?page_id=3350"},"modified":"2024-12-16T13:34:41","modified_gmt":"2024-12-16T21:34:41","slug":"join-the-vibe-making-dreams-come-true","status":"publish","type":"page","link":"https:\/\/corvallisddc.org\/cs\/join-the-vibe-making-dreams-come-true\/","title":{"rendered":"P\u0159ipojte se k VIBE! Pln\u011bn\u00ed sn\u016f!"},"content":{"rendered":"<div data-elementor-type=\"wp-page\" data-elementor-id=\"3350\" class=\"elementor elementor-3350\">\n\t\t\t\t\t\t<section class=\"elementor-section elementor-top-section elementor-element elementor-element-c76cf94 elementor-section-boxed elementor-section-height-default elementor-section-height-default\" data-id=\"c76cf94\" data-element_type=\"section\" data-e-type=\"section\">\n\t\t\t\t\t\t<div class=\"elementor-container elementor-column-gap-default\">\n\t\t\t\t\t<div class=\"elementor-column elementor-col-100 elementor-top-column elementor-element elementor-element-b492b5a\" data-id=\"b492b5a\" data-element_type=\"column\" data-e-type=\"column\">\n\t\t\t<div class=\"elementor-widget-wrap elementor-element-populated\">\n\t\t\t\t\t\t<div class=\"elementor-element elementor-element-2aa7b81 elementor-widget elementor-widget-text-editor\" data-id=\"2aa7b81\" data-element_type=\"widget\" data-e-type=\"widget\" data-widget_type=\"text-editor.default\">\n\t\t\t\t<div class=\"elementor-widget-container\">\n\t\t\t\t\t\t\t\t\t<h1 style=\"text-align: center;\"><span style=\"color: #0000ff; font-family: arial, helvetica, sans-serif;\">V\u00edtejte v \u201e<em>Nov\u00fd domov<\/em>\u201eVIBE!<\/span><\/h1><h1><span style=\"color: #0000ff; font-family: arial, helvetica, sans-serif;\"><img fetchpriority=\"high\" decoding=\"async\" data-attachment-id=\"3308\" data-permalink=\"https:\/\/corvallisddc.org\/cs\/paintingswguitar-cddc\/\" data-orig-file=\"https:\/\/i0.wp.com\/corvallisddc.org\/wp-content\/uploads\/2024\/08\/paintingswguitar-cddc.jpg?fit=3846%2C5109&amp;ssl=1\" data-orig-size=\"3846,5109\" data-comments-opened=\"1\" data-image-meta=\"{&quot;aperture&quot;:&quot;3.5&quot;,&quot;credit&quot;:&quot;&quot;,&quot;camera&quot;:&quot;NIKON D3500&quot;,&quot;caption&quot;:&quot;&quot;,&quot;created_timestamp&quot;:&quot;1715169460&quot;,&quot;copyright&quot;:&quot;&quot;,&quot;focal_length&quot;:&quot;18&quot;,&quot;iso&quot;:&quot;160&quot;,&quot;shutter_speed&quot;:&quot;0.033333333333333&quot;,&quot;title&quot;:&quot;&quot;,&quot;orientation&quot;:&quot;0&quot;}\" data-image-title=\"paintingswguitar-cddc\" data-image-description=\"&lt;p&gt;Two acrylic paintings on large canvases, multi bright colors, hanging above a black couch with a guitar resting on it.&lt;\/p&gt;\" data-image-caption=\"\" data-large-file=\"https:\/\/i0.wp.com\/corvallisddc.org\/wp-content\/uploads\/2024\/08\/paintingswguitar-cddc.jpg?fit=750%2C996&amp;ssl=1\" data-recalc-dims=\"1\" id=\"longdesc-return-3308\" class=\"wp-image-3308 alignleft\" tabindex=\"-1\" src=\"https:\/\/i0.wp.com\/corvallisddc.org\/wp-content\/uploads\/2024\/08\/paintingswguitar-cddc.jpg?resize=300%2C399&#038;ssl=1\" alt=\"Two acrylic paintings on large canvases, multi bright colors, hanging above a black couch with a guitar resting on it.\" width=\"300\" height=\"399\" longdesc=\"https:\/\/corvallisddc.org\/?longdesc=3308&amp;referrer=0\" srcset=\"https:\/\/i0.wp.com\/corvallisddc.org\/wp-content\/uploads\/2024\/08\/paintingswguitar-cddc.jpg?w=3846&amp;ssl=1 3846w, https:\/\/i0.wp.com\/corvallisddc.org\/wp-content\/uploads\/2024\/08\/paintingswguitar-cddc.jpg?resize=226%2C300&amp;ssl=1 226w, https:\/\/i0.wp.com\/corvallisddc.org\/wp-content\/uploads\/2024\/08\/paintingswguitar-cddc.jpg?resize=771%2C1024&amp;ssl=1 771w, https:\/\/i0.wp.com\/corvallisddc.org\/wp-content\/uploads\/2024\/08\/paintingswguitar-cddc.jpg?resize=113%2C150&amp;ssl=1 113w, https:\/\/i0.wp.com\/corvallisddc.org\/wp-content\/uploads\/2024\/08\/paintingswguitar-cddc.jpg?resize=768%2C1020&amp;ssl=1 768w, https:\/\/i0.wp.com\/corvallisddc.org\/wp-content\/uploads\/2024\/08\/paintingswguitar-cddc.jpg?resize=1156%2C1536&amp;ssl=1 1156w, https:\/\/i0.wp.com\/corvallisddc.org\/wp-content\/uploads\/2024\/08\/paintingswguitar-cddc.jpg?resize=1542%2C2048&amp;ssl=1 1542w, https:\/\/i0.wp.com\/corvallisddc.org\/wp-content\/uploads\/2024\/08\/paintingswguitar-cddc.jpg?resize=9%2C12&amp;ssl=1 9w, https:\/\/i0.wp.com\/corvallisddc.org\/wp-content\/uploads\/2024\/08\/paintingswguitar-cddc.jpg?resize=1568%2C2083&amp;ssl=1 1568w, https:\/\/i0.wp.com\/corvallisddc.org\/wp-content\/uploads\/2024\/08\/paintingswguitar-cddc.jpg?w=2250&amp;ssl=1 2250w\" sizes=\"(max-width: 300px) 100vw, 300px\" \/><\/span><\/h1><p style=\"text-align: left;\"><span style=\"color: #000000;\">P\u0159idejte se k n\u00e1m do atmosf\u00e9ry, kter\u00e1 pulzuje cel\u00fdm Centrem i mimo n\u011bj. Vzru\u0161en\u00ed roste s t\u00edm, jak postupujeme kup\u0159edu v zaji\u0161\u0165ov\u00e1n\u00ed na\u0161eho trval\u00e9ho domova a m\u011bn\u00edme sny na\u0161ich host\u016f ve skute\u010dnost!<\/span><\/p><p>\u00a0<\/p><p style=\"text-align: left;\"><span style=\"color: #000000;\">Na t\u00e9to str\u00e1nce budeme sd\u00edlet aktualizace s t\u00edm, jak se rozvine sv\u011btl\u00e1 budoucnost, abychom odhalili na\u0161e nov\u00e9 centrum Resiliency Navigation Dream Center, kde budeme moci roz\u0161\u00ed\u0159it slu\u017eby, kter\u00e9 v sou\u010dasnosti poskytujeme, plus pozoruhodn\u00e1 vylep\u0161en\u00ed.<\/span><\/p><p>\u00a0<\/p><p><span style=\"font-size: 22px;\"><strong><a href=\"https:\/\/corvallisddc.org\/cs\/capital-campaign-for-the-navigation-resilience-dream-center\/\">KLIKN\u011aTE ZDE<\/a> <span style=\"color: #0000ff;\">p\u0159isp\u011bt na kampa\u0148 Capital!<\/span><\/strong><\/span><\/p><p>\u00a0<\/p><p style=\"text-align: left;\"><a href=\"https:\/\/corvallisddc.org\/cs\/join-the-vibe-making-dreams-come-true\/summer-2024-newsletter\/\">KLIKN\u011aTE ZDE<\/a> <span style=\"color: #000000;\">p\u0159e\u010d\u00edst si newsletter, kter\u00fd jsme v \u010dervnu sd\u00edleli s na\u0161imi p\u0159\u00e1teli a d\u00e1rci, abychom ozn\u00e1mili na\u0161e mimo\u0159\u00e1dn\u00e9 novinky.<\/span><\/p><p style=\"text-align: left;\"><span style=\"color: #000000;\"><img decoding=\"async\" data-attachment-id=\"3306\" data-permalink=\"https:\/\/corvallisddc.org\/cs\/noticesign-painting-cddc\/\" data-orig-file=\"https:\/\/i0.wp.com\/corvallisddc.org\/wp-content\/uploads\/2024\/08\/Noticesign-painting-cddc-e1733125042452.jpg?fit=4674%2C3248&amp;ssl=1\" data-orig-size=\"4674,3248\" data-comments-opened=\"1\" data-image-meta=\"{&quot;aperture&quot;:&quot;4.5&quot;,&quot;credit&quot;:&quot;&quot;,&quot;camera&quot;:&quot;NIKON D3500&quot;,&quot;caption&quot;:&quot;&quot;,&quot;created_timestamp&quot;:&quot;1715169369&quot;,&quot;copyright&quot;:&quot;&quot;,&quot;focal_length&quot;:&quot;35&quot;,&quot;iso&quot;:&quot;1400&quot;,&quot;shutter_speed&quot;:&quot;0.016666666666667&quot;,&quot;title&quot;:&quot;&quot;,&quot;orientation&quot;:&quot;0&quot;}\" data-image-title=\"Noticesign-painting-cddc\" data-image-description=\"&lt;p&gt;Acrylic on canvas, a notice sign that pets are welcome but people need to be on leashes!&lt;\/p&gt;\" data-image-caption=\"\" data-large-file=\"https:\/\/i0.wp.com\/corvallisddc.org\/wp-content\/uploads\/2024\/08\/Noticesign-painting-cddc-e1733125042452.jpg?fit=750%2C521&amp;ssl=1\" data-recalc-dims=\"1\" id=\"longdesc-return-3306\" class=\"alignright wp-image-3306 size-medium\" tabindex=\"-1\" src=\"https:\/\/i0.wp.com\/corvallisddc.org\/wp-content\/uploads\/2024\/08\/Noticesign-painting-cddc-e1725042637696-300x144.jpg?resize=300%2C144&#038;ssl=1\" alt=\"Colorful painting of small dogs, paw prints, acrylic on canvas, a &quot;Notice&quot; sign: Pets allowed. Children and adults must be leashed at all times! Artwork by CDDC guest.\" width=\"300\" height=\"144\" longdesc=\"https:\/\/corvallisddc.org?longdesc=3306&amp;referrer=0\" \/><\/span><\/p><p>\u00a0<\/p><p style=\"text-align: left;\"><span style=\"color: #0000ff; font-size: 22px;\"><span style=\"font-size: 24px;\">V\u011bd\u011bli jste, \u017ee CDDC vede cestu, <em><strong>na n\u00e1rodn\u00ed \u00farovni<\/strong><\/em>, kter\u00e1 nab\u00edz\u00ed integr\u00e1ln\u00ed slu\u017eby na\u0161im nejv\u00edce marginalizovan\u00fdm p\u0159\u00e1tel\u016fm a soused\u016fm?<\/span> <\/span><\/p><p>\u00a0<\/p><p style=\"text-align: left;\"><span style=\"color: #000000; font-size: 20px;\">Jsme p\u0159ipraveni st\u00e1t se l\u00eddrem v roz\u0161i\u0159ov\u00e1n\u00ed na\u0161eho \u00fasil\u00ed o z\u0159\u00edzen\u00ed robustn\u011bj\u0161\u00edho n\u00edzkobari\u00e9rov\u00e9ho, drop-in a naviga\u010dn\u00edho centra na\u0161im soused\u016fm, kte\u0159\u00ed za\u017e\u00edvaj\u00ed bezdomovectv\u00ed. <\/span><\/p><p>\u00a0<\/p><p style=\"text-align: left;\"><span style=\"font-size: 22px;\"><strong><span style=\"color: #0000ff;\">S pomoc\u00ed na\u0161ich milovan\u00fdch p\u0159\u00edznivc\u016f spln\u00edme tento sen do prosince 2024!<\/span><\/strong><\/span><\/p>\t\t\t\t\t\t\t\t<\/div>\n\t\t\t\t<\/div>\n\t\t\t\t\t<\/div>\n\t\t<\/div>\n\t\t\t\t\t<\/div>\n\t\t<\/section>\n\t\t\t\t<\/div>","protected":false},"excerpt":{"rendered":"<p>V\u00edtejte v atmosf\u00e9\u0159e \u201enov\u00e9ho domova\u201c! P\u0159idejte se k n\u00e1m a u\u017eijte si atmosf\u00e9ru, kter\u00e1 pulzuje cel\u00fdm centrem i mimo n\u011bj. Nad\u0161en\u00ed roste s t\u00edm, jak postupujeme v zaji\u0161\u0165ov\u00e1n\u00ed na\u0161eho trval\u00e9ho domova a pln\u00edme sny na\u0161ich host\u016f! Na t\u00e9to str\u00e1nce se s v\u00e1mi budeme d\u011blit o novinky, kter\u00e9 se odv\u00edjej\u00ed od z\u00e1\u0159iv\u00e9 budoucnosti a odhaluj\u00ed na\u0161e nov\u00e9...<a class=\"more-link\" href=\"https:\/\/corvallisddc.org\/cs\/join-the-vibe-making-dreams-come-true\/\">Pokra\u010dovat ve \u010dten\u00ed <span class=\"screen-reader-text\">\u201eP\u0159idejte se k VIBE! Pl\u0148te si sny!\u201c<\/span><\/a><\/p>","protected":false},"author":212331932,"featured_media":0,"parent":0,"menu_order":0,"comment_status":"closed","ping_status":"closed","template":"","meta":{"advanced_seo_description":"","jetpack_seo_html_title":"","jetpack_seo_noindex":false,"footnotes":""},"class_list":["post-3350","page","type-page","status-publish","hentry","entry"],"jetpack_likes_enabled":true,"jetpack_sharing_enabled":true,"jetpack_shortlink":"https:\/\/wp.me\/PdkkQs-S2","amp_enabled":true,"_links":{"self":[{"href":"https:\/\/corvallisddc.org\/cs\/wp-json\/wp\/v2\/pages\/3350","targetHints":{"allow":["GET"]}}],"collection":[{"href":"https:\/\/corvallisddc.org\/cs\/wp-json\/wp\/v2\/pages"}],"about":[{"href":"https:\/\/corvallisddc.org\/cs\/wp-json\/wp\/v2\/types\/page"}],"author":[{"embeddable":true,"href":"https:\/\/corvallisddc.org\/cs\/wp-json\/wp\/v2\/users\/212331932"}],"replies":[{"embeddable":true,"href":"https:\/\/corvallisddc.org\/cs\/wp-json\/wp\/v2\/comments?post=3350"}],"version-history":[{"count":61,"href":"https:\/\/corvallisddc.org\/cs\/wp-json\/wp\/v2\/pages\/3350\/revisions"}],"predecessor-version":[{"id":4994,"href":"https:\/\/corvallisddc.org\/cs\/wp-json\/wp\/v2\/pages\/3350\/revisions\/4994"}],"wp:attachment":[{"href":"https:\/\/corvallisddc.org\/cs\/wp-json\/wp\/v2\/media?parent=3350"}],"curies":[{"name":"wp","href":"https:\/\/api.w.org\/{rel}","templated":true}]}}