{"id":3418,"date":"2024-09-02T15:21:41","date_gmt":"2024-09-02T22:21:41","guid":{"rendered":"https:\/\/corvallisddc.org\/?page_id=3418"},"modified":"2024-12-01T22:32:19","modified_gmt":"2024-12-02T06:32:19","slug":"peersupport_counseling","status":"publish","type":"page","link":"https:\/\/corvallisddc.org\/cs\/peersupport_counseling\/","title":{"rendered":"Peer Support &amp; Poradensk\u00e9 slu\u017eby"},"content":{"rendered":"<div data-elementor-type=\"wp-page\" data-elementor-id=\"3418\" class=\"elementor elementor-3418\">\n\t\t\t\t\t\t<section class=\"elementor-section elementor-top-section elementor-element elementor-element-1a5ec86 elementor-section-boxed elementor-section-height-default elementor-section-height-default\" data-id=\"1a5ec86\" data-element_type=\"section\" data-e-type=\"section\" data-settings=\"{&quot;background_background&quot;:&quot;classic&quot;}\">\n\t\t\t\t\t\t<div class=\"elementor-container elementor-column-gap-default\">\n\t\t\t\t\t<div class=\"elementor-column elementor-col-100 elementor-top-column elementor-element elementor-element-064b332\" data-id=\"064b332\" data-element_type=\"column\" data-e-type=\"column\" data-settings=\"{&quot;background_background&quot;:&quot;classic&quot;}\">\n\t\t\t<div class=\"elementor-widget-wrap elementor-element-populated\">\n\t\t\t\t\t\t<section class=\"elementor-section elementor-inner-section elementor-element elementor-element-41e059c elementor-section-boxed elementor-section-height-default elementor-section-height-default\" data-id=\"41e059c\" data-element_type=\"section\" data-e-type=\"section\">\n\t\t\t\t\t\t<div class=\"elementor-container elementor-column-gap-default\">\n\t\t\t\t\t<div class=\"elementor-column elementor-col-50 elementor-inner-column elementor-element elementor-element-ec1123c\" data-id=\"ec1123c\" data-element_type=\"column\" data-e-type=\"column\">\n\t\t\t<div class=\"elementor-widget-wrap elementor-element-populated\">\n\t\t\t\t\t\t<div class=\"elementor-element elementor-element-b6de75e elementor-widget__width-initial elementor-widget elementor-widget-heading\" data-id=\"b6de75e\" data-element_type=\"widget\" data-e-type=\"widget\" data-widget_type=\"heading.default\">\n\t\t\t\t<div class=\"elementor-widget-container\">\n\t\t\t\t\t<h2 class=\"elementor-heading-title elementor-size-default\">Peer Support a poradensk\u00e9 slu\u017eby<\/h2>\t\t\t\t<\/div>\n\t\t\t\t<\/div>\n\t\t\t\t\t<\/div>\n\t\t<\/div>\n\t\t\t\t<div class=\"elementor-column elementor-col-50 elementor-inner-column elementor-element elementor-element-fe2050a\" data-id=\"fe2050a\" data-element_type=\"column\" data-e-type=\"column\">\n\t\t\t<div class=\"elementor-widget-wrap elementor-element-populated\">\n\t\t\t\t\t\t<div class=\"elementor-element elementor-element-7cfa1d6 elementor-widget__width-initial elementor-widget elementor-widget-image\" data-id=\"7cfa1d6\" data-element_type=\"widget\" data-e-type=\"widget\" data-widget_type=\"image.default\">\n\t\t\t\t<div class=\"elementor-widget-container\">\n\t\t\t\t\t\t\t\t\t\t\t\t\t\t\t<img fetchpriority=\"high\" decoding=\"async\" data-attachment-id=\"3280\" data-permalink=\"https:\/\/corvallisddc.org\/cs\/acryliconpaper-shapesabstract-cddc-2\/\" data-orig-file=\"https:\/\/i0.wp.com\/corvallisddc.org\/wp-content\/uploads\/2024\/08\/acryliconpaper-shapesabstract-cddc-e1729626464472.jpg?fit=2258%2C1908&amp;ssl=1\" data-orig-size=\"2258,1908\" data-comments-opened=\"1\" data-image-meta=\"{&quot;aperture&quot;:&quot;0&quot;,&quot;credit&quot;:&quot;&quot;,&quot;camera&quot;:&quot;NIKON D3500&quot;,&quot;caption&quot;:&quot;&quot;,&quot;created_timestamp&quot;:&quot;1715170272&quot;,&quot;copyright&quot;:&quot;&quot;,&quot;focal_length&quot;:&quot;0&quot;,&quot;iso&quot;:&quot;360&quot;,&quot;shutter_speed&quot;:&quot;0&quot;,&quot;title&quot;:&quot;&quot;,&quot;orientation&quot;:&quot;0&quot;}\" data-image-title=\"acryliconpaper-shapesabstract-cddc\" data-image-description=\"&lt;p&gt;Bright, multi-colors, shapes abstract. Acrylic on paper. Artist, CDDC guest.&lt;\/p&gt;\" data-image-caption=\"\" data-large-file=\"https:\/\/i0.wp.com\/corvallisddc.org\/wp-content\/uploads\/2024\/08\/acryliconpaper-shapesabstract-cddc-e1729626464472.jpg?fit=750%2C634&amp;ssl=1\" width=\"750\" height=\"634\" src=\"https:\/\/i0.wp.com\/corvallisddc.org\/wp-content\/uploads\/2024\/08\/acryliconpaper-shapesabstract-cddc-e1729626464472.jpg?fit=750%2C634&amp;ssl=1\" class=\"attachment-medium_large size-medium_large wp-image-3280\" alt=\"Bright, multi-colors, shapes abstract. Acrylic on paper. Artist, CDDC guest.\" srcset=\"https:\/\/i0.wp.com\/corvallisddc.org\/wp-content\/uploads\/2024\/08\/acryliconpaper-shapesabstract-cddc-e1729626464472.jpg?w=2258&amp;ssl=1 2258w, https:\/\/i0.wp.com\/corvallisddc.org\/wp-content\/uploads\/2024\/08\/acryliconpaper-shapesabstract-cddc-e1729626464472.jpg?resize=300%2C253&amp;ssl=1 300w, https:\/\/i0.wp.com\/corvallisddc.org\/wp-content\/uploads\/2024\/08\/acryliconpaper-shapesabstract-cddc-e1729626464472.jpg?resize=1024%2C865&amp;ssl=1 1024w, https:\/\/i0.wp.com\/corvallisddc.org\/wp-content\/uploads\/2024\/08\/acryliconpaper-shapesabstract-cddc-e1729626464472.jpg?resize=150%2C127&amp;ssl=1 150w, https:\/\/i0.wp.com\/corvallisddc.org\/wp-content\/uploads\/2024\/08\/acryliconpaper-shapesabstract-cddc-e1729626464472.jpg?resize=768%2C649&amp;ssl=1 768w, https:\/\/i0.wp.com\/corvallisddc.org\/wp-content\/uploads\/2024\/08\/acryliconpaper-shapesabstract-cddc-e1729626464472.jpg?resize=1536%2C1298&amp;ssl=1 1536w, https:\/\/i0.wp.com\/corvallisddc.org\/wp-content\/uploads\/2024\/08\/acryliconpaper-shapesabstract-cddc-e1729626464472.jpg?resize=2048%2C1731&amp;ssl=1 2048w, https:\/\/i0.wp.com\/corvallisddc.org\/wp-content\/uploads\/2024\/08\/acryliconpaper-shapesabstract-cddc-e1729626464472.jpg?resize=14%2C12&amp;ssl=1 14w, https:\/\/i0.wp.com\/corvallisddc.org\/wp-content\/uploads\/2024\/08\/acryliconpaper-shapesabstract-cddc-e1729626464472.jpg?resize=1568%2C1325&amp;ssl=1 1568w\" sizes=\"(max-width: 750px) 100vw, 750px\" longdesc=\"https:\/\/corvallisddc.org\/id?longdesc=3280&amp;referrer=3418\" id=\"longdesc-return-3280\" \/>\t\t\t\t\t\t\t\t\t\t\t\t\t\t\t<\/div>\n\t\t\t\t<\/div>\n\t\t\t\t\t<\/div>\n\t\t<\/div>\n\t\t\t\t\t<\/div>\n\t\t<\/section>\n\t\t\t\t<div class=\"elementor-element elementor-element-ef0a226 elementor-widget__width-initial elementor-widget elementor-widget-text-editor\" data-id=\"ef0a226\" data-element_type=\"widget\" data-e-type=\"widget\" data-widget_type=\"text-editor.default\">\n\t\t\t\t<div class=\"elementor-widget-container\">\n\t\t\t\t\t\t\t\t\t<p><span style=\"font-weight: 400;\">Jedn\u00edm z c\u00edl\u016f CDDC je pomoci zlep\u0161it du\u0161evn\u00ed zdrav\u00ed na\u0161ich host\u016f s holistickou podporou.\u00a0<\/span><\/p><p>\u00a0<\/p><p><span style=\"font-weight: 400;\">Tradi\u010dn\u00ed modely poradenstv\u00ed mohou b\u00fdt hluboce nespravedliv\u00e9 a nevyhovuj\u00ed jedine\u010dn\u00fdm pot\u0159eb\u00e1m a okolnostem ka\u017ed\u00e9ho, zvl\u00e1\u0161t\u011b kdy\u017e lid\u00e9 za\u017e\u00edvaj\u00ed chudobu.\u00a0<\/span><\/p><p>\u00a0<\/p><p><span style=\"font-weight: 400;\">Podpora du\u0161evn\u00edho zdrav\u00ed a u\u017e\u00edv\u00e1n\u00ed l\u00e1tek CDDC nab\u00edz\u00ed n\u00edzkobari\u00e9rovou, traumatologickou a vysoce kvalifikovanou p\u00e9\u010di, kter\u00e1 \u0159e\u0161\u00ed \u017eivotn\u00ed v\u00fdzvy, kter\u00e9 mohou ovlivnit va\u0161i bezpe\u010dnost, pohodu a schopnost prosperovat.\u00a0<\/span><\/p><p>\u00a0<\/p><p><b>Chcete-li se dozv\u011bd\u011bt v\u00edce nebo z\u00edskat p\u0159\u00edstup k poradensk\u00fdm slu\u017eb\u00e1m, zavolejte na \u010d\u00edslo (458) 233-5327 nebo se zastavte a zeptejte se na\u0161ich zam\u011bstnanc\u016f, jak se p\u0159ipojit.\u00a0<\/b><\/p><p>\u00a0<\/p><p><b>V\u00edt\u00e1ny jsou tak\u00e9 proch\u00e1zkov\u00e9 poradensk\u00e9 rozhovory!<\/b><\/p>\t\t\t\t\t\t\t\t<\/div>\n\t\t\t\t<\/div>\n\t\t\t\t\t<\/div>\n\t\t<\/div>\n\t\t\t\t\t<\/div>\n\t\t<\/section>\n\t\t\t\t<\/div>","protected":false},"excerpt":{"rendered":"<p>Slu\u017eby vz\u00e1jemn\u00e9 podpory a poradenstv\u00ed Jedn\u00edm z c\u00edl\u016f CDDC je pom\u00e1hat zlep\u0161ovat du\u0161evn\u00ed zdrav\u00ed na\u0161ich host\u016f prost\u0159ednictv\u00edm holistick\u00e9 podpory. Tradi\u010dn\u00ed modely poradenstv\u00ed mohou b\u00fdt velmi nespravedliv\u00e9 a nevyhovovat jedine\u010dn\u00fdm pot\u0159eb\u00e1m a okolnostem ka\u017ed\u00e9ho, zejm\u00e9na pokud lid\u00e9 \u017eij\u00ed v chudob\u011b. CDDC nab\u00edz\u00ed n\u00edzkoprahovou, traumatem pro\u017eitou a vysoce kvalifikovanou p\u00e9\u010di.<a class=\"more-link\" href=\"https:\/\/corvallisddc.org\/cs\/peersupport_counseling\/\">Pokra\u010dovat ve \u010dten\u00ed <span class=\"screen-reader-text\">\u201cSlu\u017eby vz\u00e1jemn\u00e9 podpory a poradenstv\u00ed\u201d<\/span><\/a><\/p>","protected":false},"author":212331932,"featured_media":0,"parent":0,"menu_order":0,"comment_status":"closed","ping_status":"closed","template":"","meta":{"advanced_seo_description":"","jetpack_seo_html_title":"","jetpack_seo_noindex":false,"footnotes":""},"class_list":["post-3418","page","type-page","status-publish","hentry","entry"],"jetpack_likes_enabled":true,"jetpack_sharing_enabled":true,"jetpack_shortlink":"https:\/\/wp.me\/PdkkQs-T8","amp_enabled":true,"_links":{"self":[{"href":"https:\/\/corvallisddc.org\/cs\/wp-json\/wp\/v2\/pages\/3418","targetHints":{"allow":["GET"]}}],"collection":[{"href":"https:\/\/corvallisddc.org\/cs\/wp-json\/wp\/v2\/pages"}],"about":[{"href":"https:\/\/corvallisddc.org\/cs\/wp-json\/wp\/v2\/types\/page"}],"author":[{"embeddable":true,"href":"https:\/\/corvallisddc.org\/cs\/wp-json\/wp\/v2\/users\/212331932"}],"replies":[{"embeddable":true,"href":"https:\/\/corvallisddc.org\/cs\/wp-json\/wp\/v2\/comments?post=3418"}],"version-history":[{"count":12,"href":"https:\/\/corvallisddc.org\/cs\/wp-json\/wp\/v2\/pages\/3418\/revisions"}],"predecessor-version":[{"id":4068,"href":"https:\/\/corvallisddc.org\/cs\/wp-json\/wp\/v2\/pages\/3418\/revisions\/4068"}],"wp:attachment":[{"href":"https:\/\/corvallisddc.org\/cs\/wp-json\/wp\/v2\/media?parent=3418"}],"curies":[{"name":"wp","href":"https:\/\/api.w.org\/{rel}","templated":true}]}}