{"id":4082,"date":"2024-12-01T23:08:37","date_gmt":"2024-12-02T07:08:37","guid":{"rendered":"https:\/\/corvallisddc.org\/?page_id=4082"},"modified":"2024-12-02T00:01:44","modified_gmt":"2024-12-02T08:01:44","slug":"sort-street-outreach-response-team","status":"publish","type":"page","link":"https:\/\/corvallisddc.org\/cs\/sort-street-outreach-response-team\/","title":{"rendered":"SORT (Street Outreach Response Team)"},"content":{"rendered":"<div data-elementor-type=\"wp-page\" data-elementor-id=\"4082\" class=\"elementor elementor-4082\">\n\t\t\t\t\t\t<section class=\"elementor-section elementor-top-section elementor-element elementor-element-4b9241de elementor-section-boxed elementor-section-height-default elementor-section-height-default\" data-id=\"4b9241de\" data-element_type=\"section\" data-e-type=\"section\">\n\t\t\t\t\t\t<div class=\"elementor-container elementor-column-gap-default\">\n\t\t\t\t\t<div class=\"elementor-column elementor-col-100 elementor-top-column elementor-element elementor-element-72e76ded\" data-id=\"72e76ded\" data-element_type=\"column\" data-e-type=\"column\">\n\t\t\t<div class=\"elementor-widget-wrap elementor-element-populated\">\n\t\t\t\t\t\t<div class=\"elementor-element elementor-element-38bb8a5c elementor-widget elementor-widget-text-editor\" data-id=\"38bb8a5c\" data-element_type=\"widget\" data-e-type=\"widget\" data-widget_type=\"text-editor.default\">\n\t\t\t\t<div class=\"elementor-widget-container\">\n\t\t\t\t\t\t\t\t\t<h2 style=\"text-align: center;\"><span style=\"color: #0000ff; font-family: arial, helvetica, sans-serif;\"><b>SORT (Street Outreach Response Team)<\/b><\/span><\/h2><p>\u00a0<\/p><p><span style=\"font-weight: 400;\">T\u00fdm Street Outreach Response Team (SORT) se zab\u00fdv\u00e1 jednotlivci a rodinami, kter\u00e9 za\u017e\u00edvaj\u00ed bezdomovectv\u00ed, kte\u0159\u00ed jsou na ulici nebo kempuj\u00ed (co\u017e znamen\u00e1 kempov\u00e1n\u00ed v drsn\u00e9m prost\u0159ed\u00ed i kempov\u00e1n\u00ed v aut\u011b\/RV), aby jim poskytoval proaktivn\u00ed podporu, zdroje a servisn\u00ed spojen\u00ed.\u00a0<\/span><\/p><p><span style=\"font-weight: 400;\">SORT je spole\u010dn\u00fdm \u00fasil\u00edm mezi zainteresovan\u00fdmi agenturami a dobrovoln\u00fdmi partnery, kte\u0159\u00ed jsou v\u0161ichni investov\u00e1ni do prov\u00e1d\u011bn\u00ed harm reduction a traumatologick\u00e9 p\u00e9\u010de.\u00a0<\/span><\/p><p><span style=\"font-weight: 400;\">SORT spojuje lidi s interven\u010dn\u00edmi slu\u017ebami a zdroji (v\u010detn\u011b, ale nejen, bydlen\u00ed a p\u0159\u00edst\u0159e\u0161\u00ed, l\u00e9ka\u0159sk\u00fdch pot\u0159eb, slu\u017eeb pro veter\u00e1ny, potravin a dal\u0161\u00edch z\u00e1kladn\u00edch pot\u0159eb) a s r\u016fzn\u00fdmi komunitn\u00edmi organizacemi a vl\u00e1dn\u00edmi agenturami.<\/span><\/p>\t\t\t\t\t\t\t\t<\/div>\n\t\t\t\t<\/div>\n\t\t\t\t<div class=\"elementor-element elementor-element-ff6950f elementor-widget elementor-widget-image\" data-id=\"ff6950f\" data-element_type=\"widget\" data-e-type=\"widget\" data-widget_type=\"image.default\">\n\t\t\t\t<div class=\"elementor-widget-container\">\n\t\t\t\t\t\t\t\t\t\t\t\t\t\t\t<img fetchpriority=\"high\" decoding=\"async\" data-attachment-id=\"3310\" data-permalink=\"https:\/\/corvallisddc.org\/cs\/eye-spiderwebart-cddc-2\/\" data-orig-file=\"https:\/\/i0.wp.com\/corvallisddc.org\/wp-content\/uploads\/2024\/08\/eye-spiderwebart-cddc.jpg?fit=3916%2C3891&amp;ssl=1\" data-orig-size=\"3916,3891\" data-comments-opened=\"1\" data-image-meta=\"{&quot;aperture&quot;:&quot;5.6&quot;,&quot;credit&quot;:&quot;&quot;,&quot;camera&quot;:&quot;NIKON D3500&quot;,&quot;caption&quot;:&quot;&quot;,&quot;created_timestamp&quot;:&quot;1715168904&quot;,&quot;copyright&quot;:&quot;&quot;,&quot;focal_length&quot;:&quot;34&quot;,&quot;iso&quot;:&quot;100&quot;,&quot;shutter_speed&quot;:&quot;0.008&quot;,&quot;title&quot;:&quot;&quot;,&quot;orientation&quot;:&quot;0&quot;}\" data-image-title=\"eye-spiderwebart-cddc\" data-image-description=\"\" data-image-caption=\"\" data-large-file=\"https:\/\/i0.wp.com\/corvallisddc.org\/wp-content\/uploads\/2024\/08\/eye-spiderwebart-cddc.jpg?fit=750%2C745&amp;ssl=1\" width=\"750\" height=\"745\" src=\"https:\/\/i0.wp.com\/corvallisddc.org\/wp-content\/uploads\/2024\/08\/eye-spiderwebart-cddc.jpg?fit=750%2C745&amp;ssl=1\" class=\"attachment-medium_large size-medium_large wp-image-3310\" alt=\"Web of love. Spiderweb with and eye in the center and a person holding a red heart.\" srcset=\"https:\/\/i0.wp.com\/corvallisddc.org\/wp-content\/uploads\/2024\/08\/eye-spiderwebart-cddc.jpg?w=3916&amp;ssl=1 3916w, https:\/\/i0.wp.com\/corvallisddc.org\/wp-content\/uploads\/2024\/08\/eye-spiderwebart-cddc.jpg?resize=300%2C298&amp;ssl=1 300w, https:\/\/i0.wp.com\/corvallisddc.org\/wp-content\/uploads\/2024\/08\/eye-spiderwebart-cddc.jpg?resize=1024%2C1017&amp;ssl=1 1024w, https:\/\/i0.wp.com\/corvallisddc.org\/wp-content\/uploads\/2024\/08\/eye-spiderwebart-cddc.jpg?resize=150%2C150&amp;ssl=1 150w, https:\/\/i0.wp.com\/corvallisddc.org\/wp-content\/uploads\/2024\/08\/eye-spiderwebart-cddc.jpg?resize=768%2C763&amp;ssl=1 768w, https:\/\/i0.wp.com\/corvallisddc.org\/wp-content\/uploads\/2024\/08\/eye-spiderwebart-cddc.jpg?resize=1536%2C1526&amp;ssl=1 1536w, https:\/\/i0.wp.com\/corvallisddc.org\/wp-content\/uploads\/2024\/08\/eye-spiderwebart-cddc.jpg?resize=2048%2C2035&amp;ssl=1 2048w, https:\/\/i0.wp.com\/corvallisddc.org\/wp-content\/uploads\/2024\/08\/eye-spiderwebart-cddc.jpg?resize=12%2C12&amp;ssl=1 12w, https:\/\/i0.wp.com\/corvallisddc.org\/wp-content\/uploads\/2024\/08\/eye-spiderwebart-cddc.jpg?resize=1568%2C1558&amp;ssl=1 1568w, https:\/\/i0.wp.com\/corvallisddc.org\/wp-content\/uploads\/2024\/08\/eye-spiderwebart-cddc.jpg?w=2250&amp;ssl=1 2250w\" sizes=\"(max-width: 750px) 100vw, 750px\" \/>\t\t\t\t\t\t\t\t\t\t\t\t\t\t\t<\/div>\n\t\t\t\t<\/div>\n\t\t\t\t\t<\/div>\n\t\t<\/div>\n\t\t\t\t\t<\/div>\n\t\t<\/section>\n\t\t\t\t<\/div>","protected":false},"excerpt":{"rendered":"<p>SORT (Street Outreach Response Team) T\u00fdm pro pomoc bez domova (SORT) spolupracuje s jednotlivci a rodinami, kte\u0159\u00ed se ocitli na ulici nebo v kempu (tj. v divo\u010din\u011b i v aut\u011b\/karavanu), a poskytuje jim proaktivn\u00ed podporu, zdroje a propojen\u00ed se slu\u017ebami. SORT je spole\u010dn\u00fdm \u00fasil\u00edm zainteresovan\u00fdch agentur a dobrovoln\u00fdch partner\u016f, kte\u0159\u00ed jsou v\u0161ichni...<a class=\"more-link\" href=\"https:\/\/corvallisddc.org\/cs\/sort-street-outreach-response-team\/\">Pokra\u010dovat ve \u010dten\u00ed <span class=\"screen-reader-text\">\u201cSORT (T\u00fdm pro reakci na pouli\u010dn\u00ed informa\u010dn\u00ed kampan\u011b)\u201d<\/span><\/a><\/p>","protected":false},"author":212331932,"featured_media":0,"parent":0,"menu_order":0,"comment_status":"closed","ping_status":"closed","template":"","meta":{"advanced_seo_description":"","jetpack_seo_html_title":"","jetpack_seo_noindex":false,"footnotes":""},"class_list":["post-4082","page","type-page","status-publish","hentry","entry"],"jetpack_likes_enabled":true,"jetpack_sharing_enabled":true,"jetpack_shortlink":"https:\/\/wp.me\/PdkkQs-13Q","amp_enabled":true,"_links":{"self":[{"href":"https:\/\/corvallisddc.org\/cs\/wp-json\/wp\/v2\/pages\/4082","targetHints":{"allow":["GET"]}}],"collection":[{"href":"https:\/\/corvallisddc.org\/cs\/wp-json\/wp\/v2\/pages"}],"about":[{"href":"https:\/\/corvallisddc.org\/cs\/wp-json\/wp\/v2\/types\/page"}],"author":[{"embeddable":true,"href":"https:\/\/corvallisddc.org\/cs\/wp-json\/wp\/v2\/users\/212331932"}],"replies":[{"embeddable":true,"href":"https:\/\/corvallisddc.org\/cs\/wp-json\/wp\/v2\/comments?post=4082"}],"version-history":[{"count":11,"href":"https:\/\/corvallisddc.org\/cs\/wp-json\/wp\/v2\/pages\/4082\/revisions"}],"predecessor-version":[{"id":4140,"href":"https:\/\/corvallisddc.org\/cs\/wp-json\/wp\/v2\/pages\/4082\/revisions\/4140"}],"wp:attachment":[{"href":"https:\/\/corvallisddc.org\/cs\/wp-json\/wp\/v2\/media?parent=4082"}],"curies":[{"name":"wp","href":"https:\/\/api.w.org\/{rel}","templated":true}]}}