{"id":4377,"date":"2025-02-24T15:48:57","date_gmt":"2025-02-24T23:48:57","guid":{"rendered":"https:\/\/corvallisddc.org\/?page_id=4377"},"modified":"2025-03-08T16:01:10","modified_gmt":"2025-03-09T00:01:10","slug":"frontdoorservicesdisc","status":"publish","type":"page","link":"https:\/\/corvallisddc.org\/cs\/frontdoorservicesdisc\/","title":{"rendered":"Diskuse o slu\u017eb\u00e1ch p\u0159edn\u00edch dve\u0159\u00ed 2024"},"content":{"rendered":"<div data-elementor-type=\"wp-page\" data-elementor-id=\"4377\" class=\"elementor elementor-4377\">\n\t\t\t\t\t\t<section class=\"elementor-section elementor-top-section elementor-element elementor-element-eb03c23 elementor-section-boxed elementor-section-height-default elementor-section-height-default\" data-id=\"eb03c23\" data-element_type=\"section\" data-e-type=\"section\">\n\t\t\t\t\t\t<div class=\"elementor-container elementor-column-gap-default\">\n\t\t\t\t\t<div class=\"elementor-column elementor-col-100 elementor-top-column elementor-element elementor-element-a638034\" data-id=\"a638034\" data-element_type=\"column\" data-e-type=\"column\">\n\t\t\t<div class=\"elementor-widget-wrap elementor-element-populated\">\n\t\t\t\t\t\t<div class=\"elementor-element elementor-element-ddc414f elementor-widget elementor-widget-text-editor\" data-id=\"ddc414f\" data-element_type=\"widget\" data-e-type=\"widget\" data-widget_type=\"text-editor.default\">\n\t\t\t\t<div class=\"elementor-widget-container\">\n\t\t\t\t\t\t\t\t\t<h2><b>Slu\u017eby p\u0159edn\u00edch dve\u0159\u00ed Benton County \u2013 panelov\u00e1 diskuze Q &amp; A<\/b><\/h2><p><span style=\"font-weight: 400;\">Nato\u010deno: 18. prosince 2024<\/span><\/p><p><span style=\"font-weight: 400;\">Popis videa: Toto video je z\u00e1znamem virtu\u00e1ln\u00ed panelov\u00e9 diskuse Q &amp; A, kter\u00e1 zd\u016fraz\u0148uje t\u0159i m\u00edstn\u00ed organizace, kter\u00e9 poskytuj\u00ed n\u00edzkobari\u00e9rov\u00e9 slu\u017eby a podporu z\u00e1kladn\u00edch pot\u0159eb v oblasti Corvallis.<\/span><\/p><p><span style=\"font-weight: 400;\">V\u00fdkonn\u00ed \u0159editel\u00e9, Allison Hobgood s <a href=\"https:\/\/corvallisddc.org\/cs\/\">Corvallis Daytime Drop-in Center<\/a>; Ilene McClelland s <a href=\"http:\/\/vinamoses.org\/\">Centrum Vina Moses<\/a>; a Shawn Collins s <a href=\"http:\/\/unityshelter.org\/\">\u00datulek jednoty<\/a> sd\u00edlet \u017eivotn\u011b d\u016fle\u017eit\u00e9 informace o slu\u017eb\u00e1ch a programech, kter\u00e9 poskytuj\u00ed, o tom, jak m\u016f\u017ee komunita a m\u00edstn\u00ed samospr\u00e1va podpo\u0159it toto \u00fasil\u00ed, a d\u016fle\u017eit\u00e9 informace o na\u0161ich sousedech trp\u00edc\u00edch chudobou a bezdomovectv\u00edm.<\/span><\/p>\t\t\t\t\t\t\t\t<\/div>\n\t\t\t\t<\/div>\n\t\t\t\t<div class=\"elementor-element elementor-element-f5f4fe5 elementor-widget elementor-widget-spacer\" data-id=\"f5f4fe5\" data-element_type=\"widget\" data-e-type=\"widget\" data-widget_type=\"spacer.default\">\n\t\t\t\t<div class=\"elementor-widget-container\">\n\t\t\t\t\t\t\t<div class=\"elementor-spacer\">\n\t\t\t<div class=\"elementor-spacer-inner\"><\/div>\n\t\t<\/div>\n\t\t\t\t\t\t<\/div>\n\t\t\t\t<\/div>\n\t\t\t\t<div class=\"elementor-element elementor-element-db2aab8 elementor-widget__width-initial elementor-widget elementor-widget-shortcode\" data-id=\"db2aab8\" data-element_type=\"widget\" data-e-type=\"widget\" data-widget_type=\"shortcode.default\">\n\t\t\t\t<div class=\"elementor-widget-container\">\n\t\t\t\t\t\t\t<div class=\"elementor-shortcode\"><iframe width=\"560\" height=\"315\" src=\"https:\/\/www.youtube.com\/embed\/ZNnJcY7-u2A?si=geJSMG5vJlYf6ibq\" title=\"P\u0159ehr\u00e1va\u010d videa YouTube\" frameborder=\"0\" allow=\"accelerometer; autoplay; clipboard-write; encrypted-media; gyroscope; picture-in-picture; web-share\" referrerpolicy=\"strict-origin-when-cross-origin\" allowfullscreen><\/iframe><\/div>\n\t\t\t\t\t\t<\/div>\n\t\t\t\t<\/div>\n\t\t\t\t\t<\/div>\n\t\t<\/div>\n\t\t\t\t\t<\/div>\n\t\t<\/section>\n\t\t\t\t<\/div>","protected":false},"excerpt":{"rendered":"<p>Slu\u017eby pro ukl\u00edzen\u00ed d\u011bt\u00ed v okrese Benton \u2013 panelov\u00e1 diskuse s ot\u00e1zkami a odpov\u011b\u010fmi. Nahr\u00e1no: 18. prosince 2024. Popis videa: Toto video je z\u00e1znamem virtu\u00e1ln\u00ed panelov\u00e9 diskuse s ot\u00e1zkami a odpov\u011b\u010fmi, kter\u00e1 se zam\u011b\u0159uje na t\u0159i m\u00edstn\u00ed organizace poskytuj\u00edc\u00ed n\u00edzkoprahov\u00e9 slu\u017eby a podporu pro z\u00e1kladn\u00ed pot\u0159eby v oblasti Corvallis. V\u00fdkonn\u00e1 \u0159editelka Allison Hobgood z denn\u00edho centra Corvallis.<a class=\"more-link\" href=\"https:\/\/corvallisddc.org\/cs\/frontdoorservicesdisc\/\">Pokra\u010dovat ve \u010dten\u00ed <span class=\"screen-reader-text\">\u201cDiskuse o slu\u017eb\u00e1ch pro vchodov\u00e9 dve\u0159e 2024\u201d<\/span><\/a><\/p>","protected":false},"author":212331932,"featured_media":0,"parent":0,"menu_order":0,"comment_status":"closed","ping_status":"closed","template":"","meta":{"advanced_seo_description":"","jetpack_seo_html_title":"","jetpack_seo_noindex":false,"footnotes":""},"class_list":["post-4377","page","type-page","status-publish","hentry","entry"],"jetpack_likes_enabled":true,"jetpack_sharing_enabled":true,"jetpack_shortlink":"https:\/\/wp.me\/PdkkQs-18B","amp_enabled":true,"_links":{"self":[{"href":"https:\/\/corvallisddc.org\/cs\/wp-json\/wp\/v2\/pages\/4377","targetHints":{"allow":["GET"]}}],"collection":[{"href":"https:\/\/corvallisddc.org\/cs\/wp-json\/wp\/v2\/pages"}],"about":[{"href":"https:\/\/corvallisddc.org\/cs\/wp-json\/wp\/v2\/types\/page"}],"author":[{"embeddable":true,"href":"https:\/\/corvallisddc.org\/cs\/wp-json\/wp\/v2\/users\/212331932"}],"replies":[{"embeddable":true,"href":"https:\/\/corvallisddc.org\/cs\/wp-json\/wp\/v2\/comments?post=4377"}],"version-history":[{"count":28,"href":"https:\/\/corvallisddc.org\/cs\/wp-json\/wp\/v2\/pages\/4377\/revisions"}],"predecessor-version":[{"id":4486,"href":"https:\/\/corvallisddc.org\/cs\/wp-json\/wp\/v2\/pages\/4377\/revisions\/4486"}],"wp:attachment":[{"href":"https:\/\/corvallisddc.org\/cs\/wp-json\/wp\/v2\/media?parent=4377"}],"curies":[{"name":"wp","href":"https:\/\/api.w.org\/{rel}","templated":true}]}}