{"id":560,"date":"2022-03-24T15:56:17","date_gmt":"2022-03-24T22:56:17","guid":{"rendered":"https:\/\/corvallisddc.org\/?page_id=560"},"modified":"2025-03-08T15:49:47","modified_gmt":"2025-03-08T23:49:47","slug":"news-events","status":"publish","type":"page","link":"https:\/\/corvallisddc.org\/cs\/news-events\/","title":{"rendered":"Novinky a ud\u00e1losti"},"content":{"rendered":"<div data-elementor-type=\"wp-page\" data-elementor-id=\"560\" class=\"elementor elementor-560\">\n\t\t\t\t\t\t<section class=\"elementor-section elementor-top-section elementor-element elementor-element-52f7238 elementor-section-boxed elementor-section-height-default elementor-section-height-default\" data-id=\"52f7238\" data-element_type=\"section\" data-e-type=\"section\">\n\t\t\t\t\t\t<div class=\"elementor-container elementor-column-gap-default\">\n\t\t\t\t\t<div class=\"elementor-column elementor-col-100 elementor-top-column elementor-element elementor-element-18c1e4f\" data-id=\"18c1e4f\" data-element_type=\"column\" data-e-type=\"column\">\n\t\t\t<div class=\"elementor-widget-wrap elementor-element-populated\">\n\t\t\t\t\t\t<div class=\"elementor-element elementor-element-4c4d59a elementor-widget elementor-widget-text-editor\" data-id=\"4c4d59a\" data-element_type=\"widget\" data-e-type=\"widget\" data-widget_type=\"text-editor.default\">\n\t\t\t\t<div class=\"elementor-widget-container\">\n\t\t\t\t\t\t\t\t\t<h3 style=\"text-align: center;\"><b>Opakuj\u00edc\u00ed se t\u00fddenn\u00ed ud\u00e1losti<\/b><\/h3><h2>\u00a0<\/h2><p style=\"text-align: center;\"><span style=\"color: #339966;\"><b>Pond\u011bl\u00ed du\u0161evn\u00edho zdrav\u00ed od 9 do 12 hodin<\/b><\/span><\/p><p style=\"text-align: center;\"><span style=\"color: #339966;\"><b>St\u0159\u00edh\u00e1n\u00ed v pond\u011bl\u00ed od 9 do 12 hodin<\/b><\/span><\/p><p style=\"text-align: center;\"><span style=\"color: #339966;\"><b>V\u00fdtvarn\u00e9 \u00faterky od 13 do 15 hodin<\/b><\/span><\/p><p style=\"text-align: center;\"><span style=\"color: #339966;\"><b>Filmov\u00e9 \u00fater\u00fd ve 12:00 v divadle Whiteside<\/b><\/span><\/p><p style=\"text-align: center;\"><span style=\"font-weight: 400;\">***Z\u016fsta\u0148te nalad\u011bni na na\u0161i dal\u0161\u00ed kliniku pro o\u010dkov\u00e1n\u00ed proti ch\u0159ipce a COVID-19 ve spolupr\u00e1ci s Benton County Health Department***<\/span><\/p><p><span style=\"font-weight: 400;\">\u00a0<\/span><\/p><p><span style=\"font-weight: 400;\">\u00a0<\/span><\/p><h3 style=\"text-align: center;\"><b>Zpr\u00e1vy\u00a0<\/b><b>o CDDC<\/b><\/h3><p>\u00a0<\/p><p style=\"text-align: center;\"><em>Corvallis Gazette-Times<\/em>:<\/p><p style=\"text-align: center;\"><a href=\"https:\/\/gazettetimes.com\/search\/\">KLIKN\u011aTE ZDE<\/a> za \u010dl\u00e1nky t\u00fdkaj\u00edc\u00ed se CDDC, bezdomovectv\u00ed.<\/p><p>\u00a0<\/p><p style=\"text-align: center;\"><em>Corvallis\u016fv advok\u00e1t:<\/em><\/p><p style=\"text-align: center;\"><a href=\"http:\/\/Book Bin Displays Art, Stories of People Displaced by Sweeps\" data-wplink-url-error=\"true\">Popelnice na knihy zobrazuje um\u011bn\u00ed, p\u0159\u00edb\u011bhy lid\u00ed vys\u00eddlen\u00fdch z\u00e1tahy<\/a><\/p><p style=\"text-align: center;\">27. listopadu 2021<b><br \/><\/b><\/p><p><span style=\"font-weight: 400;\">\u00a0<\/span><span style=\"font-weight: 400;\">\u00a0<\/span><\/p><p><span style=\"font-weight: 400;\">\u00a0<\/span><\/p><h3 style=\"text-align: center;\"><b>M\u00e9dia<\/b><\/h3><p style=\"text-align: center;\">(K \u010dl\u00e1nku se dostanete KLIKNUT\u00cdM na n\u00e1zev m\u00e9dia.)<\/p><h4><span style=\"text-decoration: underline; color: #000000;\"><a style=\"color: #000000;\" href=\"https:\/\/apeaceofmymind.org\/\"><em><b>M\u00edr m\u00e9 mysli<\/b><\/em><\/a><\/span><\/h4><p>\u00a0<\/p><p><strong><a href=\"https:\/\/apeaceofmymind.org\/2023\/10\/26\/belonging-2\/\">PAT\u0158\u00cd DO \u0158\u00cdJNA 2023<\/a><\/strong><\/p><p>\u00a0<\/p><p><strong><a href=\"https:\/\/apeaceofmymind.org\/2021\/07\/24\/listen-2\/\">POSLECHN\u011aTE 2. \u010cERVENCE 2021<\/a><\/strong><\/p><p>\u00a0<\/p><p><span style=\"font-weight: 400;\">CDDC bylo poct\u011bno hostit ocen\u011bn\u00e9ho fotografa Johna Noltnera. DVAKR\u00c1T! Jeho projekt \u201eA Peace of My Mind\u201c je multimedi\u00e1ln\u00ed um\u011bleck\u00e1 iniciativa, kter\u00e1 vyu\u017e\u00edv\u00e1 portr\u00e9ty a osobn\u00ed p\u0159\u00edb\u011bhy k p\u0159eklenut\u00ed rozd\u00edl\u016f a povzbuzen\u00ed dialogu o d\u016fle\u017eit\u00fdch ot\u00e1zk\u00e1ch. Prost\u0159ednictv\u00edm v\u00fdstav, workshop\u016f, p\u0159edn\u00e1\u0161ek, studi\u00ed na m\u00edst\u011b a distan\u010dn\u00edho vzd\u011bl\u00e1v\u00e1n\u00ed vede \u201eA Peace of My Mind\u201c transforma\u010dn\u00ed zku\u0161enosti, kter\u00e9 pom\u00e1haj\u00ed polarizovan\u00e9mu sv\u011btu znovu objevit spole\u010dnou lidskost spojuj\u00edc\u00ed n\u00e1s v\u0161echny.<\/span><\/p><p>\u00a0<\/p><p><strong>KLIKN\u011aTE<\/strong> na titulc\u00edch <span style=\"font-family: var(--font-base, 'Rubik', Trebuchet MS, Lucida Grande, Lucida Sans Unicode, Lucida Sans, Tahoma, sans-serif);\">v\u00fd\u0161e<\/span><span style=\"font-size: 1em; font-family: var(--font-base, 'Rubik', Trebuchet MS, Lucida Grande, Lucida Sans Unicode, Lucida Sans, Tahoma, sans-serif);\">, \u201ePOUZE\u201c a \u201ePOSLECH-2\u201c pro zobrazen\u00ed projekt\u016f Corvallis!<\/span><\/p><p>\u00a0<\/p><h4><span style=\"text-decoration: underline;\"><span style=\"color: #000000;\"><em><strong><a style=\"color: #000000; text-decoration: underline;\" href=\"https:\/\/videopress.com\/v\/HjlyndYM?resizeToParent=true&amp;cover=true&amp;preloadContent=metadata&amp;useAverageColor=true\">D\u016fle\u017eitost byt\u00ed v solidarit\u011b, 2019<\/a><\/strong><\/em><\/span><\/span><\/h4><p><span style=\"font-weight: 400;\">\u00a0<\/span><\/p><h4><span style=\"text-decoration: underline; color: #000000;\"><a style=\"color: #000000;\" href=\"https:\/\/corvallisddc.org\/cs\/local-folks-podcast\/\"><em><b>S\u00e9rie m\u00edstn\u00edch lidov\u00fdch podcast\u016f, <\/b><b>2019<\/b><\/em><\/a><\/span><\/h4><p>\u00a0<\/p><p><span style=\"font-weight: 400;\">Kam mohou bezdomovci zaj\u00edt, kdy\u017e pot\u0159ebuj\u00ed p\u00e1r such\u00fdch pono\u017eek nebo bot, prov\u00e1zek na sv\u00e1z\u00e1n\u00ed n\u011b\u010deho, n\u00e1stroj na opravu kola nebo pomoc p\u0159i z\u00edsk\u00e1n\u00ed nov\u00e9ho pr\u016fkazu? T\u0159et\u00ed \u0159ada Local Folks Podcast se zam\u011b\u0159uje na Corvallis Daytime Drop-in Center \u2013 organizaci, jej\u00edm\u017e posl\u00e1n\u00edm je poskytovat pot\u0159ebn\u00e9 slu\u017eby lidem, kte\u0159\u00ed \u017eij\u00ed v chudob\u011b a za\u017e\u00edvaj\u00ed bezdomovectv\u00ed.\u00a0<\/span><\/p><p>\u00a0<\/p><p><a href=\"https:\/\/corvallisddc.org\/cs\/local-folks-podcast\/\"><b>KLIKN\u011aTE ZDE<\/b><span style=\"font-weight: 400;\"> poslechnout si v\u0161ech 7 epizod, kter\u00e9 moderoval Bob Madar.<\/span><\/a><\/p><p><span style=\"font-weight: 400;\">\u00a0<\/span><\/p><p><span style=\"font-weight: 400;\">\u00a0<\/span><\/p><p><span style=\"font-weight: 400;\">\u00a0<\/span><\/p><h2><b>Archivovan\u00e9 zpr\u00e1vy a ud\u00e1losti<\/b><\/h2><p><a href=\"https:\/\/corvallisddc.org\/cs\/archives\/\"><span style=\"font-weight: 400;\">Pod\u00edvejte se na na\u0161e minul\u00e9 archivovan\u00e9 ud\u00e1losti a p\u0159\u00edsp\u011bvky zde<\/span><\/a><\/p><p><span style=\"font-weight: 400;\">\u00a0<\/span><\/p>\t\t\t\t\t\t\t\t<\/div>\n\t\t\t\t<\/div>\n\t\t\t\t\t<\/div>\n\t\t<\/div>\n\t\t\t\t\t<\/div>\n\t\t<\/section>\n\t\t\t\t<\/div>","protected":false},"excerpt":{"rendered":"<p>Opakuj\u00edc\u00ed se t\u00fddenn\u00ed akce Du\u0161evn\u00ed zdrav\u00ed Pond\u011blky od 9:00 do 12:00 St\u0159\u00edh\u00e1n\u00ed vlas\u016f Pond\u011blky od 9:00 do 12:00 Um\u011bleck\u00e9 \u00faterky od 13:00 do 15:00 Filmov\u00e9 \u00faterky ve 12:00 v divadle Whiteside ***Sledujte na\u0161i dal\u0161\u00ed o\u010dkovac\u00ed kliniku proti ch\u0159ipce a COVID-19 ve spolupr\u00e1ci s Benton County Health Department*** \u00a0<a class=\"more-link\" href=\"https:\/\/corvallisddc.org\/cs\/news-events\/\">Pokra\u010dovat ve \u010dten\u00ed <span class=\"screen-reader-text\">&quot;Novinky a ud\u00e1losti&quot;<\/span><\/a><\/p>","protected":false},"author":212331932,"featured_media":0,"parent":0,"menu_order":0,"comment_status":"closed","ping_status":"closed","template":"","meta":{"advanced_seo_description":"","jetpack_seo_html_title":"","jetpack_seo_noindex":false,"footnotes":""},"class_list":["post-560","page","type-page","status-publish","hentry","entry"],"jetpack_likes_enabled":true,"jetpack_sharing_enabled":true,"jetpack_shortlink":"https:\/\/wp.me\/PdkkQs-92","amp_enabled":true,"_links":{"self":[{"href":"https:\/\/corvallisddc.org\/cs\/wp-json\/wp\/v2\/pages\/560","targetHints":{"allow":["GET"]}}],"collection":[{"href":"https:\/\/corvallisddc.org\/cs\/wp-json\/wp\/v2\/pages"}],"about":[{"href":"https:\/\/corvallisddc.org\/cs\/wp-json\/wp\/v2\/types\/page"}],"author":[{"embeddable":true,"href":"https:\/\/corvallisddc.org\/cs\/wp-json\/wp\/v2\/users\/212331932"}],"replies":[{"embeddable":true,"href":"https:\/\/corvallisddc.org\/cs\/wp-json\/wp\/v2\/comments?post=560"}],"version-history":[{"count":100,"href":"https:\/\/corvallisddc.org\/cs\/wp-json\/wp\/v2\/pages\/560\/revisions"}],"predecessor-version":[{"id":4483,"href":"https:\/\/corvallisddc.org\/cs\/wp-json\/wp\/v2\/pages\/560\/revisions\/4483"}],"wp:attachment":[{"href":"https:\/\/corvallisddc.org\/cs\/wp-json\/wp\/v2\/media?parent=560"}],"curies":[{"name":"wp","href":"https:\/\/api.w.org\/{rel}","templated":true}]}}