{"id":987,"date":"2022-04-29T07:23:00","date_gmt":"2022-04-29T14:23:00","guid":{"rendered":"https:\/\/corvallisddc.org\/?page_id=987"},"modified":"2022-04-29T07:59:15","modified_gmt":"2022-04-29T14:59:15","slug":"archives","status":"publish","type":"page","link":"https:\/\/corvallisddc.org\/cs\/archives\/","title":{"rendered":"Archiv"},"content":{"rendered":"<div class=\"wp-block-columns alignfull is-layout-flex wp-container-core-columns-is-layout-28f84493 wp-block-columns-is-layout-flex\">\n<div class=\"wp-block-column is-layout-flow wp-block-column-is-layout-flow\" style=\"flex-basis:10%\"><\/div>\n\n\n\n<div class=\"wp-block-column is-layout-flow wp-block-column-is-layout-flow\">\n<h2 class=\"wp-block-heading\" style=\"font-size:48px\">Archiv<\/h2>\n<\/div>\n\n\n\n<div class=\"wp-block-column is-layout-flow wp-block-column-is-layout-flow\" style=\"flex-basis:10%\"><\/div>\n<\/div>\n\n\n\n<div class=\"wp-block-columns alignfull is-layout-flex wp-container-core-columns-is-layout-28f84493 wp-block-columns-is-layout-flex\">\n<div class=\"wp-block-column is-layout-flow wp-block-column-is-layout-flow\" style=\"flex-basis:10%\"><\/div>\n\n\n\n<div class=\"wp-block-column is-layout-flow wp-block-column-is-layout-flow\">\t<div\n\t\tclass=\"wp-block-newspack-blocks-homepage-articles is-style-borders wpnbha ts-5 show-category is-style-borders has-text-align-left\"\n\t\tstyle=\"\"\n\t\t>\n\t\t\t\t\t<style id=\"newspack-blocks-inline-css\" type=\"text\/css\">\t\t.wp-block-newspack-blocks-homepage-articles article .entry-title {\n\t\t\tfont-size: 1.2em;\n\t\t}\n\t\t.wp-block-newspack-blocks-homepage-articles .entry-meta {\n\t\t\tdisplay: flex;\n\t\t\tflex-wrap: wrap;\n\t\t\talign-items: center;\n\t\t\tmargin-top: 0.5em;\n\t\t}\n\t\t.wp-block-newspack-blocks-homepage-articles article .entry-meta {\n\t\t\tfont-size: 0.8em;\n\t\t}\n\t\t.wp-block-newspack-blocks-homepage-articles article .avatar {\n\t\t\theight: 25px;\n\t\t\twidth: 25px;\n\t\t}\n\t\t.wp-block-newspack-blocks-homepage-articles .post-thumbnail{\n\t\t\tmargin: 0;\n\t\t\tmargin-bottom: 0.25em;\n\t\t}\n\t\t.wp-block-newspack-blocks-homepage-articles .post-thumbnail img {\n\t\t\theight: auto;\n\t\t\twidth: 100%;\n\t\t}\n\t\t.wp-block-newspack-blocks-homepage-articles .post-thumbnail figcaption {\n\t\t\tmargin-bottom: 0.5em;\n\t\t}\n\t\t.wp-block-newspack-blocks-homepage-articles p {\n\t\t\tmargin: 0.5em 0;\n\t\t}\n\n\t\t.wpnbha.ts-5 .entry-title{font-size: 1.4em}.wpnbha.ts-5 article .newspack-post-subtitle {font-size: 1.2em;}\t<\/style>\n\t\t\t\t<div data-posts data-current-post-id=\"987\">\n\t\t\t\t\t\t\n\t<article data-post-id=\"958\"\n\t\tclass=\"category-archives category-media type-post post-has-image\"\n\t\t\t\t>\n\t\t\t\t\n\t\t<div class=\"entry-wrapper\">\n\t\t\t\n\t\t\t\t<div class=\"cat-links\">\n\t\t\t\t\t<a href=\"https:\/\/corvallisddc.org\/cs\/category\/archives\/\">Archiv<\/a>\t\t\t\t<\/div>\n\t\t\t\t<h2 class=\"entry-title\"><a href=\"https:\/\/corvallisddc.org\/cs\/2019\/11\/21\/wisdom-from-the-streets\/\" rel=\"bookmark\">Moudrost z ulic<\/a><\/h2>\t\t\t\t\t\t<p>Kr\u00e1tk\u00e9 filmy a rozhovory o odolnosti a ko\u0159enech bezdomovectv\u00ed \u010ctvrtek, 21. listopadu, dve\u0159e se otev\u00edraj\u00ed v 19:00 Whiteside Theatre v CorvallisVstupn\u00e9: $5 navrhovan\u00fd dar\u2026<\/p>\n\t\t\t\t<div class=\"entry-meta\">\n\t\t\t\t\t<time class=\"entry-date published\" datetime=\"2019-11-21T12:00:00-08:00\">Listopad 21, 2019<\/time><time class=\"updated\" datetime=\"2022-04-29T07:19:54-07:00\">29. dubna 2022<\/time>\t\t\t\t<\/div><!-- .entry-meta -->\n\t\t\t\t\t<\/div><!-- .entry-wrapper -->\n\t<\/article>\n\n\t\t\n\t<article data-post-id=\"965\"\n\t\tclass=\"category-archives category-events type-post post-has-image\"\n\t\t\t\t>\n\t\t\t\t\n\t\t<div class=\"entry-wrapper\">\n\t\t\t\n\t\t\t\t<div class=\"cat-links\">\n\t\t\t\t\t<a href=\"https:\/\/corvallisddc.org\/cs\/category\/archives\/\">Archiv<\/a>\t\t\t\t<\/div>\n\t\t\t\t<h2 class=\"entry-title\"><a href=\"https:\/\/corvallisddc.org\/cs\/2019\/04\/05\/benefit-concert-for-the-corvallis-daytime-drop-in-center\/\" rel=\"bookmark\">Benefi\u010dn\u00ed koncert pro Corvallis Daytime Drop-in Center<\/a><\/h2>\t\t\t\t\t\t<p>WILD HOG IN THE WOODS p\u00e1tek, 5. dubna 2019, 19:00 a\u017e 21:00 Odd Fellows Hall, 223 SW 2nd St v CorvallisVstupn\u00e9: $10-$20 doporu\u010den\u00fd dar (ale nikdo nebude odm\u00edtnut kv\u016fli nedostatku\u2026<\/p>\n\t\t\t\t<div class=\"entry-meta\">\n\t\t\t\t\t<time class=\"entry-date published\" datetime=\"2019-04-05T12:00:00-07:00\">Duben 5, 2019<\/time><time class=\"updated\" datetime=\"2022-04-29T07:09:05-07:00\">29. dubna 2022<\/time>\t\t\t\t<\/div><!-- .entry-meta -->\n\t\t\t\t\t<\/div><!-- .entry-wrapper -->\n\t<\/article>\n\n\t\t\n\t<article data-post-id=\"969\"\n\t\tclass=\"category-archives category-community type-post\"\n\t\t\t\t>\n\t\t\t\t\n\t\t<div class=\"entry-wrapper\">\n\t\t\t\n\t\t\t\t<div class=\"cat-links\">\n\t\t\t\t\t<a href=\"https:\/\/corvallisddc.org\/cs\/category\/archives\/\">Archiv<\/a>\t\t\t\t<\/div>\n\t\t\t\t<h2 class=\"entry-title\"><a href=\"https:\/\/corvallisddc.org\/cs\/2018\/12\/14\/as-i-see-it-lets-stand-in-solidarity-with-the-poor\/\" rel=\"bookmark\">Jak to vid\u00edm j\u00e1: Postavme se v solidarit\u011b s chud\u00fdmi<\/a><\/h2>\t\t\t\t\t\t<p>Senior ministr Matt Gordon z Prvn\u00ed k\u0159es\u0165ansk\u00e9 c\u00edrkve p\u0159edstavuje dojemn\u00fd pohled na Corvallis Daytime Drop-in Center a solidaritu s chud\u00fdmi. Jeho\u2026<\/p>\n\t\t\t\t<div class=\"entry-meta\">\n\t\t\t\t\t<time class=\"entry-date published\" datetime=\"2018-12-14T12:00:00-08:00\">Prosinec 14. 2018<\/time><time class=\"updated\" datetime=\"2022-04-29T07:08:53-07:00\">29. dubna 2022<\/time>\t\t\t\t<\/div><!-- .entry-meta -->\n\t\t\t\t\t<\/div><!-- .entry-wrapper -->\n\t<\/article>\n\n\t\t\n\t<article data-post-id=\"974\"\n\t\tclass=\"category-archives category-community category-events type-post post-has-image\"\n\t\t\t\t>\n\t\t\t\t\n\t\t<div class=\"entry-wrapper\">\n\t\t\t\n\t\t\t\t<div class=\"cat-links\">\n\t\t\t\t\t<a href=\"https:\/\/corvallisddc.org\/cs\/category\/archives\/\">Archiv<\/a>\t\t\t\t<\/div>\n\t\t\t\t<h2 class=\"entry-title\"><a href=\"https:\/\/corvallisddc.org\/cs\/2018\/11\/01\/it-takes-a-community-to-raise-a-village\/\" rel=\"bookmark\">K zalo\u017een\u00ed vesnice je zapot\u0159eb\u00ed komunita<\/a><\/h2>\t\t\t\t\t\t<p>\u010ctvrtek, 1. listopadu 2018, 19:00 a\u017e 20:30 Prvn\u00ed presbyteri\u00e1nsk\u00fd kostel, 114 SW 8th St, Corvallis P\u0159ipojte se k n\u00e1m ve \u010dtvrtek ve\u010der jako Dan Bryant ze SquareOne\u2026<\/p>\n\t\t\t\t<div class=\"entry-meta\">\n\t\t\t\t\t<time class=\"entry-date published\" datetime=\"2018-11-01T12:00:00-07:00\">Listopad 1, 2018<\/time><time class=\"updated\" datetime=\"2022-04-29T07:11:39-07:00\">29. dubna 2022<\/time>\t\t\t\t<\/div><!-- .entry-meta -->\n\t\t\t\t\t<\/div><!-- .entry-wrapper -->\n\t<\/article>\n\n\t\t\n\t<article data-post-id=\"978\"\n\t\tclass=\"category-archives category-media type-post post-has-image\"\n\t\t\t\t>\n\t\t\t\t\n\t\t<div class=\"entry-wrapper\">\n\t\t\t\n\t\t\t\t<div class=\"cat-links\">\n\t\t\t\t\t<a href=\"https:\/\/corvallisddc.org\/cs\/category\/archives\/\">Archiv<\/a>\t\t\t\t<\/div>\n\t\t\t\t<h2 class=\"entry-title\"><a href=\"https:\/\/corvallisddc.org\/cs\/2018\/09\/15\/september-2018-status\/\" rel=\"bookmark\">Stav z\u00e1\u0159\u00ed 2018<\/a><\/h2>\t\t\t\t\t\t<p>V\u011bnujte pros\u00edm p\u00e1r minut sledov\u00e1n\u00ed na\u0161eho nov\u00e9ho kr\u00e1tk\u00e9ho videa o CDDC!<\/p>\n\t\t\t\t<div class=\"entry-meta\">\n\t\t\t\t\t<time class=\"entry-date published\" datetime=\"2018-09-15T12:00:00-07:00\">Z\u00e1\u0159\u00ed 15. 2018<\/time><time class=\"updated\" datetime=\"2023-02-17T11:31:45-08:00\">17. \u00fanora 2023<\/time>\t\t\t\t<\/div><!-- .entry-meta -->\n\t\t\t\t\t<\/div><!-- .entry-wrapper -->\n\t<\/article>\n\n\t\t\t\t<\/div>\n\t\t\n\t<\/div>\n\t<\/div>\n\n\n\n<div class=\"wp-block-column is-layout-flow wp-block-column-is-layout-flow\" style=\"flex-basis:10%\"><\/div>\n<\/div>","protected":false},"excerpt":{"rendered":"<p>Archiv<\/p>","protected":false},"author":210647820,"featured_media":0,"parent":0,"menu_order":0,"comment_status":"closed","ping_status":"closed","template":"","meta":{"advanced_seo_description":"","jetpack_seo_html_title":"","jetpack_seo_noindex":false,"footnotes":""},"class_list":["post-987","page","type-page","status-publish","hentry","entry"],"jetpack_likes_enabled":true,"jetpack_sharing_enabled":true,"jetpack_shortlink":"https:\/\/wp.me\/PdkkQs-fV","amp_enabled":true,"_links":{"self":[{"href":"https:\/\/corvallisddc.org\/cs\/wp-json\/wp\/v2\/pages\/987","targetHints":{"allow":["GET"]}}],"collection":[{"href":"https:\/\/corvallisddc.org\/cs\/wp-json\/wp\/v2\/pages"}],"about":[{"href":"https:\/\/corvallisddc.org\/cs\/wp-json\/wp\/v2\/types\/page"}],"author":[{"embeddable":true,"href":"https:\/\/corvallisddc.org\/cs\/wp-json\/wp\/v2\/users\/210647820"}],"replies":[{"embeddable":true,"href":"https:\/\/corvallisddc.org\/cs\/wp-json\/wp\/v2\/comments?post=987"}],"version-history":[{"count":10,"href":"https:\/\/corvallisddc.org\/cs\/wp-json\/wp\/v2\/pages\/987\/revisions"}],"predecessor-version":[{"id":1030,"href":"https:\/\/corvallisddc.org\/cs\/wp-json\/wp\/v2\/pages\/987\/revisions\/1030"}],"wp:attachment":[{"href":"https:\/\/corvallisddc.org\/cs\/wp-json\/wp\/v2\/media?parent=987"}],"curies":[{"name":"wp","href":"https:\/\/api.w.org\/{rel}","templated":true}]}}