{"id":130,"date":"2023-12-05T16:43:27","date_gmt":"2023-12-06T00:43:27","guid":{"rendered":"https:\/\/corvallisddc.org\/?page_id=130"},"modified":"2024-10-16T14:42:00","modified_gmt":"2024-10-16T21:42:00","slug":"contact","status":"publish","type":"page","link":"https:\/\/corvallisddc.org\/de\/contact\/","title":{"rendered":"Kontakt"},"content":{"rendered":"<div class=\"wp-block-columns alignfull is-layout-flex wp-container-core-columns-is-layout-28f84493 wp-block-columns-is-layout-flex\">\n<div class=\"wp-block-column is-layout-flow wp-block-column-is-layout-flow\" style=\"flex-basis:10%\"><\/div>\n\n\n\n<div class=\"wp-block-column is-layout-flow wp-block-column-is-layout-flow\" style=\"flex-basis:80%\">\n<h2 class=\"wp-block-heading\" style=\"font-size:48px\">Kontaktieren Sie uns<\/h2>\n\n\n\n<p style=\"font-size:24px\">Das Drop-in Center befindet sich in der N\u00e4he der Ecke Western Blvd und 4<sup>th<\/sup> Stra\u00dfe in der Innenstadt von Corvallis, Oregon. Unser Geb\u00e4ude liegt einen Block s\u00fcdlich des Safeway in der Innenstadt.<\/p>\n<\/div>\n\n\n\n<div class=\"wp-block-column is-layout-flow wp-block-column-is-layout-flow\" style=\"flex-basis:10%\"><\/div>\n<\/div>\n\n\n\n<div style=\"min-height:400px\" data-map-attr=\"\/qaddress\/q:\/q530 SW 4th St. Corvallis, OR 97333\/q||\/qlat\/q:\/qundefined\/q||\/qlng\/q:\/qundefined\/q||\/qskin\/q:\/qstandard\/q||\/qzoom\/q:\/q17\/q||\/qiconSize\/q:\/q36\/q||\/qmapTypeControl\/q:\/qtrue\/q||\/qzoomControl\/q:\/qtrue\/q||\/qstreetViewControl\/q:\/qtrue\/q||\/qfullscreenControl\/q:\/qtrue\/q\" class=\"wp-block-coblocks-map\"><iframe title=\"Google Map\" frameborder=\"0\" style=\"width:100%;min-height:400px\" src=\"https:\/\/www.google.com\/maps?q=530%20SW%204th%20St.%20Corvallis%2C%20OR%2097333&amp;output=embed&amp;hl=en-US&amp;z=17\"><\/iframe><\/div>\n\n\n\n<div style=\"height:25px\" aria-hidden=\"true\" id=\"history\" class=\"wp-block-spacer\"><\/div>\n\n\n\n<div class=\"wp-block-columns alignfull is-layout-flex wp-container-core-columns-is-layout-28f84493 wp-block-columns-is-layout-flex\">\n<div class=\"wp-block-column is-layout-flow wp-block-column-is-layout-flow\" style=\"flex-basis:10%\"><\/div>\n\n\n\n<div class=\"wp-block-column is-layout-flow wp-block-column-is-layout-flow\" style=\"flex-basis:80%\">\n<h2 class=\"wp-block-heading\" style=\"font-size:48px\">Std<\/h2>\n\n\n\n<p style=\"font-size:24px\"><strong>Walk-Up-Grundbed\u00fcrfnisse und soziale Dienste<\/strong><br>9.00 \u2013 12.00 Uhr, Montag \u2013 Freitag<\/p>\n\n\n\n<p style=\"font-size:24px\"><strong>Sozialdienste nach Terminvereinbarung<\/strong><br>12:00 \u2013 14:00 Uhr, Montag \u2013 Freitag&nbsp;<\/p>\n\n\n\n<p style=\"font-size:24px\">Samstag und Sonntag geschlossen<\/p>\n<\/div>\n\n\n\n<div class=\"wp-block-column is-layout-flow wp-block-column-is-layout-flow\" style=\"flex-basis:10%\"><\/div>\n<\/div>\n\n\n\n<div style=\"height:25px\" aria-hidden=\"true\" id=\"advocacy\" class=\"wp-block-spacer\"><\/div>\n\n\n\n<div class=\"wp-block-columns alignfull is-layout-flex wp-container-core-columns-is-layout-28f84493 wp-block-columns-is-layout-flex\">\n<div class=\"wp-block-column is-layout-flow wp-block-column-is-layout-flow\" style=\"flex-basis:10%\"><\/div>\n\n\n\n<div class=\"wp-block-column is-layout-flow wp-block-column-is-layout-flow\" style=\"flex-basis:80%\">\n<h2 class=\"wp-block-heading\" style=\"font-size:48px\">Telefon<\/h2>\n\n\n\n<p style=\"font-size:24px\"><strong>Haupts\u00e4chlich:<\/strong> (458) 233-5327<br><strong>Programm zur Arbeitsvermittlung f\u00fcr Obdachlose (HELP):<\/strong> (458) 262-0400<\/p>\n<\/div>\n\n\n\n<div class=\"wp-block-column is-layout-flow wp-block-column-is-layout-flow\" style=\"flex-basis:10%\"><\/div>\n<\/div>\n\n\n\n<div style=\"height:25px\" aria-hidden=\"true\" id=\"community\" class=\"wp-block-spacer\"><\/div>\n\n\n\n<div class=\"wp-block-columns alignfull is-layout-flex wp-container-core-columns-is-layout-28f84493 wp-block-columns-is-layout-flex\">\n<div class=\"wp-block-column is-layout-flow wp-block-column-is-layout-flow\" style=\"flex-basis:10%\"><\/div>\n\n\n\n<div class=\"wp-block-column is-layout-flow wp-block-column-is-layout-flow\" style=\"flex-basis:80%\">\n<h2 class=\"wp-block-heading\" style=\"font-size:48px\">E-Mail<\/h2>\n\n\n\n<p style=\"font-size:24px\"><strong>Allgemein: <a href=\"mailto:info@corvallisddc.com\">info@corvallisddc.com<\/a><\/strong><\/p>\n<\/div>\n\n\n\n<div class=\"wp-block-column is-layout-flow wp-block-column-is-layout-flow\" style=\"flex-basis:10%\"><\/div>\n<\/div>\n\n\n\n<div style=\"height:25px\" aria-hidden=\"true\" id=\"community\" class=\"wp-block-spacer\"><\/div>\n\n\n\n<div class=\"wp-block-columns alignfull is-layout-flex wp-container-core-columns-is-layout-28f84493 wp-block-columns-is-layout-flex\">\n<div class=\"wp-block-column is-layout-flow wp-block-column-is-layout-flow\" style=\"flex-basis:10%\"><\/div>\n\n\n\n<div class=\"wp-block-column is-layout-flow wp-block-column-is-layout-flow\" style=\"flex-basis:80%\">\n<h2 class=\"wp-block-heading\" style=\"font-size:48px\">Postanschrift<\/h2>\n\n\n\n<p style=\"font-size:24px\">Corvallis Tages-Drop-in-Center<br>Postfach 1705<br>Corvallis, Oregon 97339<\/p>\n<\/div>\n\n\n\n<div class=\"wp-block-column is-layout-flow wp-block-column-is-layout-flow\" style=\"flex-basis:10%\"><\/div>\n<\/div>\n\n\n\n<div style=\"height:25px\" aria-hidden=\"true\" id=\"community\" class=\"wp-block-spacer\"><\/div>\n\n\n\n<div class=\"wp-block-columns alignfull is-layout-flex wp-container-core-columns-is-layout-28f84493 wp-block-columns-is-layout-flex\">\n<div class=\"wp-block-column is-layout-flow wp-block-column-is-layout-flow\" style=\"flex-basis:10%\"><\/div>\n\n\n\n<div class=\"wp-block-column is-layout-flow wp-block-column-is-layout-flow\" style=\"flex-basis:80%\">\n<h2 class=\"wp-block-heading\" style=\"font-size:48px\">So finden Sie uns<\/h2>\n\n\n\n<p style=\"font-size:24px\">Corvallis Tages-Drop-in-Center<br>530 SW 4th Stra\u00dfe<br>Corvallis, Oregon 97333<\/p>\n<\/div>\n\n\n\n<div class=\"wp-block-column is-layout-flow wp-block-column-is-layout-flow\" style=\"flex-basis:10%\"><\/div>\n<\/div>","protected":false},"excerpt":{"rendered":"<p>Kontakt Das Drop-in Center befindet sich in der N\u00e4he der Ecke Western Blvd und 4th Street in der Innenstadt von Corvallis, OR. Unser Geb\u00e4ude liegt einen Block s\u00fcdlich des Safeway in der Innenstadt. \u00d6ffnungszeiten Walk-Up-Grundbed\u00fcrfnisse und soziale Dienste9.00 \u2013 12.00 Uhr, Montag \u2013 Freitag Sozialdienste nach Vereinbarung12.00 \u2013 14.00 Uhr, Montag \u2013 Freitag&nbsp;<a class=\"more-link\" href=\"https:\/\/corvallisddc.org\/de\/contact\/\"><span class=\"screen-reader-text\">&quot;Kontakt&quot;<\/span> weiterlesen<\/a><\/p>","protected":false},"author":212331932,"featured_media":0,"parent":0,"menu_order":0,"comment_status":"closed","ping_status":"closed","template":"","meta":{"advanced_seo_description":"","jetpack_seo_html_title":"","jetpack_seo_noindex":false,"footnotes":""},"class_list":["post-130","page","type-page","status-publish","hentry","entry"],"jetpack_likes_enabled":true,"jetpack_sharing_enabled":true,"jetpack_shortlink":"https:\/\/wp.me\/PdkkQs-26","amp_enabled":true,"_links":{"self":[{"href":"https:\/\/corvallisddc.org\/de\/wp-json\/wp\/v2\/pages\/130","targetHints":{"allow":["GET"]}}],"collection":[{"href":"https:\/\/corvallisddc.org\/de\/wp-json\/wp\/v2\/pages"}],"about":[{"href":"https:\/\/corvallisddc.org\/de\/wp-json\/wp\/v2\/types\/page"}],"author":[{"embeddable":true,"href":"https:\/\/corvallisddc.org\/de\/wp-json\/wp\/v2\/users\/212331932"}],"replies":[{"embeddable":true,"href":"https:\/\/corvallisddc.org\/de\/wp-json\/wp\/v2\/comments?post=130"}],"version-history":[{"count":34,"href":"https:\/\/corvallisddc.org\/de\/wp-json\/wp\/v2\/pages\/130\/revisions"}],"predecessor-version":[{"id":1043,"href":"https:\/\/corvallisddc.org\/de\/wp-json\/wp\/v2\/pages\/130\/revisions\/1043"}],"wp:attachment":[{"href":"https:\/\/corvallisddc.org\/de\/wp-json\/wp\/v2\/media?parent=130"}],"curies":[{"name":"wp","href":"https:\/\/api.w.org\/{rel}","templated":true}]}}