{"id":2548,"date":"2024-03-26T13:11:15","date_gmt":"2024-03-26T20:11:15","guid":{"rendered":"https:\/\/corvallisddc.org\/?page_id=2548"},"modified":"2024-12-16T13:37:39","modified_gmt":"2024-12-16T21:37:39","slug":"give-help-2","status":"publish","type":"page","link":"https:\/\/corvallisddc.org\/de\/give-help-2\/","title":{"rendered":"Hilfe anbieten"},"content":{"rendered":"<div data-elementor-type=\"wp-page\" data-elementor-id=\"2548\" class=\"elementor elementor-2548\">\n\t\t\t\t\t\t<section class=\"elementor-section elementor-top-section elementor-element elementor-element-e606547 elementor-section-boxed elementor-section-height-default elementor-section-height-default\" data-id=\"e606547\" data-element_type=\"section\" data-e-type=\"section\">\n\t\t\t\t\t\t<div class=\"elementor-container elementor-column-gap-default\">\n\t\t\t\t\t<div class=\"elementor-column elementor-col-100 elementor-top-column elementor-element elementor-element-f3f1d3b\" data-id=\"f3f1d3b\" data-element_type=\"column\" data-e-type=\"column\">\n\t\t\t<div class=\"elementor-widget-wrap elementor-element-populated\">\n\t\t\t\t\t\t<div class=\"elementor-element elementor-element-eb095b2 elementor-widget elementor-widget-text-editor\" data-id=\"eb095b2\" data-element_type=\"widget\" data-e-type=\"widget\" data-widget_type=\"text-editor.default\">\n\t\t\t\t<div class=\"elementor-widget-container\">\n\t\t\t\t\t\t\t\t\t<div id=\"malwarebytes-root\" style=\"position: fixed; inset: 0px 0px auto; z-index: 2147483647; width: 100%;\" tabindex=\"-1\">\u00a0<\/div><p><span style=\"font-weight: 400; font-size: 22px; font-family: arial, helvetica, sans-serif;\">Ihre F\u00fcrsorge und Ihr Engagement machen f\u00fcr die G\u00e4ste, die wir im Corvallis Daytime Drop-in Center betreuen, den entscheidenden Unterschied!\u00a0<\/span><\/p><p>\u00a0<\/p><p><span style=\"font-weight: 400; font-size: 22px; font-family: arial, helvetica, sans-serif;\">Spenden helfen dem Zentrum dabei, unseren G\u00e4sten individuelle Betreuung und Dienstleistungen zu bieten und gleichzeitig der systemischen Armut und Obdachlosigkeit direkt hier in unserer eigenen Nachbarschaft entgegenzutreten.<\/span><\/p><p>\u00a0<\/p><p><span style=\"font-weight: 400; font-size: 22px; font-family: arial, helvetica, sans-serif;\">Gemeinsam erm\u00f6glichen wir denjenigen in unserer Gemeinschaft, die es am dringendsten ben\u00f6tigen, Zugang zu den Grundbed\u00fcrfnissen, indem wir:<\/span><\/p><ul><li><span style=\"font-weight: 400; font-size: 22px; font-family: arial, helvetica, sans-serif;\">w\u00fcrdige Unterst\u00fctzung und Interessenvertretung leisten, <\/span><\/li><li><span style=\"font-weight: 400; font-size: 22px; font-family: arial, helvetica, sans-serif;\">bietet M\u00f6glichkeiten zum Aufbau von Gemeinschaften und sozialen Netzwerken,<\/span><\/li><li><span style=\"font-weight: 400; font-size: 22px; font-family: arial, helvetica, sans-serif;\">Unterst\u00fctzung des Wohlergehens und der Rehabilitation von Einzelpersonen in Not-, \u00dcbergangs- und andauernden Lebenssituationen.<\/span><\/li><\/ul><p>\u00a0<\/p><p><span style=\"font-weight: 400; font-size: 22px; font-family: arial, helvetica, sans-serif;\">Vielen Dank f\u00fcr Ihre Investition in diese Community. Wir sch\u00e4tzen Sie!<\/span><\/p>\t\t\t\t\t\t\t\t<\/div>\n\t\t\t\t<\/div>\n\t\t\t\t<div class=\"elementor-element elementor-element-d7962a1 elementor-widget elementor-widget-text-editor\" data-id=\"d7962a1\" data-element_type=\"widget\" data-e-type=\"widget\" data-widget_type=\"text-editor.default\">\n\t\t\t\t<div class=\"elementor-widget-container\">\n\t\t\t\t\t\t\t\t\t<h1><span style=\"font-family: arial, helvetica, sans-serif; font-size: 28px;\">M\u00f6glichkeiten zu spenden<\/span><\/h1><p><span style=\"font-family: arial, helvetica, sans-serif; font-size: 24px;\"><strong>Finanziellen Beitrag spenden:<\/strong><\/span><\/p><ul><li><span style=\"font-family: arial, helvetica, sans-serif;\">Senden Sie eine Online-Spende. <a href=\"https:\/\/corvallisddc.org\/de\/donateonline\/\">KLICKEN SIE HIER<\/a> um auf das Online-Spendenformular zuzugreifen, oder greifen Sie darauf zu, indem Sie oben auf der Seite auf die blaue Schaltfl\u00e4che \u201eHIER SPENDEN\u201c klicken.<\/span><\/li><li><span style=\"font-size: 1em; font-family: arial, helvetica, sans-serif;\">Geldspenden per Post. Stellen Sie den Scheck oder die Zahlungsanweisung auf das Corvallis Daytime Drop-in Center aus und schicken Sie ihn an: PO BOX 1705, CORVALLIS, OR 97339\u00a0<\/span><\/li><\/ul><p>\u00a0<\/p><p><span style=\"font-size: 24px; font-family: arial, helvetica, sans-serif;\"><strong>Spenden Sie Waren, Dienstleistungen oder Ihre Zeit.<\/strong><\/span><\/p><ul><li><span style=\"font-size: 20px; font-family: arial, helvetica, sans-serif;\"><strong>Helfen Sie uns ehrenamtlich!<\/strong><\/span><\/li><\/ul><p style=\"padding-left: 40px;\"><span style=\"font-weight: 400; font-family: arial, helvetica, sans-serif;\">Wir sind so dankbar f\u00fcr die Gabe Ihrer Zeit und Ihres K\u00f6nnens.<\/span><\/p><p style=\"padding-left: 40px;\"><span style=\"font-weight: 400; font-family: arial, helvetica, sans-serif;\">Um mehr dar\u00fcber zu erfahren, wie Sie Ihre Zeit ehrenamtlich mitbringen oder Ihre Dienste spenden k\u00f6nnen, kontaktieren Sie bitte Dr. Allison Hobgood per E-Mail unter: <a href=\"mailto:info@corvallisddc.org\">info@corvallisddc.org<\/a> oder telefonisch unter 458-233-5327.\u00a0<\/span><\/p><ul><li><span style=\"font-family: arial, helvetica, sans-serif;\"><strong>Sachgeschenke<\/strong><\/span><\/li><\/ul><p style=\"padding-left: 40px;\"><span style=\"font-weight: 400; font-family: arial, helvetica, sans-serif;\">Wir freuen uns \u00fcber Ihre Spenden von Lebensmitteln, Hygieneartikeln, neuer und gebrauchter Kleidung, Schuhen und anderen Gegenst\u00e4nden.\u00a0<\/span><\/p><p>\u00a0<\/p><p style=\"padding-left: 40px;\"><span style=\"font-family: arial, helvetica, sans-serif;\"><em><span style=\"font-weight: 400;\">***Bitte beachten Sie unsere <a href=\"https:\/\/corvallisddc.org\/de\/current-needs-list\/\"><strong>Liste der aktuellen Anforderungen<\/strong><\/a> um herauszufinden, was unsere G\u00e4ste im Moment am meisten brauchen. <a href=\"https:\/\/corvallisddc.org\/de\/current-needs-list\/\">KLICKEN SIE HIER<\/a> um die Liste anzuzeigen.***<\/span><\/em><\/span><\/p><p style=\"padding-left: 40px;\"><span style=\"font-weight: 400; font-family: arial, helvetica, sans-serif;\">\u00a0<\/span><\/p><p style=\"padding-left: 40px;\"><span style=\"font-weight: 400; font-family: arial, helvetica, sans-serif;\">Artikel k\u00f6nnen per Post oder am physischen Standort des Centers in der 4th Street abgegeben werden, unter <strong>530 SW 4th Street, Corvallis, OR 97333<\/strong>. <\/span><\/p><p style=\"padding-left: 40px;\"><span style=\"font-weight: 400; font-family: arial, helvetica, sans-serif;\">Sachspenden geben Sie bitte ausschlie\u00dflich von Montag bis Freitag in der Zeit von 9.00 bis 12.00 Uhr ab. <\/span><\/p><p style=\"padding-left: 40px;\"><span style=\"font-weight: 400; font-family: arial, helvetica, sans-serif;\">Lassen Sie nach den \u00d6ffnungszeiten keine Spenden im Center zur\u00fcck. Wenn Sie die Abgabe mit dem Center abstimmen m\u00fcssen, senden Sie bitte eine E-Mail an: <a href=\"mailto:info@corvallisddc.org\">info@corvallisddc.org<\/a> oder rufen Sie an: 458-233-5327.\u00a0<\/span><\/p>\t\t\t\t\t\t\t\t<\/div>\n\t\t\t\t<\/div>\n\t\t\t\t\t<\/div>\n\t\t<\/div>\n\t\t\t\t\t<\/div>\n\t\t<\/section>\n\t\t\t\t<\/div>","protected":false},"excerpt":{"rendered":"<p>\u00a0 Ihre Unterst\u00fctzung und Ihr Engagement machen f\u00fcr die G\u00e4ste des Corvallis Daytime Drop-in Centers einen entscheidenden Unterschied! Spenden erm\u00f6glichen es dem Zentrum, unseren G\u00e4sten individuelle Betreuung und Dienstleistungen anzubieten und gleichzeitig systembedingte Armut und Obdachlosigkeit direkt vor unserer Haust\u00fcr zu bek\u00e4mpfen. Gemeinsam schaffen wir Zugang zu grundlegenden Bed\u00fcrfnissen f\u00fcr alle.<a class=\"more-link\" href=\"https:\/\/corvallisddc.org\/de\/give-help-2\/\"><span class=\"screen-reader-text\">\u201cHilfe leisten\u201d<\/span> weiterlesen<\/a><\/p>","protected":false},"author":212331932,"featured_media":0,"parent":0,"menu_order":0,"comment_status":"closed","ping_status":"closed","template":"","meta":{"advanced_seo_description":"","jetpack_seo_html_title":"","jetpack_seo_noindex":false,"footnotes":""},"class_list":["post-2548","page","type-page","status-publish","hentry","entry"],"jetpack_likes_enabled":true,"jetpack_sharing_enabled":true,"jetpack_shortlink":"https:\/\/wp.me\/PdkkQs-F6","amp_enabled":true,"_links":{"self":[{"href":"https:\/\/corvallisddc.org\/de\/wp-json\/wp\/v2\/pages\/2548","targetHints":{"allow":["GET"]}}],"collection":[{"href":"https:\/\/corvallisddc.org\/de\/wp-json\/wp\/v2\/pages"}],"about":[{"href":"https:\/\/corvallisddc.org\/de\/wp-json\/wp\/v2\/types\/page"}],"author":[{"embeddable":true,"href":"https:\/\/corvallisddc.org\/de\/wp-json\/wp\/v2\/users\/212331932"}],"replies":[{"embeddable":true,"href":"https:\/\/corvallisddc.org\/de\/wp-json\/wp\/v2\/comments?post=2548"}],"version-history":[{"count":37,"href":"https:\/\/corvallisddc.org\/de\/wp-json\/wp\/v2\/pages\/2548\/revisions"}],"predecessor-version":[{"id":4180,"href":"https:\/\/corvallisddc.org\/de\/wp-json\/wp\/v2\/pages\/2548\/revisions\/4180"}],"wp:attachment":[{"href":"https:\/\/corvallisddc.org\/de\/wp-json\/wp\/v2\/media?parent=2548"}],"curies":[{"name":"wp","href":"https:\/\/api.w.org\/{rel}","templated":true}]}}