{"id":2591,"date":"2024-03-31T19:18:28","date_gmt":"2024-04-01T02:18:28","guid":{"rendered":"https:\/\/corvallisddc.org\/?page_id=2591"},"modified":"2024-06-30T15:42:58","modified_gmt":"2024-06-30T22:42:58","slug":"current-needs-list","status":"publish","type":"page","link":"https:\/\/corvallisddc.org\/de\/current-needs-list\/","title":{"rendered":"Liste der aktuellen Anforderungen"},"content":{"rendered":"<div data-elementor-type=\"wp-page\" data-elementor-id=\"2591\" class=\"elementor elementor-2591\">\n\t\t\t\t\t\t<section class=\"elementor-section elementor-top-section elementor-element elementor-element-1d4bd5f elementor-section-boxed elementor-section-height-default elementor-section-height-default\" data-id=\"1d4bd5f\" data-element_type=\"section\" data-e-type=\"section\">\n\t\t\t\t\t\t<div class=\"elementor-container elementor-column-gap-default\">\n\t\t\t\t\t<div class=\"elementor-column elementor-col-100 elementor-top-column elementor-element elementor-element-a8b494c\" data-id=\"a8b494c\" data-element_type=\"column\" data-e-type=\"column\">\n\t\t\t<div class=\"elementor-widget-wrap elementor-element-populated\">\n\t\t\t\t\t\t<div class=\"elementor-element elementor-element-a3c9a91 elementor-widget elementor-widget-text-editor\" data-id=\"a3c9a91\" data-element_type=\"widget\" data-e-type=\"widget\" data-widget_type=\"text-editor.default\">\n\t\t\t\t<div class=\"elementor-widget-container\">\n\t\t\t\t\t\t\t\t\t<p><span style=\"font-weight: 400; font-family: arial, helvetica, sans-serif;\">Die Bed\u00fcrfnisse unserer G\u00e4ste \u00e4ndern sich mit den Jahreszeiten und den Umweltbedingungen. Ber\u00fccksichtigen Sie dies, wenn Sie \u00fcber Spenden nachdenken. Wir tun unser Bestes, um diese Liste aktuell und auf dem neuesten Stand zu halten. Da wir jedoch nur \u00fcber begrenzten Lagerraum verf\u00fcgen, ben\u00f6tigen wir Ihre Hilfe, um sicherzustellen, dass die erhaltenen Spenden f\u00fcr die <em>aktuell<\/em> Bed\u00fcrfnisse unserer G\u00e4ste.<\/span><\/p><p>\u00a0<\/p><p><span style=\"font-weight: 400; font-family: arial, helvetica, sans-serif;\">Bitte denken Sie dar\u00fcber nach, neue und gebrauchte Artikel aus unserer Liste unten zu spenden.<\/span><\/p><p><span style=\"font-weight: 400; font-family: arial, helvetica, sans-serif;\">Beachten Sie auch, dass wir aus Sicherheits- und Hygienegr\u00fcnden NUR brandneue (verpackte) Unterw\u00e4sche akzeptieren.<\/span><\/p><p>\u00a0<\/p><p><span style=\"font-weight: 400; font-family: arial, helvetica, sans-serif;\">Sie k\u00f6nnen das Center gerne telefonisch unter 458-233-5327 oder per E-Mail kontaktieren. <a href=\"mailto:info@corvallisddc.org\">info@corvallisddc.org<\/a>\u00a0 wenn Sie Fragen haben oder Gegenst\u00e4nde spenden m\u00f6chten, die nicht auf dieser Liste stehen.<\/span><\/p><p>\u00a0<\/p><p><span style=\"font-weight: 400; font-family: arial, helvetica, sans-serif;\">Vielen Dank f\u00fcr Ihre gro\u00dfz\u00fcgige und anhaltende Unterst\u00fctzung!<\/span><\/p><p>\u00a0<\/p><p><strong><span style=\"font-family: arial, helvetica, sans-serif; font-size: 22px;\">Am dringendsten ben\u00f6tigte Artikel<\/span><\/strong><\/p><ul><li><span style=\"font-weight: 400; font-family: arial, helvetica, sans-serif;\">XXL Sweatshirts und Hoodies (feminin, maskulin und geschlechtsneutral)<\/span><\/li><li><span style=\"font-weight: 400; font-family: arial, helvetica, sans-serif;\">Hosen (maskuline Styles)<\/span><\/li><li><span style=\"font-weight: 400; font-family: arial, helvetica, sans-serif;\">Unterw\u00e4sche (weiblich, m\u00e4nnlich und geschlechtsneutral)<\/span><\/li><li><span style=\"font-weight: 400; font-family: arial, helvetica, sans-serif;\">Socken (alle Gr\u00f6\u00dfen)<\/span><\/li><li><span style=\"font-weight: 400; font-family: arial, helvetica, sans-serif;\">Hygieneartikel (Reisegr\u00f6\u00dfe und versiegelt)<\/span><\/li><li><span style=\"font-weight: 400; font-family: arial, helvetica, sans-serif;\">Einweg-Menstruationsprodukte<\/span><\/li><li><span style=\"font-weight: 400; font-family: arial, helvetica, sans-serif;\">Ponchos <\/span><\/li><li><span style=\"font-weight: 400; font-family: arial, helvetica, sans-serif;\">Regenbekleidung<\/span><\/li><li><span style=\"font-weight: 400; font-family: arial, helvetica, sans-serif;\">Zelte<\/span><\/li><li><span style=\"font-weight: 400; font-family: arial, helvetica, sans-serif;\">Schlafs\u00e4cke<\/span><\/li><li><span style=\"font-weight: 400; font-family: arial, helvetica, sans-serif;\">Rucks\u00e4cke<\/span><\/li><li><span style=\"font-weight: 400; font-family: arial, helvetica, sans-serif;\">Planen<\/span><\/li><li><span style=\"font-weight: 400; font-family: arial, helvetica, sans-serif;\">Sandwichbrot<\/span><\/li><li><span style=\"font-weight: 400; font-family: arial, helvetica, sans-serif;\">Obst<\/span><\/li><li><span style=\"font-weight: 400; font-family: arial, helvetica, sans-serif;\">Sandwichbeutel<\/span><\/li><li><span style=\"font-weight: 400; font-family: arial, helvetica, sans-serif;\">Kleine wiederverschlie\u00dfbare Beutel<\/span><\/li><\/ul>\t\t\t\t\t\t\t\t<\/div>\n\t\t\t\t<\/div>\n\t\t\t\t\t<\/div>\n\t\t<\/div>\n\t\t\t\t\t<\/div>\n\t\t<\/section>\n\t\t\t\t<\/div>","protected":false},"excerpt":{"rendered":"<p>Die Bed\u00fcrfnisse unserer G\u00e4ste \u00e4ndern sich mit den Jahreszeiten und den jeweiligen Umweltbedingungen. Bitte ber\u00fccksichtigen Sie dies bei der Auswahl Ihrer Spenden. Wir bem\u00fchen uns, die Liste stets aktuell zu halten. Da unser Lagerplatz jedoch begrenzt ist, ben\u00f6tigen wir Ihre Unterst\u00fctzung, um sicherzustellen, dass die Spenden den aktuellen Bed\u00fcrfnissen unserer G\u00e4ste entsprechen. \u00a0<a class=\"more-link\" href=\"https:\/\/corvallisddc.org\/de\/current-needs-list\/\"><span class=\"screen-reader-text\">\u201cAktuelle Bedarfsliste\u201d<\/span> weiterlesen<\/a><\/p>","protected":false},"author":212331932,"featured_media":0,"parent":0,"menu_order":0,"comment_status":"closed","ping_status":"closed","template":"","meta":{"advanced_seo_description":"","jetpack_seo_html_title":"","jetpack_seo_noindex":false,"footnotes":""},"class_list":["post-2591","page","type-page","status-publish","hentry","entry"],"jetpack_likes_enabled":true,"jetpack_sharing_enabled":true,"jetpack_shortlink":"https:\/\/wp.me\/PdkkQs-FN","amp_enabled":true,"_links":{"self":[{"href":"https:\/\/corvallisddc.org\/de\/wp-json\/wp\/v2\/pages\/2591","targetHints":{"allow":["GET"]}}],"collection":[{"href":"https:\/\/corvallisddc.org\/de\/wp-json\/wp\/v2\/pages"}],"about":[{"href":"https:\/\/corvallisddc.org\/de\/wp-json\/wp\/v2\/types\/page"}],"author":[{"embeddable":true,"href":"https:\/\/corvallisddc.org\/de\/wp-json\/wp\/v2\/users\/212331932"}],"replies":[{"embeddable":true,"href":"https:\/\/corvallisddc.org\/de\/wp-json\/wp\/v2\/comments?post=2591"}],"version-history":[{"count":22,"href":"https:\/\/corvallisddc.org\/de\/wp-json\/wp\/v2\/pages\/2591\/revisions"}],"predecessor-version":[{"id":2816,"href":"https:\/\/corvallisddc.org\/de\/wp-json\/wp\/v2\/pages\/2591\/revisions\/2816"}],"wp:attachment":[{"href":"https:\/\/corvallisddc.org\/de\/wp-json\/wp\/v2\/media?parent=2591"}],"curies":[{"name":"wp","href":"https:\/\/api.w.org\/{rel}","templated":true}]}}