{"id":2737,"date":"2024-06-17T16:12:27","date_gmt":"2024-06-17T23:12:27","guid":{"rendered":"https:\/\/corvallisddc.org\/?page_id=2737"},"modified":"2024-06-30T19:44:12","modified_gmt":"2024-07-01T02:44:12","slug":"local","status":"publish","type":"page","link":"https:\/\/corvallisddc.org\/de\/local\/","title":{"rendered":"Lokale Helden"},"content":{"rendered":"<div data-elementor-type=\"wp-page\" data-elementor-id=\"2737\" class=\"elementor elementor-2737\">\n\t\t\t\t\t\t<section class=\"elementor-section elementor-top-section elementor-element elementor-element-f3e8116 elementor-section-boxed elementor-section-height-default elementor-section-height-default\" data-id=\"f3e8116\" data-element_type=\"section\" data-e-type=\"section\">\n\t\t\t\t\t\t<div class=\"elementor-container elementor-column-gap-default\">\n\t\t\t\t\t<div class=\"elementor-column elementor-col-100 elementor-top-column elementor-element elementor-element-d1c7827\" data-id=\"d1c7827\" data-element_type=\"column\" data-e-type=\"column\">\n\t\t\t<div class=\"elementor-widget-wrap elementor-element-populated\">\n\t\t\t\t\t\t<div class=\"elementor-element elementor-element-9211047 elementor-widget__width-auto elementor-widget elementor-widget-text-editor\" data-id=\"9211047\" data-element_type=\"widget\" data-e-type=\"widget\" data-widget_type=\"text-editor.default\">\n\t\t\t\t<div class=\"elementor-widget-container\">\n\t\t\t\t\t\t\t\t\t<p><span style=\"font-size: 22px;\"><span style=\"font-weight: 400;\">Jeder<\/span><span style=\"font-weight: 400;\">Was wir tun, ist jeder einzelne Tag bei CDDC nur dank der f\u00fcrsorglichen Unterst\u00fctzer, Freiwilligen und Spender in unserer Gemeinde m\u00f6glich. Wir sind diesen Personen und Organisationen gegen\u00fcber immer wieder von \u00fcberw\u00e4ltigender Dankbarkeit erf\u00fcllt! <\/span><\/span><\/p><p>\u00a0<\/p><p><span style=\"font-weight: 400; font-size: 22px;\">Dar\u00fcber hinaus sind wir au\u00dferordentlich dankbar f\u00fcr die Anerkennung unserer Partner vor Ort, die auf ihre ganz eigene Art und Weise alles daran setzen, die Bed\u00fcrfnisse unserer G\u00e4ste und unseres Zentrums zu erf\u00fcllen.<\/span><\/p><p>\u00a0<\/p><p><span style=\"font-size: 22px;\"><strong>Schauen Sie sich die wachsende Liste unserer LOKALEN HELDEN an <\/strong>(Klicken Sie auf den roten Text, um die Websites der Partner zu besuchen.)<\/span><\/p><p>\u00a0<\/p><p><span style=\"font-size: 22px;\"><strong>Gruppen, Unternehmen, Organisationen <\/strong>(in alphabetischer Reihenfolge):<\/span><\/p><ul><li><span style=\"font-size: 22px;\"><a href=\"https:\/\/www.allanscoffee.com\/\">Allans Kaffee &amp; Tee<\/a><\/span><\/li><\/ul><ul><li><span style=\"font-weight: 400; font-size: 22px;\">Buddhisten antwortende Gruppe<\/span><\/li><\/ul><p><span style=\"font-size: 22px;\">\u00a0 \u00a0 \u00a0Libby, Barry und Freunde<\/span><\/p><ul><li><span style=\"font-size: 22px;\">Freiwillige Mitarbeiter des CDDC Outreach<\/span><\/li><\/ul><ul><li><span style=\"font-size: 22px;\"><a href=\"https:\/\/www.commonfieldscorvallis.com\/\"><span style=\"font-weight: 400;\">Gemeinsame Felder<\/span><\/a><\/span><\/li><\/ul><p><span style=\"font-size: 22px;\">\u00a0 \u00a0 \u00a0Jacob Oliver<\/span><\/p><ul><li><span style=\"font-size: 22px;\"><a href=\"https:\/\/firstalt.coop\/\"><span style=\"font-weight: 400;\">Corvallis erste alternative Genossenschaft f\u00fcr Naturkost<\/span><\/a><\/span><\/li><\/ul><p><span style=\"font-size: 22px;\">\u00a0 \u00a0 \u00a0Donna Tarasawa<\/span><\/p><ul><li><span style=\"font-size: 22px;\"><a href=\"https:\/\/dbdzwebsite.wixsite.com\/deathbydonutz\"><span style=\"font-weight: 400;\">Tod durch Donutz<\/span><\/a><\/span><\/li><\/ul><p><span style=\"font-size: 22px;\">\u00a0 \u00a0 \u00a0Sierra und Dave<\/span><\/p><ul><li><span style=\"font-weight: 400; font-size: 22px;\"><a href=\"http:\/\/www.thegatheringcorvallis.org\/\">Die Versammlungskirche-Corvallis<\/a> \u00a0 \u00a0<\/span><\/li><\/ul><p><span style=\"font-size: 22px;\">\u00a0 \u00a0 \u00a0Jennifer und Bob Headrick<\/span><\/p><ul><li><span style=\"font-size: 22px;\"><a href=\"http:\/\/www.Samhealth.org\"><span style=\"font-weight: 400;\">Krankenhaus des guten Samariters<\/span><\/a><\/span><\/li><li><a href=\"https:\/\/marshallsuniquetreats.bigcartel.com\/\"><span style=\"font-size: 22px;\">Marshalls einzigartige Leckereien von Talisa<\/span><\/a><\/li><li><a href=\"https:\/\/www.northstaroregon.com\/\"><span style=\"font-size: 22px;\">Nordstern Oregon<\/span><\/a><\/li><\/ul><ul><li><a href=\"https:\/\/clubs.oregonstate.edu\/\"><span style=\"font-size: 22px;\">Oregon State University Studentengruppen, Clubs, Praktikanten<\/span><\/a><\/li><\/ul><ul><li><span style=\"font-size: 22px;\"><a href=\"https:\/\/www.panerabread.com\/en-us\/cafe\/locations\/or\/corvallis\/335-nw-4th-st\">Panera-Corvallis<\/a><\/span><\/li><\/ul><ul><li><span style=\"font-weight: 400; font-size: 22px;\">Peace Lutheran Rucksack-Ministerium<\/span><\/li><\/ul><p><span style=\"font-size: 22px;\">\u00a0 \u00a0 \u00a0Diane Crocker<\/span><\/p><ul><li><span style=\"font-size: 22px;\"><a href=\"http:\/\/www.samsstation.com\"><span style=\"font-weight: 400;\">Sams Station<\/span><\/a><\/span><\/li><\/ul><p><span style=\"font-size: 22px;\">\u00a0 \u00a0 \u00a0Sam und Mitarbeiter<\/span><\/p><ul><li><span style=\"font-size: 22px;\"><a href=\"https:\/\/locations.traderjoes.com\/or\/corvallis\/154\/\"><span style=\"font-weight: 400;\">Trader Joe\u2019s \u2013 Corvallis<\/span><\/a><\/span><\/li><\/ul><p><span style=\"font-size: 22px;\">\u00a0 \u00a0 \u00a0Steve Chovanec<\/span><\/p><p><span style=\"font-size: 22px;\"><strong>Einzelne Helden:<\/strong><\/span><\/p><ul><li><span style=\"font-weight: 400; font-size: 22px;\">Alan Holcombe<\/span><\/li><li><span style=\"font-size: 22px;\">Ph\u00f6nix<\/span><\/li><li><span style=\"font-weight: 400; font-size: 22px;\">Harry Reich\u00a0<\/span><\/li><li><span style=\"font-size: 22px;\">Ben Slothower, L &amp; S Builders<\/span><\/li><\/ul>\t\t\t\t\t\t\t\t<\/div>\n\t\t\t\t<\/div>\n\t\t\t\t\t<\/div>\n\t\t<\/div>\n\t\t\t\t\t<\/div>\n\t\t<\/section>\n\t\t\t\t<\/div>","protected":false},"excerpt":{"rendered":"<p>Alles, was wir jeden Tag bei CDDC tun, ist nur dank der engagierten Unterst\u00fctzer, Freiwilligen und Spender in unserer Gemeinde m\u00f6glich. Wir sind diesen Einzelpersonen und Organisationen gegen\u00fcber immer wieder von \u00fcberw\u00e4ltigender Dankbarkeit erf\u00fcllt! Wir sind auch au\u00dferordentlich dankbar f\u00fcr die lokalen Partner, die alles daran setzen, die Bed\u00fcrfnisse unserer<a class=\"more-link\" href=\"https:\/\/corvallisddc.org\/de\/local\/\"><span class=\"screen-reader-text\">\u201eLokale Helden\u201c<\/span> weiterlesen<\/a><\/p>","protected":false},"author":212331932,"featured_media":0,"parent":0,"menu_order":0,"comment_status":"closed","ping_status":"closed","template":"","meta":{"advanced_seo_description":"","jetpack_seo_html_title":"","jetpack_seo_noindex":false,"footnotes":""},"class_list":["post-2737","page","type-page","status-publish","hentry","entry"],"jetpack_likes_enabled":true,"jetpack_sharing_enabled":true,"jetpack_shortlink":"https:\/\/wp.me\/PdkkQs-I9","amp_enabled":true,"_links":{"self":[{"href":"https:\/\/corvallisddc.org\/de\/wp-json\/wp\/v2\/pages\/2737","targetHints":{"allow":["GET"]}}],"collection":[{"href":"https:\/\/corvallisddc.org\/de\/wp-json\/wp\/v2\/pages"}],"about":[{"href":"https:\/\/corvallisddc.org\/de\/wp-json\/wp\/v2\/types\/page"}],"author":[{"embeddable":true,"href":"https:\/\/corvallisddc.org\/de\/wp-json\/wp\/v2\/users\/212331932"}],"replies":[{"embeddable":true,"href":"https:\/\/corvallisddc.org\/de\/wp-json\/wp\/v2\/comments?post=2737"}],"version-history":[{"count":55,"href":"https:\/\/corvallisddc.org\/de\/wp-json\/wp\/v2\/pages\/2737\/revisions"}],"predecessor-version":[{"id":2867,"href":"https:\/\/corvallisddc.org\/de\/wp-json\/wp\/v2\/pages\/2737\/revisions\/2867"}],"wp:attachment":[{"href":"https:\/\/corvallisddc.org\/de\/wp-json\/wp\/v2\/media?parent=2737"}],"curies":[{"name":"wp","href":"https:\/\/api.w.org\/{rel}","templated":true}]}}