{"id":3350,"date":"2024-08-30T11:52:55","date_gmt":"2024-08-30T18:52:55","guid":{"rendered":"https:\/\/corvallisddc.org\/?page_id=3350"},"modified":"2024-12-16T13:34:41","modified_gmt":"2024-12-16T21:34:41","slug":"join-the-vibe-making-dreams-come-true","status":"publish","type":"page","link":"https:\/\/corvallisddc.org\/de\/join-the-vibe-making-dreams-come-true\/","title":{"rendered":"Machen Sie mit bei VIBE! Tr\u00e4ume werden wahr!"},"content":{"rendered":"<div data-elementor-type=\"wp-page\" data-elementor-id=\"3350\" class=\"elementor elementor-3350\">\n\t\t\t\t\t\t<section class=\"elementor-section elementor-top-section elementor-element elementor-element-c76cf94 elementor-section-boxed elementor-section-height-default elementor-section-height-default\" data-id=\"c76cf94\" data-element_type=\"section\" data-e-type=\"section\">\n\t\t\t\t\t\t<div class=\"elementor-container elementor-column-gap-default\">\n\t\t\t\t\t<div class=\"elementor-column elementor-col-100 elementor-top-column elementor-element elementor-element-b492b5a\" data-id=\"b492b5a\" data-element_type=\"column\" data-e-type=\"column\">\n\t\t\t<div class=\"elementor-widget-wrap elementor-element-populated\">\n\t\t\t\t\t\t<div class=\"elementor-element elementor-element-2aa7b81 elementor-widget elementor-widget-text-editor\" data-id=\"2aa7b81\" data-element_type=\"widget\" data-e-type=\"widget\" data-widget_type=\"text-editor.default\">\n\t\t\t\t<div class=\"elementor-widget-container\">\n\t\t\t\t\t\t\t\t\t<h1 style=\"text-align: center;\"><span style=\"color: #0000ff; font-family: arial, helvetica, sans-serif;\">Willkommen im \u201e<em>Neues Zuhause<\/em>&quot; STIMMUNG!<\/span><\/h1><h1><span style=\"color: #0000ff; font-family: arial, helvetica, sans-serif;\"><img fetchpriority=\"high\" decoding=\"async\" data-attachment-id=\"3308\" data-permalink=\"https:\/\/corvallisddc.org\/de\/paintingswguitar-cddc\/\" data-orig-file=\"https:\/\/i0.wp.com\/corvallisddc.org\/wp-content\/uploads\/2024\/08\/paintingswguitar-cddc.jpg?fit=3846%2C5109&amp;ssl=1\" data-orig-size=\"3846,5109\" data-comments-opened=\"1\" data-image-meta=\"{&quot;aperture&quot;:&quot;3.5&quot;,&quot;credit&quot;:&quot;&quot;,&quot;camera&quot;:&quot;NIKON D3500&quot;,&quot;caption&quot;:&quot;&quot;,&quot;created_timestamp&quot;:&quot;1715169460&quot;,&quot;copyright&quot;:&quot;&quot;,&quot;focal_length&quot;:&quot;18&quot;,&quot;iso&quot;:&quot;160&quot;,&quot;shutter_speed&quot;:&quot;0.033333333333333&quot;,&quot;title&quot;:&quot;&quot;,&quot;orientation&quot;:&quot;0&quot;}\" data-image-title=\"paintingswguitar-cddc\" data-image-description=\"&lt;p&gt;Two acrylic paintings on large canvases, multi bright colors, hanging above a black couch with a guitar resting on it.&lt;\/p&gt;\" data-image-caption=\"\" data-large-file=\"https:\/\/i0.wp.com\/corvallisddc.org\/wp-content\/uploads\/2024\/08\/paintingswguitar-cddc.jpg?fit=750%2C996&amp;ssl=1\" data-recalc-dims=\"1\" id=\"longdesc-return-3308\" class=\"wp-image-3308 alignleft\" tabindex=\"-1\" src=\"https:\/\/i0.wp.com\/corvallisddc.org\/wp-content\/uploads\/2024\/08\/paintingswguitar-cddc.jpg?resize=300%2C399&#038;ssl=1\" alt=\"Two acrylic paintings on large canvases, multi bright colors, hanging above a black couch with a guitar resting on it.\" width=\"300\" height=\"399\" longdesc=\"https:\/\/corvallisddc.org\/?longdesc=3308&amp;referrer=0\" srcset=\"https:\/\/i0.wp.com\/corvallisddc.org\/wp-content\/uploads\/2024\/08\/paintingswguitar-cddc.jpg?w=3846&amp;ssl=1 3846w, https:\/\/i0.wp.com\/corvallisddc.org\/wp-content\/uploads\/2024\/08\/paintingswguitar-cddc.jpg?resize=226%2C300&amp;ssl=1 226w, https:\/\/i0.wp.com\/corvallisddc.org\/wp-content\/uploads\/2024\/08\/paintingswguitar-cddc.jpg?resize=771%2C1024&amp;ssl=1 771w, https:\/\/i0.wp.com\/corvallisddc.org\/wp-content\/uploads\/2024\/08\/paintingswguitar-cddc.jpg?resize=113%2C150&amp;ssl=1 113w, https:\/\/i0.wp.com\/corvallisddc.org\/wp-content\/uploads\/2024\/08\/paintingswguitar-cddc.jpg?resize=768%2C1020&amp;ssl=1 768w, https:\/\/i0.wp.com\/corvallisddc.org\/wp-content\/uploads\/2024\/08\/paintingswguitar-cddc.jpg?resize=1156%2C1536&amp;ssl=1 1156w, https:\/\/i0.wp.com\/corvallisddc.org\/wp-content\/uploads\/2024\/08\/paintingswguitar-cddc.jpg?resize=1542%2C2048&amp;ssl=1 1542w, https:\/\/i0.wp.com\/corvallisddc.org\/wp-content\/uploads\/2024\/08\/paintingswguitar-cddc.jpg?resize=9%2C12&amp;ssl=1 9w, https:\/\/i0.wp.com\/corvallisddc.org\/wp-content\/uploads\/2024\/08\/paintingswguitar-cddc.jpg?resize=1568%2C2083&amp;ssl=1 1568w, https:\/\/i0.wp.com\/corvallisddc.org\/wp-content\/uploads\/2024\/08\/paintingswguitar-cddc.jpg?w=2250&amp;ssl=1 2250w\" sizes=\"(max-width: 300px) 100vw, 300px\" \/><\/span><\/h1><p style=\"text-align: left;\"><span style=\"color: #000000;\">Erleben Sie mit uns die Atmosph\u00e4re, die im gesamten Center und dar\u00fcber hinaus pulsiert. Die Aufregung w\u00e4chst, w\u00e4hrend wir dabei voranschreiten, unser dauerhaftes Zuhause zu sichern und die Tr\u00e4ume unserer G\u00e4ste Wirklichkeit werden zu lassen!<\/span><\/p><p>\u00a0<\/p><p style=\"text-align: left;\"><span style=\"color: #000000;\">Auf dieser Seite ver\u00f6ffentlichen wir Updates, w\u00e4hrend sich die rosige Zukunft abzeichnet, und stellen unser neues Resiliency Navigation Dream Center vor, in dem wir die von uns derzeit bereitgestellten Dienste sowie wichtige Verbesserungen erweitern k\u00f6nnen.<\/span><\/p><p>\u00a0<\/p><p><span style=\"font-size: 22px;\"><strong><a href=\"https:\/\/corvallisddc.org\/de\/capital-campaign-for-the-navigation-resilience-dream-center\/\">KLICKEN SIE HIER<\/a> <span style=\"color: #0000ff;\">um f\u00fcr die Kapitalkampagne zu spenden!<\/span><\/strong><\/span><\/p><p>\u00a0<\/p><p style=\"text-align: left;\"><a href=\"https:\/\/corvallisddc.org\/de\/join-the-vibe-making-dreams-come-true\/summer-2024-newsletter\/\">KLICKEN SIE HIER<\/a> <span style=\"color: #000000;\">um den Newsletter zu lesen, den wir im Juni mit unseren Freunden und Spendern verschickt haben, um unsere au\u00dfergew\u00f6hnlichen Neuigkeiten bekannt zu geben.<\/span><\/p><p style=\"text-align: left;\"><span style=\"color: #000000;\"><img decoding=\"async\" data-attachment-id=\"3306\" data-permalink=\"https:\/\/corvallisddc.org\/de\/noticesign-painting-cddc\/\" data-orig-file=\"https:\/\/i0.wp.com\/corvallisddc.org\/wp-content\/uploads\/2024\/08\/Noticesign-painting-cddc-e1733125042452.jpg?fit=4674%2C3248&amp;ssl=1\" data-orig-size=\"4674,3248\" data-comments-opened=\"1\" data-image-meta=\"{&quot;aperture&quot;:&quot;4.5&quot;,&quot;credit&quot;:&quot;&quot;,&quot;camera&quot;:&quot;NIKON D3500&quot;,&quot;caption&quot;:&quot;&quot;,&quot;created_timestamp&quot;:&quot;1715169369&quot;,&quot;copyright&quot;:&quot;&quot;,&quot;focal_length&quot;:&quot;35&quot;,&quot;iso&quot;:&quot;1400&quot;,&quot;shutter_speed&quot;:&quot;0.016666666666667&quot;,&quot;title&quot;:&quot;&quot;,&quot;orientation&quot;:&quot;0&quot;}\" data-image-title=\"Noticesign-painting-cddc\" data-image-description=\"&lt;p&gt;Acrylic on canvas, a notice sign that pets are welcome but people need to be on leashes!&lt;\/p&gt;\" data-image-caption=\"\" data-large-file=\"https:\/\/i0.wp.com\/corvallisddc.org\/wp-content\/uploads\/2024\/08\/Noticesign-painting-cddc-e1733125042452.jpg?fit=750%2C521&amp;ssl=1\" data-recalc-dims=\"1\" id=\"longdesc-return-3306\" class=\"alignright wp-image-3306 size-medium\" tabindex=\"-1\" src=\"https:\/\/i0.wp.com\/corvallisddc.org\/wp-content\/uploads\/2024\/08\/Noticesign-painting-cddc-e1725042637696-300x144.jpg?resize=300%2C144&#038;ssl=1\" alt=\"Colorful painting of small dogs, paw prints, acrylic on canvas, a &quot;Notice&quot; sign: Pets allowed. Children and adults must be leashed at all times! Artwork by CDDC guest.\" width=\"300\" height=\"144\" longdesc=\"https:\/\/corvallisddc.org?longdesc=3306&amp;referrer=0\" \/><\/span><\/p><p>\u00a0<\/p><p style=\"text-align: left;\"><span style=\"color: #0000ff; font-size: 22px;\"><span style=\"font-size: 24px;\">Wussten Sie, dass das CDDC hier f\u00fchrend ist? <em><strong>auf nationaler Ebene<\/strong><\/em>, und unseren am st\u00e4rksten ausgegrenzten Freunden und Nachbarn umfassende Dienste anzubieten?<\/span> <\/span><\/p><p>\u00a0<\/p><p style=\"text-align: left;\"><span style=\"color: #000000; font-size: 20px;\">Wir sind bereit, eine Vorreiterrolle zu \u00fcbernehmen und unsere Bem\u00fchungen auszuweiten, unseren von Obdachlosigkeit betroffenen Mitmenschen ein robusteres, niedrigschwelliges Anlauf- und Orientierungszentrum zur Verf\u00fcgung zu stellen. <\/span><\/p><p>\u00a0<\/p><p style=\"text-align: left;\"><span style=\"font-size: 22px;\"><strong><span style=\"color: #0000ff;\">Mit der Hilfe unserer gesch\u00e4tzten Unterst\u00fctzer werden wir diesen Traum bis Dezember 2024 Wirklichkeit werden lassen!<\/span><\/strong><\/span><\/p>\t\t\t\t\t\t\t\t<\/div>\n\t\t\t\t<\/div>\n\t\t\t\t\t<\/div>\n\t\t<\/div>\n\t\t\t\t\t<\/div>\n\t\t<\/section>\n\t\t\t\t<\/div>","protected":false},"excerpt":{"rendered":"<p>Willkommen im \u201cNeuen Zuhause\u201d! Sp\u00fcren Sie die positive Energie, die das gesamte Zentrum und dar\u00fcber hinaus erfasst. Die Vorfreude w\u00e4chst, w\u00e4hrend wir unserem endg\u00fcltigen Standort immer n\u00e4her kommen und die Tr\u00e4ume unserer G\u00e4ste wahr werden lassen! Auf dieser Seite halten wir Sie \u00fcber die neuesten Entwicklungen auf dem Laufenden, sobald sich unser neues Zuhause offenbart.<a class=\"more-link\" href=\"https:\/\/corvallisddc.org\/de\/join-the-vibe-making-dreams-come-true\/\"><span class=\"screen-reader-text\">\u201cSchlie\u00df dich dem VIBE an! Wir lassen Tr\u00e4ume wahr werden!\u201d<\/span> weiterlesen<\/a><\/p>","protected":false},"author":212331932,"featured_media":0,"parent":0,"menu_order":0,"comment_status":"closed","ping_status":"closed","template":"","meta":{"advanced_seo_description":"","jetpack_seo_html_title":"","jetpack_seo_noindex":false,"footnotes":""},"class_list":["post-3350","page","type-page","status-publish","hentry","entry"],"jetpack_likes_enabled":true,"jetpack_sharing_enabled":true,"jetpack_shortlink":"https:\/\/wp.me\/PdkkQs-S2","amp_enabled":true,"_links":{"self":[{"href":"https:\/\/corvallisddc.org\/de\/wp-json\/wp\/v2\/pages\/3350","targetHints":{"allow":["GET"]}}],"collection":[{"href":"https:\/\/corvallisddc.org\/de\/wp-json\/wp\/v2\/pages"}],"about":[{"href":"https:\/\/corvallisddc.org\/de\/wp-json\/wp\/v2\/types\/page"}],"author":[{"embeddable":true,"href":"https:\/\/corvallisddc.org\/de\/wp-json\/wp\/v2\/users\/212331932"}],"replies":[{"embeddable":true,"href":"https:\/\/corvallisddc.org\/de\/wp-json\/wp\/v2\/comments?post=3350"}],"version-history":[{"count":61,"href":"https:\/\/corvallisddc.org\/de\/wp-json\/wp\/v2\/pages\/3350\/revisions"}],"predecessor-version":[{"id":4994,"href":"https:\/\/corvallisddc.org\/de\/wp-json\/wp\/v2\/pages\/3350\/revisions\/4994"}],"wp:attachment":[{"href":"https:\/\/corvallisddc.org\/de\/wp-json\/wp\/v2\/media?parent=3350"}],"curies":[{"name":"wp","href":"https:\/\/api.w.org\/{rel}","templated":true}]}}