{"id":4162,"date":"2024-12-16T13:26:20","date_gmt":"2024-12-16T21:26:20","guid":{"rendered":"https:\/\/corvallisddc.org\/?page_id=4162"},"modified":"2024-12-16T14:13:38","modified_gmt":"2024-12-16T22:13:38","slug":"capital-campaign-for-the-navigation-resilience-dream-center","status":"publish","type":"page","link":"https:\/\/corvallisddc.org\/de\/capital-campaign-for-the-navigation-resilience-dream-center\/","title":{"rendered":"Kapitalkampagne f\u00fcr die Spendenseite des Navigation &amp; Resilience Dream Center"},"content":{"rendered":"<div data-elementor-type=\"wp-page\" data-elementor-id=\"4162\" class=\"elementor elementor-4162\">\n\t\t\t\t\t\t<section class=\"elementor-section elementor-top-section elementor-element elementor-element-a5694fd elementor-section-boxed elementor-section-height-default elementor-section-height-default\" data-id=\"a5694fd\" data-element_type=\"section\" data-e-type=\"section\">\n\t\t\t\t\t\t<div class=\"elementor-container elementor-column-gap-default\">\n\t\t\t\t\t<div class=\"elementor-column elementor-col-100 elementor-top-column elementor-element elementor-element-21728d8\" data-id=\"21728d8\" data-element_type=\"column\" data-e-type=\"column\">\n\t\t\t<div class=\"elementor-widget-wrap elementor-element-populated\">\n\t\t\t\t\t\t<div class=\"elementor-element elementor-element-49af794 elementor-widget elementor-widget-text-editor\" data-id=\"49af794\" data-element_type=\"widget\" data-e-type=\"widget\" data-widget_type=\"text-editor.default\">\n\t\t\t\t<div class=\"elementor-widget-container\">\n\t\t\t\t\t\t\t\t\t<h2 style=\"text-align: center;\"><span style=\"font-family: arial, helvetica, sans-serif; color: #0000ff;\"><b>Seien Sie Teil von etwas AUSSERGEW\u00d6HNLICHEM!<\/b><\/span><\/h2><p>\u00a0<\/p><p><span style=\"font-weight: 400;\">Mit Ihrer Unterst\u00fctzung k\u00f6nnen wir die derzeit notwendigen Ressourcen und Schutzr\u00e4ume f\u00fcr Menschen, die von Armut betroffen sind, erfolgreich erweitern, indem wir unser neues Zuhause sichern. Gemeinsam k\u00f6nnen wir einen bedeutenden Einfluss aus\u00fcben und unsere Gemeinschaft st\u00e4rken! Wir laden Sie ein, sich uns anzuschlie\u00dfen, um diesen Wunsch in die Tat umzusetzen!<\/span><\/p><p>\u00a0<\/p><p><span style=\"font-weight: 400;\">Stellen Sie sich vor: Wenn die H\u00e4lfte der Einwohner von Corvallis jeweils $10 beisteuern w\u00fcrde, w\u00fcrde diese Unterst\u00fctzung die Tr\u00e4ume unserer G\u00e4ste in die Realit\u00e4t katapultieren und den n\u00f6tigen \u00dcberfluss bringen, um unser Ziel von $1 Million f\u00fcr das neue Navigation and Resilience Dream Center zu erreichen!<\/span><\/p><p>\u00a0<\/p><p><span style=\"font-weight: 400;\">Machen Sie mit! GEMEINSAM schaffen wir eine bessere Zukunft f\u00fcr alle!<\/span><\/p><p>\u00a0<\/p><p><span style=\"font-weight: 400;\">***Das Corvallis Daytime Drop-in Center ist eine gemeinn\u00fctzige Organisation und wird vom IRS gem\u00e4\u00df Abschnitt 501(c)(3) als steuerbefreit anerkannt. Unsere bundesstaatliche EIN-Nummer lautet: 80-0019915<\/span><\/p>\t\t\t\t\t\t\t\t<\/div>\n\t\t\t\t<\/div>\n\t\t\t\t<div class=\"elementor-element elementor-element-999adba elementor-widget-divider--view-line_icon elementor-view-default elementor-widget-divider--element-align-center elementor-widget elementor-widget-divider\" data-id=\"999adba\" data-element_type=\"widget\" data-e-type=\"widget\" data-widget_type=\"divider.default\">\n\t\t\t\t<div class=\"elementor-widget-container\">\n\t\t\t\t\t\t\t<div class=\"elementor-divider\">\n\t\t\t<span class=\"elementor-divider-separator\">\n\t\t\t\t\t\t\t<div class=\"elementor-icon elementor-divider__element\">\n\t\t\t\t\t<i aria-hidden=\"true\" class=\"fas fa-sun\"><\/i><\/div>\n\t\t\t\t\t\t<\/span>\n\t\t<\/div>\n\t\t\t\t\t\t<\/div>\n\t\t\t\t<\/div>\n\t\t\t\t<div class=\"elementor-element elementor-element-07c66b1 elementor-widget elementor-widget-html\" data-id=\"07c66b1\" data-element_type=\"widget\" data-e-type=\"widget\" data-widget_type=\"html.default\">\n\t\t\t\t<div class=\"elementor-widget-container\">\n\t\t\t\t\t<div style=\"position:relative;overflow:hidden;height:1200px;width:100%;\"><iframe title='Spendenformular bereitgestellt von Zeffy' style='position: absolute; border: 0; top:0;left:0;bottom:0;right:0;width:100%;height:100%' src='https:\/\/www.zeffy.com\/embed\/donation-form\/new-navigation-and-resilience-center' allowpaymentrequest allowtransparency=\"true\"><\/iframe><\/div>\r\n\t\t\t\t<\/div>\n\t\t\t\t<\/div>\n\t\t\t\t\t<\/div>\n\t\t<\/div>\n\t\t\t\t\t<\/div>\n\t\t<\/section>\n\t\t\t\t<\/div>","protected":false},"excerpt":{"rendered":"<p>Seien Sie Teil von etwas Au\u00dfergew\u00f6hnlichem! Mit Ihrer Unterst\u00fctzung werden wir die bestehenden lebenswichtigen Ressourcen und sicheren Orte f\u00fcr Menschen in Armut durch den Erwerb unseres neuen Zuhauses erfolgreich ausbauen. Gemeinsam k\u00f6nnen wir etwas bewegen und unsere Gemeinschaft st\u00e4rken! Wir laden Sie ein, uns dabei zu helfen, diesen Wunsch zu verwirklichen! Stellen Sie sich Folgendes vor:<a class=\"more-link\" href=\"https:\/\/corvallisddc.org\/de\/capital-campaign-for-the-navigation-resilience-dream-center\/\"><span class=\"screen-reader-text\">\u201cSpendenkampagne f\u00fcr das Navigation &amp; Resilience Dream Center\u201d<\/span> weiterlesen<\/a><\/p>","protected":false},"author":212331932,"featured_media":0,"parent":0,"menu_order":0,"comment_status":"closed","ping_status":"closed","template":"","meta":{"advanced_seo_description":"","jetpack_seo_html_title":"","jetpack_seo_noindex":false,"footnotes":""},"class_list":["post-4162","page","type-page","status-publish","hentry","entry"],"jetpack_likes_enabled":true,"jetpack_sharing_enabled":true,"jetpack_shortlink":"https:\/\/wp.me\/PdkkQs-158","amp_enabled":true,"_links":{"self":[{"href":"https:\/\/corvallisddc.org\/de\/wp-json\/wp\/v2\/pages\/4162","targetHints":{"allow":["GET"]}}],"collection":[{"href":"https:\/\/corvallisddc.org\/de\/wp-json\/wp\/v2\/pages"}],"about":[{"href":"https:\/\/corvallisddc.org\/de\/wp-json\/wp\/v2\/types\/page"}],"author":[{"embeddable":true,"href":"https:\/\/corvallisddc.org\/de\/wp-json\/wp\/v2\/users\/212331932"}],"replies":[{"embeddable":true,"href":"https:\/\/corvallisddc.org\/de\/wp-json\/wp\/v2\/comments?post=4162"}],"version-history":[{"count":16,"href":"https:\/\/corvallisddc.org\/de\/wp-json\/wp\/v2\/pages\/4162\/revisions"}],"predecessor-version":[{"id":4194,"href":"https:\/\/corvallisddc.org\/de\/wp-json\/wp\/v2\/pages\/4162\/revisions\/4194"}],"wp:attachment":[{"href":"https:\/\/corvallisddc.org\/de\/wp-json\/wp\/v2\/media?parent=4162"}],"curies":[{"name":"wp","href":"https:\/\/api.w.org\/{rel}","templated":true}]}}