{"id":4377,"date":"2025-02-24T15:48:57","date_gmt":"2025-02-24T23:48:57","guid":{"rendered":"https:\/\/corvallisddc.org\/?page_id=4377"},"modified":"2025-03-08T16:01:10","modified_gmt":"2025-03-09T00:01:10","slug":"frontdoorservicesdisc","status":"publish","type":"page","link":"https:\/\/corvallisddc.org\/de\/frontdoorservicesdisc\/","title":{"rendered":"Diskussion zu Front Door Services 2024"},"content":{"rendered":"<div data-elementor-type=\"wp-page\" data-elementor-id=\"4377\" class=\"elementor elementor-4377\">\n\t\t\t\t\t\t<section class=\"elementor-section elementor-top-section elementor-element elementor-element-eb03c23 elementor-section-boxed elementor-section-height-default elementor-section-height-default\" data-id=\"eb03c23\" data-element_type=\"section\" data-e-type=\"section\">\n\t\t\t\t\t\t<div class=\"elementor-container elementor-column-gap-default\">\n\t\t\t\t\t<div class=\"elementor-column elementor-col-100 elementor-top-column elementor-element elementor-element-a638034\" data-id=\"a638034\" data-element_type=\"column\" data-e-type=\"column\">\n\t\t\t<div class=\"elementor-widget-wrap elementor-element-populated\">\n\t\t\t\t\t\t<div class=\"elementor-element elementor-element-ddc414f elementor-widget elementor-widget-text-editor\" data-id=\"ddc414f\" data-element_type=\"widget\" data-e-type=\"widget\" data-widget_type=\"text-editor.default\">\n\t\t\t\t<div class=\"elementor-widget-container\">\n\t\t\t\t\t\t\t\t\t<h2><b>Front Door Services Benton County \u2013 Fragen und Antworten-Podiumsdiskussion<\/b><\/h2><p><span style=\"font-weight: 400;\">Aufgenommen: 18. Dezember 2024<\/span><\/p><p><span style=\"font-weight: 400;\">Videobeschreibung: Dieses Video ist eine Aufzeichnung einer virtuellen Podiumsdiskussion mit Fragen und Antworten, in der drei lokale Organisationen vorgestellt werden, die in der Region Corvallis unkomplizierte Dienstleistungen und Unterst\u00fctzung f\u00fcr die Grundversorgung anbieten.<\/span><\/p><p><span style=\"font-weight: 400;\">Die Gesch\u00e4ftsf\u00fchrerin Allison Hobgood mit dem <a href=\"https:\/\/corvallisddc.org\/de\/\">Corvallis Tages-Drop-in-Center<\/a>; Ilene McClelland mit dem <a href=\"http:\/\/vinamoses.org\/\">Vina Moses Zentrum<\/a>; und Shawn Collins mit <a href=\"http:\/\/unityshelter.org\/\">Einheitsunterkunft<\/a> Geben Sie wichtige Informationen \u00fcber die angebotenen Dienste und Programme weiter, erfahren Sie, wie die Gemeinschaft und die lokale Regierung diese Bem\u00fchungen unterst\u00fctzen k\u00f6nnen und gewinnen Sie wichtige Einblicke in die Situation unserer Nachbarn, die von Armut und Obdachlosigkeit betroffen sind.<\/span><\/p>\t\t\t\t\t\t\t\t<\/div>\n\t\t\t\t<\/div>\n\t\t\t\t<div class=\"elementor-element elementor-element-f5f4fe5 elementor-widget elementor-widget-spacer\" data-id=\"f5f4fe5\" data-element_type=\"widget\" data-e-type=\"widget\" data-widget_type=\"spacer.default\">\n\t\t\t\t<div class=\"elementor-widget-container\">\n\t\t\t\t\t\t\t<div class=\"elementor-spacer\">\n\t\t\t<div class=\"elementor-spacer-inner\"><\/div>\n\t\t<\/div>\n\t\t\t\t\t\t<\/div>\n\t\t\t\t<\/div>\n\t\t\t\t<div class=\"elementor-element elementor-element-db2aab8 elementor-widget__width-initial elementor-widget elementor-widget-shortcode\" data-id=\"db2aab8\" data-element_type=\"widget\" data-e-type=\"widget\" data-widget_type=\"shortcode.default\">\n\t\t\t\t<div class=\"elementor-widget-container\">\n\t\t\t\t\t\t\t<div class=\"elementor-shortcode\"><iframe width=\"560\" height=\"315\" src=\"https:\/\/www.youtube.com\/embed\/ZNnJcY7-u2A?si=geJSMG5vJlYf6ibq\" title=\"YouTube-Videoplayer\" frameborder=\"0\" allow=\"accelerometer; autoplay; clipboard-write; encrypted-media; gyroscope; picture-in-picture; web-share\" referrerpolicy=\"strict-origin-when-cross-origin\" allowfullscreen><\/iframe><\/div>\n\t\t\t\t\t\t<\/div>\n\t\t\t\t<\/div>\n\t\t\t\t\t<\/div>\n\t\t<\/div>\n\t\t\t\t\t<\/div>\n\t\t<\/section>\n\t\t\t\t<\/div>","protected":false},"excerpt":{"rendered":"<p>Front Door Services Benton County \u2013 Podiumsdiskussion mit Fragen und Antworten (Aufzeichnung: 18. Dezember 2024) Videobeschreibung: Dieses Video ist die Aufzeichnung einer virtuellen Podiumsdiskussion mit Fragen und Antworten. Im Fokus stehen drei lokale Organisationen, die im Raum Corvallis niedrigschwellige Dienstleistungen und Unterst\u00fctzung f\u00fcr Menschen mit Grundbed\u00fcrfnissen anbieten. Gesch\u00e4ftsf\u00fchrerin: Allison Hobgood vom Corvallis Daytime Drop-in<a class=\"more-link\" href=\"https:\/\/corvallisddc.org\/de\/frontdoorservicesdisc\/\"><span class=\"screen-reader-text\">\u201cDiskussion \u00fcber Haust\u00fcrdienstleistungen 2024\u201d<\/span> weiterlesen<\/a><\/p>","protected":false},"author":212331932,"featured_media":0,"parent":0,"menu_order":0,"comment_status":"closed","ping_status":"closed","template":"","meta":{"advanced_seo_description":"","jetpack_seo_html_title":"","jetpack_seo_noindex":false,"footnotes":""},"class_list":["post-4377","page","type-page","status-publish","hentry","entry"],"jetpack_likes_enabled":true,"jetpack_sharing_enabled":true,"jetpack_shortlink":"https:\/\/wp.me\/PdkkQs-18B","amp_enabled":true,"_links":{"self":[{"href":"https:\/\/corvallisddc.org\/de\/wp-json\/wp\/v2\/pages\/4377","targetHints":{"allow":["GET"]}}],"collection":[{"href":"https:\/\/corvallisddc.org\/de\/wp-json\/wp\/v2\/pages"}],"about":[{"href":"https:\/\/corvallisddc.org\/de\/wp-json\/wp\/v2\/types\/page"}],"author":[{"embeddable":true,"href":"https:\/\/corvallisddc.org\/de\/wp-json\/wp\/v2\/users\/212331932"}],"replies":[{"embeddable":true,"href":"https:\/\/corvallisddc.org\/de\/wp-json\/wp\/v2\/comments?post=4377"}],"version-history":[{"count":28,"href":"https:\/\/corvallisddc.org\/de\/wp-json\/wp\/v2\/pages\/4377\/revisions"}],"predecessor-version":[{"id":4486,"href":"https:\/\/corvallisddc.org\/de\/wp-json\/wp\/v2\/pages\/4377\/revisions\/4486"}],"wp:attachment":[{"href":"https:\/\/corvallisddc.org\/de\/wp-json\/wp\/v2\/media?parent=4377"}],"curies":[{"name":"wp","href":"https:\/\/api.w.org\/{rel}","templated":true}]}}