{"id":1936,"date":"2023-12-18T14:07:51","date_gmt":"2023-12-18T22:07:51","guid":{"rendered":"https:\/\/corvallisddc.org\/?page_id=1936"},"modified":"2026-02-28T14:08:38","modified_gmt":"2026-02-28T22:08:38","slug":"elementor-1936","status":"publish","type":"page","link":"https:\/\/corvallisddc.org\/es\/elementor-1936\/","title":{"rendered":"Conozca a nuestro equipo"},"content":{"rendered":"<div data-elementor-type=\"wp-page\" data-elementor-id=\"1936\" class=\"elementor elementor-1936\">\n\t\t\t\t\t\t<section class=\"elementor-section elementor-top-section elementor-element elementor-element-37815a5 elementor-section-boxed elementor-section-height-default elementor-section-height-default\" data-id=\"37815a5\" data-element_type=\"section\" data-e-type=\"section\">\n\t\t\t\t\t\t\t<div class=\"elementor-background-overlay\"><\/div>\n\t\t\t\t\t\t\t<div class=\"elementor-container elementor-column-gap-default\">\n\t\t\t\t\t<div class=\"elementor-column elementor-col-100 elementor-top-column elementor-element elementor-element-7e9a6fe\" data-id=\"7e9a6fe\" data-element_type=\"column\" data-e-type=\"column\">\n\t\t\t<div class=\"elementor-widget-wrap elementor-element-populated\">\n\t\t\t\t\t\t<div class=\"elementor-element elementor-element-47b8b51 elementor-widget__width-inherit elementor-widget elementor-widget-text-editor\" data-id=\"47b8b51\" data-element_type=\"widget\" data-e-type=\"widget\" data-widget_type=\"text-editor.default\">\n\t\t\t\t<div class=\"elementor-widget-container\">\n\t\t\t\t\t\t\t\t\t<div id=\"team\" class=\"wp-block-columns alignfull\">\n<div class=\"wp-block-column\" style=\"flex-basis: 80%;\">\n<p style=\"font-size: 24px;\"><span style=\"font-size: 22px; color: #000000;\"><em><span style=\"text-decoration: underline;\"><span style=\"font-family: arial, helvetica, sans-serif;\"><strong>Codirectores ejecutivos<\/strong><\/span><\/span><\/em><\/span><\/p>\n<p style=\"font-size: 24px;\"><span style=\"font-family: arial, helvetica, sans-serif; font-size: 22px;\"><strong>Allison Hobgood<\/strong> (ella\/ella)<\/span><br \/><span style=\"font-family: arial, helvetica, sans-serif; font-size: 22px;\">Correo electr\u00f3nico: <a href=\"mailto:allison.hobgood@gmail.com\">allison.hobgood@gmail.com<\/a><\/span><br \/><span style=\"font-family: arial, helvetica, sans-serif; font-size: 22px;\">Tel\u00e9fono: 541-224-7578<\/span><\/p>\n<p><span style=\"font-family: arial, helvetica, sans-serif; font-size: 22px;\"><strong>frijol maddie<\/strong> (ella\/ella)<\/span><br \/><span style=\"font-family: arial, helvetica, sans-serif; font-size: 22px;\">Correo electr\u00f3nico: <a href=\"mailto:maddie@corvallisddc.com\">maddie@corvallisddc.com<\/a><\/span><\/p>\n<p><span style=\"font-family: arial, helvetica, sans-serif; font-size: 22px;\"><strong>Mar\u00eda Gonz\u00e1lez<\/strong> (ella\/ella)<\/span><br \/><span style=\"font-family: arial, helvetica, sans-serif; font-size: 22px;\">Correo electr\u00f3nico: <a href=\"mailto:maria@corvallisddc.com\">maria@corvallisddc.com<\/a><\/span><\/p>\n<p><span style=\"text-decoration: underline; font-size: 22px; color: #000000;\"><em><span style=\"font-family: arial, helvetica, sans-serif;\"><b>Navegantes de necesidades b\u00e1sicas y defensores de los hu\u00e9spedes<\/b><\/span><\/em><\/span><\/p>\n<p><strong><span style=\"font-family: arial, helvetica, sans-serif; font-size: 22px;\">Liz Webster (ella)<\/span><br \/><span style=\"font-family: arial, helvetica, sans-serif; font-size: 22px;\">Correo electr\u00f3nico: <a href=\"mailto:liz@corvallisddc.com\">liz@corvallisddc.com<\/a><\/span><\/strong><\/p>\n<p><strong><span style=\"font-family: arial, helvetica, sans-serif; font-size: 22px;\">Jade True (ellos\/ellas)<\/span><br \/><span style=\"font-family: arial, helvetica, sans-serif; font-size: 22px;\">Correo electr\u00f3nico: <a href=\"mailto:jade@corvallisddc.com\">jade@corvallisddc.com<\/a><\/span><\/strong><\/p>\n<p><strong><span style=\"font-family: arial, helvetica, sans-serif; font-size: 22px;\">Ryn Darnell (ellos\/ellas)<\/span><br \/><span style=\"font-family: arial, helvetica, sans-serif; font-size: 22px;\">Correo electr\u00f3nico: <a href=\"mailto:ryn@corvallisddc.com\">ryn@corvallisddc.com<\/a><\/span><\/strong><\/p>\n<p><strong><span style=\"font-family: arial, helvetica, sans-serif; font-size: 22px;\">Matt Easdale (\u00e9l)<\/span><br \/><span style=\"font-family: arial, helvetica, sans-serif; font-size: 22px;\">Correo electr\u00f3nico: <a href=\"mailto:matt@corvallisddc.com\">matt@corvallisddc.com<\/a><\/span><\/strong><\/p>\n<p style=\"font-size: 24px;\"><span style=\"font-size: 22px; color: #000000;\"><em><span style=\"text-decoration: underline;\"><span style=\"font-family: arial, helvetica, sans-serif;\"><strong>Coordinador del Equipo de Alcance y Respuesta en las Calles (SORT)<\/strong><\/span><\/span><\/em><\/span><\/p>\n<p style=\"font-size: 24px;\"><span style=\"font-size: 22px; font-family: arial, helvetica, sans-serif;\"><strong>Eric Swartzendruber<\/strong> (\u00e9l\/\u00e9l)<\/span><br \/><span style=\"font-size: 22px; font-family: arial, helvetica, sans-serif;\">Correo electr\u00f3nico: <a href=\"mailto:sortoutreachcorvallis@gmail.com\">sortoutreachcorvallis@gmail.com<\/a><\/span><\/p>\n<p style=\"font-size: 24px;\"><span style=\"text-decoration: underline; font-size: 22px; color: #000000;\"><em><span style=\"font-family: arial, helvetica, sans-serif;\"><strong>Apoyo de bienestar comunitario de primera l\u00ednea<\/strong><\/span><\/em><\/span><\/p>\n<p style=\"font-size: 24px;\"><span style=\"font-size: 22px; font-family: arial, helvetica, sans-serif;\"><strong>Franklin<\/strong> (sin pronombres)<\/span><\/p>\n<\/div>\n<div class=\"wp-block-column\" style=\"flex-basis: 80%;\">\n<p><span style=\"text-decoration: underline; font-size: 22px; color: #000000;\"><em><span style=\"font-family: arial, helvetica, sans-serif;\"><strong>Coordinadora del Programa de Artes Curativas<\/strong><\/span><\/em><\/span><\/p>\n<p><span style=\"font-size: 22px;\"><strong>Isabel Robinson<\/strong> (ella\/ella)<\/span><\/p>\n<p><span style=\"text-decoration: underline; font-size: 22px; color: #000000;\"><em><span style=\"font-family: arial, helvetica, sans-serif;\"><strong>Personal de apoyo<\/strong><\/span><\/em><\/span><\/p>\n<p><span style=\"font-size: 22px; font-family: arial, helvetica, sans-serif;\"><strong>Anne Snell<\/strong> (ellos ellos)<\/span><\/p>\n<p style=\"font-size: 24px;\"><span style=\"font-size: 22px; font-family: arial, helvetica, sans-serif;\"><strong>Mar\u00eda Palmer<\/strong> (ella\/ella)<\/span><\/p>\n<p><span style=\"font-size: 22px;\"><strong><span style=\"font-family: arial, helvetica, sans-serif;\">Dean Gustafson\u00a0<\/span><\/strong><span style=\"font-family: arial, helvetica, sans-serif;\">(\u00e9l\/\u00e9l)<\/span><\/span><\/p>\n<p style=\"font-size: 24px;\"><span style=\"text-decoration: underline; font-size: 22px; color: #000000;\"><em><span style=\"font-family: arial, helvetica, sans-serif;\"><strong>Coordinador de Datos e Informaci\u00f3n<\/strong><\/span><\/em><\/span><\/p>\n<p style=\"font-size: 24px;\"><span style=\"font-size: 22px; font-family: arial, helvetica, sans-serif;\"><strong>Val bondad<\/strong> (cualquier pronombre)<\/span><br \/><span style=\"font-size: 22px; font-family: arial, helvetica, sans-serif;\">Correo electr\u00f3nico: <a href=\"mailto:val@corvallisddc.com\">val@corvallisddc.com<\/a><\/span><br \/><span style=\"font-size: 22px; font-family: arial, helvetica, sans-serif;\">Tel\u00e9fono: 458-233-5327<\/span><\/p>\n<p style=\"font-size: 24px;\"><span style=\"font-size: 22px; color: #000000;\"><em><span style=\"text-decoration: underline;\"><span style=\"font-family: arial, helvetica, sans-serif;\"><strong>Junta Directiva<\/strong><\/span><\/span><\/em><\/span><\/p>\n<p style=\"font-size: 24px;\"><span style=\"font-family: arial, helvetica, sans-serif; font-size: 22px;\"><span style=\"font-weight: 400;\">Aleita Hass-Holcombe (ella),\u00a0<\/span><span style=\"font-weight: 400;\"><br \/><\/span><span style=\"font-weight: 400;\">Grant Carlin (\u00e9l)<\/span><a href=\"mailto:basicneeds@corvallisddc.com\"><span style=\"font-weight: 400;\"><br \/><\/span><\/a><span style=\"font-weight: 400;\">Laura Duncan (ella\/ella)<\/span><\/span><span style=\"font-family: arial, helvetica, sans-serif; font-size: 22px;\"><span style=\"font-weight: 400;\"><br \/><\/span><span style=\"font-weight: 400;\">Dawn Lasater (ella)<\/span><a href=\"mailto:basicneeds@corvallisddc.com\"><span style=\"font-weight: 400;\"><br \/><\/span><\/a><span style=\"font-weight: 400;\">Vicki Meyer (ella), Tesorera<\/span><\/span><br \/><span style=\"font-family: arial, helvetica, sans-serif; font-size: 22px;\"><span style=\"font-weight: 400;\">Mandy Place (ella\/ella)<\/span><span style=\"font-weight: 400;\"><br \/><\/span>Sue Schulz (ella)<a href=\"mailto:basicneeds@corvallisddc.com\"><span style=\"font-weight: 400;\"><br \/><\/span><\/a><\/span><span style=\"font-family: arial, helvetica, sans-serif;\"><span style=\"font-size: 22px;\"><span style=\"font-weight: 400;\">Marybetts Sinclair (ella)<\/span><span style=\"font-weight: 400;\"><br \/><\/span>Shawn Strobl (\u00e9l)<span style=\"font-weight: 400;\"><br \/><\/span>Michael Henthorne (\u00e9l)<\/span><\/span><\/p>\n<\/div>\n<\/div>\n<p><!-- \/wp:spacer --><!-- wp:paragraph --><\/p>\t\t\t\t\t\t\t\t<\/div>\n\t\t\t\t<\/div>\n\t\t\t\t\t<\/div>\n\t\t<\/div>\n\t\t\t\t\t<\/div>\n\t\t<\/section>\n\t\t\t\t<\/div>","protected":false},"excerpt":{"rendered":"<p>Codirectores ejecutivos Allison Hobgood (ella\/ella) Correo electr\u00f3nico: allison.hobgood@gmail.com Tel\u00e9fono: 541-224-7578 Maddie Bean (ella\/ella) Correo electr\u00f3nico: maddie@corvallisddc.com Maria Gonzales (ella\/ella) Correo electr\u00f3nico: maria@corvallisddc.com Navegadores de necesidades b\u00e1sicas y defensores de los hu\u00e9spedes Liz Webster (ella\/ella) Correo electr\u00f3nico: liz@corvallisddc.com Jade True (ellos\/ellas) Correo electr\u00f3nico: jade@corvallisddc.com Ryn Darnell (ellos\/ellas) Correo electr\u00f3nico: ryn@corvallisddc.com Matt Easdale (\u00e9l\/lo) Correo electr\u00f3nico: matt@corvallisddc.com Coordinador del equipo de respuesta y alcance callejero (SORT) Eric Swartzendruber (\u00e9l\/lo) Correo electr\u00f3nico: sortoutreachcorvallis@gmail.com Apoyo de bienestar comunitario de primera l\u00ednea Hezz Franklin (no<a class=\"more-link\" href=\"https:\/\/corvallisddc.org\/es\/elementor-1936\/\">sigue leyendo <span class=\"screen-reader-text\">&quot;Conozca a nuestro equipo&quot;<\/span><\/a><\/p>","protected":false},"author":212331932,"featured_media":0,"parent":0,"menu_order":0,"comment_status":"closed","ping_status":"closed","template":"","meta":{"advanced_seo_description":"","jetpack_seo_html_title":"","jetpack_seo_noindex":false,"footnotes":""},"class_list":["post-1936","page","type-page","status-publish","hentry","entry"],"jetpack_likes_enabled":true,"jetpack_sharing_enabled":true,"jetpack_shortlink":"https:\/\/wp.me\/PdkkQs-ve","amp_enabled":false,"_links":{"self":[{"href":"https:\/\/corvallisddc.org\/es\/wp-json\/wp\/v2\/pages\/1936","targetHints":{"allow":["GET"]}}],"collection":[{"href":"https:\/\/corvallisddc.org\/es\/wp-json\/wp\/v2\/pages"}],"about":[{"href":"https:\/\/corvallisddc.org\/es\/wp-json\/wp\/v2\/types\/page"}],"author":[{"embeddable":true,"href":"https:\/\/corvallisddc.org\/es\/wp-json\/wp\/v2\/users\/212331932"}],"replies":[{"embeddable":true,"href":"https:\/\/corvallisddc.org\/es\/wp-json\/wp\/v2\/comments?post=1936"}],"version-history":[{"count":50,"href":"https:\/\/corvallisddc.org\/es\/wp-json\/wp\/v2\/pages\/1936\/revisions"}],"predecessor-version":[{"id":5004,"href":"https:\/\/corvallisddc.org\/es\/wp-json\/wp\/v2\/pages\/1936\/revisions\/5004"}],"wp:attachment":[{"href":"https:\/\/corvallisddc.org\/es\/wp-json\/wp\/v2\/media?parent=1936"}],"curies":[{"name":"gracias","href":"https:\/\/api.w.org\/{rel}","templated":true}]}}