{"id":2407,"date":"2024-02-06T12:36:10","date_gmt":"2024-02-06T20:36:10","guid":{"rendered":"https:\/\/corvallisddc.org\/?page_id=2407"},"modified":"2024-07-09T19:47:44","modified_gmt":"2024-07-10T02:47:44","slug":"donateonline","status":"publish","type":"page","link":"https:\/\/corvallisddc.org\/es\/donateonline\/","title":{"rendered":"Donaci\u00f3n en l\u00ednea"},"content":{"rendered":"<div data-elementor-type=\"wp-page\" data-elementor-id=\"2407\" class=\"elementor elementor-2407\">\n\t\t\t\t\t\t<section class=\"elementor-section elementor-top-section elementor-element elementor-element-7d3f429 elementor-section-boxed elementor-section-height-default elementor-section-height-default\" data-id=\"7d3f429\" data-element_type=\"section\" data-e-type=\"section\">\n\t\t\t\t\t\t<div class=\"elementor-container elementor-column-gap-default\">\n\t\t\t\t\t<div class=\"elementor-column elementor-col-100 elementor-top-column elementor-element elementor-element-a7771d6\" data-id=\"a7771d6\" data-element_type=\"column\" data-e-type=\"column\">\n\t\t\t<div class=\"elementor-widget-wrap elementor-element-populated\">\n\t\t\t\t\t\t<div class=\"elementor-element elementor-element-74a77c7 elementor-widget elementor-widget-text-editor\" data-id=\"74a77c7\" data-element_type=\"widget\" data-e-type=\"widget\" data-widget_type=\"text-editor.default\">\n\t\t\t\t<div class=\"elementor-widget-container\">\n\t\t\t\t\t\t\t\t\t<h1><span style=\"font-family: arial, helvetica, sans-serif; font-size: 22px;\">Resumen<\/span><\/h1><p>Corvallis Daytime Drop-in Center es una organizaci\u00f3n sin fines de lucro y est\u00e1 reconocida como exenta de impuestos por el IRS seg\u00fan la Secci\u00f3n 501(c)(3). <strong>Nuestro n\u00famero EIN federal es: 80-0019915<\/strong><\/p><p><span style=\"font-family: arial, helvetica, sans-serif; font-size: 18px;\">\u00a1Estamos muy agradecidos por USTED! En el siguiente formulario, los donantes tienen opciones disponibles para elegir c\u00f3mo realizar su donaci\u00f3n en l\u00ednea. Mediante el uso <a href=\"https:\/\/www.zeffy.com\/home\/\">Zeffy<\/a>, ahora recibimos <strong>\u00a1100% de cada donaci\u00f3n en l\u00ednea! <\/strong>\u00a1No m\u00e1s tarifas de procesamiento para profundizar en sus donaciones! <br \/><\/span><\/p><p><span style=\"font-family: arial, helvetica, sans-serif; font-size: 18px;\">\u00a0<\/span><\/p><ol><li><span style=\"font-family: arial, helvetica, sans-serif; font-size: 18px;\">Hay cuatro (4) botones de cantidad preestablecida para \u201c<strong>Donaci\u00f3n \u00fanica<\/strong>\u201d y cuatro (4) botones para \u201c<strong>Donaci\u00f3n mensual<\/strong>.\u201d Al hacer clic en cada bot\u00f3n, los donantes ver\u00e1n una descripci\u00f3n de c\u00f3mo su donaci\u00f3n ayudar\u00e1 al Centro y a nuestros invitados.<\/span><\/li><li><span style=\"font-family: arial, helvetica, sans-serif; font-size: 18px;\">Los donantes tambi\u00e9n tienen la opci\u00f3n de elegir <em>cualquier<\/em> cantidad que les gustar\u00eda donar ingresando la cantidad en el cuadro de forma libre con un $ (signo de d\u00f3lar) en el extremo derecho.<\/span><\/li><\/ol><p><span style=\"font-family: arial, helvetica, sans-serif; font-size: 18px;\">TENGA EN CUENTA: Sus donaciones nunca se publicar\u00e1n p\u00fablicamente.<\/span><\/p>\t\t\t\t\t\t\t\t<\/div>\n\t\t\t\t<\/div>\n\t\t\t\t<div class=\"elementor-element elementor-element-d9d3173 elementor-widget-mobile__width-initial elementor-widget elementor-widget-html\" data-id=\"d9d3173\" data-element_type=\"widget\" data-e-type=\"widget\" data-widget_type=\"html.default\">\n\t\t\t\t<div class=\"elementor-widget-container\">\n\t\t\t\t\t<div style=\"position:relative;overflow:hidden;height:1200px;width:100%;\"><iframe title='Formulario de donaci\u00f3n desarrollado por Zeffy' style='position: absolute; border: 0; top:0;left:0;bottom:0;right:0;width:100%;height:100%' src='https:\/\/www.zeffy.com\/embed\/donation-form\/467b26c0-d081-4f17-9f29-94a2cfc8f4dd' allowpaymentrequest allowtransparency=\"true\"><\/iframe><\/div>\t\t\t\t<\/div>\n\t\t\t\t<\/div>\n\t\t\t\t\t<\/div>\n\t\t<\/div>\n\t\t\t\t\t<\/div>\n\t\t<\/section>\n\t\t\t\t<\/div>","protected":false},"excerpt":{"rendered":"<p>Resumen Corvallis Daytime Drop-in Center es una organizaci\u00f3n sin fines de lucro y est\u00e1 reconocida como exenta de impuestos por el IRS seg\u00fan la Secci\u00f3n 501(c)(3). Nuestro n\u00famero EIN federal es: 80-0019915 \u00a1Estamos muy agradecidos por USTED! En el siguiente formulario, los donantes tienen opciones disponibles para elegir c\u00f3mo realizar su donaci\u00f3n en l\u00ednea. Al usar Zeffy, ahora recibimos 100% de<a class=\"more-link\" href=\"https:\/\/corvallisddc.org\/es\/donateonline\/\">sigue leyendo <span class=\"screen-reader-text\">\u201cDonaci\u00f3n en l\u00ednea\u201d<\/span><\/a><\/p>","protected":false},"author":212331932,"featured_media":0,"parent":0,"menu_order":0,"comment_status":"closed","ping_status":"closed","template":"","meta":{"advanced_seo_description":"","jetpack_seo_html_title":"","jetpack_seo_noindex":false,"footnotes":""},"class_list":["post-2407","page","type-page","status-publish","hentry","entry"],"jetpack_likes_enabled":true,"jetpack_sharing_enabled":true,"jetpack_shortlink":"https:\/\/wp.me\/PdkkQs-CP","amp_enabled":true,"_links":{"self":[{"href":"https:\/\/corvallisddc.org\/es\/wp-json\/wp\/v2\/pages\/2407","targetHints":{"allow":["GET"]}}],"collection":[{"href":"https:\/\/corvallisddc.org\/es\/wp-json\/wp\/v2\/pages"}],"about":[{"href":"https:\/\/corvallisddc.org\/es\/wp-json\/wp\/v2\/types\/page"}],"author":[{"embeddable":true,"href":"https:\/\/corvallisddc.org\/es\/wp-json\/wp\/v2\/users\/212331932"}],"replies":[{"embeddable":true,"href":"https:\/\/corvallisddc.org\/es\/wp-json\/wp\/v2\/comments?post=2407"}],"version-history":[{"count":69,"href":"https:\/\/corvallisddc.org\/es\/wp-json\/wp\/v2\/pages\/2407\/revisions"}],"predecessor-version":[{"id":2900,"href":"https:\/\/corvallisddc.org\/es\/wp-json\/wp\/v2\/pages\/2407\/revisions\/2900"}],"wp:attachment":[{"href":"https:\/\/corvallisddc.org\/es\/wp-json\/wp\/v2\/media?parent=2407"}],"curies":[{"name":"gracias","href":"https:\/\/api.w.org\/{rel}","templated":true}]}}