{"id":2591,"date":"2024-03-31T19:18:28","date_gmt":"2024-04-01T02:18:28","guid":{"rendered":"https:\/\/corvallisddc.org\/?page_id=2591"},"modified":"2024-06-30T15:42:58","modified_gmt":"2024-06-30T22:42:58","slug":"current-needs-list","status":"publish","type":"page","link":"https:\/\/corvallisddc.org\/es\/current-needs-list\/","title":{"rendered":"Lista de necesidades actuales"},"content":{"rendered":"<div data-elementor-type=\"wp-page\" data-elementor-id=\"2591\" class=\"elementor elementor-2591\">\n\t\t\t\t\t\t<section class=\"elementor-section elementor-top-section elementor-element elementor-element-1d4bd5f elementor-section-boxed elementor-section-height-default elementor-section-height-default\" data-id=\"1d4bd5f\" data-element_type=\"section\" data-e-type=\"section\">\n\t\t\t\t\t\t<div class=\"elementor-container elementor-column-gap-default\">\n\t\t\t\t\t<div class=\"elementor-column elementor-col-100 elementor-top-column elementor-element elementor-element-a8b494c\" data-id=\"a8b494c\" data-element_type=\"column\" data-e-type=\"column\">\n\t\t\t<div class=\"elementor-widget-wrap elementor-element-populated\">\n\t\t\t\t\t\t<div class=\"elementor-element elementor-element-a3c9a91 elementor-widget elementor-widget-text-editor\" data-id=\"a3c9a91\" data-element_type=\"widget\" data-e-type=\"widget\" data-widget_type=\"text-editor.default\">\n\t\t\t\t<div class=\"elementor-widget-container\">\n\t\t\t\t\t\t\t\t\t<p><span style=\"font-weight: 400; font-family: arial, helvetica, sans-serif;\">Las necesidades de nuestros hu\u00e9spedes cambian seg\u00fan las estaciones y las circunstancias ambientales, as\u00ed que tenga esto en cuenta al considerar art\u00edculos para donar. Hacemos todo lo posible para mantener esta lista actualizada; sin embargo, con espacio de almacenamiento limitado, necesitamos su ayuda para garantizar que las donaciones recibidas sean relevantes para el <em>actual<\/em> necesidades de nuestros hu\u00e9spedes.<\/span><\/p><p>\u00a0<\/p><p><span style=\"font-weight: 400; font-family: arial, helvetica, sans-serif;\">Considere donar art\u00edculos nuevos y en buen estado de nuestra lista a continuaci\u00f3n.<\/span><\/p><p><span style=\"font-weight: 400; font-family: arial, helvetica, sans-serif;\">Tambi\u00e9n tenga en cuenta que, por razones sanitarias y de seguridad, S\u00d3LO aceptaremos ropa interior nueva (en el paquete).<\/span><\/p><p>\u00a0<\/p><p><span style=\"font-weight: 400; font-family: arial, helvetica, sans-serif;\">No dude en ponerse en contacto con el Centro por tel\u00e9fono 458-233-5327 o correo electr\u00f3nico <a href=\"mailto:info@corvallisddc.org\">info@corvallisddc.org<\/a>\u00a0 si tiene alguna pregunta o art\u00edculo para donar que no est\u00e9 en esta lista.<\/span><\/p><p>\u00a0<\/p><p><span style=\"font-weight: 400; font-family: arial, helvetica, sans-serif;\">\u00a1Gracias por su generoso y continuo apoyo!<\/span><\/p><p>\u00a0<\/p><p><strong><span style=\"font-family: arial, helvetica, sans-serif; font-size: 22px;\">Art\u00edculos m\u00e1s necesarios<\/span><\/strong><\/p><ul><li><span style=\"font-weight: 400; font-family: arial, helvetica, sans-serif;\">Sudaderas XXL (femeninas, masculinas y de g\u00e9nero neutro)<\/span><\/li><li><span style=\"font-weight: 400; font-family: arial, helvetica, sans-serif;\">Pantalones (estilos masculinos)<\/span><\/li><li><span style=\"font-weight: 400; font-family: arial, helvetica, sans-serif;\">Ropa interior (femenina, masculina y de g\u00e9nero neutro)<\/span><\/li><li><span style=\"font-weight: 400; font-family: arial, helvetica, sans-serif;\">Calcetines (todos los tama\u00f1os)<\/span><\/li><li><span style=\"font-weight: 400; font-family: arial, helvetica, sans-serif;\">Art\u00edculos de higiene (tama\u00f1o viaje y sellados)<\/span><\/li><li><span style=\"font-weight: 400; font-family: arial, helvetica, sans-serif;\">Productos menstruales desechables<\/span><\/li><li><span style=\"font-weight: 400; font-family: arial, helvetica, sans-serif;\">Poncho <\/span><\/li><li><span style=\"font-weight: 400; font-family: arial, helvetica, sans-serif;\">Ropa de lluvia<\/span><\/li><li><span style=\"font-weight: 400; font-family: arial, helvetica, sans-serif;\">Tiendas de campa\u00f1a<\/span><\/li><li><span style=\"font-weight: 400; font-family: arial, helvetica, sans-serif;\">Bolsas de dormir<\/span><\/li><li><span style=\"font-weight: 400; font-family: arial, helvetica, sans-serif;\">Mochilas<\/span><\/li><li><span style=\"font-weight: 400; font-family: arial, helvetica, sans-serif;\">Lonas<\/span><\/li><li><span style=\"font-weight: 400; font-family: arial, helvetica, sans-serif;\">Pan de s\u00e1ndwich<\/span><\/li><li><span style=\"font-weight: 400; font-family: arial, helvetica, sans-serif;\">Fruta<\/span><\/li><li><span style=\"font-weight: 400; font-family: arial, helvetica, sans-serif;\">Bolsas de s\u00e1ndwich<\/span><\/li><li><span style=\"font-weight: 400; font-family: arial, helvetica, sans-serif;\">Peque\u00f1as bolsas resellables<\/span><\/li><\/ul>\t\t\t\t\t\t\t\t<\/div>\n\t\t\t\t<\/div>\n\t\t\t\t\t<\/div>\n\t\t<\/div>\n\t\t\t\t\t<\/div>\n\t\t<\/section>\n\t\t\t\t<\/div>","protected":false},"excerpt":{"rendered":"<p>Las necesidades de nuestros hu\u00e9spedes cambian seg\u00fan las estaciones y las circunstancias ambientales, as\u00ed que tenga esto en cuenta al considerar art\u00edculos para donar. Hacemos todo lo posible para mantener esta lista actualizada; sin embargo, con espacio de almacenamiento limitado, necesitamos su ayuda para garantizar que las donaciones recibidas sean relevantes para las necesidades actuales de nuestros hu\u00e9spedes. \u00a0<a class=\"more-link\" href=\"https:\/\/corvallisddc.org\/es\/current-needs-list\/\">sigue leyendo <span class=\"screen-reader-text\">\u201cLista de necesidades actuales\u201d<\/span><\/a><\/p>","protected":false},"author":212331932,"featured_media":0,"parent":0,"menu_order":0,"comment_status":"closed","ping_status":"closed","template":"","meta":{"advanced_seo_description":"","jetpack_seo_html_title":"","jetpack_seo_noindex":false,"footnotes":""},"class_list":["post-2591","page","type-page","status-publish","hentry","entry"],"jetpack_likes_enabled":true,"jetpack_sharing_enabled":true,"jetpack_shortlink":"https:\/\/wp.me\/PdkkQs-FN","amp_enabled":true,"_links":{"self":[{"href":"https:\/\/corvallisddc.org\/es\/wp-json\/wp\/v2\/pages\/2591","targetHints":{"allow":["GET"]}}],"collection":[{"href":"https:\/\/corvallisddc.org\/es\/wp-json\/wp\/v2\/pages"}],"about":[{"href":"https:\/\/corvallisddc.org\/es\/wp-json\/wp\/v2\/types\/page"}],"author":[{"embeddable":true,"href":"https:\/\/corvallisddc.org\/es\/wp-json\/wp\/v2\/users\/212331932"}],"replies":[{"embeddable":true,"href":"https:\/\/corvallisddc.org\/es\/wp-json\/wp\/v2\/comments?post=2591"}],"version-history":[{"count":22,"href":"https:\/\/corvallisddc.org\/es\/wp-json\/wp\/v2\/pages\/2591\/revisions"}],"predecessor-version":[{"id":2816,"href":"https:\/\/corvallisddc.org\/es\/wp-json\/wp\/v2\/pages\/2591\/revisions\/2816"}],"wp:attachment":[{"href":"https:\/\/corvallisddc.org\/es\/wp-json\/wp\/v2\/media?parent=2591"}],"curies":[{"name":"gracias","href":"https:\/\/api.w.org\/{rel}","templated":true}]}}