{"id":92,"date":"2024-10-15T16:16:12","date_gmt":"2024-10-15T23:16:12","guid":{"rendered":"https:\/\/corvallisddc.org\/?page_id=92"},"modified":"2024-10-16T14:46:02","modified_gmt":"2024-10-16T21:46:02","slug":"about","status":"publish","type":"page","link":"https:\/\/corvallisddc.org\/es\/about\/","title":{"rendered":"Sobre nosotros"},"content":{"rendered":"<div data-elementor-type=\"wp-page\" data-elementor-id=\"92\" class=\"elementor elementor-92\">\n\t\t\t\t\t\t<section class=\"elementor-section elementor-top-section elementor-element elementor-element-137c3f9 elementor-section-boxed elementor-section-height-default elementor-section-height-default\" data-id=\"137c3f9\" data-element_type=\"section\" data-e-type=\"section\">\n\t\t\t\t\t\t<div class=\"elementor-container elementor-column-gap-default\">\n\t\t\t\t\t<div class=\"elementor-column elementor-col-100 elementor-top-column elementor-element elementor-element-f5530e9\" data-id=\"f5530e9\" data-element_type=\"column\" data-e-type=\"column\">\n\t\t\t<div class=\"elementor-widget-wrap elementor-element-populated\">\n\t\t\t\t\t\t<section class=\"elementor-section elementor-inner-section elementor-element elementor-element-3ce87d4 elementor-section-boxed elementor-section-height-default elementor-section-height-default\" data-id=\"3ce87d4\" data-element_type=\"section\" data-e-type=\"section\">\n\t\t\t\t\t\t<div class=\"elementor-container elementor-column-gap-default\">\n\t\t\t\t\t<div class=\"elementor-column elementor-col-50 elementor-inner-column elementor-element elementor-element-a8d6f3b\" data-id=\"a8d6f3b\" data-element_type=\"column\" data-e-type=\"column\">\n\t\t\t<div class=\"elementor-widget-wrap elementor-element-populated\">\n\t\t\t\t\t\t<div class=\"elementor-element elementor-element-a3768b2 elementor-widget elementor-widget-image\" data-id=\"a3768b2\" data-element_type=\"widget\" data-e-type=\"widget\" data-widget_type=\"image.default\">\n\t\t\t\t<div class=\"elementor-widget-container\">\n\t\t\t\t\t\t\t\t\t\t\t\t\t\t\t<img fetchpriority=\"high\" decoding=\"async\" data-attachment-id=\"3313\" data-permalink=\"https:\/\/corvallisddc.org\/es\/allarewelcome-painting-cddc-2\/\" data-orig-file=\"https:\/\/i0.wp.com\/corvallisddc.org\/wp-content\/uploads\/2024\/08\/AllAreWelcome-painting-CDDC-e1729109922381.jpg?fit=3504%2C4517&amp;ssl=1\" data-orig-size=\"3504,4517\" data-comments-opened=\"1\" data-image-meta=\"{&quot;aperture&quot;:&quot;0&quot;,&quot;credit&quot;:&quot;&quot;,&quot;camera&quot;:&quot;NIKON D3500&quot;,&quot;caption&quot;:&quot;&quot;,&quot;created_timestamp&quot;:&quot;1715168836&quot;,&quot;copyright&quot;:&quot;&quot;,&quot;focal_length&quot;:&quot;0&quot;,&quot;iso&quot;:&quot;800&quot;,&quot;shutter_speed&quot;:&quot;0&quot;,&quot;title&quot;:&quot;&quot;,&quot;orientation&quot;:&quot;0&quot;}\" data-image-title=\"AllAreWelcome-painting CDDC\" data-image-description=\"\" data-image-caption=\"\" data-large-file=\"https:\/\/i0.wp.com\/corvallisddc.org\/wp-content\/uploads\/2024\/08\/AllAreWelcome-painting-CDDC-e1729109922381.jpg?fit=750%2C967&amp;ssl=1\" width=\"750\" height=\"967\" src=\"https:\/\/i0.wp.com\/corvallisddc.org\/wp-content\/uploads\/2024\/08\/AllAreWelcome-painting-CDDC-e1729109922381.jpg?fit=750%2C967&amp;ssl=1\" class=\"attachment-large size-large wp-image-3313\" alt=\"Anger is natural And is most powerful When it goes to an extreme Happiness while unstable Is still instability Conflict can be articulate Gratitude and appreciation Without kissing ass We are all brave Considering the circumstance We are fighting for A higher standard of living \u2026for all All are welcome In this community\" srcset=\"https:\/\/i0.wp.com\/corvallisddc.org\/wp-content\/uploads\/2024\/08\/AllAreWelcome-painting-CDDC-e1729109922381.jpg?w=3504&amp;ssl=1 3504w, https:\/\/i0.wp.com\/corvallisddc.org\/wp-content\/uploads\/2024\/08\/AllAreWelcome-painting-CDDC-e1729109922381.jpg?resize=233%2C300&amp;ssl=1 233w, https:\/\/i0.wp.com\/corvallisddc.org\/wp-content\/uploads\/2024\/08\/AllAreWelcome-painting-CDDC-e1729109922381.jpg?resize=794%2C1024&amp;ssl=1 794w, https:\/\/i0.wp.com\/corvallisddc.org\/wp-content\/uploads\/2024\/08\/AllAreWelcome-painting-CDDC-e1729109922381.jpg?resize=116%2C150&amp;ssl=1 116w, https:\/\/i0.wp.com\/corvallisddc.org\/wp-content\/uploads\/2024\/08\/AllAreWelcome-painting-CDDC-e1729109922381.jpg?resize=768%2C990&amp;ssl=1 768w, https:\/\/i0.wp.com\/corvallisddc.org\/wp-content\/uploads\/2024\/08\/AllAreWelcome-painting-CDDC-e1729109922381.jpg?resize=1192%2C1536&amp;ssl=1 1192w, https:\/\/i0.wp.com\/corvallisddc.org\/wp-content\/uploads\/2024\/08\/AllAreWelcome-painting-CDDC-e1729109922381.jpg?resize=1589%2C2048&amp;ssl=1 1589w, https:\/\/i0.wp.com\/corvallisddc.org\/wp-content\/uploads\/2024\/08\/AllAreWelcome-painting-CDDC-e1729109922381.jpg?resize=9%2C12&amp;ssl=1 9w, https:\/\/i0.wp.com\/corvallisddc.org\/wp-content\/uploads\/2024\/08\/AllAreWelcome-painting-CDDC-e1729109922381.jpg?resize=1568%2C2021&amp;ssl=1 1568w, https:\/\/i0.wp.com\/corvallisddc.org\/wp-content\/uploads\/2024\/08\/AllAreWelcome-painting-CDDC-e1729109922381.jpg?w=1500&amp;ssl=1 1500w, https:\/\/i0.wp.com\/corvallisddc.org\/wp-content\/uploads\/2024\/08\/AllAreWelcome-painting-CDDC-e1729109922381.jpg?w=2250&amp;ssl=1 2250w\" sizes=\"(max-width: 750px) 100vw, 750px\" \/>\t\t\t\t\t\t\t\t\t\t\t\t\t\t\t<\/div>\n\t\t\t\t<\/div>\n\t\t\t\t<div class=\"elementor-element elementor-element-466cfcb elementor-widget elementor-widget-text-editor\" data-id=\"466cfcb\" data-element_type=\"widget\" data-e-type=\"widget\" data-widget_type=\"text-editor.default\">\n\t\t\t\t<div class=\"elementor-widget-container\">\n\t\t\t\t\t\t\t\t\t<h2 style=\"text-align: center;\"><strong><span style=\"font-family: arial, helvetica, sans-serif; font-size: 34px;\">Nuestra defensa<\/span><\/strong><\/h2><p>\u00a0<\/p><p><span style=\"font-weight: 400; color: #000000;\">CDDC est\u00e1 en primera l\u00ednea realizando un trabajo de justicia social de alto impacto.<\/span><\/p><p>\u00a0<\/p><p><span style=\"font-weight: 400; color: #000000;\">Debido en gran parte a las barreras e injusticias sist\u00e9micas, nuestros hu\u00e9spedes enfrentan disparidades sociales sustanciales que involucran discapacidades de salud conductual coexistentes, trastornos por uso de sustancias, transici\u00f3n del encarcelamiento, falta de acceso a la educaci\u00f3n y pobreza generacional que a menudo se presenta en forma de falta de vivienda cr\u00f3nica.<\/span><\/p><p>\u00a0<\/p><p><span style=\"font-weight: 400; color: #000000;\">Nuestro trabajo interviene en sistemas sociales creados para oprimir y excluir a\u00fan m\u00e1s a personas que ya se encuentran al margen de la vida.<\/span><\/p><p>\u00a0<\/p><p><span style=\"font-weight: 400; color: #000000;\">El enfoque hol\u00edstico de nuestro trabajo mejora nuestra comunidad entera al educar e informar a las personas m\u00e1s privilegiadas sobre la pobreza para reducir la brecha entre quienes tienen vivienda y quienes no la tienen.<\/span><\/p><p>\u00a0<\/p><p><span style=\"font-weight: 400; color: #000000;\">CDDC emplea un compromiso centrado en la curaci\u00f3n, reducci\u00f3n de da\u00f1os y pr\u00e1cticas de atenci\u00f3n informadas sobre el trauma en nuestro trabajo todos los d\u00edas y est\u00e1 profundamente comprometido con brindar servicios que sean siempre equitativos y justos.<\/span><\/p><p>\u00a0<\/p><p><span style=\"font-weight: 400; color: #000000;\">Nuestra diversa Junta, personal y voluntarios que nos apoyan muestran nuestro compromiso con la inclusi\u00f3n y el enfoque en las personas m\u00e1s marginadas en nuestra comunidad, como las personas con discapacidades f\u00edsicas o de salud mental, las personas de color, las que est\u00e1n en un viaje de adicci\u00f3n\/recuperaci\u00f3n y las personas de g\u00e9nero diverso.<\/span><\/p><p>\u00a0<\/p><p><span style=\"font-weight: 400; color: #000000;\">La composici\u00f3n de las personas que trabajan y son voluntarias en CDDC refleja directamente la diversa comunidad a la que pretendemos servir.<\/span><\/p><p>\u00a0<\/p><p><span style=\"color: #000000;\"><b>Nuestros hu\u00e9spedes son impulsores clave de nuestros servicios.<\/b><\/span><\/p><p>\u00a0<\/p><p><span style=\"font-weight: 400; color: #000000;\">Como organizaci\u00f3n de base que apoya a muchos clientes con discapacidades, nos adherimos al principio de derechos de las personas con discapacidades de \u201cnada sobre nosotros sin nosotros\u201d. Colaboramos con los clientes para empoderarlos y aumentar su capacidad de autodefensa y, al hacerlo, su colaboraci\u00f3n ayuda a dar forma al CDDC de maneras notables.<\/span><\/p><p>\u00a0<\/p><p><span style=\"font-weight: 400; color: #000000;\">Nos sentimos agradecidos y honrados por la asociaci\u00f3n con nuestros hu\u00e9spedes.<\/span><\/p>\t\t\t\t\t\t\t\t<\/div>\n\t\t\t\t<\/div>\n\t\t\t\t\t<\/div>\n\t\t<\/div>\n\t\t\t\t<div class=\"elementor-column elementor-col-50 elementor-inner-column elementor-element elementor-element-8e82570\" data-id=\"8e82570\" data-element_type=\"column\" data-e-type=\"column\">\n\t\t\t<div class=\"elementor-widget-wrap elementor-element-populated\">\n\t\t\t\t\t\t<div class=\"elementor-element elementor-element-efe8e3f elementor-widget elementor-widget-text-editor\" data-id=\"efe8e3f\" data-element_type=\"widget\" data-e-type=\"widget\" data-widget_type=\"text-editor.default\">\n\t\t\t\t<div class=\"elementor-widget-container\">\n\t\t\t\t\t\t\t\t\t<h2 style=\"text-align: center;\"><span style=\"color: #0e32d5; font-size: 34px;\"><strong><span style=\"font-family: arial, helvetica, sans-serif;\">Nuestra misi\u00f3n<\/span><\/strong><\/span><\/h2><p>\u00a0<\/p><p style=\"text-align: left;\"><span style=\"font-weight: 400; font-family: arial, helvetica, sans-serif;\">El Centro de acogida diurno de Corvallis (CDDC) es<span style=\"font-family: arial, helvetica, sans-serif;\"><span style=\"font-weight: 400;\"> una organizaci\u00f3n 501(c)(3) y una<\/span><\/span>\u00a0Centro de recursos y navegaci\u00f3n vital y diurno en el \u00e1rea de Corvallis, Oregon, al servicio de personas sin hogar y en situaci\u00f3n de pobreza. <\/span><\/p><p>\u00a0<\/p><p style=\"text-align: left;\"><span style=\"font-weight: 400; font-family: arial, helvetica, sans-serif;\">Nuestro objetivo es reducir la exclusi\u00f3n social, el estigma y el aislamiento que a menudo acompa\u00f1an a la pobreza.<\/span><\/p><p>\u00a0<\/p><p style=\"text-align: left;\"><span style=\"font-weight: 400; font-family: arial, helvetica, sans-serif;\">M\u00e1s all\u00e1 de la reuni\u00f3n<\/span><span style=\"font-weight: 400; font-family: arial, helvetica, sans-serif;\">\u00a0necesidades b\u00e1sicas, nuestra misi\u00f3n es brindar asistencia y defensa dignas, ofrecer oportunidades para construir redes comunitarias y sociales y apoyar el bienestar y la rehabilitaci\u00f3n de las personas en circunstancias de vida de emergencia, transici\u00f3n y continuas.<\/span><\/p><p>\u00a0<\/p><p style=\"text-align: left;\"><span style=\"font-weight: 400; font-family: arial, helvetica, sans-serif;\">Estamos estructurados en torno a un modelo que prioriza a la comunidad y que cree que cada persona, independientemente de su identidad o estatus, merece ser tratada con cuidado y dignidad, al tiempo que se le da espacio para compartir su voz, perspectiva y experiencia. <\/span><\/p>\t\t\t\t\t\t\t\t<\/div>\n\t\t\t\t<\/div>\n\t\t\t\t<div class=\"elementor-element elementor-element-223d375 elementor-widget elementor-widget-image\" data-id=\"223d375\" data-element_type=\"widget\" data-e-type=\"widget\" data-widget_type=\"image.default\">\n\t\t\t\t<div class=\"elementor-widget-container\">\n\t\t\t\t\t\t\t\t\t\t\t\t\t\t\t<img decoding=\"async\" data-attachment-id=\"3309\" data-permalink=\"https:\/\/corvallisddc.org\/es\/paintedmask-cddc-2\/\" data-orig-file=\"https:\/\/i0.wp.com\/corvallisddc.org\/wp-content\/uploads\/2024\/08\/paintedmask-cddc-e1729111064482.jpg?fit=4086%2C3845&amp;ssl=1\" data-orig-size=\"4086,3845\" data-comments-opened=\"1\" data-image-meta=\"{&quot;aperture&quot;:&quot;0&quot;,&quot;credit&quot;:&quot;&quot;,&quot;camera&quot;:&quot;NIKON D3500&quot;,&quot;caption&quot;:&quot;&quot;,&quot;created_timestamp&quot;:&quot;1715169333&quot;,&quot;copyright&quot;:&quot;&quot;,&quot;focal_length&quot;:&quot;0&quot;,&quot;iso&quot;:&quot;1000&quot;,&quot;shutter_speed&quot;:&quot;0&quot;,&quot;title&quot;:&quot;&quot;,&quot;orientation&quot;:&quot;0&quot;}\" data-image-title=\"paintedmask-cddc\" data-image-description=\"\" data-image-caption=\"\" data-large-file=\"https:\/\/i0.wp.com\/corvallisddc.org\/wp-content\/uploads\/2024\/08\/paintedmask-cddc-e1729111064482.jpg?fit=750%2C706&amp;ssl=1\" width=\"750\" height=\"706\" src=\"https:\/\/i0.wp.com\/corvallisddc.org\/wp-content\/uploads\/2024\/08\/paintedmask-cddc-e1729111064482.jpg?fit=750%2C706&amp;ssl=1\" class=\"attachment-large size-large wp-image-3309\" alt=\"Two hands holding a painted mask. Art created by a CDDC guest.\" srcset=\"https:\/\/i0.wp.com\/corvallisddc.org\/wp-content\/uploads\/2024\/08\/paintedmask-cddc-e1729111064482.jpg?w=4086&amp;ssl=1 4086w, https:\/\/i0.wp.com\/corvallisddc.org\/wp-content\/uploads\/2024\/08\/paintedmask-cddc-e1729111064482.jpg?resize=300%2C282&amp;ssl=1 300w, https:\/\/i0.wp.com\/corvallisddc.org\/wp-content\/uploads\/2024\/08\/paintedmask-cddc-e1729111064482.jpg?resize=1024%2C964&amp;ssl=1 1024w, https:\/\/i0.wp.com\/corvallisddc.org\/wp-content\/uploads\/2024\/08\/paintedmask-cddc-e1729111064482.jpg?resize=150%2C141&amp;ssl=1 150w, https:\/\/i0.wp.com\/corvallisddc.org\/wp-content\/uploads\/2024\/08\/paintedmask-cddc-e1729111064482.jpg?resize=768%2C723&amp;ssl=1 768w, https:\/\/i0.wp.com\/corvallisddc.org\/wp-content\/uploads\/2024\/08\/paintedmask-cddc-e1729111064482.jpg?resize=1536%2C1445&amp;ssl=1 1536w, https:\/\/i0.wp.com\/corvallisddc.org\/wp-content\/uploads\/2024\/08\/paintedmask-cddc-e1729111064482.jpg?resize=2048%2C1927&amp;ssl=1 2048w, https:\/\/i0.wp.com\/corvallisddc.org\/wp-content\/uploads\/2024\/08\/paintedmask-cddc-e1729111064482.jpg?resize=13%2C12&amp;ssl=1 13w, https:\/\/i0.wp.com\/corvallisddc.org\/wp-content\/uploads\/2024\/08\/paintedmask-cddc-e1729111064482.jpg?resize=1568%2C1476&amp;ssl=1 1568w, https:\/\/i0.wp.com\/corvallisddc.org\/wp-content\/uploads\/2024\/08\/paintedmask-cddc-e1729111064482.jpg?w=2250&amp;ssl=1 2250w\" sizes=\"(max-width: 750px) 100vw, 750px\" \/>\t\t\t\t\t\t\t\t\t\t\t\t\t\t\t<\/div>\n\t\t\t\t<\/div>\n\t\t\t\t<div class=\"elementor-element elementor-element-41031e7 elementor-widget elementor-widget-text-editor\" data-id=\"41031e7\" data-element_type=\"widget\" data-e-type=\"widget\" data-widget_type=\"text-editor.default\">\n\t\t\t\t<div class=\"elementor-widget-container\">\n\t\t\t\t\t\t\t\t\t<h2 style=\"text-align: center;\"><span style=\"font-size: 34px;\"><strong><span style=\"font-family: arial, helvetica, sans-serif;\">Nuestra historia<\/span><\/strong><\/span><\/h2><p>\u00a0<\/p><p><span style=\"font-weight: 400; color: #000000;\">Estamos orgullosos de nuestra larga trayectoria sirviendo al \u00e1rea de los tres condados (Benton, Linn y Lincoln).<\/span><\/p><p>\u00a0<\/p><p><span style=\"font-weight: 400; color: #000000;\">Originalmente, CDDC era un centro dirigido por pares conocido como El C\u00edrculo de la Esperanza, establecido para brindar socializaci\u00f3n a personas con discapacidades psiqui\u00e1tricas.<\/span><\/p><p>\u00a0<\/p><p><span style=\"font-weight: 400; color: #000000;\">Con el tiempo evolucionamos para servir a los m\u00e1s necesitados, incluidas las personas que est\u00e1n cr\u00f3nicamente marginadas debido a la pobreza, la falta de vivienda, las discapacidades de salud mental y los trastornos por uso de sustancias.<\/span><\/p><p>\u00a0<\/p><p><span style=\"font-weight: 400; color: #000000;\">Hoy, continuamos ampliando nuestro legado de brindar servicios de alta calidad y culturalmente sensibles que promueven la inclusi\u00f3n, la construcci\u00f3n de comunidad, el activismo y el bienestar.\u00a0<\/span><\/p>\t\t\t\t\t\t\t\t<\/div>\n\t\t\t\t<\/div>\n\t\t\t\t<div class=\"elementor-element elementor-element-be27bce elementor-widget elementor-widget-image\" data-id=\"be27bce\" data-element_type=\"widget\" data-e-type=\"widget\" data-widget_type=\"image.default\">\n\t\t\t\t<div class=\"elementor-widget-container\">\n\t\t\t\t\t\t\t\t\t\t\t\t\t\t\t<img decoding=\"async\" data-attachment-id=\"3272\" data-permalink=\"https:\/\/corvallisddc.org\/es\/markeronpaperninedrawingswpeopleanddin-cddc-2\/\" data-orig-file=\"https:\/\/i0.wp.com\/corvallisddc.org\/wp-content\/uploads\/2024\/08\/markeronpaperNinedrawingswpeopleanddin-cddc.jpg?fit=3689%2C4664&amp;ssl=1\" data-orig-size=\"3689,4664\" data-comments-opened=\"1\" data-image-meta=\"{&quot;aperture&quot;:&quot;4.2&quot;,&quot;credit&quot;:&quot;&quot;,&quot;camera&quot;:&quot;NIKON D3500&quot;,&quot;caption&quot;:&quot;&quot;,&quot;created_timestamp&quot;:&quot;1715170396&quot;,&quot;copyright&quot;:&quot;&quot;,&quot;focal_length&quot;:&quot;28&quot;,&quot;iso&quot;:&quot;360&quot;,&quot;shutter_speed&quot;:&quot;0.02&quot;,&quot;title&quot;:&quot;&quot;,&quot;orientation&quot;:&quot;0&quot;}\" data-image-title=\"markeronpaperNinedrawingswpeopleanddin-cddc\" data-image-description=\"\" data-image-caption=\"\" data-large-file=\"https:\/\/i0.wp.com\/corvallisddc.org\/wp-content\/uploads\/2024\/08\/markeronpaperNinedrawingswpeopleanddin-cddc.jpg?fit=750%2C948&amp;ssl=1\" width=\"750\" height=\"948\" src=\"https:\/\/i0.wp.com\/corvallisddc.org\/wp-content\/uploads\/2024\/08\/markeronpaperNinedrawingswpeopleanddin-cddc.jpg?fit=750%2C948&amp;ssl=1\" class=\"attachment-large size-large wp-image-3272\" alt=\"marker on paper nine drawings by CDDC guests\" srcset=\"https:\/\/i0.wp.com\/corvallisddc.org\/wp-content\/uploads\/2024\/08\/markeronpaperNinedrawingswpeopleanddin-cddc.jpg?w=3689&amp;ssl=1 3689w, https:\/\/i0.wp.com\/corvallisddc.org\/wp-content\/uploads\/2024\/08\/markeronpaperNinedrawingswpeopleanddin-cddc.jpg?resize=237%2C300&amp;ssl=1 237w, https:\/\/i0.wp.com\/corvallisddc.org\/wp-content\/uploads\/2024\/08\/markeronpaperNinedrawingswpeopleanddin-cddc.jpg?resize=810%2C1024&amp;ssl=1 810w, https:\/\/i0.wp.com\/corvallisddc.org\/wp-content\/uploads\/2024\/08\/markeronpaperNinedrawingswpeopleanddin-cddc.jpg?resize=119%2C150&amp;ssl=1 119w, https:\/\/i0.wp.com\/corvallisddc.org\/wp-content\/uploads\/2024\/08\/markeronpaperNinedrawingswpeopleanddin-cddc.jpg?resize=768%2C971&amp;ssl=1 768w, https:\/\/i0.wp.com\/corvallisddc.org\/wp-content\/uploads\/2024\/08\/markeronpaperNinedrawingswpeopleanddin-cddc.jpg?resize=1215%2C1536&amp;ssl=1 1215w, https:\/\/i0.wp.com\/corvallisddc.org\/wp-content\/uploads\/2024\/08\/markeronpaperNinedrawingswpeopleanddin-cddc.jpg?resize=1620%2C2048&amp;ssl=1 1620w, https:\/\/i0.wp.com\/corvallisddc.org\/wp-content\/uploads\/2024\/08\/markeronpaperNinedrawingswpeopleanddin-cddc.jpg?resize=9%2C12&amp;ssl=1 9w, https:\/\/i0.wp.com\/corvallisddc.org\/wp-content\/uploads\/2024\/08\/markeronpaperNinedrawingswpeopleanddin-cddc.jpg?resize=1568%2C1982&amp;ssl=1 1568w, https:\/\/i0.wp.com\/corvallisddc.org\/wp-content\/uploads\/2024\/08\/markeronpaperNinedrawingswpeopleanddin-cddc.jpg?w=1500&amp;ssl=1 1500w, https:\/\/i0.wp.com\/corvallisddc.org\/wp-content\/uploads\/2024\/08\/markeronpaperNinedrawingswpeopleanddin-cddc.jpg?w=2250&amp;ssl=1 2250w\" sizes=\"(max-width: 750px) 100vw, 750px\" \/>\t\t\t\t\t\t\t\t\t\t\t\t\t\t\t<\/div>\n\t\t\t\t<\/div>\n\t\t\t\t\t<\/div>\n\t\t<\/div>\n\t\t\t\t\t<\/div>\n\t\t<\/section>\n\t\t\t\t\t<\/div>\n\t\t<\/div>\n\t\t\t\t\t<\/div>\n\t\t<\/section>\n\t\t\t\t<\/div>","protected":false},"excerpt":{"rendered":"<p>Nuestro CDDC de Defensa est\u00e1 en primera l\u00ednea realizando un trabajo de alto impacto en justicia social. Debido en gran parte a las barreras e injusticias sist\u00e9micas, nuestros hu\u00e9spedes enfrentan disparidades sociales sustanciales que incluyen discapacidades de salud conductual coexistentes, trastornos por consumo de sustancias, transici\u00f3n del encarcelamiento, falta de acceso a la educaci\u00f3n y pobreza generacional que a menudo se presenta en...<a class=\"more-link\" href=\"https:\/\/corvallisddc.org\/es\/about\/\">sigue leyendo <span class=\"screen-reader-text\">&quot;Sobre nosotros&quot;<\/span><\/a><\/p>","protected":false},"author":212331932,"featured_media":0,"parent":0,"menu_order":0,"comment_status":"closed","ping_status":"closed","template":"","meta":{"advanced_seo_description":"","jetpack_seo_html_title":"","jetpack_seo_noindex":false,"footnotes":""},"class_list":["post-92","page","type-page","status-publish","hentry","entry"],"jetpack_likes_enabled":true,"jetpack_sharing_enabled":true,"jetpack_shortlink":"https:\/\/wp.me\/PdkkQs-1u","amp_enabled":true,"_links":{"self":[{"href":"https:\/\/corvallisddc.org\/es\/wp-json\/wp\/v2\/pages\/92","targetHints":{"allow":["GET"]}}],"collection":[{"href":"https:\/\/corvallisddc.org\/es\/wp-json\/wp\/v2\/pages"}],"about":[{"href":"https:\/\/corvallisddc.org\/es\/wp-json\/wp\/v2\/types\/page"}],"author":[{"embeddable":true,"href":"https:\/\/corvallisddc.org\/es\/wp-json\/wp\/v2\/users\/212331932"}],"replies":[{"embeddable":true,"href":"https:\/\/corvallisddc.org\/es\/wp-json\/wp\/v2\/comments?post=92"}],"version-history":[{"count":100,"href":"https:\/\/corvallisddc.org\/es\/wp-json\/wp\/v2\/pages\/92\/revisions"}],"predecessor-version":[{"id":3987,"href":"https:\/\/corvallisddc.org\/es\/wp-json\/wp\/v2\/pages\/92\/revisions\/3987"}],"wp:attachment":[{"href":"https:\/\/corvallisddc.org\/es\/wp-json\/wp\/v2\/media?parent=92"}],"curies":[{"name":"gracias","href":"https:\/\/api.w.org\/{rel}","templated":true}]}}