{"id":130,"date":"2023-12-05T16:43:27","date_gmt":"2023-12-06T00:43:27","guid":{"rendered":"https:\/\/corvallisddc.org\/?page_id=130"},"modified":"2024-10-16T14:42:00","modified_gmt":"2024-10-16T21:42:00","slug":"contact","status":"publish","type":"page","link":"https:\/\/corvallisddc.org\/fr\/contact\/","title":{"rendered":"Contact"},"content":{"rendered":"<div class=\"wp-block-columns alignfull is-layout-flex wp-container-core-columns-is-layout-28f84493 wp-block-columns-is-layout-flex\">\n<div class=\"wp-block-column is-layout-flow wp-block-column-is-layout-flow\" style=\"flex-basis:10%\"><\/div>\n\n\n\n<div class=\"wp-block-column is-layout-flow wp-block-column-is-layout-flow\" style=\"flex-basis:80%\">\n<h2 class=\"wp-block-heading\" style=\"font-size:48px\">Contactez-nous<\/h2>\n\n\n\n<p style=\"font-size:24px\">Le centre d&#039;accueil est situ\u00e9 pr\u00e8s du coin du boulevard Western et du 4<sup>\u00e8me<\/sup> Rue du centre-ville de Corvallis, Oregon. Notre b\u00e2timent se trouve \u00e0 un p\u00e2t\u00e9 de maisons au sud du centre-ville de Safeway.<\/p>\n<\/div>\n\n\n\n<div class=\"wp-block-column is-layout-flow wp-block-column-is-layout-flow\" style=\"flex-basis:10%\"><\/div>\n<\/div>\n\n\n\n<div style=\"min-height:400px\" data-map-attr=\"\/qaddress\/q:\/q530 SW 4th St. Corvallis, OR 97333\/q||\/qlat\/q:\/qundefined\/q||\/qlng\/q:\/qundefined\/q||\/qskin\/q:\/qstandard\/q||\/qzoom\/q:\/q17\/q||\/qiconSize\/q:\/q36\/q||\/qmapTypeControl\/q:\/qtrue\/q||\/qzoomControl\/q:\/qtrue\/q||\/qstreetViewControl\/q:\/qtrue\/q||\/qfullscreenControl\/q:\/qtrue\/q\" class=\"wp-block-coblocks-map\"><iframe title=\"Carte Google\" frameborder=\"0\" style=\"width:100%;min-height:400px\" src=\"https:\/\/www.google.com\/maps?q=530%20SW%204th%20St.%20Corvallis%2C%20OR%2097333&amp;output=embed&amp;hl=en-US&amp;z=17\"><\/iframe><\/div>\n\n\n\n<div style=\"height:25px\" aria-hidden=\"true\" id=\"history\" class=\"wp-block-spacer\"><\/div>\n\n\n\n<div class=\"wp-block-columns alignfull is-layout-flex wp-container-core-columns-is-layout-28f84493 wp-block-columns-is-layout-flex\">\n<div class=\"wp-block-column is-layout-flow wp-block-column-is-layout-flow\" style=\"flex-basis:10%\"><\/div>\n\n\n\n<div class=\"wp-block-column is-layout-flow wp-block-column-is-layout-flow\" style=\"flex-basis:80%\">\n<h2 class=\"wp-block-heading\" style=\"font-size:48px\">Heures<\/h2>\n\n\n\n<p style=\"font-size:24px\"><strong>Besoins de base et services sociaux accessibles sans rendez-vous<\/strong><br>9h00 \u2013 12h00, du lundi au vendredi<\/p>\n\n\n\n<p style=\"font-size:24px\"><strong>Services sociaux sur rendez-vous<\/strong><br>12h00 \u00e0 14h00, du lundi au vendredi&nbsp;<\/p>\n\n\n\n<p style=\"font-size:24px\">Ferm\u00e9 samedi et dimanche<\/p>\n<\/div>\n\n\n\n<div class=\"wp-block-column is-layout-flow wp-block-column-is-layout-flow\" style=\"flex-basis:10%\"><\/div>\n<\/div>\n\n\n\n<div style=\"height:25px\" aria-hidden=\"true\" id=\"advocacy\" class=\"wp-block-spacer\"><\/div>\n\n\n\n<div class=\"wp-block-columns alignfull is-layout-flex wp-container-core-columns-is-layout-28f84493 wp-block-columns-is-layout-flex\">\n<div class=\"wp-block-column is-layout-flow wp-block-column-is-layout-flow\" style=\"flex-basis:10%\"><\/div>\n\n\n\n<div class=\"wp-block-column is-layout-flow wp-block-column-is-layout-flow\" style=\"flex-basis:80%\">\n<h2 class=\"wp-block-heading\" style=\"font-size:48px\">T\u00e9l\u00e9phone<\/h2>\n\n\n\n<p style=\"font-size:24px\"><strong>Principal:<\/strong> (458) 233-5327<br><strong>Programme d\u2019aide \u00e0 l\u2019emploi pour les sans-abri (HELP) :<\/strong> (458) 262-0400<\/p>\n<\/div>\n\n\n\n<div class=\"wp-block-column is-layout-flow wp-block-column-is-layout-flow\" style=\"flex-basis:10%\"><\/div>\n<\/div>\n\n\n\n<div style=\"height:25px\" aria-hidden=\"true\" id=\"community\" class=\"wp-block-spacer\"><\/div>\n\n\n\n<div class=\"wp-block-columns alignfull is-layout-flex wp-container-core-columns-is-layout-28f84493 wp-block-columns-is-layout-flex\">\n<div class=\"wp-block-column is-layout-flow wp-block-column-is-layout-flow\" style=\"flex-basis:10%\"><\/div>\n\n\n\n<div class=\"wp-block-column is-layout-flow wp-block-column-is-layout-flow\" style=\"flex-basis:80%\">\n<h2 class=\"wp-block-heading\" style=\"font-size:48px\">E-mail<\/h2>\n\n\n\n<p style=\"font-size:24px\"><strong>G\u00e9n\u00e9ral: <a href=\"mailto:info@corvallisddc.com\">info@corvallisddc.com<\/a><\/strong><\/p>\n<\/div>\n\n\n\n<div class=\"wp-block-column is-layout-flow wp-block-column-is-layout-flow\" style=\"flex-basis:10%\"><\/div>\n<\/div>\n\n\n\n<div style=\"height:25px\" aria-hidden=\"true\" id=\"community\" class=\"wp-block-spacer\"><\/div>\n\n\n\n<div class=\"wp-block-columns alignfull is-layout-flex wp-container-core-columns-is-layout-28f84493 wp-block-columns-is-layout-flex\">\n<div class=\"wp-block-column is-layout-flow wp-block-column-is-layout-flow\" style=\"flex-basis:10%\"><\/div>\n\n\n\n<div class=\"wp-block-column is-layout-flow wp-block-column-is-layout-flow\" style=\"flex-basis:80%\">\n<h2 class=\"wp-block-heading\" style=\"font-size:48px\">Adresse postale<\/h2>\n\n\n\n<p style=\"font-size:24px\">Centre d&#039;accueil de jour de Corvallis<br>Case postale 1705<br>Corvallis, Oregon 97339<\/p>\n<\/div>\n\n\n\n<div class=\"wp-block-column is-layout-flow wp-block-column-is-layout-flow\" style=\"flex-basis:10%\"><\/div>\n<\/div>\n\n\n\n<div style=\"height:25px\" aria-hidden=\"true\" id=\"community\" class=\"wp-block-spacer\"><\/div>\n\n\n\n<div class=\"wp-block-columns alignfull is-layout-flex wp-container-core-columns-is-layout-28f84493 wp-block-columns-is-layout-flex\">\n<div class=\"wp-block-column is-layout-flow wp-block-column-is-layout-flow\" style=\"flex-basis:10%\"><\/div>\n\n\n\n<div class=\"wp-block-column is-layout-flow wp-block-column-is-layout-flow\" style=\"flex-basis:80%\">\n<h2 class=\"wp-block-heading\" style=\"font-size:48px\">O\u00f9 nous trouver<\/h2>\n\n\n\n<p style=\"font-size:24px\">Centre d&#039;accueil de jour de Corvallis<br>530 SW 4e rue<br>Corvallis, Oregon 97333<\/p>\n<\/div>\n\n\n\n<div class=\"wp-block-column is-layout-flow wp-block-column-is-layout-flow\" style=\"flex-basis:10%\"><\/div>\n<\/div>","protected":false},"excerpt":{"rendered":"<p>Contactez-nous. Le centre d&#039;accueil est situ\u00e9 \u00e0 l&#039;angle de Western Blvd et de la 4e Rue, dans le centre-ville de Corvallis, en Oregon. Notre b\u00e2timent se trouve \u00e0 un p\u00e2t\u00e9 de maisons au sud du Safeway. Horaires\u00a0: Acc\u00e8s sans rendez-vous\u00a0; Besoins essentiels et services sociaux\u00a0; 9\u00a0h\u00a0-\u00a012\u00a0h, du lundi au vendredi\u00a0; Services sociaux sur rendez-vous\u00a0; 12\u00a0h\u00a0-\u00a014\u00a0h, du lundi au vendredi.&nbsp;<a class=\"more-link\" href=\"https:\/\/corvallisddc.org\/fr\/contact\/\">Lire la suite <span class=\"screen-reader-text\">&quot;Contact&quot;<\/span><\/a><\/p>","protected":false},"author":212331932,"featured_media":0,"parent":0,"menu_order":0,"comment_status":"closed","ping_status":"closed","template":"","meta":{"advanced_seo_description":"","jetpack_seo_html_title":"","jetpack_seo_noindex":false,"footnotes":""},"class_list":["post-130","page","type-page","status-publish","hentry","entry"],"jetpack_likes_enabled":true,"jetpack_sharing_enabled":true,"jetpack_shortlink":"https:\/\/wp.me\/PdkkQs-26","amp_enabled":true,"_links":{"self":[{"href":"https:\/\/corvallisddc.org\/fr\/wp-json\/wp\/v2\/pages\/130","targetHints":{"allow":["GET"]}}],"collection":[{"href":"https:\/\/corvallisddc.org\/fr\/wp-json\/wp\/v2\/pages"}],"about":[{"href":"https:\/\/corvallisddc.org\/fr\/wp-json\/wp\/v2\/types\/page"}],"author":[{"embeddable":true,"href":"https:\/\/corvallisddc.org\/fr\/wp-json\/wp\/v2\/users\/212331932"}],"replies":[{"embeddable":true,"href":"https:\/\/corvallisddc.org\/fr\/wp-json\/wp\/v2\/comments?post=130"}],"version-history":[{"count":34,"href":"https:\/\/corvallisddc.org\/fr\/wp-json\/wp\/v2\/pages\/130\/revisions"}],"predecessor-version":[{"id":1043,"href":"https:\/\/corvallisddc.org\/fr\/wp-json\/wp\/v2\/pages\/130\/revisions\/1043"}],"wp:attachment":[{"href":"https:\/\/corvallisddc.org\/fr\/wp-json\/wp\/v2\/media?parent=130"}],"curies":[{"name":"wp","href":"https:\/\/api.w.org\/{rel}","templated":true}]}}