{"id":1936,"date":"2023-12-18T14:07:51","date_gmt":"2023-12-18T22:07:51","guid":{"rendered":"https:\/\/corvallisddc.org\/?page_id=1936"},"modified":"2026-02-28T14:08:38","modified_gmt":"2026-02-28T22:08:38","slug":"elementor-1936","status":"publish","type":"page","link":"https:\/\/corvallisddc.org\/fr\/elementor-1936\/","title":{"rendered":"Rencontrez notre \u00e9quipe"},"content":{"rendered":"<div data-elementor-type=\"wp-page\" data-elementor-id=\"1936\" class=\"elementor elementor-1936\">\n\t\t\t\t\t\t<section class=\"elementor-section elementor-top-section elementor-element elementor-element-37815a5 elementor-section-boxed elementor-section-height-default elementor-section-height-default\" data-id=\"37815a5\" data-element_type=\"section\" data-e-type=\"section\">\n\t\t\t\t\t\t\t<div class=\"elementor-background-overlay\"><\/div>\n\t\t\t\t\t\t\t<div class=\"elementor-container elementor-column-gap-default\">\n\t\t\t\t\t<div class=\"elementor-column elementor-col-100 elementor-top-column elementor-element elementor-element-7e9a6fe\" data-id=\"7e9a6fe\" data-element_type=\"column\" data-e-type=\"column\">\n\t\t\t<div class=\"elementor-widget-wrap elementor-element-populated\">\n\t\t\t\t\t\t<div class=\"elementor-element elementor-element-47b8b51 elementor-widget__width-inherit elementor-widget elementor-widget-text-editor\" data-id=\"47b8b51\" data-element_type=\"widget\" data-e-type=\"widget\" data-widget_type=\"text-editor.default\">\n\t\t\t\t<div class=\"elementor-widget-container\">\n\t\t\t\t\t\t\t\t\t<div id=\"team\" class=\"wp-block-columns alignfull\">\n<div class=\"wp-block-column\" style=\"flex-basis: 80%;\">\n<p style=\"font-size: 24px;\"><span style=\"font-size: 22px; color: #000000;\"><em><span style=\"text-decoration: underline;\"><span style=\"font-family: arial, helvetica, sans-serif;\"><strong>Codirecteurs g\u00e9n\u00e9raux<\/strong><\/span><\/span><\/em><\/span><\/p>\n<p style=\"font-size: 24px;\"><span style=\"font-family: arial, helvetica, sans-serif; font-size: 22px;\"><strong>Allison Hobgood<\/strong> (elle\/elle)<\/span><br \/><span style=\"font-family: arial, helvetica, sans-serif; font-size: 22px;\">E-mail: <a href=\"mailto:allison.hobgood@gmail.com\">allison.hobgood@gmail.com<\/a><\/span><br \/><span style=\"font-family: arial, helvetica, sans-serif; font-size: 22px;\">T\u00e9l\u00e9phone : 541-224-7578<\/span><\/p>\n<p><span style=\"font-family: arial, helvetica, sans-serif; font-size: 22px;\"><strong>Maddie Bean<\/strong> (elle\/elle)<\/span><br \/><span style=\"font-family: arial, helvetica, sans-serif; font-size: 22px;\">E-mail: <a href=\"mailto:maddie@corvallisddc.com\">maddie@corvallisddc.com<\/a><\/span><\/p>\n<p><span style=\"font-family: arial, helvetica, sans-serif; font-size: 22px;\"><strong>Maria Gonzales<\/strong> (elle\/elle)<\/span><br \/><span style=\"font-family: arial, helvetica, sans-serif; font-size: 22px;\">E-mail: <a href=\"mailto:maria@corvallisddc.com\">maria@corvallisddc.com<\/a><\/span><\/p>\n<p><span style=\"text-decoration: underline; font-size: 22px; color: #000000;\"><em><span style=\"font-family: arial, helvetica, sans-serif;\"><b>Navigateurs des besoins fondamentaux et d\u00e9fenseurs des clients<\/b><\/span><\/em><\/span><\/p>\n<p><strong><span style=\"font-family: arial, helvetica, sans-serif; font-size: 22px;\">Liz Webster (elle)<\/span><br \/><span style=\"font-family: arial, helvetica, sans-serif; font-size: 22px;\">E-mail: <a href=\"mailto:liz@corvallisddc.com\">liz@corvallisddc.com<\/a><\/span><\/strong><\/p>\n<p><strong><span style=\"font-family: arial, helvetica, sans-serif; font-size: 22px;\">Jade True (iel\/elleux)<\/span><br \/><span style=\"font-family: arial, helvetica, sans-serif; font-size: 22px;\">E-mail: <a href=\"mailto:jade@corvallisddc.com\">jade@corvallisddc.com<\/a><\/span><\/strong><\/p>\n<p><strong><span style=\"font-family: arial, helvetica, sans-serif; font-size: 22px;\">Ryn Darnell (iel\/elle)<\/span><br \/><span style=\"font-family: arial, helvetica, sans-serif; font-size: 22px;\">E-mail: <a href=\"mailto:ryn@corvallisddc.com\">ryn@corvallisddc.com<\/a><\/span><\/strong><\/p>\n<p><strong><span style=\"font-family: arial, helvetica, sans-serif; font-size: 22px;\">Matt Easdale (il\/lui)<\/span><br \/><span style=\"font-family: arial, helvetica, sans-serif; font-size: 22px;\">E-mail: <a href=\"mailto:matt@corvallisddc.com\">matt@corvallisddc.com<\/a><\/span><\/strong><\/p>\n<p style=\"font-size: 24px;\"><span style=\"font-size: 22px; color: #000000;\"><em><span style=\"text-decoration: underline;\"><span style=\"font-family: arial, helvetica, sans-serif;\"><strong>Coordonnateur de l&#039;\u00e9quipe d&#039;intervention et de sensibilisation dans la rue (SORT)<\/strong><\/span><\/span><\/em><\/span><\/p>\n<p style=\"font-size: 24px;\"><span style=\"font-size: 22px; font-family: arial, helvetica, sans-serif;\"><strong>\u00c9ric Swartzendruber<\/strong> (il\/lui)<\/span><br \/><span style=\"font-size: 22px; font-family: arial, helvetica, sans-serif;\">E-mail: <a href=\"mailto:sortoutreachcorvallis@gmail.com\">sortoutreachcorvallis@gmail.com<\/a><\/span><\/p>\n<p style=\"font-size: 24px;\"><span style=\"text-decoration: underline; font-size: 22px; color: #000000;\"><em><span style=\"font-family: arial, helvetica, sans-serif;\"><strong>Soutien au bien-\u00eatre communautaire de premi\u00e8re ligne<\/strong><\/span><\/em><\/span><\/p>\n<p style=\"font-size: 24px;\"><span style=\"font-size: 22px; font-family: arial, helvetica, sans-serif;\"><strong>Hezz Franklin<\/strong> (pas de pronoms)<\/span><\/p>\n<\/div>\n<div class=\"wp-block-column\" style=\"flex-basis: 80%;\">\n<p><span style=\"text-decoration: underline; font-size: 22px; color: #000000;\"><em><span style=\"font-family: arial, helvetica, sans-serif;\"><strong>Coordonnatrice du programme des arts de la gu\u00e9rison<\/strong><\/span><\/em><\/span><\/p>\n<p><span style=\"font-size: 22px;\"><strong>Isobel Robinson<\/strong> (elle\/elle)<\/span><\/p>\n<p><span style=\"text-decoration: underline; font-size: 22px; color: #000000;\"><em><span style=\"font-family: arial, helvetica, sans-serif;\"><strong>Personnel de soutien<\/strong><\/span><\/em><\/span><\/p>\n<p><span style=\"font-size: 22px; font-family: arial, helvetica, sans-serif;\"><strong>Anne Snell<\/strong> (ils\/elles)<\/span><\/p>\n<p style=\"font-size: 24px;\"><span style=\"font-size: 22px; font-family: arial, helvetica, sans-serif;\"><strong>Marie Palmer<\/strong> (elle\/elle)<\/span><\/p>\n<p><span style=\"font-size: 22px;\"><strong><span style=\"font-family: arial, helvetica, sans-serif;\">Doyen Gustafson\u00a0<\/span><\/strong><span style=\"font-family: arial, helvetica, sans-serif;\">(il\/lui)<\/span><\/span><\/p>\n<p style=\"font-size: 24px;\"><span style=\"text-decoration: underline; font-size: 22px; color: #000000;\"><em><span style=\"font-family: arial, helvetica, sans-serif;\"><strong>Coordonnatrice des donn\u00e9es et de l&#039;information<\/strong><\/span><\/em><\/span><\/p>\n<p style=\"font-size: 24px;\"><span style=\"font-size: 22px; font-family: arial, helvetica, sans-serif;\"><strong>Val Bont\u00e9<\/strong> (n&#039;importe quel pronom)<\/span><br \/><span style=\"font-size: 22px; font-family: arial, helvetica, sans-serif;\">E-mail: <a href=\"mailto:val@corvallisddc.com\">val@corvallisddc.com<\/a><\/span><br \/><span style=\"font-size: 22px; font-family: arial, helvetica, sans-serif;\">T\u00e9l\u00e9phone : 458-233-5327<\/span><\/p>\n<p style=\"font-size: 24px;\"><span style=\"font-size: 22px; color: #000000;\"><em><span style=\"text-decoration: underline;\"><span style=\"font-family: arial, helvetica, sans-serif;\"><strong>Conseil d&#039;administration<\/strong><\/span><\/span><\/em><\/span><\/p>\n<p style=\"font-size: 24px;\"><span style=\"font-family: arial, helvetica, sans-serif; font-size: 22px;\"><span style=\"font-weight: 400;\">Aleita Hass-Holcombe (elle),\u00a0<\/span><span style=\"font-weight: 400;\"><br \/><\/span><span style=\"font-weight: 400;\">Grant Carlin (il\/lui)<\/span><a href=\"mailto:basicneeds@corvallisddc.com\"><span style=\"font-weight: 400;\"><br \/><\/span><\/a><span style=\"font-weight: 400;\">Laura Duncan (elle\/elle)<\/span><\/span><span style=\"font-family: arial, helvetica, sans-serif; font-size: 22px;\"><span style=\"font-weight: 400;\"><br \/><\/span><span style=\"font-weight: 400;\">Dawn Lasater (elle\/elle)<\/span><a href=\"mailto:basicneeds@corvallisddc.com\"><span style=\"font-weight: 400;\"><br \/><\/span><\/a><span style=\"font-weight: 400;\">Vicki Meyer (elle), Tr\u00e9sori\u00e8re<\/span><\/span><br \/><span style=\"font-family: arial, helvetica, sans-serif; font-size: 22px;\"><span style=\"font-weight: 400;\">Mandy Place (elle\/elle)<\/span><span style=\"font-weight: 400;\"><br \/><\/span>Sue Schulz (elle\/elle)<a href=\"mailto:basicneeds@corvallisddc.com\"><span style=\"font-weight: 400;\"><br \/><\/span><\/a><\/span><span style=\"font-family: arial, helvetica, sans-serif;\"><span style=\"font-size: 22px;\"><span style=\"font-weight: 400;\">Marybetts Sinclair (elle\/elle)<\/span><span style=\"font-weight: 400;\"><br \/><\/span>Shawn Strobl (il\/lui)<span style=\"font-weight: 400;\"><br \/><\/span>Michael Henthorne (il\/lui)<\/span><\/span><\/p>\n<\/div>\n<\/div>\n<p><!-- \/wp:spacer --><!-- wp:paragraph --><\/p>\t\t\t\t\t\t\t\t<\/div>\n\t\t\t\t<\/div>\n\t\t\t\t\t<\/div>\n\t\t<\/div>\n\t\t\t\t\t<\/div>\n\t\t<\/section>\n\t\t\t\t<\/div>","protected":false},"excerpt":{"rendered":"<p>Codirectrices g\u00e9n\u00e9rales : Allison Hobgood (elle) Courriel : allison.hobgood@gmail.com T\u00e9l\u00e9phone : 541-224-7578 Maddie Bean (elle) Courriel : maddie@corvallisddc.com Maria Gonzales (elle) Courriel : maria@corvallisddc.com Navigateurs des besoins fondamentaux et d\u00e9fenseurs des invit\u00e9s : Liz Webster (elle) Courriel : liz@corvallisddc.com Jade True (iel) Courriel : jade@corvallisddc.com Ryn Darnell (iel) Courriel : ryn@corvallisddc.com Matt Easdale (il) Courriel : matt@corvallisddc.com Coordonnateur de l&#039;\u00e9quipe d&#039;intervention et de sensibilisation de rue (SORT) : Eric Swartzendruber (il) Courriel : sortoutreachcorvallis@gmail.com Soutien au bien-\u00eatre communautaire de premi\u00e8re ligne : Hezz Franklin (non<a class=\"more-link\" href=\"https:\/\/corvallisddc.org\/fr\/elementor-1936\/\">Lire la suite <span class=\"screen-reader-text\">\u00ab Rencontrez notre \u00e9quipe \u00bb<\/span><\/a><\/p>","protected":false},"author":212331932,"featured_media":0,"parent":0,"menu_order":0,"comment_status":"closed","ping_status":"closed","template":"","meta":{"advanced_seo_description":"","jetpack_seo_html_title":"","jetpack_seo_noindex":false,"footnotes":""},"class_list":["post-1936","page","type-page","status-publish","hentry","entry"],"jetpack_likes_enabled":true,"jetpack_sharing_enabled":true,"jetpack_shortlink":"https:\/\/wp.me\/PdkkQs-ve","amp_enabled":false,"_links":{"self":[{"href":"https:\/\/corvallisddc.org\/fr\/wp-json\/wp\/v2\/pages\/1936","targetHints":{"allow":["GET"]}}],"collection":[{"href":"https:\/\/corvallisddc.org\/fr\/wp-json\/wp\/v2\/pages"}],"about":[{"href":"https:\/\/corvallisddc.org\/fr\/wp-json\/wp\/v2\/types\/page"}],"author":[{"embeddable":true,"href":"https:\/\/corvallisddc.org\/fr\/wp-json\/wp\/v2\/users\/212331932"}],"replies":[{"embeddable":true,"href":"https:\/\/corvallisddc.org\/fr\/wp-json\/wp\/v2\/comments?post=1936"}],"version-history":[{"count":50,"href":"https:\/\/corvallisddc.org\/fr\/wp-json\/wp\/v2\/pages\/1936\/revisions"}],"predecessor-version":[{"id":5004,"href":"https:\/\/corvallisddc.org\/fr\/wp-json\/wp\/v2\/pages\/1936\/revisions\/5004"}],"wp:attachment":[{"href":"https:\/\/corvallisddc.org\/fr\/wp-json\/wp\/v2\/media?parent=1936"}],"curies":[{"name":"wp","href":"https:\/\/api.w.org\/{rel}","templated":true}]}}