{"id":2407,"date":"2024-02-06T12:36:10","date_gmt":"2024-02-06T20:36:10","guid":{"rendered":"https:\/\/corvallisddc.org\/?page_id=2407"},"modified":"2024-07-09T19:47:44","modified_gmt":"2024-07-10T02:47:44","slug":"donateonline","status":"publish","type":"page","link":"https:\/\/corvallisddc.org\/fr\/donateonline\/","title":{"rendered":"Don en ligne"},"content":{"rendered":"<div data-elementor-type=\"wp-page\" data-elementor-id=\"2407\" class=\"elementor elementor-2407\">\n\t\t\t\t\t\t<section class=\"elementor-section elementor-top-section elementor-element elementor-element-7d3f429 elementor-section-boxed elementor-section-height-default elementor-section-height-default\" data-id=\"7d3f429\" data-element_type=\"section\" data-e-type=\"section\">\n\t\t\t\t\t\t<div class=\"elementor-container elementor-column-gap-default\">\n\t\t\t\t\t<div class=\"elementor-column elementor-col-100 elementor-top-column elementor-element elementor-element-a7771d6\" data-id=\"a7771d6\" data-element_type=\"column\" data-e-type=\"column\">\n\t\t\t<div class=\"elementor-widget-wrap elementor-element-populated\">\n\t\t\t\t\t\t<div class=\"elementor-element elementor-element-74a77c7 elementor-widget elementor-widget-text-editor\" data-id=\"74a77c7\" data-element_type=\"widget\" data-e-type=\"widget\" data-widget_type=\"text-editor.default\">\n\t\t\t\t<div class=\"elementor-widget-container\">\n\t\t\t\t\t\t\t\t\t<h1><span style=\"font-family: arial, helvetica, sans-serif; font-size: 22px;\">R\u00e9sum\u00e9<\/span><\/h1><p>Corvallis Daytime Drop-in Center est une organisation \u00e0 but non lucratif et reconnue comme exon\u00e9r\u00e9e d&#039;imp\u00f4t par l&#039;IRS en vertu de l&#039;article 501(c)(3). <strong>Notre num\u00e9ro EIN f\u00e9d\u00e9ral est\u00a0: 80-0019915<\/strong><\/p><p><span style=\"font-family: arial, helvetica, sans-serif; font-size: 18px;\">Nous vous sommes tr\u00e8s reconnaissants ! Dans le formulaire ci-dessous, les donateurs ont la possibilit\u00e9 de choisir comment faire leur don en ligne. En utilisant <a href=\"https:\/\/www.zeffy.com\/home\/\">Zeffy<\/a>, nous recevons maintenant <strong>100% de chaque don en ligne ! <\/strong>Plus de frais de traitement pour puiser dans vos dons ! <br \/><\/span><\/p><p><span style=\"font-family: arial, helvetica, sans-serif; font-size: 18px;\">\u00a0<\/span><\/p><ol><li><span style=\"font-family: arial, helvetica, sans-serif; font-size: 18px;\">Il y a quatre (4) boutons de quantit\u00e9 pr\u00e9d\u00e9finie pour \u00ab<strong>Don unique<\/strong>&quot; et quatre (4) boutons pour &quot;<strong>Don mensuel<\/strong>.\u201d En cliquant sur chaque bouton, les donateurs verront une description de la mani\u00e8re dont leur don aidera le Centre et nos invit\u00e9s.<\/span><\/li><li><span style=\"font-family: arial, helvetica, sans-serif; font-size: 18px;\">Les donateurs ont \u00e9galement la possibilit\u00e9 de choisir <em>n&#039;importe lequel<\/em> le montant qu&#039;ils souhaitent donner en saisissant le montant dans la case de forme libre avec un $ (signe dollar) \u00e0 l&#039;extr\u00eame droite.<\/span><\/li><\/ol><p><span style=\"font-family: arial, helvetica, sans-serif; font-size: 18px;\">ATTENTION : Vos dons ne seront jamais r\u00e9pertori\u00e9s publiquement.<\/span><\/p>\t\t\t\t\t\t\t\t<\/div>\n\t\t\t\t<\/div>\n\t\t\t\t<div class=\"elementor-element elementor-element-d9d3173 elementor-widget-mobile__width-initial elementor-widget elementor-widget-html\" data-id=\"d9d3173\" data-element_type=\"widget\" data-e-type=\"widget\" data-widget_type=\"html.default\">\n\t\t\t\t<div class=\"elementor-widget-container\">\n\t\t\t\t\t<div style=\"position:relative;overflow:hidden;height:1200px;width:100%;\"><iframe title='Formulaire de don propuls\u00e9 par Zeffy' style='position: absolute; border: 0; top:0;left:0;bottom:0;right:0;width:100%;height:100%' src='https:\/\/www.zeffy.com\/embed\/donation-form\/467b26c0-d081-4f17-9f29-94a2cfc8f4dd' allowpaymentrequest allowtransparency=\"true\"><\/iframe><\/div>\t\t\t\t<\/div>\n\t\t\t\t<\/div>\n\t\t\t\t\t<\/div>\n\t\t<\/div>\n\t\t\t\t\t<\/div>\n\t\t<\/section>\n\t\t\t\t<\/div>","protected":false},"excerpt":{"rendered":"<p>R\u00e9sum\u00e9 Le centre d&#039;accueil de jour de Corvallis est une organisation \u00e0 but non lucratif et reconnue comme exon\u00e9r\u00e9e d&#039;imp\u00f4t par l&#039;IRS en vertu de l&#039;article 501(c)(3). Notre num\u00e9ro EIN f\u00e9d\u00e9ral est\u00a0: 80-0019915 Nous vous sommes tr\u00e8s reconnaissants\u00a0! Dans le formulaire ci-dessous, les donateurs ont la possibilit\u00e9 de choisir comment faire leur don en ligne. En utilisant Zeffy, nous recevons d\u00e9sormais 100% de<a class=\"more-link\" href=\"https:\/\/corvallisddc.org\/fr\/donateonline\/\">Lire la suite <span class=\"screen-reader-text\">\u00ab Don en ligne \u00bb<\/span><\/a><\/p>","protected":false},"author":212331932,"featured_media":0,"parent":0,"menu_order":0,"comment_status":"closed","ping_status":"closed","template":"","meta":{"advanced_seo_description":"","jetpack_seo_html_title":"","jetpack_seo_noindex":false,"footnotes":""},"class_list":["post-2407","page","type-page","status-publish","hentry","entry"],"jetpack_likes_enabled":true,"jetpack_sharing_enabled":true,"jetpack_shortlink":"https:\/\/wp.me\/PdkkQs-CP","amp_enabled":true,"_links":{"self":[{"href":"https:\/\/corvallisddc.org\/fr\/wp-json\/wp\/v2\/pages\/2407","targetHints":{"allow":["GET"]}}],"collection":[{"href":"https:\/\/corvallisddc.org\/fr\/wp-json\/wp\/v2\/pages"}],"about":[{"href":"https:\/\/corvallisddc.org\/fr\/wp-json\/wp\/v2\/types\/page"}],"author":[{"embeddable":true,"href":"https:\/\/corvallisddc.org\/fr\/wp-json\/wp\/v2\/users\/212331932"}],"replies":[{"embeddable":true,"href":"https:\/\/corvallisddc.org\/fr\/wp-json\/wp\/v2\/comments?post=2407"}],"version-history":[{"count":69,"href":"https:\/\/corvallisddc.org\/fr\/wp-json\/wp\/v2\/pages\/2407\/revisions"}],"predecessor-version":[{"id":2900,"href":"https:\/\/corvallisddc.org\/fr\/wp-json\/wp\/v2\/pages\/2407\/revisions\/2900"}],"wp:attachment":[{"href":"https:\/\/corvallisddc.org\/fr\/wp-json\/wp\/v2\/media?parent=2407"}],"curies":[{"name":"wp","href":"https:\/\/api.w.org\/{rel}","templated":true}]}}