{"id":2548,"date":"2024-03-26T13:11:15","date_gmt":"2024-03-26T20:11:15","guid":{"rendered":"https:\/\/corvallisddc.org\/?page_id=2548"},"modified":"2024-12-16T13:37:39","modified_gmt":"2024-12-16T21:37:39","slug":"give-help-2","status":"publish","type":"page","link":"https:\/\/corvallisddc.org\/fr\/give-help-2\/","title":{"rendered":"Donner de l&#039;aide"},"content":{"rendered":"<div data-elementor-type=\"wp-page\" data-elementor-id=\"2548\" class=\"elementor elementor-2548\">\n\t\t\t\t\t\t<section class=\"elementor-section elementor-top-section elementor-element elementor-element-e606547 elementor-section-boxed elementor-section-height-default elementor-section-height-default\" data-id=\"e606547\" data-element_type=\"section\" data-e-type=\"section\">\n\t\t\t\t\t\t<div class=\"elementor-container elementor-column-gap-default\">\n\t\t\t\t\t<div class=\"elementor-column elementor-col-100 elementor-top-column elementor-element elementor-element-f3f1d3b\" data-id=\"f3f1d3b\" data-element_type=\"column\" data-e-type=\"column\">\n\t\t\t<div class=\"elementor-widget-wrap elementor-element-populated\">\n\t\t\t\t\t\t<div class=\"elementor-element elementor-element-eb095b2 elementor-widget elementor-widget-text-editor\" data-id=\"eb095b2\" data-element_type=\"widget\" data-e-type=\"widget\" data-widget_type=\"text-editor.default\">\n\t\t\t\t<div class=\"elementor-widget-container\">\n\t\t\t\t\t\t\t\t\t<div id=\"malwarebytes-root\" style=\"position: fixed; inset: 0px 0px auto; z-index: 2147483647; width: 100%;\" tabindex=\"-1\">\u00a0<\/div><p><span style=\"font-weight: 400; font-size: 22px; font-family: arial, helvetica, sans-serif;\">Votre attention et votre engagement font toute la diff\u00e9rence pour les clients que nous servons au Corvallis Daytime Drop-in Center !\u00a0<\/span><\/p><p>\u00a0<\/p><p><span style=\"font-weight: 400; font-size: 22px; font-family: arial, helvetica, sans-serif;\">Les dons aident le Centre \u00e0 offrir des soins et des services individualis\u00e9s \u00e0 nos clients tout en luttant contre la pauvret\u00e9 syst\u00e9mique et l&#039;itin\u00e9rance ici m\u00eame, dans notre propre arri\u00e8re-cour.<\/span><\/p><p>\u00a0<\/p><p><span style=\"font-weight: 400; font-size: 22px; font-family: arial, helvetica, sans-serif;\">Ensemble, nous cr\u00e9ons un acc\u00e8s aux besoins fondamentaux pour ceux qui en ont le plus besoin dans notre communaut\u00e9 en :<\/span><\/p><ul><li><span style=\"font-weight: 400; font-size: 22px; font-family: arial, helvetica, sans-serif;\">fournir une assistance et un plaidoyer dignes, <\/span><\/li><li><span style=\"font-weight: 400; font-size: 22px; font-family: arial, helvetica, sans-serif;\">offrant des opportunit\u00e9s de cr\u00e9ation de communaut\u00e9s et de r\u00e9seaux sociaux,<\/span><\/li><li><span style=\"font-weight: 400; font-size: 22px; font-family: arial, helvetica, sans-serif;\">soutenir le bien-\u00eatre et la r\u00e9adaptation des individus dans des situations d&#039;urgence, de transition et de vie courante.<\/span><\/li><\/ul><p>\u00a0<\/p><p><span style=\"font-weight: 400; font-size: 22px; font-family: arial, helvetica, sans-serif;\">Merci d&#039;avoir investi dans cette communaut\u00e9. Nous vous en sommes reconnaissants !<\/span><\/p>\t\t\t\t\t\t\t\t<\/div>\n\t\t\t\t<\/div>\n\t\t\t\t<div class=\"elementor-element elementor-element-d7962a1 elementor-widget elementor-widget-text-editor\" data-id=\"d7962a1\" data-element_type=\"widget\" data-e-type=\"widget\" data-widget_type=\"text-editor.default\">\n\t\t\t\t<div class=\"elementor-widget-container\">\n\t\t\t\t\t\t\t\t\t<h1><span style=\"font-family: arial, helvetica, sans-serif; font-size: 28px;\">Fa\u00e7ons de donner<\/span><\/h1><p><span style=\"font-family: arial, helvetica, sans-serif; font-size: 24px;\"><strong>Faire un don en contribuant financi\u00e8rement:<\/strong><\/span><\/p><ul><li><span style=\"font-family: arial, helvetica, sans-serif;\">Faire un don en ligne. <a href=\"https:\/\/corvallisddc.org\/fr\/donateonline\/\">CLIQUEZ ICI<\/a> pour acc\u00e9der au formulaire de don en ligne, ou acc\u00e9der en cliquant sur le bouton bleu \u00ab FAIRE UN DON ICI \u00bb en haut de la page.<\/span><\/li><li><span style=\"font-size: 1em; font-family: arial, helvetica, sans-serif;\">Faites un don financier par courrier. \u00c9tablissez un ch\u00e8que ou un mandat \u00e0 l&#039;ordre du Corvallis Daytime Drop-in Center et envoyez-le \u00e0 : PO BOX 1705, CORVALLIS, OR 97339\u00a0<\/span><\/li><\/ul><p>\u00a0<\/p><p><span style=\"font-size: 24px; font-family: arial, helvetica, sans-serif;\"><strong>Faites un don de biens, de services ou de votre temps.<\/strong><\/span><\/p><ul><li><span style=\"font-size: 20px; font-family: arial, helvetica, sans-serif;\"><strong>Devenez b\u00e9n\u00e9vole avec nous !<\/strong><\/span><\/li><\/ul><p style=\"padding-left: 40px;\"><span style=\"font-weight: 400; font-family: arial, helvetica, sans-serif;\">Nous vous sommes tr\u00e8s reconnaissants pour vos dons de temps et de comp\u00e9tences.<\/span><\/p><p style=\"padding-left: 40px;\"><span style=\"font-weight: 400; font-family: arial, helvetica, sans-serif;\">Pour en savoir plus sur le b\u00e9n\u00e9volat ou le don de services, veuillez contacter le Dr Allison Hobgood par courrier \u00e9lectronique \u00e0 l&#039;adresse suivante : <a href=\"mailto:info@corvallisddc.org\">info@corvallisddc.org<\/a> ou t\u00e9l\u00e9phonez au 458-233-5327.\u00a0<\/span><\/p><ul><li><span style=\"font-family: arial, helvetica, sans-serif;\"><strong>Dons en nature<\/strong><\/span><\/li><\/ul><p style=\"padding-left: 40px;\"><span style=\"font-weight: 400; font-family: arial, helvetica, sans-serif;\">Nous acceptons vos dons de nourriture, d\u2019articles d\u2019hygi\u00e8ne, de v\u00eatements neufs ou d\u2019occasion, de chaussures et d\u2019autres articles.\u00a0<\/span><\/p><p>\u00a0<\/p><p style=\"padding-left: 40px;\"><span style=\"font-family: arial, helvetica, sans-serif;\"><em><span style=\"font-weight: 400;\">***Veuillez consulter notre <a href=\"https:\/\/corvallisddc.org\/fr\/current-needs-list\/\"><strong>Liste des besoins actuels<\/strong><\/a> pour d\u00e9couvrir ce dont nos clients ont le plus besoin en ce moment. <a href=\"https:\/\/corvallisddc.org\/fr\/current-needs-list\/\">CLIQUEZ ICI<\/a> pour voir la liste.***<\/span><\/em><\/span><\/p><p style=\"padding-left: 40px;\"><span style=\"font-weight: 400; font-family: arial, helvetica, sans-serif;\">\u00a0<\/span><\/p><p style=\"padding-left: 40px;\"><span style=\"font-weight: 400; font-family: arial, helvetica, sans-serif;\">Les articles peuvent \u00eatre envoy\u00e9s par courrier ou d\u00e9pos\u00e9s \u00e0 l&#039;emplacement physique du Centre sur la 4e rue, \u00e0 <strong>530 SW 4th Street, Corvallis, OR 97333<\/strong>. <\/span><\/p><p style=\"padding-left: 40px;\"><span style=\"font-weight: 400; font-family: arial, helvetica, sans-serif;\">Veuillez d\u00e9poser vos dons en nature uniquement du lundi au vendredi, de 9h00 \u00e0 12h00. <\/span><\/p><p style=\"padding-left: 40px;\"><span style=\"font-weight: 400; font-family: arial, helvetica, sans-serif;\">Ne laissez aucun don au Centre en dehors des heures d&#039;ouverture. Si vous devez coordonner le d\u00e9p\u00f4t avec le Centre, veuillez envoyer un courriel \u00e0 : <a href=\"mailto:info@corvallisddc.org\">info@corvallisddc.org<\/a> ou appelez le : 458-233-5327.\u00a0<\/span><\/p>\t\t\t\t\t\t\t\t<\/div>\n\t\t\t\t<\/div>\n\t\t\t\t\t<\/div>\n\t\t<\/div>\n\t\t\t\t\t<\/div>\n\t\t<\/section>\n\t\t\t\t<\/div>","protected":false},"excerpt":{"rendered":"<p>\u00a0 Votre g\u00e9n\u00e9rosit\u00e9 et votre engagement font toute la diff\u00e9rence pour les personnes accueillies au Centre d&#039;accueil de jour de Corvallis\u00a0! Vos dons permettent au Centre d&#039;offrir des soins et des services personnalis\u00e9s \u00e0 nos b\u00e9n\u00e9ficiaires, tout en luttant contre la pauvret\u00e9 syst\u00e9mique et le sans-abrisme pr\u00e8s de chez nous. Ensemble, nous facilitons l&#039;acc\u00e8s aux besoins essentiels.<a class=\"more-link\" href=\"https:\/\/corvallisddc.org\/fr\/give-help-2\/\">Lire la suite <span class=\"screen-reader-text\">\u00ab Donnez de l\u2019aide \u00bb<\/span><\/a><\/p>","protected":false},"author":212331932,"featured_media":0,"parent":0,"menu_order":0,"comment_status":"closed","ping_status":"closed","template":"","meta":{"advanced_seo_description":"","jetpack_seo_html_title":"","jetpack_seo_noindex":false,"footnotes":""},"class_list":["post-2548","page","type-page","status-publish","hentry","entry"],"jetpack_likes_enabled":true,"jetpack_sharing_enabled":true,"jetpack_shortlink":"https:\/\/wp.me\/PdkkQs-F6","amp_enabled":true,"_links":{"self":[{"href":"https:\/\/corvallisddc.org\/fr\/wp-json\/wp\/v2\/pages\/2548","targetHints":{"allow":["GET"]}}],"collection":[{"href":"https:\/\/corvallisddc.org\/fr\/wp-json\/wp\/v2\/pages"}],"about":[{"href":"https:\/\/corvallisddc.org\/fr\/wp-json\/wp\/v2\/types\/page"}],"author":[{"embeddable":true,"href":"https:\/\/corvallisddc.org\/fr\/wp-json\/wp\/v2\/users\/212331932"}],"replies":[{"embeddable":true,"href":"https:\/\/corvallisddc.org\/fr\/wp-json\/wp\/v2\/comments?post=2548"}],"version-history":[{"count":37,"href":"https:\/\/corvallisddc.org\/fr\/wp-json\/wp\/v2\/pages\/2548\/revisions"}],"predecessor-version":[{"id":4180,"href":"https:\/\/corvallisddc.org\/fr\/wp-json\/wp\/v2\/pages\/2548\/revisions\/4180"}],"wp:attachment":[{"href":"https:\/\/corvallisddc.org\/fr\/wp-json\/wp\/v2\/media?parent=2548"}],"curies":[{"name":"wp","href":"https:\/\/api.w.org\/{rel}","templated":true}]}}