{"id":2737,"date":"2024-06-17T16:12:27","date_gmt":"2024-06-17T23:12:27","guid":{"rendered":"https:\/\/corvallisddc.org\/?page_id=2737"},"modified":"2024-06-30T19:44:12","modified_gmt":"2024-07-01T02:44:12","slug":"local","status":"publish","type":"page","link":"https:\/\/corvallisddc.org\/fr\/local\/","title":{"rendered":"H\u00e9ros locaux"},"content":{"rendered":"<div data-elementor-type=\"wp-page\" data-elementor-id=\"2737\" class=\"elementor elementor-2737\">\n\t\t\t\t\t\t<section class=\"elementor-section elementor-top-section elementor-element elementor-element-f3e8116 elementor-section-boxed elementor-section-height-default elementor-section-height-default\" data-id=\"f3e8116\" data-element_type=\"section\" data-e-type=\"section\">\n\t\t\t\t\t\t<div class=\"elementor-container elementor-column-gap-default\">\n\t\t\t\t\t<div class=\"elementor-column elementor-col-100 elementor-top-column elementor-element elementor-element-d1c7827\" data-id=\"d1c7827\" data-element_type=\"column\" data-e-type=\"column\">\n\t\t\t<div class=\"elementor-widget-wrap elementor-element-populated\">\n\t\t\t\t\t\t<div class=\"elementor-element elementor-element-9211047 elementor-widget__width-auto elementor-widget elementor-widget-text-editor\" data-id=\"9211047\" data-element_type=\"widget\" data-e-type=\"widget\" data-widget_type=\"text-editor.default\">\n\t\t\t\t<div class=\"elementor-widget-container\">\n\t\t\t\t\t\t\t\t\t<p><span style=\"font-size: 22px;\"><span style=\"font-weight: 400;\">Chaque<\/span><span style=\"font-weight: 400;\">Ce que nous faisons, chaque jour au CDDC, n&#039;est possible que gr\u00e2ce aux sympathisants, aux b\u00e9n\u00e9voles et aux donateurs attentionn\u00e9s de notre communaut\u00e9. Nous sommes constamment remplis d&#039;une immense gratitude envers ces personnes et ces organisations ! <\/span><\/span><\/p><p>\u00a0<\/p><p><span style=\"font-weight: 400; font-size: 22px;\">Nous sommes \u00e9galement extr\u00eamement reconnaissants de reconna\u00eetre les partenaires locaux qui vont au-del\u00e0 de leurs obligations pour r\u00e9pondre aux besoins de nos clients et de notre centre, \u00e0 leur mani\u00e8re.<\/span><\/p><p>\u00a0<\/p><p><span style=\"font-size: 22px;\"><strong>D\u00e9couvrez la liste croissante de nos H\u00c9ROS LOCAUX <\/strong>(Cliquez sur le texte rouge pour visiter les sites Web des partenaires.)<\/span><\/p><p>\u00a0<\/p><p><span style=\"font-size: 22px;\"><strong>Groupes, entreprises, organisations <\/strong>(class\u00e9s par ordre alphab\u00e9tique) :<\/span><\/p><ul><li><span style=\"font-size: 22px;\"><a href=\"https:\/\/www.allanscoffee.com\/\">Caf\u00e9 et th\u00e9 d&#039;Allan<\/a><\/span><\/li><\/ul><ul><li><span style=\"font-weight: 400; font-size: 22px;\">Groupe de r\u00e9ponse des bouddhistes<\/span><\/li><\/ul><p><span style=\"font-size: 22px;\">\u00a0 \u00a0 \u00a0Libby, Barry et leurs amis<\/span><\/p><ul><li><span style=\"font-size: 22px;\">B\u00e9n\u00e9voles de sensibilisation du CDDC<\/span><\/li><\/ul><ul><li><span style=\"font-size: 22px;\"><a href=\"https:\/\/www.commonfieldscorvallis.com\/\"><span style=\"font-weight: 400;\">Champs communs<\/span><\/a><\/span><\/li><\/ul><p><span style=\"font-size: 22px;\">\u00a0 \u00a0 \u00a0Jacob Oliver<\/span><\/p><ul><li><span style=\"font-size: 22px;\"><a href=\"https:\/\/firstalt.coop\/\"><span style=\"font-weight: 400;\">La premi\u00e8re coop\u00e9rative d&#039;aliments naturels alternatifs de Corvallis<\/span><\/a><\/span><\/li><\/ul><p><span style=\"font-size: 22px;\">\u00a0 \u00a0 \u00a0Donna Tarasawa<\/span><\/p><ul><li><span style=\"font-size: 22px;\"><a href=\"https:\/\/dbdzwebsite.wixsite.com\/deathbydonutz\"><span style=\"font-weight: 400;\">Mort par Donutz<\/span><\/a><\/span><\/li><\/ul><p><span style=\"font-size: 22px;\">\u00a0 \u00a0 \u00a0Sierra et Dave<\/span><\/p><ul><li><span style=\"font-weight: 400; font-size: 22px;\"><a href=\"http:\/\/www.thegatheringcorvallis.org\/\">L&#039;\u00c9glise en rassemblement-Corvallis<\/a> \u00a0 \u00a0<\/span><\/li><\/ul><p><span style=\"font-size: 22px;\">\u00a0 \u00a0 \u00a0Jennifer et Bob Headrick<\/span><\/p><ul><li><span style=\"font-size: 22px;\"><a href=\"http:\/\/www.Samhealth.org\"><span style=\"font-weight: 400;\">H\u00f4pital du Bon Samaritain<\/span><\/a><\/span><\/li><li><a href=\"https:\/\/marshallsuniquetreats.bigcartel.com\/\"><span style=\"font-size: 22px;\">Les friandises uniques de Marshall par Talisa<\/span><\/a><\/li><li><a href=\"https:\/\/www.northstaroregon.com\/\"><span style=\"font-size: 22px;\">\u00c9toile du Nord de l&#039;Oregon<\/span><\/a><\/li><\/ul><ul><li><a href=\"https:\/\/clubs.oregonstate.edu\/\"><span style=\"font-size: 22px;\">Groupes d&#039;\u00e9tudiants, clubs et stagiaires de l&#039;Universit\u00e9 d&#039;\u00c9tat de l&#039;Oregon<\/span><\/a><\/li><\/ul><ul><li><span style=\"font-size: 22px;\"><a href=\"https:\/\/www.panerabread.com\/en-us\/cafe\/locations\/or\/corvallis\/335-nw-4th-st\">Panera Corvallis<\/a><\/span><\/li><\/ul><ul><li><span style=\"font-weight: 400; font-size: 22px;\">Minist\u00e8re luth\u00e9rien des sacs \u00e0 dos pour la paix<\/span><\/li><\/ul><p><span style=\"font-size: 22px;\">\u00a0 \u00a0 \u00a0Diane Crocker<\/span><\/p><ul><li><span style=\"font-size: 22px;\"><a href=\"http:\/\/www.samsstation.com\"><span style=\"font-weight: 400;\">La gare de Sam<\/span><\/a><\/span><\/li><\/ul><p><span style=\"font-size: 22px;\">\u00a0 \u00a0 \u00a0Sam et son \u00e9quipe<\/span><\/p><ul><li><span style=\"font-size: 22px;\"><a href=\"https:\/\/locations.traderjoes.com\/or\/corvallis\/154\/\"><span style=\"font-weight: 400;\">Trader Joe&#039;s \u2013 Corvallis<\/span><\/a><\/span><\/li><\/ul><p><span style=\"font-size: 22px;\">\u00a0 \u00a0 \u00a0Steve Chovanec<\/span><\/p><p><span style=\"font-size: 22px;\"><strong>H\u00e9ros individuels :<\/strong><\/span><\/p><ul><li><span style=\"font-weight: 400; font-size: 22px;\">Alan Holcombe<\/span><\/li><li><span style=\"font-size: 22px;\">Ph\u00e9nix<\/span><\/li><li><span style=\"font-weight: 400; font-size: 22px;\">Harry Reich\u00a0<\/span><\/li><li><span style=\"font-size: 22px;\">Ben Slothower, constructeur L &amp; S<\/span><\/li><\/ul>\t\t\t\t\t\t\t\t<\/div>\n\t\t\t\t<\/div>\n\t\t\t\t\t<\/div>\n\t\t<\/div>\n\t\t\t\t\t<\/div>\n\t\t<\/section>\n\t\t\t\t<\/div>","protected":false},"excerpt":{"rendered":"<p>Tout ce que nous faisons, chaque jour au CDDC, n\u2019est possible que gr\u00e2ce aux sympathisants, aux b\u00e9n\u00e9voles et aux donateurs attentionn\u00e9s de notre communaut\u00e9. Nous sommes constamment remplis d\u2019une immense gratitude envers ces personnes et ces organisations ! Nous sommes \u00e9galement extr\u00eamement reconnaissants de reconna\u00eetre les partenaires locaux qui se surpassent pour r\u00e9pondre aux besoins de nos<a class=\"more-link\" href=\"https:\/\/corvallisddc.org\/fr\/local\/\">Lire la suite <span class=\"screen-reader-text\">\u00ab H\u00e9ros locaux \u00bb<\/span><\/a><\/p>","protected":false},"author":212331932,"featured_media":0,"parent":0,"menu_order":0,"comment_status":"closed","ping_status":"closed","template":"","meta":{"advanced_seo_description":"","jetpack_seo_html_title":"","jetpack_seo_noindex":false,"footnotes":""},"class_list":["post-2737","page","type-page","status-publish","hentry","entry"],"jetpack_likes_enabled":true,"jetpack_sharing_enabled":true,"jetpack_shortlink":"https:\/\/wp.me\/PdkkQs-I9","amp_enabled":true,"_links":{"self":[{"href":"https:\/\/corvallisddc.org\/fr\/wp-json\/wp\/v2\/pages\/2737","targetHints":{"allow":["GET"]}}],"collection":[{"href":"https:\/\/corvallisddc.org\/fr\/wp-json\/wp\/v2\/pages"}],"about":[{"href":"https:\/\/corvallisddc.org\/fr\/wp-json\/wp\/v2\/types\/page"}],"author":[{"embeddable":true,"href":"https:\/\/corvallisddc.org\/fr\/wp-json\/wp\/v2\/users\/212331932"}],"replies":[{"embeddable":true,"href":"https:\/\/corvallisddc.org\/fr\/wp-json\/wp\/v2\/comments?post=2737"}],"version-history":[{"count":55,"href":"https:\/\/corvallisddc.org\/fr\/wp-json\/wp\/v2\/pages\/2737\/revisions"}],"predecessor-version":[{"id":2867,"href":"https:\/\/corvallisddc.org\/fr\/wp-json\/wp\/v2\/pages\/2737\/revisions\/2867"}],"wp:attachment":[{"href":"https:\/\/corvallisddc.org\/fr\/wp-json\/wp\/v2\/media?parent=2737"}],"curies":[{"name":"wp","href":"https:\/\/api.w.org\/{rel}","templated":true}]}}