{"id":3350,"date":"2024-08-30T11:52:55","date_gmt":"2024-08-30T18:52:55","guid":{"rendered":"https:\/\/corvallisddc.org\/?page_id=3350"},"modified":"2024-12-16T13:34:41","modified_gmt":"2024-12-16T21:34:41","slug":"join-the-vibe-making-dreams-come-true","status":"publish","type":"page","link":"https:\/\/corvallisddc.org\/fr\/join-the-vibe-making-dreams-come-true\/","title":{"rendered":"Rejoignez VIBE ! R\u00e9alisez vos r\u00eaves !"},"content":{"rendered":"<div data-elementor-type=\"wp-page\" data-elementor-id=\"3350\" class=\"elementor elementor-3350\">\n\t\t\t\t\t\t<section class=\"elementor-section elementor-top-section elementor-element elementor-element-c76cf94 elementor-section-boxed elementor-section-height-default elementor-section-height-default\" data-id=\"c76cf94\" data-element_type=\"section\" data-e-type=\"section\">\n\t\t\t\t\t\t<div class=\"elementor-container elementor-column-gap-default\">\n\t\t\t\t\t<div class=\"elementor-column elementor-col-100 elementor-top-column elementor-element elementor-element-b492b5a\" data-id=\"b492b5a\" data-element_type=\"column\" data-e-type=\"column\">\n\t\t\t<div class=\"elementor-widget-wrap elementor-element-populated\">\n\t\t\t\t\t\t<div class=\"elementor-element elementor-element-2aa7b81 elementor-widget elementor-widget-text-editor\" data-id=\"2aa7b81\" data-element_type=\"widget\" data-e-type=\"widget\" data-widget_type=\"text-editor.default\">\n\t\t\t\t<div class=\"elementor-widget-container\">\n\t\t\t\t\t\t\t\t\t<h1 style=\"text-align: center;\"><span style=\"color: #0000ff; font-family: arial, helvetica, sans-serif;\">Bienvenue sur le \u00ab<em>Nouvelle maison<\/em>&quot; AMBIANCE!<\/span><\/h1><h1><span style=\"color: #0000ff; font-family: arial, helvetica, sans-serif;\"><img fetchpriority=\"high\" decoding=\"async\" data-attachment-id=\"3308\" data-permalink=\"https:\/\/corvallisddc.org\/fr\/paintingswguitar-cddc\/\" data-orig-file=\"https:\/\/i0.wp.com\/corvallisddc.org\/wp-content\/uploads\/2024\/08\/paintingswguitar-cddc.jpg?fit=3846%2C5109&amp;ssl=1\" data-orig-size=\"3846,5109\" data-comments-opened=\"1\" data-image-meta=\"{&quot;aperture&quot;:&quot;3.5&quot;,&quot;credit&quot;:&quot;&quot;,&quot;camera&quot;:&quot;NIKON D3500&quot;,&quot;caption&quot;:&quot;&quot;,&quot;created_timestamp&quot;:&quot;1715169460&quot;,&quot;copyright&quot;:&quot;&quot;,&quot;focal_length&quot;:&quot;18&quot;,&quot;iso&quot;:&quot;160&quot;,&quot;shutter_speed&quot;:&quot;0.033333333333333&quot;,&quot;title&quot;:&quot;&quot;,&quot;orientation&quot;:&quot;0&quot;}\" data-image-title=\"paintingswguitar-cddc\" data-image-description=\"&lt;p&gt;Two acrylic paintings on large canvases, multi bright colors, hanging above a black couch with a guitar resting on it.&lt;\/p&gt;\" data-image-caption=\"\" data-large-file=\"https:\/\/i0.wp.com\/corvallisddc.org\/wp-content\/uploads\/2024\/08\/paintingswguitar-cddc.jpg?fit=750%2C996&amp;ssl=1\" data-recalc-dims=\"1\" id=\"longdesc-return-3308\" class=\"wp-image-3308 alignleft\" tabindex=\"-1\" src=\"https:\/\/i0.wp.com\/corvallisddc.org\/wp-content\/uploads\/2024\/08\/paintingswguitar-cddc.jpg?resize=300%2C399&#038;ssl=1\" alt=\"Two acrylic paintings on large canvases, multi bright colors, hanging above a black couch with a guitar resting on it.\" width=\"300\" height=\"399\" longdesc=\"https:\/\/corvallisddc.org\/?longdesc=3308&amp;referrer=0\" srcset=\"https:\/\/i0.wp.com\/corvallisddc.org\/wp-content\/uploads\/2024\/08\/paintingswguitar-cddc.jpg?w=3846&amp;ssl=1 3846w, https:\/\/i0.wp.com\/corvallisddc.org\/wp-content\/uploads\/2024\/08\/paintingswguitar-cddc.jpg?resize=226%2C300&amp;ssl=1 226w, https:\/\/i0.wp.com\/corvallisddc.org\/wp-content\/uploads\/2024\/08\/paintingswguitar-cddc.jpg?resize=771%2C1024&amp;ssl=1 771w, https:\/\/i0.wp.com\/corvallisddc.org\/wp-content\/uploads\/2024\/08\/paintingswguitar-cddc.jpg?resize=113%2C150&amp;ssl=1 113w, https:\/\/i0.wp.com\/corvallisddc.org\/wp-content\/uploads\/2024\/08\/paintingswguitar-cddc.jpg?resize=768%2C1020&amp;ssl=1 768w, https:\/\/i0.wp.com\/corvallisddc.org\/wp-content\/uploads\/2024\/08\/paintingswguitar-cddc.jpg?resize=1156%2C1536&amp;ssl=1 1156w, https:\/\/i0.wp.com\/corvallisddc.org\/wp-content\/uploads\/2024\/08\/paintingswguitar-cddc.jpg?resize=1542%2C2048&amp;ssl=1 1542w, https:\/\/i0.wp.com\/corvallisddc.org\/wp-content\/uploads\/2024\/08\/paintingswguitar-cddc.jpg?resize=9%2C12&amp;ssl=1 9w, https:\/\/i0.wp.com\/corvallisddc.org\/wp-content\/uploads\/2024\/08\/paintingswguitar-cddc.jpg?resize=1568%2C2083&amp;ssl=1 1568w, https:\/\/i0.wp.com\/corvallisddc.org\/wp-content\/uploads\/2024\/08\/paintingswguitar-cddc.jpg?w=2250&amp;ssl=1 2250w\" sizes=\"(max-width: 300px) 100vw, 300px\" \/><\/span><\/h1><p style=\"text-align: left;\"><span style=\"color: #000000;\">Rejoignez-nous dans l&#039;ambiance qui r\u00e8gne dans tout le Centre et au-del\u00e0. L&#039;enthousiasme grandit \u00e0 mesure que nous avan\u00e7ons vers la s\u00e9curisation de notre domicile permanent et que nous faisons des r\u00eaves de nos h\u00f4tes une r\u00e9alit\u00e9 !<\/span><\/p><p>\u00a0<\/p><p style=\"text-align: left;\"><span style=\"color: #000000;\">Sur cette page, nous partagerons des mises \u00e0 jour au fur et \u00e0 mesure que l&#039;avenir se d\u00e9voile pour r\u00e9v\u00e9ler notre nouveau centre de r\u00eave de navigation de r\u00e9silience, o\u00f9 nous pourrons \u00e9tendre les services que nous proposons actuellement, ainsi que des am\u00e9liorations notables.<\/span><\/p><p>\u00a0<\/p><p><span style=\"font-size: 22px;\"><strong><a href=\"https:\/\/corvallisddc.org\/fr\/capital-campaign-for-the-navigation-resilience-dream-center\/\">CLIQUEZ ICI<\/a> <span style=\"color: #0000ff;\">pour faire un don \u00e0 la campagne de financement!<\/span><\/strong><\/span><\/p><p>\u00a0<\/p><p style=\"text-align: left;\"><a href=\"https:\/\/corvallisddc.org\/fr\/join-the-vibe-making-dreams-come-true\/summer-2024-newsletter\/\">CLIQUEZ ICI<\/a> <span style=\"color: #000000;\">pour lire la newsletter que nous avons partag\u00e9e avec nos amis et donateurs en juin pour annoncer notre nouvelle extraordinaire.<\/span><\/p><p style=\"text-align: left;\"><span style=\"color: #000000;\"><img decoding=\"async\" data-attachment-id=\"3306\" data-permalink=\"https:\/\/corvallisddc.org\/fr\/noticesign-painting-cddc\/\" data-orig-file=\"https:\/\/i0.wp.com\/corvallisddc.org\/wp-content\/uploads\/2024\/08\/Noticesign-painting-cddc-e1733125042452.jpg?fit=4674%2C3248&amp;ssl=1\" data-orig-size=\"4674,3248\" data-comments-opened=\"1\" data-image-meta=\"{&quot;aperture&quot;:&quot;4.5&quot;,&quot;credit&quot;:&quot;&quot;,&quot;camera&quot;:&quot;NIKON D3500&quot;,&quot;caption&quot;:&quot;&quot;,&quot;created_timestamp&quot;:&quot;1715169369&quot;,&quot;copyright&quot;:&quot;&quot;,&quot;focal_length&quot;:&quot;35&quot;,&quot;iso&quot;:&quot;1400&quot;,&quot;shutter_speed&quot;:&quot;0.016666666666667&quot;,&quot;title&quot;:&quot;&quot;,&quot;orientation&quot;:&quot;0&quot;}\" data-image-title=\"Noticesign-painting-cddc\" data-image-description=\"&lt;p&gt;Acrylic on canvas, a notice sign that pets are welcome but people need to be on leashes!&lt;\/p&gt;\" data-image-caption=\"\" data-large-file=\"https:\/\/i0.wp.com\/corvallisddc.org\/wp-content\/uploads\/2024\/08\/Noticesign-painting-cddc-e1733125042452.jpg?fit=750%2C521&amp;ssl=1\" data-recalc-dims=\"1\" id=\"longdesc-return-3306\" class=\"alignright wp-image-3306 size-medium\" tabindex=\"-1\" src=\"https:\/\/i0.wp.com\/corvallisddc.org\/wp-content\/uploads\/2024\/08\/Noticesign-painting-cddc-e1725042637696-300x144.jpg?resize=300%2C144&#038;ssl=1\" alt=\"Colorful painting of small dogs, paw prints, acrylic on canvas, a &quot;Notice&quot; sign: Pets allowed. Children and adults must be leashed at all times! Artwork by CDDC guest.\" width=\"300\" height=\"144\" longdesc=\"https:\/\/corvallisddc.org?longdesc=3306&amp;referrer=0\" \/><\/span><\/p><p>\u00a0<\/p><p style=\"text-align: left;\"><span style=\"color: #0000ff; font-size: 22px;\"><span style=\"font-size: 24px;\">Saviez-vous que le CDDC ouvre la voie, <em><strong>au niveau national<\/strong><\/em>, offrant des services complets \u00e0 nos amis et voisins les plus marginalis\u00e9s ?<\/span> <\/span><\/p><p>\u00a0<\/p><p style=\"text-align: left;\"><span style=\"color: #000000; font-size: 20px;\">Nous sommes pr\u00eats \u00e0 jouer un r\u00f4le de premier plan dans l&#039;expansion de nos efforts visant \u00e0 offrir \u00e0 nos voisins sans abri un centre de ressources et de navigation \u00e0 faible barri\u00e8re et d&#039;accueil plus robuste. <\/span><\/p><p>\u00a0<\/p><p style=\"text-align: left;\"><span style=\"font-size: 22px;\"><strong><span style=\"color: #0000ff;\">Avec l\u2019aide de nos chers supporters, nous ferons de ce r\u00eave une r\u00e9alit\u00e9 d\u2019ici d\u00e9cembre 2024\u00a0!<\/span><\/strong><\/span><\/p>\t\t\t\t\t\t\t\t<\/div>\n\t\t\t\t<\/div>\n\t\t\t\t\t<\/div>\n\t\t<\/div>\n\t\t\t\t\t<\/div>\n\t\t<\/section>\n\t\t\t\t<\/div>","protected":false},"excerpt":{"rendered":"<p>Bienvenue dans l&#039;univers de notre \u201c\u00a0Nouveau chez-nous\u00a0\u201d\u00a0! Plongez dans l&#039;\u00e9nergie communicative qui r\u00e8gne au centre et au-del\u00e0. L&#039;enthousiasme grandit \u00e0 mesure que nous avan\u00e7ons vers notre installation d\u00e9finitive et que nous concr\u00e9tisons les r\u00eaves de nos h\u00f4tes\u00a0! Sur cette page, nous partagerons les derni\u00e8res nouvelles au fur et \u00e0 mesure que ce bel avenir se d\u00e9voilera.<a class=\"more-link\" href=\"https:\/\/corvallisddc.org\/fr\/join-the-vibe-making-dreams-come-true\/\">Lire la suite <span class=\"screen-reader-text\">\u201c Rejoignez le mouvement ! R\u00e9alisons vos r\u00eaves ! \u201d<\/span><\/a><\/p>","protected":false},"author":212331932,"featured_media":0,"parent":0,"menu_order":0,"comment_status":"closed","ping_status":"closed","template":"","meta":{"advanced_seo_description":"","jetpack_seo_html_title":"","jetpack_seo_noindex":false,"footnotes":""},"class_list":["post-3350","page","type-page","status-publish","hentry","entry"],"jetpack_likes_enabled":true,"jetpack_sharing_enabled":true,"jetpack_shortlink":"https:\/\/wp.me\/PdkkQs-S2","amp_enabled":true,"_links":{"self":[{"href":"https:\/\/corvallisddc.org\/fr\/wp-json\/wp\/v2\/pages\/3350","targetHints":{"allow":["GET"]}}],"collection":[{"href":"https:\/\/corvallisddc.org\/fr\/wp-json\/wp\/v2\/pages"}],"about":[{"href":"https:\/\/corvallisddc.org\/fr\/wp-json\/wp\/v2\/types\/page"}],"author":[{"embeddable":true,"href":"https:\/\/corvallisddc.org\/fr\/wp-json\/wp\/v2\/users\/212331932"}],"replies":[{"embeddable":true,"href":"https:\/\/corvallisddc.org\/fr\/wp-json\/wp\/v2\/comments?post=3350"}],"version-history":[{"count":61,"href":"https:\/\/corvallisddc.org\/fr\/wp-json\/wp\/v2\/pages\/3350\/revisions"}],"predecessor-version":[{"id":4994,"href":"https:\/\/corvallisddc.org\/fr\/wp-json\/wp\/v2\/pages\/3350\/revisions\/4994"}],"wp:attachment":[{"href":"https:\/\/corvallisddc.org\/fr\/wp-json\/wp\/v2\/media?parent=3350"}],"curies":[{"name":"wp","href":"https:\/\/api.w.org\/{rel}","templated":true}]}}