{"id":3418,"date":"2024-09-02T15:21:41","date_gmt":"2024-09-02T22:21:41","guid":{"rendered":"https:\/\/corvallisddc.org\/?page_id=3418"},"modified":"2024-12-01T22:32:19","modified_gmt":"2024-12-02T06:32:19","slug":"peersupport_counseling","status":"publish","type":"page","link":"https:\/\/corvallisddc.org\/fr\/peersupport_counseling\/","title":{"rendered":"Services de soutien et de conseil par les pairs"},"content":{"rendered":"<div data-elementor-type=\"wp-page\" data-elementor-id=\"3418\" class=\"elementor elementor-3418\">\n\t\t\t\t\t\t<section class=\"elementor-section elementor-top-section elementor-element elementor-element-1a5ec86 elementor-section-boxed elementor-section-height-default elementor-section-height-default\" data-id=\"1a5ec86\" data-element_type=\"section\" data-e-type=\"section\" data-settings=\"{&quot;background_background&quot;:&quot;classic&quot;}\">\n\t\t\t\t\t\t<div class=\"elementor-container elementor-column-gap-default\">\n\t\t\t\t\t<div class=\"elementor-column elementor-col-100 elementor-top-column elementor-element elementor-element-064b332\" data-id=\"064b332\" data-element_type=\"column\" data-e-type=\"column\" data-settings=\"{&quot;background_background&quot;:&quot;classic&quot;}\">\n\t\t\t<div class=\"elementor-widget-wrap elementor-element-populated\">\n\t\t\t\t\t\t<section class=\"elementor-section elementor-inner-section elementor-element elementor-element-41e059c elementor-section-boxed elementor-section-height-default elementor-section-height-default\" data-id=\"41e059c\" data-element_type=\"section\" data-e-type=\"section\">\n\t\t\t\t\t\t<div class=\"elementor-container elementor-column-gap-default\">\n\t\t\t\t\t<div class=\"elementor-column elementor-col-50 elementor-inner-column elementor-element elementor-element-ec1123c\" data-id=\"ec1123c\" data-element_type=\"column\" data-e-type=\"column\">\n\t\t\t<div class=\"elementor-widget-wrap elementor-element-populated\">\n\t\t\t\t\t\t<div class=\"elementor-element elementor-element-b6de75e elementor-widget__width-initial elementor-widget elementor-widget-heading\" data-id=\"b6de75e\" data-element_type=\"widget\" data-e-type=\"widget\" data-widget_type=\"heading.default\">\n\t\t\t\t<div class=\"elementor-widget-container\">\n\t\t\t\t\t<h2 class=\"elementor-heading-title elementor-size-default\">Services de soutien et de conseil par les pairs<\/h2>\t\t\t\t<\/div>\n\t\t\t\t<\/div>\n\t\t\t\t\t<\/div>\n\t\t<\/div>\n\t\t\t\t<div class=\"elementor-column elementor-col-50 elementor-inner-column elementor-element elementor-element-fe2050a\" data-id=\"fe2050a\" data-element_type=\"column\" data-e-type=\"column\">\n\t\t\t<div class=\"elementor-widget-wrap elementor-element-populated\">\n\t\t\t\t\t\t<div class=\"elementor-element elementor-element-7cfa1d6 elementor-widget__width-initial elementor-widget elementor-widget-image\" data-id=\"7cfa1d6\" data-element_type=\"widget\" data-e-type=\"widget\" data-widget_type=\"image.default\">\n\t\t\t\t<div class=\"elementor-widget-container\">\n\t\t\t\t\t\t\t\t\t\t\t\t\t\t\t<img fetchpriority=\"high\" decoding=\"async\" data-attachment-id=\"3280\" data-permalink=\"https:\/\/corvallisddc.org\/fr\/acryliconpaper-shapesabstract-cddc-2\/\" data-orig-file=\"https:\/\/i0.wp.com\/corvallisddc.org\/wp-content\/uploads\/2024\/08\/acryliconpaper-shapesabstract-cddc-e1729626464472.jpg?fit=2258%2C1908&amp;ssl=1\" data-orig-size=\"2258,1908\" data-comments-opened=\"1\" data-image-meta=\"{&quot;aperture&quot;:&quot;0&quot;,&quot;credit&quot;:&quot;&quot;,&quot;camera&quot;:&quot;NIKON D3500&quot;,&quot;caption&quot;:&quot;&quot;,&quot;created_timestamp&quot;:&quot;1715170272&quot;,&quot;copyright&quot;:&quot;&quot;,&quot;focal_length&quot;:&quot;0&quot;,&quot;iso&quot;:&quot;360&quot;,&quot;shutter_speed&quot;:&quot;0&quot;,&quot;title&quot;:&quot;&quot;,&quot;orientation&quot;:&quot;0&quot;}\" data-image-title=\"acryliconpaper-shapesabstract-cddc\" data-image-description=\"&lt;p&gt;Bright, multi-colors, shapes abstract. Acrylic on paper. Artist, CDDC guest.&lt;\/p&gt;\" data-image-caption=\"\" data-large-file=\"https:\/\/i0.wp.com\/corvallisddc.org\/wp-content\/uploads\/2024\/08\/acryliconpaper-shapesabstract-cddc-e1729626464472.jpg?fit=750%2C634&amp;ssl=1\" width=\"750\" height=\"634\" src=\"https:\/\/i0.wp.com\/corvallisddc.org\/wp-content\/uploads\/2024\/08\/acryliconpaper-shapesabstract-cddc-e1729626464472.jpg?fit=750%2C634&amp;ssl=1\" class=\"attachment-medium_large size-medium_large wp-image-3280\" alt=\"Bright, multi-colors, shapes abstract. Acrylic on paper. Artist, CDDC guest.\" srcset=\"https:\/\/i0.wp.com\/corvallisddc.org\/wp-content\/uploads\/2024\/08\/acryliconpaper-shapesabstract-cddc-e1729626464472.jpg?w=2258&amp;ssl=1 2258w, https:\/\/i0.wp.com\/corvallisddc.org\/wp-content\/uploads\/2024\/08\/acryliconpaper-shapesabstract-cddc-e1729626464472.jpg?resize=300%2C253&amp;ssl=1 300w, https:\/\/i0.wp.com\/corvallisddc.org\/wp-content\/uploads\/2024\/08\/acryliconpaper-shapesabstract-cddc-e1729626464472.jpg?resize=1024%2C865&amp;ssl=1 1024w, https:\/\/i0.wp.com\/corvallisddc.org\/wp-content\/uploads\/2024\/08\/acryliconpaper-shapesabstract-cddc-e1729626464472.jpg?resize=150%2C127&amp;ssl=1 150w, https:\/\/i0.wp.com\/corvallisddc.org\/wp-content\/uploads\/2024\/08\/acryliconpaper-shapesabstract-cddc-e1729626464472.jpg?resize=768%2C649&amp;ssl=1 768w, https:\/\/i0.wp.com\/corvallisddc.org\/wp-content\/uploads\/2024\/08\/acryliconpaper-shapesabstract-cddc-e1729626464472.jpg?resize=1536%2C1298&amp;ssl=1 1536w, https:\/\/i0.wp.com\/corvallisddc.org\/wp-content\/uploads\/2024\/08\/acryliconpaper-shapesabstract-cddc-e1729626464472.jpg?resize=2048%2C1731&amp;ssl=1 2048w, https:\/\/i0.wp.com\/corvallisddc.org\/wp-content\/uploads\/2024\/08\/acryliconpaper-shapesabstract-cddc-e1729626464472.jpg?resize=14%2C12&amp;ssl=1 14w, https:\/\/i0.wp.com\/corvallisddc.org\/wp-content\/uploads\/2024\/08\/acryliconpaper-shapesabstract-cddc-e1729626464472.jpg?resize=1568%2C1325&amp;ssl=1 1568w\" sizes=\"(max-width: 750px) 100vw, 750px\" longdesc=\"https:\/\/corvallisddc.org\/en?longdesc=3280&amp;referrer=3418\" id=\"longdesc-return-3280\" \/>\t\t\t\t\t\t\t\t\t\t\t\t\t\t\t<\/div>\n\t\t\t\t<\/div>\n\t\t\t\t\t<\/div>\n\t\t<\/div>\n\t\t\t\t\t<\/div>\n\t\t<\/section>\n\t\t\t\t<div class=\"elementor-element elementor-element-ef0a226 elementor-widget__width-initial elementor-widget elementor-widget-text-editor\" data-id=\"ef0a226\" data-element_type=\"widget\" data-e-type=\"widget\" data-widget_type=\"text-editor.default\">\n\t\t\t\t<div class=\"elementor-widget-container\">\n\t\t\t\t\t\t\t\t\t<p><span style=\"font-weight: 400;\">L\u2019un des objectifs du CDDC est d\u2019aider \u00e0 am\u00e9liorer la sant\u00e9 mentale de nos clients gr\u00e2ce \u00e0 un soutien holistique.\u00a0<\/span><\/p><p>\u00a0<\/p><p><span style=\"font-weight: 400;\">Les mod\u00e8les traditionnels de conseil peuvent \u00eatre profond\u00e9ment in\u00e9quitables et ne pas r\u00e9pondre aux besoins et aux circonstances uniques de chacun, en particulier lorsque les personnes sont en situation de pauvret\u00e9.\u00a0<\/span><\/p><p>\u00a0<\/p><p><span style=\"font-weight: 400;\">Le soutien en mati\u00e8re de sant\u00e9 mentale et de toxicomanie du CDDC offre des soins \u00e0 faible barri\u00e8re, tenant compte des traumatismes et hautement qualifi\u00e9s pour relever les d\u00e9fis de la vie qui peuvent avoir un impact sur votre s\u00e9curit\u00e9, votre bien-\u00eatre et votre capacit\u00e9 \u00e0 vous \u00e9panouir.\u00a0<\/span><\/p><p>\u00a0<\/p><p><b>Pour en savoir plus ou pour acc\u00e9der \u00e0 des services de conseil, appelez le (458) 233-5327 ou passez simplement nous voir et demandez \u00e0 notre personnel comment vous connecter.\u00a0<\/b><\/p><p>\u00a0<\/p><p><b>Les conversations de conseil sans rendez-vous sont \u00e9galement les bienvenues\u00a0!<\/b><\/p>\t\t\t\t\t\t\t\t<\/div>\n\t\t\t\t<\/div>\n\t\t\t\t\t<\/div>\n\t\t<\/div>\n\t\t\t\t\t<\/div>\n\t\t<\/section>\n\t\t\t\t<\/div>","protected":false},"excerpt":{"rendered":"<p>Services de soutien par les pairs et de consultation\u00a0: L\u2019un des objectifs du CDDC est d\u2019am\u00e9liorer la sant\u00e9 mentale de ses b\u00e9n\u00e9ficiaires gr\u00e2ce \u00e0 un soutien holistique. Les mod\u00e8les de consultation traditionnels peuvent \u00eatre profond\u00e9ment in\u00e9quitables et ne r\u00e9pondent pas aux besoins et aux situations uniques de chacun, en particulier pour les personnes vivant dans la pauvret\u00e9. Le soutien du CDDC en mati\u00e8re de sant\u00e9 mentale et de toxicomanie offre des soins accessibles, adapt\u00e9s aux traumatismes et dispens\u00e9s par des professionnels hautement qualifi\u00e9s.<a class=\"more-link\" href=\"https:\/\/corvallisddc.org\/fr\/peersupport_counseling\/\">Lire la suite <span class=\"screen-reader-text\">\u201c Services de soutien et de conseil par les pairs \u201d<\/span><\/a><\/p>","protected":false},"author":212331932,"featured_media":0,"parent":0,"menu_order":0,"comment_status":"closed","ping_status":"closed","template":"","meta":{"advanced_seo_description":"","jetpack_seo_html_title":"","jetpack_seo_noindex":false,"footnotes":""},"class_list":["post-3418","page","type-page","status-publish","hentry","entry"],"jetpack_likes_enabled":true,"jetpack_sharing_enabled":true,"jetpack_shortlink":"https:\/\/wp.me\/PdkkQs-T8","amp_enabled":true,"_links":{"self":[{"href":"https:\/\/corvallisddc.org\/fr\/wp-json\/wp\/v2\/pages\/3418","targetHints":{"allow":["GET"]}}],"collection":[{"href":"https:\/\/corvallisddc.org\/fr\/wp-json\/wp\/v2\/pages"}],"about":[{"href":"https:\/\/corvallisddc.org\/fr\/wp-json\/wp\/v2\/types\/page"}],"author":[{"embeddable":true,"href":"https:\/\/corvallisddc.org\/fr\/wp-json\/wp\/v2\/users\/212331932"}],"replies":[{"embeddable":true,"href":"https:\/\/corvallisddc.org\/fr\/wp-json\/wp\/v2\/comments?post=3418"}],"version-history":[{"count":12,"href":"https:\/\/corvallisddc.org\/fr\/wp-json\/wp\/v2\/pages\/3418\/revisions"}],"predecessor-version":[{"id":4068,"href":"https:\/\/corvallisddc.org\/fr\/wp-json\/wp\/v2\/pages\/3418\/revisions\/4068"}],"wp:attachment":[{"href":"https:\/\/corvallisddc.org\/fr\/wp-json\/wp\/v2\/media?parent=3418"}],"curies":[{"name":"wp","href":"https:\/\/api.w.org\/{rel}","templated":true}]}}