{"id":4082,"date":"2024-12-01T23:08:37","date_gmt":"2024-12-02T07:08:37","guid":{"rendered":"https:\/\/corvallisddc.org\/?page_id=4082"},"modified":"2024-12-02T00:01:44","modified_gmt":"2024-12-02T08:01:44","slug":"sort-street-outreach-response-team","status":"publish","type":"page","link":"https:\/\/corvallisddc.org\/fr\/sort-street-outreach-response-team\/","title":{"rendered":"SORT (\u00c9quipe d&#039;intervention d&#039;urgence dans la rue)"},"content":{"rendered":"<div data-elementor-type=\"wp-page\" data-elementor-id=\"4082\" class=\"elementor elementor-4082\">\n\t\t\t\t\t\t<section class=\"elementor-section elementor-top-section elementor-element elementor-element-4b9241de elementor-section-boxed elementor-section-height-default elementor-section-height-default\" data-id=\"4b9241de\" data-element_type=\"section\" data-e-type=\"section\">\n\t\t\t\t\t\t<div class=\"elementor-container elementor-column-gap-default\">\n\t\t\t\t\t<div class=\"elementor-column elementor-col-100 elementor-top-column elementor-element elementor-element-72e76ded\" data-id=\"72e76ded\" data-element_type=\"column\" data-e-type=\"column\">\n\t\t\t<div class=\"elementor-widget-wrap elementor-element-populated\">\n\t\t\t\t\t\t<div class=\"elementor-element elementor-element-38bb8a5c elementor-widget elementor-widget-text-editor\" data-id=\"38bb8a5c\" data-element_type=\"widget\" data-e-type=\"widget\" data-widget_type=\"text-editor.default\">\n\t\t\t\t<div class=\"elementor-widget-container\">\n\t\t\t\t\t\t\t\t\t<h2 style=\"text-align: center;\"><span style=\"color: #0000ff; font-family: arial, helvetica, sans-serif;\"><b>SORT (\u00c9quipe d&#039;intervention d&#039;urgence dans la rue)<\/b><\/span><\/h2><p>\u00a0<\/p><p><span style=\"font-weight: 400;\">L&#039;\u00e9quipe d&#039;intervention d&#039;urgence dans la rue (SORT) s&#039;engage aupr\u00e8s des personnes et des familles sans abri qui sont dans la rue ou en camping (c&#039;est-\u00e0-dire \u00e0 la fois en camping sauvage et en camping-car\/camping-car) pour fournir un soutien proactif, des ressources et des connexions de services.\u00a0<\/span><\/p><p><span style=\"font-weight: 400;\">SORT est un effort de collaboration entre des agences int\u00e9ress\u00e9es et des partenaires b\u00e9n\u00e9voles qui sont tous investis dans la r\u00e9duction des risques et dans la sensibilisation aux soins tenant compte des traumatismes.\u00a0<\/span><\/p><p><span style=\"font-weight: 400;\">SORT connecte les gens aux services et ressources d&#039;intervention (y compris, mais sans s&#039;y limiter, au logement et \u00e0 l&#039;abri, aux besoins m\u00e9dicaux, aux services aux anciens combattants, \u00e0 la nourriture et \u00e0 d&#039;autres besoins de base) et \u00e0 diverses organisations communautaires et agences gouvernementales.<\/span><\/p>\t\t\t\t\t\t\t\t<\/div>\n\t\t\t\t<\/div>\n\t\t\t\t<div class=\"elementor-element elementor-element-ff6950f elementor-widget elementor-widget-image\" data-id=\"ff6950f\" data-element_type=\"widget\" data-e-type=\"widget\" data-widget_type=\"image.default\">\n\t\t\t\t<div class=\"elementor-widget-container\">\n\t\t\t\t\t\t\t\t\t\t\t\t\t\t\t<img fetchpriority=\"high\" decoding=\"async\" data-attachment-id=\"3310\" data-permalink=\"https:\/\/corvallisddc.org\/fr\/eye-spiderwebart-cddc-2\/\" data-orig-file=\"https:\/\/i0.wp.com\/corvallisddc.org\/wp-content\/uploads\/2024\/08\/eye-spiderwebart-cddc.jpg?fit=3916%2C3891&amp;ssl=1\" data-orig-size=\"3916,3891\" data-comments-opened=\"1\" data-image-meta=\"{&quot;aperture&quot;:&quot;5.6&quot;,&quot;credit&quot;:&quot;&quot;,&quot;camera&quot;:&quot;NIKON D3500&quot;,&quot;caption&quot;:&quot;&quot;,&quot;created_timestamp&quot;:&quot;1715168904&quot;,&quot;copyright&quot;:&quot;&quot;,&quot;focal_length&quot;:&quot;34&quot;,&quot;iso&quot;:&quot;100&quot;,&quot;shutter_speed&quot;:&quot;0.008&quot;,&quot;title&quot;:&quot;&quot;,&quot;orientation&quot;:&quot;0&quot;}\" data-image-title=\"eye-spiderwebart-cddc\" data-image-description=\"\" data-image-caption=\"\" data-large-file=\"https:\/\/i0.wp.com\/corvallisddc.org\/wp-content\/uploads\/2024\/08\/eye-spiderwebart-cddc.jpg?fit=750%2C745&amp;ssl=1\" width=\"750\" height=\"745\" src=\"https:\/\/i0.wp.com\/corvallisddc.org\/wp-content\/uploads\/2024\/08\/eye-spiderwebart-cddc.jpg?fit=750%2C745&amp;ssl=1\" class=\"attachment-medium_large size-medium_large wp-image-3310\" alt=\"Web of love. Spiderweb with and eye in the center and a person holding a red heart.\" srcset=\"https:\/\/i0.wp.com\/corvallisddc.org\/wp-content\/uploads\/2024\/08\/eye-spiderwebart-cddc.jpg?w=3916&amp;ssl=1 3916w, https:\/\/i0.wp.com\/corvallisddc.org\/wp-content\/uploads\/2024\/08\/eye-spiderwebart-cddc.jpg?resize=300%2C298&amp;ssl=1 300w, https:\/\/i0.wp.com\/corvallisddc.org\/wp-content\/uploads\/2024\/08\/eye-spiderwebart-cddc.jpg?resize=1024%2C1017&amp;ssl=1 1024w, https:\/\/i0.wp.com\/corvallisddc.org\/wp-content\/uploads\/2024\/08\/eye-spiderwebart-cddc.jpg?resize=150%2C150&amp;ssl=1 150w, https:\/\/i0.wp.com\/corvallisddc.org\/wp-content\/uploads\/2024\/08\/eye-spiderwebart-cddc.jpg?resize=768%2C763&amp;ssl=1 768w, https:\/\/i0.wp.com\/corvallisddc.org\/wp-content\/uploads\/2024\/08\/eye-spiderwebart-cddc.jpg?resize=1536%2C1526&amp;ssl=1 1536w, https:\/\/i0.wp.com\/corvallisddc.org\/wp-content\/uploads\/2024\/08\/eye-spiderwebart-cddc.jpg?resize=2048%2C2035&amp;ssl=1 2048w, https:\/\/i0.wp.com\/corvallisddc.org\/wp-content\/uploads\/2024\/08\/eye-spiderwebart-cddc.jpg?resize=12%2C12&amp;ssl=1 12w, https:\/\/i0.wp.com\/corvallisddc.org\/wp-content\/uploads\/2024\/08\/eye-spiderwebart-cddc.jpg?resize=1568%2C1558&amp;ssl=1 1568w, https:\/\/i0.wp.com\/corvallisddc.org\/wp-content\/uploads\/2024\/08\/eye-spiderwebart-cddc.jpg?w=2250&amp;ssl=1 2250w\" sizes=\"(max-width: 750px) 100vw, 750px\" \/>\t\t\t\t\t\t\t\t\t\t\t\t\t\t\t<\/div>\n\t\t\t\t<\/div>\n\t\t\t\t\t<\/div>\n\t\t<\/div>\n\t\t\t\t\t<\/div>\n\t\t<\/section>\n\t\t\t\t<\/div>","protected":false},"excerpt":{"rendered":"<p>L\u2019\u00e9quipe d\u2019intervention de rue (SORT) va \u00e0 la rencontre des personnes et des familles sans abri qui vivent dans la rue ou campent (en camping sauvage ou en voiture\/camping-car) afin de leur apporter un soutien proactif, des ressources et des contacts avec les services sociaux. SORT est une initiative collaborative entre les organismes et les partenaires b\u00e9n\u00e9voles int\u00e9ress\u00e9s.<a class=\"more-link\" href=\"https:\/\/corvallisddc.org\/fr\/sort-street-outreach-response-team\/\">Lire la suite <span class=\"screen-reader-text\">\u201c SORT (\u00c9quipe d&#039;intervention de proximit\u00e9) \u201d<\/span><\/a><\/p>","protected":false},"author":212331932,"featured_media":0,"parent":0,"menu_order":0,"comment_status":"closed","ping_status":"closed","template":"","meta":{"advanced_seo_description":"","jetpack_seo_html_title":"","jetpack_seo_noindex":false,"footnotes":""},"class_list":["post-4082","page","type-page","status-publish","hentry","entry"],"jetpack_likes_enabled":true,"jetpack_sharing_enabled":true,"jetpack_shortlink":"https:\/\/wp.me\/PdkkQs-13Q","amp_enabled":true,"_links":{"self":[{"href":"https:\/\/corvallisddc.org\/fr\/wp-json\/wp\/v2\/pages\/4082","targetHints":{"allow":["GET"]}}],"collection":[{"href":"https:\/\/corvallisddc.org\/fr\/wp-json\/wp\/v2\/pages"}],"about":[{"href":"https:\/\/corvallisddc.org\/fr\/wp-json\/wp\/v2\/types\/page"}],"author":[{"embeddable":true,"href":"https:\/\/corvallisddc.org\/fr\/wp-json\/wp\/v2\/users\/212331932"}],"replies":[{"embeddable":true,"href":"https:\/\/corvallisddc.org\/fr\/wp-json\/wp\/v2\/comments?post=4082"}],"version-history":[{"count":11,"href":"https:\/\/corvallisddc.org\/fr\/wp-json\/wp\/v2\/pages\/4082\/revisions"}],"predecessor-version":[{"id":4140,"href":"https:\/\/corvallisddc.org\/fr\/wp-json\/wp\/v2\/pages\/4082\/revisions\/4140"}],"wp:attachment":[{"href":"https:\/\/corvallisddc.org\/fr\/wp-json\/wp\/v2\/media?parent=4082"}],"curies":[{"name":"wp","href":"https:\/\/api.w.org\/{rel}","templated":true}]}}