{"id":4162,"date":"2024-12-16T13:26:20","date_gmt":"2024-12-16T21:26:20","guid":{"rendered":"https:\/\/corvallisddc.org\/?page_id=4162"},"modified":"2024-12-16T14:13:38","modified_gmt":"2024-12-16T22:13:38","slug":"capital-campaign-for-the-navigation-resilience-dream-center","status":"publish","type":"page","link":"https:\/\/corvallisddc.org\/fr\/capital-campaign-for-the-navigation-resilience-dream-center\/","title":{"rendered":"Page de don pour la campagne de financement du Centre de r\u00eave pour la navigation et la r\u00e9silience"},"content":{"rendered":"<div data-elementor-type=\"wp-page\" data-elementor-id=\"4162\" class=\"elementor elementor-4162\">\n\t\t\t\t\t\t<section class=\"elementor-section elementor-top-section elementor-element elementor-element-a5694fd elementor-section-boxed elementor-section-height-default elementor-section-height-default\" data-id=\"a5694fd\" data-element_type=\"section\" data-e-type=\"section\">\n\t\t\t\t\t\t<div class=\"elementor-container elementor-column-gap-default\">\n\t\t\t\t\t<div class=\"elementor-column elementor-col-100 elementor-top-column elementor-element elementor-element-21728d8\" data-id=\"21728d8\" data-element_type=\"column\" data-e-type=\"column\">\n\t\t\t<div class=\"elementor-widget-wrap elementor-element-populated\">\n\t\t\t\t\t\t<div class=\"elementor-element elementor-element-49af794 elementor-widget elementor-widget-text-editor\" data-id=\"49af794\" data-element_type=\"widget\" data-e-type=\"widget\" data-widget_type=\"text-editor.default\">\n\t\t\t\t<div class=\"elementor-widget-container\">\n\t\t\t\t\t\t\t\t\t<h2 style=\"text-align: center;\"><span style=\"font-family: arial, helvetica, sans-serif; color: #0000ff;\"><b>Faites partie de quelque chose d\u2019EXTRAordinaire !<\/b><\/span><\/h2><p>\u00a0<\/p><p><span style=\"font-weight: 400;\">Gr\u00e2ce \u00e0 votre soutien, nous r\u00e9ussirons \u00e0 \u00e9largir les ressources essentielles et les espaces s\u00e9curitaires actuels pour les personnes en situation de pauvret\u00e9 en s\u00e9curisant notre nouveau foyer. Ensemble, nous pouvons avoir un impact significatif et renforcer notre communaut\u00e9 ! Nous vous invitons \u00e0 vous joindre \u00e0 nous pour concr\u00e9tiser ce souhait !<\/span><\/p><p>\u00a0<\/p><p><span style=\"font-weight: 400;\">Imaginez ceci : si la moiti\u00e9 des r\u00e9sidents de Corvallis contribuaient chacun \u00e0 hauteur de $10, ce soutien permettrait de faire des r\u00eaves de nos clients une r\u00e9alit\u00e9 et d&#039;apporter l&#039;abondance n\u00e9cessaire pour atteindre notre objectif de $1 million pour le nouveau centre de r\u00eave de navigation et de r\u00e9silience !<\/span><\/p><p>\u00a0<\/p><p><span style=\"font-weight: 400;\">Rejoignez-nous ! ENSEMBLE, nous cr\u00e9erons un avenir meilleur pour tous !<\/span><\/p><p>\u00a0<\/p><p><span style=\"font-weight: 400;\">***Le centre d&#039;accueil de jour de Corvallis est une organisation \u00e0 but non lucratif et reconnue comme exon\u00e9r\u00e9e d&#039;imp\u00f4t par l&#039;IRS en vertu de l&#039;article 501(c)(3). Notre num\u00e9ro EIN f\u00e9d\u00e9ral est\u00a0: 80-0019915<\/span><\/p>\t\t\t\t\t\t\t\t<\/div>\n\t\t\t\t<\/div>\n\t\t\t\t<div class=\"elementor-element elementor-element-999adba elementor-widget-divider--view-line_icon elementor-view-default elementor-widget-divider--element-align-center elementor-widget elementor-widget-divider\" data-id=\"999adba\" data-element_type=\"widget\" data-e-type=\"widget\" data-widget_type=\"divider.default\">\n\t\t\t\t<div class=\"elementor-widget-container\">\n\t\t\t\t\t\t\t<div class=\"elementor-divider\">\n\t\t\t<span class=\"elementor-divider-separator\">\n\t\t\t\t\t\t\t<div class=\"elementor-icon elementor-divider__element\">\n\t\t\t\t\t<i aria-hidden=\"true\" class=\"fas fa-sun\"><\/i><\/div>\n\t\t\t\t\t\t<\/span>\n\t\t<\/div>\n\t\t\t\t\t\t<\/div>\n\t\t\t\t<\/div>\n\t\t\t\t<div class=\"elementor-element elementor-element-07c66b1 elementor-widget elementor-widget-html\" data-id=\"07c66b1\" data-element_type=\"widget\" data-e-type=\"widget\" data-widget_type=\"html.default\">\n\t\t\t\t<div class=\"elementor-widget-container\">\n\t\t\t\t\t<div style=\"position:relative;overflow:hidden;height:1200px;width:100%;\"><iframe title='Formulaire de don propuls\u00e9 par Zeffy' style='position: absolute; border: 0; top:0;left:0;bottom:0;right:0;width:100%;height:100%' src='https:\/\/www.zeffy.com\/embed\/donation-form\/new-navigation-and-resilience-center' allowpaymentrequest allowtransparency=\"true\"><\/iframe><\/div>\r\n\t\t\t\t<\/div>\n\t\t\t\t<\/div>\n\t\t\t\t\t<\/div>\n\t\t<\/div>\n\t\t\t\t\t<\/div>\n\t\t<\/section>\n\t\t\t\t<\/div>","protected":false},"excerpt":{"rendered":"<p>Participez \u00e0 un projet extraordinaire ! Gr\u00e2ce \u00e0 votre soutien, nous pourrons d\u00e9velopper nos ressources essentielles et nos espaces s\u00e9curis\u00e9s pour les personnes en situation de pauvret\u00e9 en obtenant notre nouveau local. Ensemble, nous pouvons avoir un impact significatif et renforcer notre communaut\u00e9 ! Nous vous invitons \u00e0 nous rejoindre pour concr\u00e9tiser ce r\u00eave ! Imaginez :<a class=\"more-link\" href=\"https:\/\/corvallisddc.org\/fr\/capital-campaign-for-the-navigation-resilience-dream-center\/\">Lire la suite <span class=\"screen-reader-text\">\u201c Page de dons pour la campagne de financement du Centre de r\u00eaves Navigation &amp; Resilience \u201d<\/span><\/a><\/p>","protected":false},"author":212331932,"featured_media":0,"parent":0,"menu_order":0,"comment_status":"closed","ping_status":"closed","template":"","meta":{"advanced_seo_description":"","jetpack_seo_html_title":"","jetpack_seo_noindex":false,"footnotes":""},"class_list":["post-4162","page","type-page","status-publish","hentry","entry"],"jetpack_likes_enabled":true,"jetpack_sharing_enabled":true,"jetpack_shortlink":"https:\/\/wp.me\/PdkkQs-158","amp_enabled":true,"_links":{"self":[{"href":"https:\/\/corvallisddc.org\/fr\/wp-json\/wp\/v2\/pages\/4162","targetHints":{"allow":["GET"]}}],"collection":[{"href":"https:\/\/corvallisddc.org\/fr\/wp-json\/wp\/v2\/pages"}],"about":[{"href":"https:\/\/corvallisddc.org\/fr\/wp-json\/wp\/v2\/types\/page"}],"author":[{"embeddable":true,"href":"https:\/\/corvallisddc.org\/fr\/wp-json\/wp\/v2\/users\/212331932"}],"replies":[{"embeddable":true,"href":"https:\/\/corvallisddc.org\/fr\/wp-json\/wp\/v2\/comments?post=4162"}],"version-history":[{"count":16,"href":"https:\/\/corvallisddc.org\/fr\/wp-json\/wp\/v2\/pages\/4162\/revisions"}],"predecessor-version":[{"id":4194,"href":"https:\/\/corvallisddc.org\/fr\/wp-json\/wp\/v2\/pages\/4162\/revisions\/4194"}],"wp:attachment":[{"href":"https:\/\/corvallisddc.org\/fr\/wp-json\/wp\/v2\/media?parent=4162"}],"curies":[{"name":"wp","href":"https:\/\/api.w.org\/{rel}","templated":true}]}}