{"id":4377,"date":"2025-02-24T15:48:57","date_gmt":"2025-02-24T23:48:57","guid":{"rendered":"https:\/\/corvallisddc.org\/?page_id=4377"},"modified":"2025-03-08T16:01:10","modified_gmt":"2025-03-09T00:01:10","slug":"frontdoorservicesdisc","status":"publish","type":"page","link":"https:\/\/corvallisddc.org\/fr\/frontdoorservicesdisc\/","title":{"rendered":"Discussion sur les services de porte d&#039;entr\u00e9e 2024"},"content":{"rendered":"<div data-elementor-type=\"wp-page\" data-elementor-id=\"4377\" class=\"elementor elementor-4377\">\n\t\t\t\t\t\t<section class=\"elementor-section elementor-top-section elementor-element elementor-element-eb03c23 elementor-section-boxed elementor-section-height-default elementor-section-height-default\" data-id=\"eb03c23\" data-element_type=\"section\" data-e-type=\"section\">\n\t\t\t\t\t\t<div class=\"elementor-container elementor-column-gap-default\">\n\t\t\t\t\t<div class=\"elementor-column elementor-col-100 elementor-top-column elementor-element elementor-element-a638034\" data-id=\"a638034\" data-element_type=\"column\" data-e-type=\"column\">\n\t\t\t<div class=\"elementor-widget-wrap elementor-element-populated\">\n\t\t\t\t\t\t<div class=\"elementor-element elementor-element-ddc414f elementor-widget elementor-widget-text-editor\" data-id=\"ddc414f\" data-element_type=\"widget\" data-e-type=\"widget\" data-widget_type=\"text-editor.default\">\n\t\t\t\t<div class=\"elementor-widget-container\">\n\t\t\t\t\t\t\t\t\t<h2><b>Services de porte d&#039;entr\u00e9e dans le comt\u00e9 de Benton \u2013 Table ronde de questions et r\u00e9ponses<\/b><\/h2><p><span style=\"font-weight: 400;\">Enregistr\u00e9 le 18 d\u00e9cembre 2024<\/span><\/p><p><span style=\"font-weight: 400;\">Description de la vid\u00e9o : Cette vid\u00e9o est un enregistrement d&#039;une table ronde virtuelle de questions-r\u00e9ponses, mettant en lumi\u00e8re trois organisations locales qui fournissent des services et un soutien \u00e0 faible barri\u00e8re et aux besoins de base dans la r\u00e9gion de Corvallis.<\/span><\/p><p><span style=\"font-weight: 400;\">Les directeurs ex\u00e9cutifs, Allison Hobgood avec le <a href=\"https:\/\/corvallisddc.org\/fr\/\">Centre d&#039;accueil de jour de Corvallis<\/a>; Ilene McClelland avec le <a href=\"http:\/\/vinamoses.org\/\">Centre Vina Moses<\/a>; et Shawn Collins avec <a href=\"http:\/\/unityshelter.org\/\">Refuge de l&#039;Unit\u00e9<\/a> partager des informations essentielles sur les services et programmes qu&#039;ils fournissent, sur la mani\u00e8re dont la communaut\u00e9 et le gouvernement local peuvent soutenir ces efforts et sur des informations importantes concernant nos voisins confront\u00e9s \u00e0 la pauvret\u00e9 et au sans-abrisme.<\/span><\/p>\t\t\t\t\t\t\t\t<\/div>\n\t\t\t\t<\/div>\n\t\t\t\t<div class=\"elementor-element elementor-element-f5f4fe5 elementor-widget elementor-widget-spacer\" data-id=\"f5f4fe5\" data-element_type=\"widget\" data-e-type=\"widget\" data-widget_type=\"spacer.default\">\n\t\t\t\t<div class=\"elementor-widget-container\">\n\t\t\t\t\t\t\t<div class=\"elementor-spacer\">\n\t\t\t<div class=\"elementor-spacer-inner\"><\/div>\n\t\t<\/div>\n\t\t\t\t\t\t<\/div>\n\t\t\t\t<\/div>\n\t\t\t\t<div class=\"elementor-element elementor-element-db2aab8 elementor-widget__width-initial elementor-widget elementor-widget-shortcode\" data-id=\"db2aab8\" data-element_type=\"widget\" data-e-type=\"widget\" data-widget_type=\"shortcode.default\">\n\t\t\t\t<div class=\"elementor-widget-container\">\n\t\t\t\t\t\t\t<div class=\"elementor-shortcode\"><iframe width=\"560\" height=\"315\" src=\"https:\/\/www.youtube.com\/embed\/ZNnJcY7-u2A?si=geJSMG5vJlYf6ibq\" title=\"Lecteur vid\u00e9o YouTube\" frameborder=\"0\" allow=\"accelerometer; autoplay; clipboard-write; encrypted-media; gyroscope; picture-in-picture; web-share\" referrerpolicy=\"strict-origin-when-cross-origin\" allowfullscreen><\/iframe><\/div>\n\t\t\t\t\t\t<\/div>\n\t\t\t\t<\/div>\n\t\t\t\t\t<\/div>\n\t\t<\/div>\n\t\t\t\t\t<\/div>\n\t\t<\/section>\n\t\t\t\t<\/div>","protected":false},"excerpt":{"rendered":"<p>Services d&#039;accueil du comt\u00e9 de Benton \u2013 Table ronde de questions-r\u00e9ponses Enregistr\u00e9 le 18 d\u00e9cembre 2024 Description de la vid\u00e9o\u00a0: Cette vid\u00e9o est l&#039;enregistrement d&#039;une table ronde virtuelle de questions-r\u00e9ponses mettant en lumi\u00e8re trois organismes locaux qui offrent des services et un soutien adapt\u00e9s aux besoins essentiels dans la r\u00e9gion de Corvallis. Parmi les intervenants, Allison Hobgood, directrice g\u00e9n\u00e9rale du Corvallis Daytime Drop-in.<a class=\"more-link\" href=\"https:\/\/corvallisddc.org\/fr\/frontdoorservicesdisc\/\">Lire la suite <span class=\"screen-reader-text\">\u201c Discussion sur les services de porte d&#039;entr\u00e9e 2024 \u201d<\/span><\/a><\/p>","protected":false},"author":212331932,"featured_media":0,"parent":0,"menu_order":0,"comment_status":"closed","ping_status":"closed","template":"","meta":{"advanced_seo_description":"","jetpack_seo_html_title":"","jetpack_seo_noindex":false,"footnotes":""},"class_list":["post-4377","page","type-page","status-publish","hentry","entry"],"jetpack_likes_enabled":true,"jetpack_sharing_enabled":true,"jetpack_shortlink":"https:\/\/wp.me\/PdkkQs-18B","amp_enabled":true,"_links":{"self":[{"href":"https:\/\/corvallisddc.org\/fr\/wp-json\/wp\/v2\/pages\/4377","targetHints":{"allow":["GET"]}}],"collection":[{"href":"https:\/\/corvallisddc.org\/fr\/wp-json\/wp\/v2\/pages"}],"about":[{"href":"https:\/\/corvallisddc.org\/fr\/wp-json\/wp\/v2\/types\/page"}],"author":[{"embeddable":true,"href":"https:\/\/corvallisddc.org\/fr\/wp-json\/wp\/v2\/users\/212331932"}],"replies":[{"embeddable":true,"href":"https:\/\/corvallisddc.org\/fr\/wp-json\/wp\/v2\/comments?post=4377"}],"version-history":[{"count":28,"href":"https:\/\/corvallisddc.org\/fr\/wp-json\/wp\/v2\/pages\/4377\/revisions"}],"predecessor-version":[{"id":4486,"href":"https:\/\/corvallisddc.org\/fr\/wp-json\/wp\/v2\/pages\/4377\/revisions\/4486"}],"wp:attachment":[{"href":"https:\/\/corvallisddc.org\/fr\/wp-json\/wp\/v2\/media?parent=4377"}],"curies":[{"name":"wp","href":"https:\/\/api.w.org\/{rel}","templated":true}]}}