{"id":987,"date":"2022-04-29T07:23:00","date_gmt":"2022-04-29T14:23:00","guid":{"rendered":"https:\/\/corvallisddc.org\/?page_id=987"},"modified":"2022-04-29T07:59:15","modified_gmt":"2022-04-29T14:59:15","slug":"archives","status":"publish","type":"page","link":"https:\/\/corvallisddc.org\/fr\/archives\/","title":{"rendered":"Archives"},"content":{"rendered":"<div class=\"wp-block-columns alignfull is-layout-flex wp-container-core-columns-is-layout-28f84493 wp-block-columns-is-layout-flex\">\n<div class=\"wp-block-column is-layout-flow wp-block-column-is-layout-flow\" style=\"flex-basis:10%\"><\/div>\n\n\n\n<div class=\"wp-block-column is-layout-flow wp-block-column-is-layout-flow\">\n<h2 class=\"wp-block-heading\" style=\"font-size:48px\">Archives<\/h2>\n<\/div>\n\n\n\n<div class=\"wp-block-column is-layout-flow wp-block-column-is-layout-flow\" style=\"flex-basis:10%\"><\/div>\n<\/div>\n\n\n\n<div class=\"wp-block-columns alignfull is-layout-flex wp-container-core-columns-is-layout-28f84493 wp-block-columns-is-layout-flex\">\n<div class=\"wp-block-column is-layout-flow wp-block-column-is-layout-flow\" style=\"flex-basis:10%\"><\/div>\n\n\n\n<div class=\"wp-block-column is-layout-flow wp-block-column-is-layout-flow\">\t<div\n\t\tclass=\"wp-block-newspack-blocks-homepage-articles is-style-borders wpnbha ts-5 show-category is-style-borders has-text-align-left\"\n\t\tstyle=\"\"\n\t\t>\n\t\t\t\t\t<style id=\"newspack-blocks-inline-css\" type=\"text\/css\">\t\t.wp-block-newspack-blocks-homepage-articles article .entry-title {\n\t\t\tfont-size: 1.2em;\n\t\t}\n\t\t.wp-block-newspack-blocks-homepage-articles .entry-meta {\n\t\t\tdisplay: flex;\n\t\t\tflex-wrap: wrap;\n\t\t\talign-items: center;\n\t\t\tmargin-top: 0.5em;\n\t\t}\n\t\t.wp-block-newspack-blocks-homepage-articles article .entry-meta {\n\t\t\tfont-size: 0.8em;\n\t\t}\n\t\t.wp-block-newspack-blocks-homepage-articles article .avatar {\n\t\t\theight: 25px;\n\t\t\twidth: 25px;\n\t\t}\n\t\t.wp-block-newspack-blocks-homepage-articles .post-thumbnail{\n\t\t\tmargin: 0;\n\t\t\tmargin-bottom: 0.25em;\n\t\t}\n\t\t.wp-block-newspack-blocks-homepage-articles .post-thumbnail img {\n\t\t\theight: auto;\n\t\t\twidth: 100%;\n\t\t}\n\t\t.wp-block-newspack-blocks-homepage-articles .post-thumbnail figcaption {\n\t\t\tmargin-bottom: 0.5em;\n\t\t}\n\t\t.wp-block-newspack-blocks-homepage-articles p {\n\t\t\tmargin: 0.5em 0;\n\t\t}\n\n\t\t.wpnbha.ts-5 .entry-title{font-size: 1.4em}.wpnbha.ts-5 article .newspack-post-subtitle {font-size: 1.2em;}\t<\/style>\n\t\t\t\t<div data-posts data-current-post-id=\"987\">\n\t\t\t\t\t\t\n\t<article data-post-id=\"958\"\n\t\tclass=\"category-archives category-media type-post post-has-image\"\n\t\t\t\t>\n\t\t\t\t\n\t\t<div class=\"entry-wrapper\">\n\t\t\t\n\t\t\t\t<div class=\"cat-links\">\n\t\t\t\t\t<a href=\"https:\/\/corvallisddc.org\/fr\/category\/archives\/\">Archives<\/a>\t\t\t\t<\/div>\n\t\t\t\t<h2 class=\"entry-title\"><a href=\"https:\/\/corvallisddc.org\/fr\/2019\/11\/21\/wisdom-from-the-streets\/\" rel=\"bookmark\">La sagesse des rues<\/a><\/h2>\t\t\t\t\t\t<p>Courts m\u00e9trages et conf\u00e9rences sur la r\u00e9silience et les racines de l&#039;itin\u00e9rance Jeudi 21 novembre, ouverture des portes \u00e0 19h00 au Whiteside Theatre \u00e0 Corvallis Entr\u00e9e : $5 don sugg\u00e9r\u00e9\u2026<\/p>\n\t\t\t\t<div class=\"entry-meta\">\n\t\t\t\t\t<time class=\"entry-date published\" datetime=\"2019-11-21T12:00:00-08:00\">21 novembre 2019<\/time><time class=\"updated\" datetime=\"2022-04-29T07:19:54-07:00\">29 avril 2022<\/time>\t\t\t\t<\/div><!-- .entry-meta -->\n\t\t\t\t\t<\/div><!-- .entry-wrapper -->\n\t<\/article>\n\n\t\t\n\t<article data-post-id=\"965\"\n\t\tclass=\"category-archives category-events type-post post-has-image\"\n\t\t\t\t>\n\t\t\t\t\n\t\t<div class=\"entry-wrapper\">\n\t\t\t\n\t\t\t\t<div class=\"cat-links\">\n\t\t\t\t\t<a href=\"https:\/\/corvallisddc.org\/fr\/category\/archives\/\">Archives<\/a>\t\t\t\t<\/div>\n\t\t\t\t<h2 class=\"entry-title\"><a href=\"https:\/\/corvallisddc.org\/fr\/2019\/04\/05\/benefit-concert-for-the-corvallis-daytime-drop-in-center\/\" rel=\"bookmark\">Concert-b\u00e9n\u00e9fice pour le centre d&#039;accueil de jour de Corvallis<\/a><\/h2>\t\t\t\t\t\t<p>COCHON SAUVAGE DANS LES BOIS Vendredi 5 avril 2019, de 19h00 \u00e0 21h00 Odd Fellows Hall, 223 SW 2nd St \u00e0 CorvallisAdmission : $10-$20 don sugg\u00e9r\u00e9 (mais personne ne sera refoul\u00e9 pour manque de nourriture)<\/p>\n\t\t\t\t<div class=\"entry-meta\">\n\t\t\t\t\t<time class=\"entry-date published\" datetime=\"2019-04-05T12:00:00-07:00\">5 avril 2019<\/time><time class=\"updated\" datetime=\"2022-04-29T07:09:05-07:00\">29 avril 2022<\/time>\t\t\t\t<\/div><!-- .entry-meta -->\n\t\t\t\t\t<\/div><!-- .entry-wrapper -->\n\t<\/article>\n\n\t\t\n\t<article data-post-id=\"969\"\n\t\tclass=\"category-archives category-community type-post\"\n\t\t\t\t>\n\t\t\t\t\n\t\t<div class=\"entry-wrapper\">\n\t\t\t\n\t\t\t\t<div class=\"cat-links\">\n\t\t\t\t\t<a href=\"https:\/\/corvallisddc.org\/fr\/category\/archives\/\">Archives<\/a>\t\t\t\t<\/div>\n\t\t\t\t<h2 class=\"entry-title\"><a href=\"https:\/\/corvallisddc.org\/fr\/2018\/12\/14\/as-i-see-it-lets-stand-in-solidarity-with-the-poor\/\" rel=\"bookmark\">Tel que je le vois : soyons solidaires des pauvres<\/a><\/h2>\t\t\t\t\t\t<p>Matt Gordon, ministre principal de la First Christian Church, pr\u00e9sente une perspective \u00e9mouvante sur le centre d&#039;accueil de jour de Corvallis et la solidarit\u00e9 avec les pauvres.\u2026<\/p>\n\t\t\t\t<div class=\"entry-meta\">\n\t\t\t\t\t<time class=\"entry-date published\" datetime=\"2018-12-14T12:00:00-08:00\">14 d\u00e9cembre 2018<\/time><time class=\"updated\" datetime=\"2022-04-29T07:08:53-07:00\">29 avril 2022<\/time>\t\t\t\t<\/div><!-- .entry-meta -->\n\t\t\t\t\t<\/div><!-- .entry-wrapper -->\n\t<\/article>\n\n\t\t\n\t<article data-post-id=\"974\"\n\t\tclass=\"category-archives category-community category-events type-post post-has-image\"\n\t\t\t\t>\n\t\t\t\t\n\t\t<div class=\"entry-wrapper\">\n\t\t\t\n\t\t\t\t<div class=\"cat-links\">\n\t\t\t\t\t<a href=\"https:\/\/corvallisddc.org\/fr\/category\/archives\/\">Archives<\/a>\t\t\t\t<\/div>\n\t\t\t\t<h2 class=\"entry-title\"><a href=\"https:\/\/corvallisddc.org\/fr\/2018\/11\/01\/it-takes-a-community-to-raise-a-village\/\" rel=\"bookmark\">Il faut une communaut\u00e9 pour \u00e9lever un village<\/a><\/h2>\t\t\t\t\t\t<p>Jeudi 1er novembre 2018, de 19h00 \u00e0 20h30First Presbyterian Church, 114 SW 8th St, Corvallis Rejoignez-nous jeudi soir alors que Dan Bryant de SquareOne\u2026<\/p>\n\t\t\t\t<div class=\"entry-meta\">\n\t\t\t\t\t<time class=\"entry-date published\" datetime=\"2018-11-01T12:00:00-07:00\">1 novembre 2018<\/time><time class=\"updated\" datetime=\"2022-04-29T07:11:39-07:00\">29 avril 2022<\/time>\t\t\t\t<\/div><!-- .entry-meta -->\n\t\t\t\t\t<\/div><!-- .entry-wrapper -->\n\t<\/article>\n\n\t\t\n\t<article data-post-id=\"978\"\n\t\tclass=\"category-archives category-media type-post post-has-image\"\n\t\t\t\t>\n\t\t\t\t\n\t\t<div class=\"entry-wrapper\">\n\t\t\t\n\t\t\t\t<div class=\"cat-links\">\n\t\t\t\t\t<a href=\"https:\/\/corvallisddc.org\/fr\/category\/archives\/\">Archives<\/a>\t\t\t\t<\/div>\n\t\t\t\t<h2 class=\"entry-title\"><a href=\"https:\/\/corvallisddc.org\/fr\/2018\/09\/15\/september-2018-status\/\" rel=\"bookmark\">\u00c9tat d&#039;avancement de septembre 2018<\/a><\/h2>\t\t\t\t\t\t<p>Veuillez prendre quelques minutes pour regarder notre nouvelle courte vid\u00e9o sur le CDDC !<\/p>\n\t\t\t\t<div class=\"entry-meta\">\n\t\t\t\t\t<time class=\"entry-date published\" datetime=\"2018-09-15T12:00:00-07:00\">15 septembre 2018<\/time><time class=\"updated\" datetime=\"2023-02-17T11:31:45-08:00\">17 f\u00e9vrier 2023<\/time>\t\t\t\t<\/div><!-- .entry-meta -->\n\t\t\t\t\t<\/div><!-- .entry-wrapper -->\n\t<\/article>\n\n\t\t\t\t<\/div>\n\t\t\n\t<\/div>\n\t<\/div>\n\n\n\n<div class=\"wp-block-column is-layout-flow wp-block-column-is-layout-flow\" style=\"flex-basis:10%\"><\/div>\n<\/div>","protected":false},"excerpt":{"rendered":"<p>Archives<\/p>","protected":false},"author":210647820,"featured_media":0,"parent":0,"menu_order":0,"comment_status":"closed","ping_status":"closed","template":"","meta":{"advanced_seo_description":"","jetpack_seo_html_title":"","jetpack_seo_noindex":false,"footnotes":""},"class_list":["post-987","page","type-page","status-publish","hentry","entry"],"jetpack_likes_enabled":true,"jetpack_sharing_enabled":true,"jetpack_shortlink":"https:\/\/wp.me\/PdkkQs-fV","amp_enabled":true,"_links":{"self":[{"href":"https:\/\/corvallisddc.org\/fr\/wp-json\/wp\/v2\/pages\/987","targetHints":{"allow":["GET"]}}],"collection":[{"href":"https:\/\/corvallisddc.org\/fr\/wp-json\/wp\/v2\/pages"}],"about":[{"href":"https:\/\/corvallisddc.org\/fr\/wp-json\/wp\/v2\/types\/page"}],"author":[{"embeddable":true,"href":"https:\/\/corvallisddc.org\/fr\/wp-json\/wp\/v2\/users\/210647820"}],"replies":[{"embeddable":true,"href":"https:\/\/corvallisddc.org\/fr\/wp-json\/wp\/v2\/comments?post=987"}],"version-history":[{"count":10,"href":"https:\/\/corvallisddc.org\/fr\/wp-json\/wp\/v2\/pages\/987\/revisions"}],"predecessor-version":[{"id":1030,"href":"https:\/\/corvallisddc.org\/fr\/wp-json\/wp\/v2\/pages\/987\/revisions\/1030"}],"wp:attachment":[{"href":"https:\/\/corvallisddc.org\/fr\/wp-json\/wp\/v2\/media?parent=987"}],"curies":[{"name":"wp","href":"https:\/\/api.w.org\/{rel}","templated":true}]}}