{"id":2548,"date":"2024-03-26T13:11:15","date_gmt":"2024-03-26T20:11:15","guid":{"rendered":"https:\/\/corvallisddc.org\/?page_id=2548"},"modified":"2024-12-16T13:37:39","modified_gmt":"2024-12-16T21:37:39","slug":"give-help-2","status":"publish","type":"page","link":"https:\/\/corvallisddc.org\/pt\/give-help-2\/","title":{"rendered":"D\u00ea ajuda"},"content":{"rendered":"<div data-elementor-type=\"wp-page\" data-elementor-id=\"2548\" class=\"elementor elementor-2548\">\n\t\t\t\t\t\t<section class=\"elementor-section elementor-top-section elementor-element elementor-element-e606547 elementor-section-boxed elementor-section-height-default elementor-section-height-default\" data-id=\"e606547\" data-element_type=\"section\" data-e-type=\"section\">\n\t\t\t\t\t\t<div class=\"elementor-container elementor-column-gap-default\">\n\t\t\t\t\t<div class=\"elementor-column elementor-col-100 elementor-top-column elementor-element elementor-element-f3f1d3b\" data-id=\"f3f1d3b\" data-element_type=\"column\" data-e-type=\"column\">\n\t\t\t<div class=\"elementor-widget-wrap elementor-element-populated\">\n\t\t\t\t\t\t<div class=\"elementor-element elementor-element-eb095b2 elementor-widget elementor-widget-text-editor\" data-id=\"eb095b2\" data-element_type=\"widget\" data-e-type=\"widget\" data-widget_type=\"text-editor.default\">\n\t\t\t\t<div class=\"elementor-widget-container\">\n\t\t\t\t\t\t\t\t\t<div id=\"malwarebytes-root\" style=\"position: fixed; inset: 0px 0px auto; z-index: 2147483647; width: 100%;\" tabindex=\"-1\">\u00a0<\/div><p><span style=\"font-weight: 400; font-size: 22px; font-family: arial, helvetica, sans-serif;\">Seu cuidado e comprometimento fazem toda a diferen\u00e7a para os h\u00f3spedes que atendemos no Corvallis Daytime Drop-in Center!\u00a0<\/span><\/p><p>\u00a0<\/p><p><span style=\"font-weight: 400; font-size: 22px; font-family: arial, helvetica, sans-serif;\">As doa\u00e7\u00f5es ajudam o Centro a oferecer cuidados e servi\u00e7os individualizados aos nossos h\u00f3spedes, ao mesmo tempo em que enfrenta a pobreza sist\u00eamica e a falta de moradia aqui mesmo, em nosso pr\u00f3prio quintal.<\/span><\/p><p>\u00a0<\/p><p><span style=\"font-weight: 400; font-size: 22px; font-family: arial, helvetica, sans-serif;\">Juntos, criamos acesso \u00e0s necessidades b\u00e1sicas para aqueles que mais precisam em nossa comunidade por meio de:<\/span><\/p><ul><li><span style=\"font-weight: 400; font-size: 22px; font-family: arial, helvetica, sans-serif;\">fornecendo assist\u00eancia e advocacia dignas, <\/span><\/li><li><span style=\"font-weight: 400; font-size: 22px; font-family: arial, helvetica, sans-serif;\">oferecendo oportunidades para a constru\u00e7\u00e3o de comunidades e redes sociais,<\/span><\/li><li><span style=\"font-weight: 400; font-size: 22px; font-family: arial, helvetica, sans-serif;\">apoiando o bem-estar e a reabilita\u00e7\u00e3o de indiv\u00edduos em situa\u00e7\u00f5es de emerg\u00eancia, transi\u00e7\u00e3o e circunst\u00e2ncias de vida cont\u00ednuas.<\/span><\/li><\/ul><p>\u00a0<\/p><p><span style=\"font-weight: 400; font-size: 22px; font-family: arial, helvetica, sans-serif;\">Obrigado por investir nesta comunidade. N\u00f3s apreciamos voc\u00ea!<\/span><\/p>\t\t\t\t\t\t\t\t<\/div>\n\t\t\t\t<\/div>\n\t\t\t\t<div class=\"elementor-element elementor-element-d7962a1 elementor-widget elementor-widget-text-editor\" data-id=\"d7962a1\" data-element_type=\"widget\" data-e-type=\"widget\" data-widget_type=\"text-editor.default\">\n\t\t\t\t<div class=\"elementor-widget-container\">\n\t\t\t\t\t\t\t\t\t<h1><span style=\"font-family: arial, helvetica, sans-serif; font-size: 28px;\">Maneiras de doar<\/span><\/h1><p><span style=\"font-family: arial, helvetica, sans-serif; font-size: 24px;\"><strong>Doe contribui\u00e7\u00e3o financeira:<\/strong><\/span><\/p><ul><li><span style=\"font-family: arial, helvetica, sans-serif;\">Envie uma doa\u00e7\u00e3o on-line. <a href=\"https:\/\/corvallisddc.org\/pt\/donateonline\/\">CLIQUE AQUI<\/a> para acessar o formul\u00e1rio de doa\u00e7\u00e3o online, ou acesse clicando no bot\u00e3o azul \u201cDOE AQUI\u201d no topo da p\u00e1gina.<\/span><\/li><li><span style=\"font-size: 1em; font-family: arial, helvetica, sans-serif;\">Envie uma doa\u00e7\u00e3o financeira. Fa\u00e7a um cheque ou ordem de pagamento pag\u00e1vel ao Corvallis Daytime Drop-in Center e envie para: PO BOX 1705, CORVALLIS, OR 97339\u00a0<\/span><\/li><\/ul><p>\u00a0<\/p><p><span style=\"font-size: 24px; font-family: arial, helvetica, sans-serif;\"><strong>Doe bens, servi\u00e7os ou seu tempo.<\/strong><\/span><\/p><ul><li><span style=\"font-size: 20px; font-family: arial, helvetica, sans-serif;\"><strong>Seja volunt\u00e1rio conosco!<\/strong><\/span><\/li><\/ul><p style=\"padding-left: 40px;\"><span style=\"font-weight: 400; font-family: arial, helvetica, sans-serif;\">Somos muito gratos por suas doa\u00e7\u00f5es de tempo e habilidade.<\/span><\/p><p style=\"padding-left: 40px;\"><span style=\"font-weight: 400; font-family: arial, helvetica, sans-serif;\">Para saber mais sobre como doar seu tempo ou servi\u00e7os, entre em contato com a Dra. Allison Hobgood por e-mail: <a href=\"mailto:info@corvallisddc.org\">info@corvallisddc.org<\/a> ou ligue para 458-233-5327.\u00a0<\/span><\/p><ul><li><span style=\"font-family: arial, helvetica, sans-serif;\"><strong>Presentes em esp\u00e9cie<\/strong><\/span><\/li><\/ul><p style=\"padding-left: 40px;\"><span style=\"font-weight: 400; font-family: arial, helvetica, sans-serif;\">Agradecemos suas doa\u00e7\u00f5es de alimentos, itens de higiene, roupas novas e usadas, sapatos e outros itens.\u00a0<\/span><\/p><p>\u00a0<\/p><p style=\"padding-left: 40px;\"><span style=\"font-family: arial, helvetica, sans-serif;\"><em><span style=\"font-weight: 400;\">***Por favor, verifique nosso <a href=\"https:\/\/corvallisddc.org\/pt\/current-needs-list\/\"><strong>Lista de necessidades atuais<\/strong><\/a> para descobrir o que nossos h\u00f3spedes mais precisam agora. <a href=\"https:\/\/corvallisddc.org\/pt\/current-needs-list\/\">CLIQUE AQUI<\/a> para ver a lista.***<\/span><\/em><\/span><\/p><p style=\"padding-left: 40px;\"><span style=\"font-weight: 400; font-family: arial, helvetica, sans-serif;\">\u00a0<\/span><\/p><p style=\"padding-left: 40px;\"><span style=\"font-weight: 400; font-family: arial, helvetica, sans-serif;\">Os itens podem ser enviados ou entregues no local f\u00edsico do Centro na 4th Street, em <strong>530 SW 4th Street, Corvallis, OR 97333<\/strong>. <\/span><\/p><p style=\"padding-left: 40px;\"><span style=\"font-weight: 400; font-family: arial, helvetica, sans-serif;\">Por favor, entregue doa\u00e7\u00f5es em esp\u00e9cie somente de segunda a sexta-feira, das 9h \u00e0s 12h. <\/span><\/p><p style=\"padding-left: 40px;\"><span style=\"font-weight: 400; font-family: arial, helvetica, sans-serif;\">N\u00e3o deixe nenhuma doa\u00e7\u00e3o no Centro, fora do hor\u00e1rio comercial. Se precisar coordenar a entrega com o Centro, envie um e-mail para: <a href=\"mailto:info@corvallisddc.org\">info@corvallisddc.org<\/a> ou ligue para: 458-233-5327.\u00a0<\/span><\/p>\t\t\t\t\t\t\t\t<\/div>\n\t\t\t\t<\/div>\n\t\t\t\t\t<\/div>\n\t\t<\/div>\n\t\t\t\t\t<\/div>\n\t\t<\/section>\n\t\t\t\t<\/div>","protected":false},"excerpt":{"rendered":"<p>\u00a0 Seu cuidado e comprometimento fazem toda a diferen\u00e7a para as pessoas que atendemos no Centro de Acolhimento Diurno de Corvallis! As doa\u00e7\u00f5es ajudam o Centro a oferecer atendimento e servi\u00e7os individualizados aos nossos frequentadores, ao mesmo tempo que combatemos a pobreza sist\u00eamica e a falta de moradia aqui mesmo, em nossa comunidade. Juntos, criamos acesso a necessidades b\u00e1sicas para<a class=\"more-link\" href=\"https:\/\/corvallisddc.org\/pt\/give-help-2\/\">Continuar lendo <span class=\"screen-reader-text\">\u201cD\u00ea Ajuda\u201d<\/span><\/a><\/p>","protected":false},"author":212331932,"featured_media":0,"parent":0,"menu_order":0,"comment_status":"closed","ping_status":"closed","template":"","meta":{"advanced_seo_description":"","jetpack_seo_html_title":"","jetpack_seo_noindex":false,"footnotes":""},"class_list":["post-2548","page","type-page","status-publish","hentry","entry"],"jetpack_likes_enabled":true,"jetpack_sharing_enabled":true,"jetpack_shortlink":"https:\/\/wp.me\/PdkkQs-F6","amp_enabled":true,"_links":{"self":[{"href":"https:\/\/corvallisddc.org\/pt\/wp-json\/wp\/v2\/pages\/2548","targetHints":{"allow":["GET"]}}],"collection":[{"href":"https:\/\/corvallisddc.org\/pt\/wp-json\/wp\/v2\/pages"}],"about":[{"href":"https:\/\/corvallisddc.org\/pt\/wp-json\/wp\/v2\/types\/page"}],"author":[{"embeddable":true,"href":"https:\/\/corvallisddc.org\/pt\/wp-json\/wp\/v2\/users\/212331932"}],"replies":[{"embeddable":true,"href":"https:\/\/corvallisddc.org\/pt\/wp-json\/wp\/v2\/comments?post=2548"}],"version-history":[{"count":37,"href":"https:\/\/corvallisddc.org\/pt\/wp-json\/wp\/v2\/pages\/2548\/revisions"}],"predecessor-version":[{"id":4180,"href":"https:\/\/corvallisddc.org\/pt\/wp-json\/wp\/v2\/pages\/2548\/revisions\/4180"}],"wp:attachment":[{"href":"https:\/\/corvallisddc.org\/pt\/wp-json\/wp\/v2\/media?parent=2548"}],"curies":[{"name":"wp","href":"https:\/\/api.w.org\/{rel}","templated":true}]}}