{"id":2591,"date":"2024-03-31T19:18:28","date_gmt":"2024-04-01T02:18:28","guid":{"rendered":"https:\/\/corvallisddc.org\/?page_id=2591"},"modified":"2024-06-30T15:42:58","modified_gmt":"2024-06-30T22:42:58","slug":"current-needs-list","status":"publish","type":"page","link":"https:\/\/corvallisddc.org\/pt\/current-needs-list\/","title":{"rendered":"Lista de necessidades atuais"},"content":{"rendered":"<div data-elementor-type=\"wp-page\" data-elementor-id=\"2591\" class=\"elementor elementor-2591\">\n\t\t\t\t\t\t<section class=\"elementor-section elementor-top-section elementor-element elementor-element-1d4bd5f elementor-section-boxed elementor-section-height-default elementor-section-height-default\" data-id=\"1d4bd5f\" data-element_type=\"section\" data-e-type=\"section\">\n\t\t\t\t\t\t<div class=\"elementor-container elementor-column-gap-default\">\n\t\t\t\t\t<div class=\"elementor-column elementor-col-100 elementor-top-column elementor-element elementor-element-a8b494c\" data-id=\"a8b494c\" data-element_type=\"column\" data-e-type=\"column\">\n\t\t\t<div class=\"elementor-widget-wrap elementor-element-populated\">\n\t\t\t\t\t\t<div class=\"elementor-element elementor-element-a3c9a91 elementor-widget elementor-widget-text-editor\" data-id=\"a3c9a91\" data-element_type=\"widget\" data-e-type=\"widget\" data-widget_type=\"text-editor.default\">\n\t\t\t\t<div class=\"elementor-widget-container\">\n\t\t\t\t\t\t\t\t\t<p><span style=\"font-weight: 400; font-family: arial, helvetica, sans-serif;\">As necessidades dos nossos h\u00f3spedes mudam com as esta\u00e7\u00f5es e as circunst\u00e2ncias ambientais, ent\u00e3o tenha isso em mente ao considerar itens para doar. Fazemos o nosso melhor para manter esta lista atualizada e atualizada, no entanto, com espa\u00e7o de armazenamento limitado, precisamos da sua ajuda para garantir que as doa\u00e7\u00f5es recebidas sejam relevantes para o <em>atual<\/em> necessidades dos nossos h\u00f3spedes.<\/span><\/p><p>\u00a0<\/p><p><span style=\"font-weight: 400; font-family: arial, helvetica, sans-serif;\">Considere doar itens novos e usados em bom estado da nossa lista abaixo.<\/span><\/p><p><span style=\"font-weight: 400; font-family: arial, helvetica, sans-serif;\">Observe tamb\u00e9m que, por raz\u00f5es de seguran\u00e7a e higiene, aceitaremos SOMENTE roupas \u00edntimas novas (na embalagem).<\/span><\/p><p>\u00a0<\/p><p><span style=\"font-weight: 400; font-family: arial, helvetica, sans-serif;\">Sinta-se \u00e0 vontade para entrar em contato com o Centro pelo telefone 458-233-5327 ou e-mail <a href=\"mailto:info@corvallisddc.org\">info@corvallisddc.org<\/a>\u00a0 se voc\u00ea tiver alguma d\u00favida ou itens para doar que n\u00e3o estejam nesta lista.<\/span><\/p><p>\u00a0<\/p><p><span style=\"font-weight: 400; font-family: arial, helvetica, sans-serif;\">Obrigado pelo seu apoio generoso e cont\u00ednuo!<\/span><\/p><p>\u00a0<\/p><p><strong><span style=\"font-family: arial, helvetica, sans-serif; font-size: 22px;\">Itens mais necess\u00e1rios<\/span><\/strong><\/p><ul><li><span style=\"font-weight: 400; font-family: arial, helvetica, sans-serif;\">Camisolas e Hoodies XXL (femininos, masculinos e de g\u00e9nero neutro)<\/span><\/li><li><span style=\"font-weight: 400; font-family: arial, helvetica, sans-serif;\">Cal\u00e7as (estilos masculinos)<\/span><\/li><li><span style=\"font-weight: 400; font-family: arial, helvetica, sans-serif;\">Roupa \u00edntima (feminina, masculina e de g\u00eanero neutro)<\/span><\/li><li><span style=\"font-weight: 400; font-family: arial, helvetica, sans-serif;\">Meias (todos os tamanhos)<\/span><\/li><li><span style=\"font-weight: 400; font-family: arial, helvetica, sans-serif;\">Artigos de higiene (tamanho para viagem e lacrados)<\/span><\/li><li><span style=\"font-weight: 400; font-family: arial, helvetica, sans-serif;\">Produtos menstruais descart\u00e1veis<\/span><\/li><li><span style=\"font-weight: 400; font-family: arial, helvetica, sans-serif;\">Ponchos <\/span><\/li><li><span style=\"font-weight: 400; font-family: arial, helvetica, sans-serif;\">Equipamento de chuva<\/span><\/li><li><span style=\"font-weight: 400; font-family: arial, helvetica, sans-serif;\">Tendas<\/span><\/li><li><span style=\"font-weight: 400; font-family: arial, helvetica, sans-serif;\">Sacos de dormir<\/span><\/li><li><span style=\"font-weight: 400; font-family: arial, helvetica, sans-serif;\">Mochilas<\/span><\/li><li><span style=\"font-weight: 400; font-family: arial, helvetica, sans-serif;\">Lonas<\/span><\/li><li><span style=\"font-weight: 400; font-family: arial, helvetica, sans-serif;\">P\u00e3o de sandu\u00edche<\/span><\/li><li><span style=\"font-weight: 400; font-family: arial, helvetica, sans-serif;\">Fruta<\/span><\/li><li><span style=\"font-weight: 400; font-family: arial, helvetica, sans-serif;\">Sacos de sandu\u00edche<\/span><\/li><li><span style=\"font-weight: 400; font-family: arial, helvetica, sans-serif;\">Pequenos sacos reutiliz\u00e1veis<\/span><\/li><\/ul>\t\t\t\t\t\t\t\t<\/div>\n\t\t\t\t<\/div>\n\t\t\t\t\t<\/div>\n\t\t<\/div>\n\t\t\t\t\t<\/div>\n\t\t<\/section>\n\t\t\t\t<\/div>","protected":false},"excerpt":{"rendered":"<p>As necessidades dos nossos h\u00f3spedes mudam com as esta\u00e7\u00f5es do ano e as condi\u00e7\u00f5es clim\u00e1ticas, por isso, leve isso em considera\u00e7\u00e3o ao pensar em doa\u00e7\u00f5es. Fazemos o poss\u00edvel para manter esta lista atualizada, por\u00e9m, com espa\u00e7o de armazenamento limitado, precisamos da sua ajuda para garantir que as doa\u00e7\u00f5es recebidas sejam relevantes para as necessidades atuais dos nossos h\u00f3spedes. \u00a0<a class=\"more-link\" href=\"https:\/\/corvallisddc.org\/pt\/current-needs-list\/\">Continuar lendo <span class=\"screen-reader-text\">\u201cLista de necessidades atuais\u201d<\/span><\/a><\/p>","protected":false},"author":212331932,"featured_media":0,"parent":0,"menu_order":0,"comment_status":"closed","ping_status":"closed","template":"","meta":{"advanced_seo_description":"","jetpack_seo_html_title":"","jetpack_seo_noindex":false,"footnotes":""},"class_list":["post-2591","page","type-page","status-publish","hentry","entry"],"jetpack_likes_enabled":true,"jetpack_sharing_enabled":true,"jetpack_shortlink":"https:\/\/wp.me\/PdkkQs-FN","amp_enabled":true,"_links":{"self":[{"href":"https:\/\/corvallisddc.org\/pt\/wp-json\/wp\/v2\/pages\/2591","targetHints":{"allow":["GET"]}}],"collection":[{"href":"https:\/\/corvallisddc.org\/pt\/wp-json\/wp\/v2\/pages"}],"about":[{"href":"https:\/\/corvallisddc.org\/pt\/wp-json\/wp\/v2\/types\/page"}],"author":[{"embeddable":true,"href":"https:\/\/corvallisddc.org\/pt\/wp-json\/wp\/v2\/users\/212331932"}],"replies":[{"embeddable":true,"href":"https:\/\/corvallisddc.org\/pt\/wp-json\/wp\/v2\/comments?post=2591"}],"version-history":[{"count":22,"href":"https:\/\/corvallisddc.org\/pt\/wp-json\/wp\/v2\/pages\/2591\/revisions"}],"predecessor-version":[{"id":2816,"href":"https:\/\/corvallisddc.org\/pt\/wp-json\/wp\/v2\/pages\/2591\/revisions\/2816"}],"wp:attachment":[{"href":"https:\/\/corvallisddc.org\/pt\/wp-json\/wp\/v2\/media?parent=2591"}],"curies":[{"name":"wp","href":"https:\/\/api.w.org\/{rel}","templated":true}]}}