{"id":3321,"date":"2024-10-21T19:49:02","date_gmt":"2024-10-22T02:49:02","guid":{"rendered":"https:\/\/corvallisddc.org\/?page_id=3321"},"modified":"2024-12-01T23:46:22","modified_gmt":"2024-12-02T07:46:22","slug":"basicneedsprojectaction","status":"publish","type":"page","link":"https:\/\/corvallisddc.org\/pt\/get-help\/basicneedsprojectaction\/","title":{"rendered":"Necessidades b\u00e1sicas e a\u00e7\u00e3o do projeto"},"content":{"rendered":"<div data-elementor-type=\"wp-page\" data-elementor-id=\"3321\" class=\"elementor elementor-3321\">\n\t\t\t\t\t\t<section class=\"elementor-section elementor-top-section elementor-element elementor-element-6c87ba9 ops-section elementor-section-boxed elementor-section-height-default elementor-section-height-default\" data-id=\"6c87ba9\" data-element_type=\"section\" data-e-type=\"section\" data-settings=\"{&quot;ekit_has_onepagescroll&quot;:&quot;section&quot;,&quot;background_background&quot;:&quot;classic&quot;}\">\n\t\t\t\t\t\t\t<div class=\"elementor-background-overlay\"><\/div>\n\t\t\t\t\t\t\t<div class=\"elementor-container elementor-column-gap-default\">\n\t\t\t\t\t<div class=\"elementor-column elementor-col-100 elementor-top-column elementor-element elementor-element-f13fdea\" data-id=\"f13fdea\" data-element_type=\"column\" data-e-type=\"column\" data-settings=\"{&quot;background_background&quot;:&quot;classic&quot;}\">\n\t\t\t<div class=\"elementor-widget-wrap elementor-element-populated\">\n\t\t\t\t\t\t<section class=\"elementor-section elementor-inner-section elementor-element elementor-element-099371c elementor-section-boxed elementor-section-height-default elementor-section-height-default\" data-id=\"099371c\" data-element_type=\"section\" data-e-type=\"section\">\n\t\t\t\t\t\t<div class=\"elementor-container elementor-column-gap-default\">\n\t\t\t\t\t<div class=\"elementor-column elementor-col-50 elementor-inner-column elementor-element elementor-element-26d6b86\" data-id=\"26d6b86\" data-element_type=\"column\" data-e-type=\"column\">\n\t\t\t<div class=\"elementor-widget-wrap elementor-element-populated\">\n\t\t\t\t\t\t<div class=\"elementor-element elementor-element-8f2c7c1 elementor-widget elementor-widget-image\" data-id=\"8f2c7c1\" data-element_type=\"widget\" data-e-type=\"widget\" data-widget_type=\"image.default\">\n\t\t\t\t<div class=\"elementor-widget-container\">\n\t\t\t\t\t\t\t\t\t\t\t\t\t\t\t<img fetchpriority=\"high\" decoding=\"async\" data-attachment-id=\"3298\" data-permalink=\"https:\/\/corvallisddc.org\/pt\/constructionpaperhearts-cddc-2\/\" data-orig-file=\"https:\/\/i0.wp.com\/corvallisddc.org\/wp-content\/uploads\/2024\/08\/constructionpaperhearts-cddc-e1729563816437.jpg?fit=4379%2C2664&amp;ssl=1\" data-orig-size=\"4379,2664\" data-comments-opened=\"1\" data-image-meta=\"{&quot;aperture&quot;:&quot;0&quot;,&quot;credit&quot;:&quot;&quot;,&quot;camera&quot;:&quot;NIKON D3500&quot;,&quot;caption&quot;:&quot;&quot;,&quot;created_timestamp&quot;:&quot;1715169620&quot;,&quot;copyright&quot;:&quot;&quot;,&quot;focal_length&quot;:&quot;0&quot;,&quot;iso&quot;:&quot;1400&quot;,&quot;shutter_speed&quot;:&quot;0&quot;,&quot;title&quot;:&quot;&quot;,&quot;orientation&quot;:&quot;0&quot;}\" data-image-title=\"constructionpaperhearts-cddc\" data-image-description=\"\" data-image-caption=\"\" data-large-file=\"https:\/\/i0.wp.com\/corvallisddc.org\/wp-content\/uploads\/2024\/08\/constructionpaperhearts-cddc-e1729563816437.jpg?fit=750%2C456&amp;ssl=1\" width=\"750\" height=\"456\" src=\"https:\/\/i0.wp.com\/corvallisddc.org\/wp-content\/uploads\/2024\/08\/constructionpaperhearts-cddc-e1729563816437.jpg?fit=750%2C456&amp;ssl=1\" class=\"attachment-large size-large wp-image-3298\" alt=\"&quot;Ballion Hearts&quot; Multi colored cut-out hearts spread out on pink construction paper. Hearts are made with construction paper.\" srcset=\"https:\/\/i0.wp.com\/corvallisddc.org\/wp-content\/uploads\/2024\/08\/constructionpaperhearts-cddc-e1729563816437.jpg?w=4379&amp;ssl=1 4379w, https:\/\/i0.wp.com\/corvallisddc.org\/wp-content\/uploads\/2024\/08\/constructionpaperhearts-cddc-e1729563816437.jpg?resize=300%2C183&amp;ssl=1 300w, https:\/\/i0.wp.com\/corvallisddc.org\/wp-content\/uploads\/2024\/08\/constructionpaperhearts-cddc-e1729563816437.jpg?resize=1024%2C623&amp;ssl=1 1024w, https:\/\/i0.wp.com\/corvallisddc.org\/wp-content\/uploads\/2024\/08\/constructionpaperhearts-cddc-e1729563816437.jpg?resize=150%2C91&amp;ssl=1 150w, https:\/\/i0.wp.com\/corvallisddc.org\/wp-content\/uploads\/2024\/08\/constructionpaperhearts-cddc-e1729563816437.jpg?resize=768%2C467&amp;ssl=1 768w, https:\/\/i0.wp.com\/corvallisddc.org\/wp-content\/uploads\/2024\/08\/constructionpaperhearts-cddc-e1729563816437.jpg?resize=1536%2C934&amp;ssl=1 1536w, https:\/\/i0.wp.com\/corvallisddc.org\/wp-content\/uploads\/2024\/08\/constructionpaperhearts-cddc-e1729563816437.jpg?resize=2048%2C1246&amp;ssl=1 2048w, https:\/\/i0.wp.com\/corvallisddc.org\/wp-content\/uploads\/2024\/08\/constructionpaperhearts-cddc-e1729563816437.jpg?resize=18%2C12&amp;ssl=1 18w, https:\/\/i0.wp.com\/corvallisddc.org\/wp-content\/uploads\/2024\/08\/constructionpaperhearts-cddc-e1729563816437.jpg?resize=1568%2C954&amp;ssl=1 1568w, https:\/\/i0.wp.com\/corvallisddc.org\/wp-content\/uploads\/2024\/08\/constructionpaperhearts-cddc-e1729563816437.jpg?w=2250&amp;ssl=1 2250w\" sizes=\"(max-width: 750px) 100vw, 750px\" \/>\t\t\t\t\t\t\t\t\t\t\t\t\t\t\t<\/div>\n\t\t\t\t<\/div>\n\t\t\t\t\t<\/div>\n\t\t<\/div>\n\t\t\t\t<div class=\"elementor-column elementor-col-50 elementor-inner-column elementor-element elementor-element-64202e6\" data-id=\"64202e6\" data-element_type=\"column\" data-e-type=\"column\">\n\t\t\t<div class=\"elementor-widget-wrap elementor-element-populated\">\n\t\t\t\t\t\t<div class=\"elementor-element elementor-element-efc0769 elementor-widget__width-initial elementor-widget elementor-widget-text-editor\" data-id=\"efc0769\" data-element_type=\"widget\" data-e-type=\"widget\" data-widget_type=\"text-editor.default\">\n\t\t\t\t<div class=\"elementor-widget-container\">\n\t\t\t\t\t\t\t\t\t<h2 style=\"text-align: center;\"><span style=\"font-family: arial, helvetica, sans-serif; color: #000000;\"><strong>Necessidades b\u00e1sicas<\/strong><\/span><\/h2><h2 style=\"text-align: center;\"><span style=\"font-family: arial, helvetica, sans-serif; color: #000000;\"><strong> e<\/strong><\/span><\/h2><h2 style=\"text-align: center;\"><strong><span style=\"font-family: arial, helvetica, sans-serif; color: #000000;\"> A\u00e7\u00e3o do Projeto<\/span>\u00a0<\/strong><\/h2>\t\t\t\t\t\t\t\t<\/div>\n\t\t\t\t<\/div>\n\t\t\t\t\t<\/div>\n\t\t<\/div>\n\t\t\t\t\t<\/div>\n\t\t<\/section>\n\t\t\t\t<div class=\"elementor-element elementor-element-5bebe7d elementor-widget elementor-widget-text-editor\" data-id=\"5bebe7d\" data-element_type=\"widget\" data-e-type=\"widget\" data-widget_type=\"text-editor.default\">\n\t\t\t\t<div class=\"elementor-widget-container\">\n\t\t\t\t\t\t\t\t\t<p><strong>Segunda a sexta das 9h \u00e0s 12h<\/strong> Venha ao Centro para carregar seu telefone, pegar sua correspond\u00eancia e obter ajuda com itens b\u00e1sicos de higiene, roupas, cal\u00e7ados e muito mais.<\/p><p>\u00a0<\/p><p>O CDDC tamb\u00e9m oferece caf\u00e9, frutas, lanches e sandu\u00edches!<\/p><p>\u00a0<\/p><ul><li>Se voc\u00ea gostaria de alguma ajuda adicional para navegar pela vida, estamos aqui para ajudar! Voc\u00ea pode se encontrar com um Needs Navigator para receber mais informa\u00e7\u00f5es e assist\u00eancia com servi\u00e7os como:<\/li><li>Obter ou substituir documentos oficiais como carteira de motorista ou certid\u00e3o de nascimento<\/li><li>Obter acesso a prestadores de cuidados de sa\u00fade<br \/>Preenchendo a papelada oficial<\/li><li>Solicita\u00e7\u00e3o de SNAP (vales-refei\u00e7\u00e3o)<\/li><li>Entrar em listas de espera de assist\u00eancia habitacional<\/li><li>Links para outros suportes da comunidade e muito mais!<\/li><\/ul><p>Se precisar de um servi\u00e7o que n\u00e3o esteja listado, \u00e9 s\u00f3 pedir!<\/p><p>\u00a0<\/p><p>\u00c9 prov\u00e1vel que possamos ajudar ou conectar voc\u00ea a outra pessoa na comunidade que ofere\u00e7a o que voc\u00ea precisa.<\/p>\t\t\t\t\t\t\t\t<\/div>\n\t\t\t\t<\/div>\n\t\t\t\t\t<\/div>\n\t\t<\/div>\n\t\t\t\t\t<\/div>\n\t\t<\/section>\n\t\t\t\t<\/div>","protected":false},"excerpt":{"rendered":"<p>Atendimento \u00e0s Necessidades B\u00e1sicas e Projetos de A\u00e7\u00e3o: Segunda a sexta, das 9h \u00e0s 12h. Visite o Centro para carregar seu celular, pegar sua correspond\u00eancia e obter ajuda com itens b\u00e1sicos de higiene, roupas, cal\u00e7ados e muito mais. O CDDC tamb\u00e9m oferece caf\u00e9, frutas, lanches e sandu\u00edches! Se precisar de ajuda adicional para lidar com a vida, estamos aqui para ajudar! Voc\u00ea pode agendar uma reuni\u00e3o com<a class=\"more-link\" href=\"https:\/\/corvallisddc.org\/pt\/get-help\/basicneedsprojectaction\/\">Continuar lendo <span class=\"screen-reader-text\">\u201cNecessidades B\u00e1sicas e Projeto de A\u00e7\u00e3o\u201d<\/span><\/a><\/p>","protected":false},"author":212331932,"featured_media":0,"parent":115,"menu_order":0,"comment_status":"closed","ping_status":"closed","template":"","meta":{"advanced_seo_description":"","jetpack_seo_html_title":"","jetpack_seo_noindex":false,"footnotes":""},"class_list":["post-3321","page","type-page","status-publish","hentry","entry"],"jetpack_likes_enabled":true,"jetpack_sharing_enabled":true,"jetpack_shortlink":"https:\/\/wp.me\/PdkkQs-Rz","amp_enabled":true,"_links":{"self":[{"href":"https:\/\/corvallisddc.org\/pt\/wp-json\/wp\/v2\/pages\/3321","targetHints":{"allow":["GET"]}}],"collection":[{"href":"https:\/\/corvallisddc.org\/pt\/wp-json\/wp\/v2\/pages"}],"about":[{"href":"https:\/\/corvallisddc.org\/pt\/wp-json\/wp\/v2\/types\/page"}],"author":[{"embeddable":true,"href":"https:\/\/corvallisddc.org\/pt\/wp-json\/wp\/v2\/users\/212331932"}],"replies":[{"embeddable":true,"href":"https:\/\/corvallisddc.org\/pt\/wp-json\/wp\/v2\/comments?post=3321"}],"version-history":[{"count":22,"href":"https:\/\/corvallisddc.org\/pt\/wp-json\/wp\/v2\/pages\/3321\/revisions"}],"predecessor-version":[{"id":4126,"href":"https:\/\/corvallisddc.org\/pt\/wp-json\/wp\/v2\/pages\/3321\/revisions\/4126"}],"up":[{"embeddable":true,"href":"https:\/\/corvallisddc.org\/pt\/wp-json\/wp\/v2\/pages\/115"}],"wp:attachment":[{"href":"https:\/\/corvallisddc.org\/pt\/wp-json\/wp\/v2\/media?parent=3321"}],"curies":[{"name":"wp","href":"https:\/\/api.w.org\/{rel}","templated":true}]}}