{"id":4377,"date":"2025-02-24T15:48:57","date_gmt":"2025-02-24T23:48:57","guid":{"rendered":"https:\/\/corvallisddc.org\/?page_id=4377"},"modified":"2025-03-08T16:01:10","modified_gmt":"2025-03-09T00:01:10","slug":"frontdoorservicesdisc","status":"publish","type":"page","link":"https:\/\/corvallisddc.org\/pt\/frontdoorservicesdisc\/","title":{"rendered":"Discuss\u00e3o sobre servi\u00e7os de porta da frente 2024"},"content":{"rendered":"<div data-elementor-type=\"wp-page\" data-elementor-id=\"4377\" class=\"elementor elementor-4377\">\n\t\t\t\t\t\t<section class=\"elementor-section elementor-top-section elementor-element elementor-element-eb03c23 elementor-section-boxed elementor-section-height-default elementor-section-height-default\" data-id=\"eb03c23\" data-element_type=\"section\" data-e-type=\"section\">\n\t\t\t\t\t\t<div class=\"elementor-container elementor-column-gap-default\">\n\t\t\t\t\t<div class=\"elementor-column elementor-col-100 elementor-top-column elementor-element elementor-element-a638034\" data-id=\"a638034\" data-element_type=\"column\" data-e-type=\"column\">\n\t\t\t<div class=\"elementor-widget-wrap elementor-element-populated\">\n\t\t\t\t\t\t<div class=\"elementor-element elementor-element-ddc414f elementor-widget elementor-widget-text-editor\" data-id=\"ddc414f\" data-element_type=\"widget\" data-e-type=\"widget\" data-widget_type=\"text-editor.default\">\n\t\t\t\t<div class=\"elementor-widget-container\">\n\t\t\t\t\t\t\t\t\t<h2><b>Front Door Services Benton County \u2013 Painel de discuss\u00e3o de perguntas e respostas<\/b><\/h2><p><span style=\"font-weight: 400;\">Gravado: 18 de dezembro de 2024<\/span><\/p><p><span style=\"font-weight: 400;\">Descri\u00e7\u00e3o do v\u00eddeo: Este v\u00eddeo \u00e9 uma grava\u00e7\u00e3o de um painel de discuss\u00e3o virtual de perguntas e respostas, destacando tr\u00eas organiza\u00e7\u00f5es locais que fornecem servi\u00e7os e suporte de necessidades b\u00e1sicas de baixa barreira na \u00e1rea de Corvallis.<\/span><\/p><p><span style=\"font-weight: 400;\">Diretores executivos, Allison Hobgood com o <a href=\"https:\/\/corvallisddc.org\/pt\/\">Centro de atendimento diurno Corvallis<\/a>; Ilene McClelland com o <a href=\"http:\/\/vinamoses.org\/\">Centro Vina Moses<\/a>; e Shawn Collins com <a href=\"http:\/\/unityshelter.org\/\">Abrigo da Unidade<\/a> compartilhar informa\u00e7\u00f5es vitais sobre os servi\u00e7os e programas que eles oferecem, como a comunidade e o governo local podem apoiar esses esfor\u00e7os e insights importantes sobre nossos vizinhos que vivem em situa\u00e7\u00e3o de pobreza e falta de moradia.<\/span><\/p>\t\t\t\t\t\t\t\t<\/div>\n\t\t\t\t<\/div>\n\t\t\t\t<div class=\"elementor-element elementor-element-f5f4fe5 elementor-widget elementor-widget-spacer\" data-id=\"f5f4fe5\" data-element_type=\"widget\" data-e-type=\"widget\" data-widget_type=\"spacer.default\">\n\t\t\t\t<div class=\"elementor-widget-container\">\n\t\t\t\t\t\t\t<div class=\"elementor-spacer\">\n\t\t\t<div class=\"elementor-spacer-inner\"><\/div>\n\t\t<\/div>\n\t\t\t\t\t\t<\/div>\n\t\t\t\t<\/div>\n\t\t\t\t<div class=\"elementor-element elementor-element-db2aab8 elementor-widget__width-initial elementor-widget elementor-widget-shortcode\" data-id=\"db2aab8\" data-element_type=\"widget\" data-e-type=\"widget\" data-widget_type=\"shortcode.default\">\n\t\t\t\t<div class=\"elementor-widget-container\">\n\t\t\t\t\t\t\t<div class=\"elementor-shortcode\"><iframe width=\"560\" height=\"315\" src=\"https:\/\/www.youtube.com\/embed\/ZNnJcY7-u2A?si=geJSMG5vJlYf6ibq\" title=\"Reprodutor de v\u00eddeo do YouTube\" frameborder=\"0\" allow=\"accelerometer; autoplay; clipboard-write; encrypted-media; gyroscope; picture-in-picture; web-share\" referrerpolicy=\"strict-origin-when-cross-origin\" allowfullscreen><\/iframe><\/div>\n\t\t\t\t\t\t<\/div>\n\t\t\t\t<\/div>\n\t\t\t\t\t<\/div>\n\t\t<\/div>\n\t\t\t\t\t<\/div>\n\t\t<\/section>\n\t\t\t\t<\/div>","protected":false},"excerpt":{"rendered":"<p>Servi\u00e7os de Apoio \u00e0 Primeira Vista do Condado de Benton \u2013 Painel de Perguntas e Respostas Gravado em: 18 de dezembro de 2024 Descri\u00e7\u00e3o do v\u00eddeo: Este v\u00eddeo \u00e9 a grava\u00e7\u00e3o de um painel de perguntas e respostas virtual, destacando tr\u00eas organiza\u00e7\u00f5es locais que fornecem servi\u00e7os e apoio para necessidades b\u00e1sicas de f\u00e1cil acesso na \u00e1rea de Corvallis. As diretoras executivas s\u00e3o Allison Hobgood, do Centro de Acolhimento Diurno de Corvallis.<a class=\"more-link\" href=\"https:\/\/corvallisddc.org\/pt\/frontdoorservicesdisc\/\">Continuar lendo <span class=\"screen-reader-text\">\u201cDiscuss\u00e3o sobre Servi\u00e7os de Porta de Entrada 2024\u201d<\/span><\/a><\/p>","protected":false},"author":212331932,"featured_media":0,"parent":0,"menu_order":0,"comment_status":"closed","ping_status":"closed","template":"","meta":{"advanced_seo_description":"","jetpack_seo_html_title":"","jetpack_seo_noindex":false,"footnotes":""},"class_list":["post-4377","page","type-page","status-publish","hentry","entry"],"jetpack_likes_enabled":true,"jetpack_sharing_enabled":true,"jetpack_shortlink":"https:\/\/wp.me\/PdkkQs-18B","amp_enabled":true,"_links":{"self":[{"href":"https:\/\/corvallisddc.org\/pt\/wp-json\/wp\/v2\/pages\/4377","targetHints":{"allow":["GET"]}}],"collection":[{"href":"https:\/\/corvallisddc.org\/pt\/wp-json\/wp\/v2\/pages"}],"about":[{"href":"https:\/\/corvallisddc.org\/pt\/wp-json\/wp\/v2\/types\/page"}],"author":[{"embeddable":true,"href":"https:\/\/corvallisddc.org\/pt\/wp-json\/wp\/v2\/users\/212331932"}],"replies":[{"embeddable":true,"href":"https:\/\/corvallisddc.org\/pt\/wp-json\/wp\/v2\/comments?post=4377"}],"version-history":[{"count":28,"href":"https:\/\/corvallisddc.org\/pt\/wp-json\/wp\/v2\/pages\/4377\/revisions"}],"predecessor-version":[{"id":4486,"href":"https:\/\/corvallisddc.org\/pt\/wp-json\/wp\/v2\/pages\/4377\/revisions\/4486"}],"wp:attachment":[{"href":"https:\/\/corvallisddc.org\/pt\/wp-json\/wp\/v2\/media?parent=4377"}],"curies":[{"name":"wp","href":"https:\/\/api.w.org\/{rel}","templated":true}]}}