{"id":92,"date":"2024-10-15T16:16:12","date_gmt":"2024-10-15T23:16:12","guid":{"rendered":"https:\/\/corvallisddc.org\/?page_id=92"},"modified":"2024-10-16T14:46:02","modified_gmt":"2024-10-16T21:46:02","slug":"about","status":"publish","type":"page","link":"https:\/\/corvallisddc.org\/pt\/about\/","title":{"rendered":"Sobre n\u00f3s"},"content":{"rendered":"<div data-elementor-type=\"wp-page\" data-elementor-id=\"92\" class=\"elementor elementor-92\">\n\t\t\t\t\t\t<section class=\"elementor-section elementor-top-section elementor-element elementor-element-137c3f9 elementor-section-boxed elementor-section-height-default elementor-section-height-default\" data-id=\"137c3f9\" data-element_type=\"section\" data-e-type=\"section\">\n\t\t\t\t\t\t<div class=\"elementor-container elementor-column-gap-default\">\n\t\t\t\t\t<div class=\"elementor-column elementor-col-100 elementor-top-column elementor-element elementor-element-f5530e9\" data-id=\"f5530e9\" data-element_type=\"column\" data-e-type=\"column\">\n\t\t\t<div class=\"elementor-widget-wrap elementor-element-populated\">\n\t\t\t\t\t\t<section class=\"elementor-section elementor-inner-section elementor-element elementor-element-3ce87d4 elementor-section-boxed elementor-section-height-default elementor-section-height-default\" data-id=\"3ce87d4\" data-element_type=\"section\" data-e-type=\"section\">\n\t\t\t\t\t\t<div class=\"elementor-container elementor-column-gap-default\">\n\t\t\t\t\t<div class=\"elementor-column elementor-col-50 elementor-inner-column elementor-element elementor-element-a8d6f3b\" data-id=\"a8d6f3b\" data-element_type=\"column\" data-e-type=\"column\">\n\t\t\t<div class=\"elementor-widget-wrap elementor-element-populated\">\n\t\t\t\t\t\t<div class=\"elementor-element elementor-element-a3768b2 elementor-widget elementor-widget-image\" data-id=\"a3768b2\" data-element_type=\"widget\" data-e-type=\"widget\" data-widget_type=\"image.default\">\n\t\t\t\t<div class=\"elementor-widget-container\">\n\t\t\t\t\t\t\t\t\t\t\t\t\t\t\t<img fetchpriority=\"high\" decoding=\"async\" data-attachment-id=\"3313\" data-permalink=\"https:\/\/corvallisddc.org\/pt\/allarewelcome-painting-cddc-2\/\" data-orig-file=\"https:\/\/i0.wp.com\/corvallisddc.org\/wp-content\/uploads\/2024\/08\/AllAreWelcome-painting-CDDC-e1729109922381.jpg?fit=3504%2C4517&amp;ssl=1\" data-orig-size=\"3504,4517\" data-comments-opened=\"1\" data-image-meta=\"{&quot;aperture&quot;:&quot;0&quot;,&quot;credit&quot;:&quot;&quot;,&quot;camera&quot;:&quot;NIKON D3500&quot;,&quot;caption&quot;:&quot;&quot;,&quot;created_timestamp&quot;:&quot;1715168836&quot;,&quot;copyright&quot;:&quot;&quot;,&quot;focal_length&quot;:&quot;0&quot;,&quot;iso&quot;:&quot;800&quot;,&quot;shutter_speed&quot;:&quot;0&quot;,&quot;title&quot;:&quot;&quot;,&quot;orientation&quot;:&quot;0&quot;}\" data-image-title=\"AllAreWelcome-painting CDDC\" data-image-description=\"\" data-image-caption=\"\" data-large-file=\"https:\/\/i0.wp.com\/corvallisddc.org\/wp-content\/uploads\/2024\/08\/AllAreWelcome-painting-CDDC-e1729109922381.jpg?fit=750%2C967&amp;ssl=1\" width=\"750\" height=\"967\" src=\"https:\/\/i0.wp.com\/corvallisddc.org\/wp-content\/uploads\/2024\/08\/AllAreWelcome-painting-CDDC-e1729109922381.jpg?fit=750%2C967&amp;ssl=1\" class=\"attachment-large size-large wp-image-3313\" alt=\"Anger is natural And is most powerful When it goes to an extreme Happiness while unstable Is still instability Conflict can be articulate Gratitude and appreciation Without kissing ass We are all brave Considering the circumstance We are fighting for A higher standard of living \u2026for all All are welcome In this community\" srcset=\"https:\/\/i0.wp.com\/corvallisddc.org\/wp-content\/uploads\/2024\/08\/AllAreWelcome-painting-CDDC-e1729109922381.jpg?w=3504&amp;ssl=1 3504w, https:\/\/i0.wp.com\/corvallisddc.org\/wp-content\/uploads\/2024\/08\/AllAreWelcome-painting-CDDC-e1729109922381.jpg?resize=233%2C300&amp;ssl=1 233w, https:\/\/i0.wp.com\/corvallisddc.org\/wp-content\/uploads\/2024\/08\/AllAreWelcome-painting-CDDC-e1729109922381.jpg?resize=794%2C1024&amp;ssl=1 794w, https:\/\/i0.wp.com\/corvallisddc.org\/wp-content\/uploads\/2024\/08\/AllAreWelcome-painting-CDDC-e1729109922381.jpg?resize=116%2C150&amp;ssl=1 116w, https:\/\/i0.wp.com\/corvallisddc.org\/wp-content\/uploads\/2024\/08\/AllAreWelcome-painting-CDDC-e1729109922381.jpg?resize=768%2C990&amp;ssl=1 768w, https:\/\/i0.wp.com\/corvallisddc.org\/wp-content\/uploads\/2024\/08\/AllAreWelcome-painting-CDDC-e1729109922381.jpg?resize=1192%2C1536&amp;ssl=1 1192w, https:\/\/i0.wp.com\/corvallisddc.org\/wp-content\/uploads\/2024\/08\/AllAreWelcome-painting-CDDC-e1729109922381.jpg?resize=1589%2C2048&amp;ssl=1 1589w, https:\/\/i0.wp.com\/corvallisddc.org\/wp-content\/uploads\/2024\/08\/AllAreWelcome-painting-CDDC-e1729109922381.jpg?resize=9%2C12&amp;ssl=1 9w, https:\/\/i0.wp.com\/corvallisddc.org\/wp-content\/uploads\/2024\/08\/AllAreWelcome-painting-CDDC-e1729109922381.jpg?resize=1568%2C2021&amp;ssl=1 1568w, https:\/\/i0.wp.com\/corvallisddc.org\/wp-content\/uploads\/2024\/08\/AllAreWelcome-painting-CDDC-e1729109922381.jpg?w=1500&amp;ssl=1 1500w, https:\/\/i0.wp.com\/corvallisddc.org\/wp-content\/uploads\/2024\/08\/AllAreWelcome-painting-CDDC-e1729109922381.jpg?w=2250&amp;ssl=1 2250w\" sizes=\"(max-width: 750px) 100vw, 750px\" \/>\t\t\t\t\t\t\t\t\t\t\t\t\t\t\t<\/div>\n\t\t\t\t<\/div>\n\t\t\t\t<div class=\"elementor-element elementor-element-466cfcb elementor-widget elementor-widget-text-editor\" data-id=\"466cfcb\" data-element_type=\"widget\" data-e-type=\"widget\" data-widget_type=\"text-editor.default\">\n\t\t\t\t<div class=\"elementor-widget-container\">\n\t\t\t\t\t\t\t\t\t<h2 style=\"text-align: center;\"><strong><span style=\"font-family: arial, helvetica, sans-serif; font-size: 34px;\">Nossa Advocacia<\/span><\/strong><\/h2><p>\u00a0<\/p><p><span style=\"font-weight: 400; color: #000000;\">O CDDC est\u00e1 na linha de frente realizando um trabalho de justi\u00e7a social de alto impacto.<\/span><\/p><p>\u00a0<\/p><p><span style=\"font-weight: 400; color: #000000;\">Devido em grande parte a barreiras sist\u00eamicas e injusti\u00e7as, nossos h\u00f3spedes enfrentam disparidades sociais substanciais que envolvem defici\u00eancias comportamentais concomitantes, transtornos por uso de subst\u00e2ncias, transi\u00e7\u00e3o da pris\u00e3o, falta de acesso \u00e0 educa\u00e7\u00e3o e pobreza geracional, muitas vezes se apresentando na forma de falta de moradia cr\u00f4nica.<\/span><\/p><p>\u00a0<\/p><p><span style=\"font-weight: 400; color: #000000;\">Nosso trabalho interv\u00e9m em sistemas sociais criados para oprimir e ostracizar ainda mais pessoas j\u00e1 situadas \u00e0 margem da vida.<\/span><\/p><p>\u00a0<\/p><p><span style=\"font-weight: 400; color: #000000;\">A abordagem hol\u00edstica do nosso trabalho melhora toda a nossa comunidade ao educar e informar indiv\u00edduos mais privilegiados sobre a pobreza para diminuir a dist\u00e2ncia entre aqueles que t\u00eam moradia e aqueles que n\u00e3o t\u00eam.<\/span><\/p><p>\u00a0<\/p><p><span style=\"font-weight: 400; color: #000000;\">O CDDC emprega engajamento centrado na cura, redu\u00e7\u00e3o de danos e pr\u00e1ticas de atendimento baseadas em traumas em nosso trabalho todos os dias e est\u00e1 profundamente empenhado em fornecer servi\u00e7os que sejam sempre equitativos e justos.<\/span><\/p><p>\u00a0<\/p><p><span style=\"font-weight: 400; color: #000000;\">Nosso Conselho, equipe e apoiadores volunt\u00e1rios diversificados demonstram nosso comprometimento com a inclus\u00e3o e a centraliza\u00e7\u00e3o das pessoas mais marginalizadas em nossa comunidade, como indiv\u00edduos com defici\u00eancias f\u00edsicas ou mentais, pessoas de cor, aqueles em uma jornada de recupera\u00e7\u00e3o\/depend\u00eancia e pessoas de g\u00eanero diverso.<\/span><\/p><p>\u00a0<\/p><p><span style=\"font-weight: 400; color: #000000;\">A composi\u00e7\u00e3o de pessoas que trabalham e s\u00e3o volunt\u00e1rias no CDDC reflete diretamente a comunidade diversificada que pretendemos servir.<\/span><\/p><p>\u00a0<\/p><p><span style=\"color: #000000;\"><b>Nossos h\u00f3spedes s\u00e3o os principais impulsionadores dos nossos servi\u00e7os.<\/b><\/span><\/p><p>\u00a0<\/p><p><span style=\"font-weight: 400; color: #000000;\">Como uma organiza\u00e7\u00e3o de base que apoia muitos clientes com defici\u00eancias, n\u00f3s aderimos ao ethos dos direitos das pessoas com defici\u00eancia &quot;nada sobre n\u00f3s sem n\u00f3s&quot;. N\u00f3s colaboramos com os h\u00f3spedes para capacit\u00e1-los e aumentar sua autodefesa, e, ao fazermos isso, sua colabora\u00e7\u00e3o ajuda a moldar o CDDC de maneiras not\u00e1veis.<\/span><\/p><p>\u00a0<\/p><p><span style=\"font-weight: 400; color: #000000;\">Estamos gratos e honrados pela parceria com nossos h\u00f3spedes.<\/span><\/p>\t\t\t\t\t\t\t\t<\/div>\n\t\t\t\t<\/div>\n\t\t\t\t\t<\/div>\n\t\t<\/div>\n\t\t\t\t<div class=\"elementor-column elementor-col-50 elementor-inner-column elementor-element elementor-element-8e82570\" data-id=\"8e82570\" data-element_type=\"column\" data-e-type=\"column\">\n\t\t\t<div class=\"elementor-widget-wrap elementor-element-populated\">\n\t\t\t\t\t\t<div class=\"elementor-element elementor-element-efe8e3f elementor-widget elementor-widget-text-editor\" data-id=\"efe8e3f\" data-element_type=\"widget\" data-e-type=\"widget\" data-widget_type=\"text-editor.default\">\n\t\t\t\t<div class=\"elementor-widget-container\">\n\t\t\t\t\t\t\t\t\t<h2 style=\"text-align: center;\"><span style=\"color: #0e32d5; font-size: 34px;\"><strong><span style=\"font-family: arial, helvetica, sans-serif;\">Nossa Miss\u00e3o<\/span><\/strong><\/span><\/h2><p>\u00a0<\/p><p style=\"text-align: left;\"><span style=\"font-weight: 400; font-family: arial, helvetica, sans-serif;\">O Corvallis Daytime Drop-in Center (CDDC) \u00e9<span style=\"font-family: arial, helvetica, sans-serif;\"><span style=\"font-weight: 400;\"> uma organiza\u00e7\u00e3o 501(c)(3) e uma<\/span><\/span>\u00a0centro vital de recursos diurnos e navega\u00e7\u00e3o na \u00e1rea de Corvallis, OR, atendendo pessoas em situa\u00e7\u00e3o de rua e pobreza. <\/span><\/p><p>\u00a0<\/p><p style=\"text-align: left;\"><span style=\"font-weight: 400; font-family: arial, helvetica, sans-serif;\">Nosso objetivo \u00e9 reduzir a exclus\u00e3o social, o estigma e o isolamento que muitas vezes acompanham a pobreza.<\/span><\/p><p>\u00a0<\/p><p style=\"text-align: left;\"><span style=\"font-weight: 400; font-family: arial, helvetica, sans-serif;\">Al\u00e9m do encontro<\/span><span style=\"font-weight: 400; font-family: arial, helvetica, sans-serif;\">\u00a0necessidades b\u00e1sicas, nossa miss\u00e3o \u00e9 fornecer assist\u00eancia e defesa dignas, oferecer oportunidades para construir redes comunit\u00e1rias e sociais e apoiar o bem-estar e a reabilita\u00e7\u00e3o de indiv\u00edduos em situa\u00e7\u00f5es de emerg\u00eancia, transi\u00e7\u00e3o e circunst\u00e2ncias de vida cont\u00ednuas.<\/span><\/p><p>\u00a0<\/p><p style=\"text-align: left;\"><span style=\"font-weight: 400; font-family: arial, helvetica, sans-serif;\">Somos estruturados em torno de um modelo que prioriza a comunidade e que acredita que cada pessoa, independentemente de identidade ou status, merece ser tratada com cuidado e dignidade, tendo espa\u00e7o para compartilhar sua voz, perspectiva e experi\u00eancia. <\/span><\/p>\t\t\t\t\t\t\t\t<\/div>\n\t\t\t\t<\/div>\n\t\t\t\t<div class=\"elementor-element elementor-element-223d375 elementor-widget elementor-widget-image\" data-id=\"223d375\" data-element_type=\"widget\" data-e-type=\"widget\" data-widget_type=\"image.default\">\n\t\t\t\t<div class=\"elementor-widget-container\">\n\t\t\t\t\t\t\t\t\t\t\t\t\t\t\t<img decoding=\"async\" data-attachment-id=\"3309\" data-permalink=\"https:\/\/corvallisddc.org\/pt\/paintedmask-cddc-2\/\" data-orig-file=\"https:\/\/i0.wp.com\/corvallisddc.org\/wp-content\/uploads\/2024\/08\/paintedmask-cddc-e1729111064482.jpg?fit=4086%2C3845&amp;ssl=1\" data-orig-size=\"4086,3845\" data-comments-opened=\"1\" data-image-meta=\"{&quot;aperture&quot;:&quot;0&quot;,&quot;credit&quot;:&quot;&quot;,&quot;camera&quot;:&quot;NIKON D3500&quot;,&quot;caption&quot;:&quot;&quot;,&quot;created_timestamp&quot;:&quot;1715169333&quot;,&quot;copyright&quot;:&quot;&quot;,&quot;focal_length&quot;:&quot;0&quot;,&quot;iso&quot;:&quot;1000&quot;,&quot;shutter_speed&quot;:&quot;0&quot;,&quot;title&quot;:&quot;&quot;,&quot;orientation&quot;:&quot;0&quot;}\" data-image-title=\"paintedmask-cddc\" data-image-description=\"\" data-image-caption=\"\" data-large-file=\"https:\/\/i0.wp.com\/corvallisddc.org\/wp-content\/uploads\/2024\/08\/paintedmask-cddc-e1729111064482.jpg?fit=750%2C706&amp;ssl=1\" width=\"750\" height=\"706\" src=\"https:\/\/i0.wp.com\/corvallisddc.org\/wp-content\/uploads\/2024\/08\/paintedmask-cddc-e1729111064482.jpg?fit=750%2C706&amp;ssl=1\" class=\"attachment-large size-large wp-image-3309\" alt=\"Two hands holding a painted mask. Art created by a CDDC guest.\" srcset=\"https:\/\/i0.wp.com\/corvallisddc.org\/wp-content\/uploads\/2024\/08\/paintedmask-cddc-e1729111064482.jpg?w=4086&amp;ssl=1 4086w, https:\/\/i0.wp.com\/corvallisddc.org\/wp-content\/uploads\/2024\/08\/paintedmask-cddc-e1729111064482.jpg?resize=300%2C282&amp;ssl=1 300w, https:\/\/i0.wp.com\/corvallisddc.org\/wp-content\/uploads\/2024\/08\/paintedmask-cddc-e1729111064482.jpg?resize=1024%2C964&amp;ssl=1 1024w, https:\/\/i0.wp.com\/corvallisddc.org\/wp-content\/uploads\/2024\/08\/paintedmask-cddc-e1729111064482.jpg?resize=150%2C141&amp;ssl=1 150w, https:\/\/i0.wp.com\/corvallisddc.org\/wp-content\/uploads\/2024\/08\/paintedmask-cddc-e1729111064482.jpg?resize=768%2C723&amp;ssl=1 768w, https:\/\/i0.wp.com\/corvallisddc.org\/wp-content\/uploads\/2024\/08\/paintedmask-cddc-e1729111064482.jpg?resize=1536%2C1445&amp;ssl=1 1536w, https:\/\/i0.wp.com\/corvallisddc.org\/wp-content\/uploads\/2024\/08\/paintedmask-cddc-e1729111064482.jpg?resize=2048%2C1927&amp;ssl=1 2048w, https:\/\/i0.wp.com\/corvallisddc.org\/wp-content\/uploads\/2024\/08\/paintedmask-cddc-e1729111064482.jpg?resize=13%2C12&amp;ssl=1 13w, https:\/\/i0.wp.com\/corvallisddc.org\/wp-content\/uploads\/2024\/08\/paintedmask-cddc-e1729111064482.jpg?resize=1568%2C1476&amp;ssl=1 1568w, https:\/\/i0.wp.com\/corvallisddc.org\/wp-content\/uploads\/2024\/08\/paintedmask-cddc-e1729111064482.jpg?w=2250&amp;ssl=1 2250w\" sizes=\"(max-width: 750px) 100vw, 750px\" \/>\t\t\t\t\t\t\t\t\t\t\t\t\t\t\t<\/div>\n\t\t\t\t<\/div>\n\t\t\t\t<div class=\"elementor-element elementor-element-41031e7 elementor-widget elementor-widget-text-editor\" data-id=\"41031e7\" data-element_type=\"widget\" data-e-type=\"widget\" data-widget_type=\"text-editor.default\">\n\t\t\t\t<div class=\"elementor-widget-container\">\n\t\t\t\t\t\t\t\t\t<h2 style=\"text-align: center;\"><span style=\"font-size: 34px;\"><strong><span style=\"font-family: arial, helvetica, sans-serif;\">Nossa Hist\u00f3ria<\/span><\/strong><\/span><\/h2><p>\u00a0<\/p><p><span style=\"font-weight: 400; color: #000000;\">Temos orgulho de nossa longa hist\u00f3ria de atendimento \u00e0 \u00e1rea dos tr\u00eas condados (Benton, Linn e Lincoln).<\/span><\/p><p>\u00a0<\/p><p><span style=\"font-weight: 400; color: #000000;\">Originalmente, o CDDC era um centro administrado por pares conhecido como The Circle of Hope, criado para fornecer socializa\u00e7\u00e3o para pessoas com defici\u00eancias psiqui\u00e1tricas.<\/span><\/p><p>\u00a0<\/p><p><span style=\"font-weight: 400; color: #000000;\">Com o tempo, evolu\u00edmos para atender aos mais necessitados, incluindo pessoas cronicamente marginalizadas devido \u00e0 pobreza, falta de moradia, defici\u00eancias de sa\u00fade mental e transtornos por uso de subst\u00e2ncias.<\/span><\/p><p>\u00a0<\/p><p><span style=\"font-weight: 400; color: #000000;\">Hoje, continuamos a expandir nosso legado de fornecer servi\u00e7os de alta qualidade e culturalmente sens\u00edveis que promovem inclus\u00e3o, constru\u00e7\u00e3o de comunidade, ativismo e bem-estar.\u00a0<\/span><\/p>\t\t\t\t\t\t\t\t<\/div>\n\t\t\t\t<\/div>\n\t\t\t\t<div class=\"elementor-element elementor-element-be27bce elementor-widget elementor-widget-image\" data-id=\"be27bce\" data-element_type=\"widget\" data-e-type=\"widget\" data-widget_type=\"image.default\">\n\t\t\t\t<div class=\"elementor-widget-container\">\n\t\t\t\t\t\t\t\t\t\t\t\t\t\t\t<img decoding=\"async\" data-attachment-id=\"3272\" data-permalink=\"https:\/\/corvallisddc.org\/pt\/markeronpaperninedrawingswpeopleanddin-cddc-2\/\" data-orig-file=\"https:\/\/i0.wp.com\/corvallisddc.org\/wp-content\/uploads\/2024\/08\/markeronpaperNinedrawingswpeopleanddin-cddc.jpg?fit=3689%2C4664&amp;ssl=1\" data-orig-size=\"3689,4664\" data-comments-opened=\"1\" data-image-meta=\"{&quot;aperture&quot;:&quot;4.2&quot;,&quot;credit&quot;:&quot;&quot;,&quot;camera&quot;:&quot;NIKON D3500&quot;,&quot;caption&quot;:&quot;&quot;,&quot;created_timestamp&quot;:&quot;1715170396&quot;,&quot;copyright&quot;:&quot;&quot;,&quot;focal_length&quot;:&quot;28&quot;,&quot;iso&quot;:&quot;360&quot;,&quot;shutter_speed&quot;:&quot;0.02&quot;,&quot;title&quot;:&quot;&quot;,&quot;orientation&quot;:&quot;0&quot;}\" data-image-title=\"markeronpaperNinedrawingswpeopleanddin-cddc\" data-image-description=\"\" data-image-caption=\"\" data-large-file=\"https:\/\/i0.wp.com\/corvallisddc.org\/wp-content\/uploads\/2024\/08\/markeronpaperNinedrawingswpeopleanddin-cddc.jpg?fit=750%2C948&amp;ssl=1\" width=\"750\" height=\"948\" src=\"https:\/\/i0.wp.com\/corvallisddc.org\/wp-content\/uploads\/2024\/08\/markeronpaperNinedrawingswpeopleanddin-cddc.jpg?fit=750%2C948&amp;ssl=1\" class=\"attachment-large size-large wp-image-3272\" alt=\"marker on paper nine drawings by CDDC guests\" srcset=\"https:\/\/i0.wp.com\/corvallisddc.org\/wp-content\/uploads\/2024\/08\/markeronpaperNinedrawingswpeopleanddin-cddc.jpg?w=3689&amp;ssl=1 3689w, https:\/\/i0.wp.com\/corvallisddc.org\/wp-content\/uploads\/2024\/08\/markeronpaperNinedrawingswpeopleanddin-cddc.jpg?resize=237%2C300&amp;ssl=1 237w, https:\/\/i0.wp.com\/corvallisddc.org\/wp-content\/uploads\/2024\/08\/markeronpaperNinedrawingswpeopleanddin-cddc.jpg?resize=810%2C1024&amp;ssl=1 810w, https:\/\/i0.wp.com\/corvallisddc.org\/wp-content\/uploads\/2024\/08\/markeronpaperNinedrawingswpeopleanddin-cddc.jpg?resize=119%2C150&amp;ssl=1 119w, https:\/\/i0.wp.com\/corvallisddc.org\/wp-content\/uploads\/2024\/08\/markeronpaperNinedrawingswpeopleanddin-cddc.jpg?resize=768%2C971&amp;ssl=1 768w, https:\/\/i0.wp.com\/corvallisddc.org\/wp-content\/uploads\/2024\/08\/markeronpaperNinedrawingswpeopleanddin-cddc.jpg?resize=1215%2C1536&amp;ssl=1 1215w, https:\/\/i0.wp.com\/corvallisddc.org\/wp-content\/uploads\/2024\/08\/markeronpaperNinedrawingswpeopleanddin-cddc.jpg?resize=1620%2C2048&amp;ssl=1 1620w, https:\/\/i0.wp.com\/corvallisddc.org\/wp-content\/uploads\/2024\/08\/markeronpaperNinedrawingswpeopleanddin-cddc.jpg?resize=9%2C12&amp;ssl=1 9w, https:\/\/i0.wp.com\/corvallisddc.org\/wp-content\/uploads\/2024\/08\/markeronpaperNinedrawingswpeopleanddin-cddc.jpg?resize=1568%2C1982&amp;ssl=1 1568w, https:\/\/i0.wp.com\/corvallisddc.org\/wp-content\/uploads\/2024\/08\/markeronpaperNinedrawingswpeopleanddin-cddc.jpg?w=1500&amp;ssl=1 1500w, https:\/\/i0.wp.com\/corvallisddc.org\/wp-content\/uploads\/2024\/08\/markeronpaperNinedrawingswpeopleanddin-cddc.jpg?w=2250&amp;ssl=1 2250w\" sizes=\"(max-width: 750px) 100vw, 750px\" \/>\t\t\t\t\t\t\t\t\t\t\t\t\t\t\t<\/div>\n\t\t\t\t<\/div>\n\t\t\t\t\t<\/div>\n\t\t<\/div>\n\t\t\t\t\t<\/div>\n\t\t<\/section>\n\t\t\t\t\t<\/div>\n\t\t<\/div>\n\t\t\t\t\t<\/div>\n\t\t<\/section>\n\t\t\t\t<\/div>","protected":false},"excerpt":{"rendered":"<p>Nosso Centro de Desenvolvimento Comunit\u00e1rio (CDDC) de Defesa de Direitos est\u00e1 na linha de frente, realizando um trabalho de alto impacto em prol da justi\u00e7a social. Devido, em grande parte, a barreiras e injusti\u00e7as sist\u00eamicas, nossos assistidos enfrentam disparidades sociais substanciais que envolvem transtornos de sa\u00fade mental concomitantes, transtornos por uso de subst\u00e2ncias, transi\u00e7\u00e3o da pris\u00e3o, falta de acesso \u00e0 educa\u00e7\u00e3o e pobreza intergeracional, que frequentemente se manifestam de forma significativa.<a class=\"more-link\" href=\"https:\/\/corvallisddc.org\/pt\/about\/\">Continuar lendo <span class=\"screen-reader-text\">\u201c&quot;Sobre n\u00f3s&quot;\u201d<\/span><\/a><\/p>","protected":false},"author":212331932,"featured_media":0,"parent":0,"menu_order":0,"comment_status":"closed","ping_status":"closed","template":"","meta":{"advanced_seo_description":"","jetpack_seo_html_title":"","jetpack_seo_noindex":false,"footnotes":""},"class_list":["post-92","page","type-page","status-publish","hentry","entry"],"jetpack_likes_enabled":true,"jetpack_sharing_enabled":true,"jetpack_shortlink":"https:\/\/wp.me\/PdkkQs-1u","amp_enabled":true,"_links":{"self":[{"href":"https:\/\/corvallisddc.org\/pt\/wp-json\/wp\/v2\/pages\/92","targetHints":{"allow":["GET"]}}],"collection":[{"href":"https:\/\/corvallisddc.org\/pt\/wp-json\/wp\/v2\/pages"}],"about":[{"href":"https:\/\/corvallisddc.org\/pt\/wp-json\/wp\/v2\/types\/page"}],"author":[{"embeddable":true,"href":"https:\/\/corvallisddc.org\/pt\/wp-json\/wp\/v2\/users\/212331932"}],"replies":[{"embeddable":true,"href":"https:\/\/corvallisddc.org\/pt\/wp-json\/wp\/v2\/comments?post=92"}],"version-history":[{"count":100,"href":"https:\/\/corvallisddc.org\/pt\/wp-json\/wp\/v2\/pages\/92\/revisions"}],"predecessor-version":[{"id":3987,"href":"https:\/\/corvallisddc.org\/pt\/wp-json\/wp\/v2\/pages\/92\/revisions\/3987"}],"wp:attachment":[{"href":"https:\/\/corvallisddc.org\/pt\/wp-json\/wp\/v2\/media?parent=92"}],"curies":[{"name":"wp","href":"https:\/\/api.w.org\/{rel}","templated":true}]}}