{"id":130,"date":"2023-12-05T16:43:27","date_gmt":"2023-12-06T00:43:27","guid":{"rendered":"https:\/\/corvallisddc.org\/?page_id=130"},"modified":"2024-10-16T14:42:00","modified_gmt":"2024-10-16T21:42:00","slug":"contact","status":"publish","type":"page","link":"https:\/\/corvallisddc.org\/tr\/contact\/","title":{"rendered":"Temas etmek"},"content":{"rendered":"<div class=\"wp-block-columns alignfull is-layout-flex wp-container-core-columns-is-layout-28f84493 wp-block-columns-is-layout-flex\">\n<div class=\"wp-block-column is-layout-flow wp-block-column-is-layout-flow\" style=\"flex-basis:10%\"><\/div>\n\n\n\n<div class=\"wp-block-column is-layout-flow wp-block-column-is-layout-flow\" style=\"flex-basis:80%\">\n<h2 class=\"wp-block-heading\" style=\"font-size:48px\">Bize Ula\u015f\u0131n<\/h2>\n\n\n\n<p style=\"font-size:24px\">Drop-in Center, Western Blvd ve 4 numaral\u0131 caddenin k\u00f6\u015fesine yak\u0131n bir yerde bulunmaktad\u0131r.<sup>inci<\/sup> Corvallis, OR \u015fehir merkezindeki cadde. Binam\u0131z, \u015fehir merkezindeki Safeway&#039;in bir blok g\u00fcneyindedir.<\/p>\n<\/div>\n\n\n\n<div class=\"wp-block-column is-layout-flow wp-block-column-is-layout-flow\" style=\"flex-basis:10%\"><\/div>\n<\/div>\n\n\n\n<div style=\"min-height:400px\" data-map-attr=\"\/qaddress\/q:\/q530 SW 4th St. Corvallis, OR 97333\/q||\/qlat\/q:\/qundefined\/q||\/qlng\/q:\/qundefined\/q||\/qskin\/q:\/qstandard\/q||\/qzoom\/q:\/q17\/q||\/qiconSize\/q:\/q36\/q||\/qmapTypeControl\/q:\/qtrue\/q||\/qzoomControl\/q:\/qtrue\/q||\/qstreetViewControl\/q:\/qtrue\/q||\/qfullscreenControl\/q:\/qtrue\/q\" class=\"wp-block-coblocks-map\"><iframe title=\"Google Haritas\u0131\" frameborder=\"0\" style=\"width:100%;min-height:400px\" src=\"https:\/\/www.google.com\/maps?q=530%20SW%204th%20St.%20Corvallis%2C%20OR%2097333&amp;output=embed&amp;hl=en-US&amp;z=17\"><\/iframe><\/div>\n\n\n\n<div style=\"height:25px\" aria-hidden=\"true\" id=\"history\" class=\"wp-block-spacer\"><\/div>\n\n\n\n<div class=\"wp-block-columns alignfull is-layout-flex wp-container-core-columns-is-layout-28f84493 wp-block-columns-is-layout-flex\">\n<div class=\"wp-block-column is-layout-flow wp-block-column-is-layout-flow\" style=\"flex-basis:10%\"><\/div>\n\n\n\n<div class=\"wp-block-column is-layout-flow wp-block-column-is-layout-flow\" style=\"flex-basis:80%\">\n<h2 class=\"wp-block-heading\" style=\"font-size:48px\">Saat<\/h2>\n\n\n\n<p style=\"font-size:24px\"><strong>Y\u00fcr\u00fcy\u00fc\u015f Temel \u0130htiya\u00e7lar ve Sosyal Hizmetler<\/strong><br>09:00 - 12:00, Pazartesi - Cuma<\/p>\n\n\n\n<p style=\"font-size:24px\"><strong>Randevu ile Sosyal Hizmetler<\/strong><br>12 PM - 2 PM, Pazartesi - Cuma&nbsp;<\/p>\n\n\n\n<p style=\"font-size:24px\">Cumartesi ve Pazar kapal\u0131<\/p>\n<\/div>\n\n\n\n<div class=\"wp-block-column is-layout-flow wp-block-column-is-layout-flow\" style=\"flex-basis:10%\"><\/div>\n<\/div>\n\n\n\n<div style=\"height:25px\" aria-hidden=\"true\" id=\"advocacy\" class=\"wp-block-spacer\"><\/div>\n\n\n\n<div class=\"wp-block-columns alignfull is-layout-flex wp-container-core-columns-is-layout-28f84493 wp-block-columns-is-layout-flex\">\n<div class=\"wp-block-column is-layout-flow wp-block-column-is-layout-flow\" style=\"flex-basis:10%\"><\/div>\n\n\n\n<div class=\"wp-block-column is-layout-flow wp-block-column-is-layout-flow\" style=\"flex-basis:80%\">\n<h2 class=\"wp-block-heading\" style=\"font-size:48px\">Telefon<\/h2>\n\n\n\n<p style=\"font-size:24px\"><strong>Ana:<\/strong> (458) 233-5327<br><strong>Evsiz \u0130stihdam Ba\u015flatma Program\u0131 (HELP):<\/strong> (458) 262-0400<\/p>\n<\/div>\n\n\n\n<div class=\"wp-block-column is-layout-flow wp-block-column-is-layout-flow\" style=\"flex-basis:10%\"><\/div>\n<\/div>\n\n\n\n<div style=\"height:25px\" aria-hidden=\"true\" id=\"community\" class=\"wp-block-spacer\"><\/div>\n\n\n\n<div class=\"wp-block-columns alignfull is-layout-flex wp-container-core-columns-is-layout-28f84493 wp-block-columns-is-layout-flex\">\n<div class=\"wp-block-column is-layout-flow wp-block-column-is-layout-flow\" style=\"flex-basis:10%\"><\/div>\n\n\n\n<div class=\"wp-block-column is-layout-flow wp-block-column-is-layout-flow\" style=\"flex-basis:80%\">\n<h2 class=\"wp-block-heading\" style=\"font-size:48px\">E-posta<\/h2>\n\n\n\n<p style=\"font-size:24px\"><strong>Genel: <a href=\"mailto:info@corvallisddc.com\">info@corvallisddc.com<\/a><\/strong><\/p>\n<\/div>\n\n\n\n<div class=\"wp-block-column is-layout-flow wp-block-column-is-layout-flow\" style=\"flex-basis:10%\"><\/div>\n<\/div>\n\n\n\n<div style=\"height:25px\" aria-hidden=\"true\" id=\"community\" class=\"wp-block-spacer\"><\/div>\n\n\n\n<div class=\"wp-block-columns alignfull is-layout-flex wp-container-core-columns-is-layout-28f84493 wp-block-columns-is-layout-flex\">\n<div class=\"wp-block-column is-layout-flow wp-block-column-is-layout-flow\" style=\"flex-basis:10%\"><\/div>\n\n\n\n<div class=\"wp-block-column is-layout-flow wp-block-column-is-layout-flow\" style=\"flex-basis:80%\">\n<h2 class=\"wp-block-heading\" style=\"font-size:48px\">Posta Adresi<\/h2>\n\n\n\n<p style=\"font-size:24px\">Corvallis G\u00fcnd\u00fcz Bak\u0131m Merkezi<br>Posta Kutusu 1705<br>Corvallis, Oregon 97339<\/p>\n<\/div>\n\n\n\n<div class=\"wp-block-column is-layout-flow wp-block-column-is-layout-flow\" style=\"flex-basis:10%\"><\/div>\n<\/div>\n\n\n\n<div style=\"height:25px\" aria-hidden=\"true\" id=\"community\" class=\"wp-block-spacer\"><\/div>\n\n\n\n<div class=\"wp-block-columns alignfull is-layout-flex wp-container-core-columns-is-layout-28f84493 wp-block-columns-is-layout-flex\">\n<div class=\"wp-block-column is-layout-flow wp-block-column-is-layout-flow\" style=\"flex-basis:10%\"><\/div>\n\n\n\n<div class=\"wp-block-column is-layout-flow wp-block-column-is-layout-flow\" style=\"flex-basis:80%\">\n<h2 class=\"wp-block-heading\" style=\"font-size:48px\">Bizi Nerede Bulabilirsiniz<\/h2>\n\n\n\n<p style=\"font-size:24px\">Corvallis G\u00fcnd\u00fcz Bak\u0131m Merkezi<br>530 SW 4. Sokak<br>Corvallis, Oregon 97333<\/p>\n<\/div>\n\n\n\n<div class=\"wp-block-column is-layout-flow wp-block-column-is-layout-flow\" style=\"flex-basis:10%\"><\/div>\n<\/div>","protected":false},"excerpt":{"rendered":"<p>Bizimle \u0130leti\u015fime Ge\u00e7in Drop-in Center, Oregon, Corvallis \u015fehir merkezinde Western Blvd ve 4th Street k\u00f6\u015fesinin yak\u0131n\u0131nda yer almaktad\u0131r. Binam\u0131z, \u015fehir merkezindeki Safeway&#039;in bir blok g\u00fcneyindedir. Saatler Y\u00fcr\u00fcyerek Temel \u0130htiya\u00e7lar ve Sosyal Hizmetler Pazartesiden Cumaya 09:00 - 12:00 Randevu ile Sosyal Hizmetler Pazartesiden Cumaya 12:00 - 14:00&nbsp;<a class=\"more-link\" href=\"https:\/\/corvallisddc.org\/tr\/contact\/\"><span class=\"screen-reader-text\">&quot;Temas etmek&quot;<\/span> yaz\u0131n\u0131n devam\u0131n\u0131 oku<\/a><\/p>","protected":false},"author":212331932,"featured_media":0,"parent":0,"menu_order":0,"comment_status":"closed","ping_status":"closed","template":"","meta":{"advanced_seo_description":"","jetpack_seo_html_title":"","jetpack_seo_noindex":false,"footnotes":""},"class_list":["post-130","page","type-page","status-publish","hentry","entry"],"jetpack_likes_enabled":true,"jetpack_sharing_enabled":true,"jetpack_shortlink":"https:\/\/wp.me\/PdkkQs-26","amp_enabled":true,"_links":{"self":[{"href":"https:\/\/corvallisddc.org\/tr\/wp-json\/wp\/v2\/pages\/130","targetHints":{"allow":["GET"]}}],"collection":[{"href":"https:\/\/corvallisddc.org\/tr\/wp-json\/wp\/v2\/pages"}],"about":[{"href":"https:\/\/corvallisddc.org\/tr\/wp-json\/wp\/v2\/types\/page"}],"author":[{"embeddable":true,"href":"https:\/\/corvallisddc.org\/tr\/wp-json\/wp\/v2\/users\/212331932"}],"replies":[{"embeddable":true,"href":"https:\/\/corvallisddc.org\/tr\/wp-json\/wp\/v2\/comments?post=130"}],"version-history":[{"count":34,"href":"https:\/\/corvallisddc.org\/tr\/wp-json\/wp\/v2\/pages\/130\/revisions"}],"predecessor-version":[{"id":1043,"href":"https:\/\/corvallisddc.org\/tr\/wp-json\/wp\/v2\/pages\/130\/revisions\/1043"}],"wp:attachment":[{"href":"https:\/\/corvallisddc.org\/tr\/wp-json\/wp\/v2\/media?parent=130"}],"curies":[{"name":"wp","href":"https:\/\/api.w.org\/{rel}","templated":true}]}}