{"id":2407,"date":"2024-02-06T12:36:10","date_gmt":"2024-02-06T20:36:10","guid":{"rendered":"https:\/\/corvallisddc.org\/?page_id=2407"},"modified":"2024-07-09T19:47:44","modified_gmt":"2024-07-10T02:47:44","slug":"donateonline","status":"publish","type":"page","link":"https:\/\/corvallisddc.org\/tr\/donateonline\/","title":{"rendered":"\u00c7evrimi\u00e7i Ba\u011f\u0131\u015f"},"content":{"rendered":"<div data-elementor-type=\"wp-page\" data-elementor-id=\"2407\" class=\"elementor elementor-2407\">\n\t\t\t\t\t\t<section class=\"elementor-section elementor-top-section elementor-element elementor-element-7d3f429 elementor-section-boxed elementor-section-height-default elementor-section-height-default\" data-id=\"7d3f429\" data-element_type=\"section\" data-e-type=\"section\">\n\t\t\t\t\t\t<div class=\"elementor-container elementor-column-gap-default\">\n\t\t\t\t\t<div class=\"elementor-column elementor-col-100 elementor-top-column elementor-element elementor-element-a7771d6\" data-id=\"a7771d6\" data-element_type=\"column\" data-e-type=\"column\">\n\t\t\t<div class=\"elementor-widget-wrap elementor-element-populated\">\n\t\t\t\t\t\t<div class=\"elementor-element elementor-element-74a77c7 elementor-widget elementor-widget-text-editor\" data-id=\"74a77c7\" data-element_type=\"widget\" data-e-type=\"widget\" data-widget_type=\"text-editor.default\">\n\t\t\t\t<div class=\"elementor-widget-container\">\n\t\t\t\t\t\t\t\t\t<h1><span style=\"font-family: arial, helvetica, sans-serif; font-size: 22px;\">\u00d6zet<\/span><\/h1><p>Corvallis Daytime Drop-in Center, kar amac\u0131 g\u00fctmeyen bir kurulu\u015ftur ve IRS taraf\u0131ndan B\u00f6l\u00fcm 501(c)(3) uyar\u0131nca vergi muafiyeti olarak kabul edilmektedir. <strong>Federal EIN numaram\u0131z: 80-0019915<\/strong><\/p><p><span style=\"font-family: arial, helvetica, sans-serif; font-size: 18px;\">S\u0130Z\u0130N i\u00e7in \u00e7ok minnettar\u0131z! A\u015fa\u011f\u0131daki formda, ba\u011f\u0131\u015f\u00e7\u0131lar \u00e7evrimi\u00e7i ba\u011f\u0131\u015flar\u0131n\u0131 nas\u0131l yapacaklar\u0131n\u0131 se\u00e7mek i\u00e7in se\u00e7eneklere sahiptir. Kullanarak <a href=\"https:\/\/www.zeffy.com\/home\/\">Zeffy<\/a>, \u015fimdi al\u0131yoruz <strong>Her online ba\u011f\u0131\u015f i\u00e7in 100%! <\/strong>Ba\u011f\u0131\u015flar\u0131n\u0131z i\u00e7in art\u0131k i\u015flem \u00fccreti \u00f6demenize gerek yok! <br \/><\/span><\/p><p><span style=\"font-family: arial, helvetica, sans-serif; font-size: 18px;\">\u00a0<\/span><\/p><ol><li><span style=\"font-family: arial, helvetica, sans-serif; font-size: 18px;\">&quot; i\u00e7in d\u00f6rt (4) adet \u00f6nceden ayarlanm\u0131\u015f miktar d\u00fc\u011fmesi vard\u0131r<strong>Tek seferlik ba\u011f\u0131\u015f<\/strong>\u201d ve \u201c i\u00e7in d\u00f6rt (4) d\u00fc\u011fme<strong>Ayl\u0131k ba\u011f\u0131\u015f<\/strong>Ba\u011f\u0131\u015f\u00e7\u0131lar her butona t\u0131klayarak ba\u011f\u0131\u015flar\u0131n\u0131n Merkez&#039;e ve misafirlerimize nas\u0131l yard\u0131mc\u0131 olaca\u011f\u0131na dair bir a\u00e7\u0131klama g\u00f6recekler.<\/span><\/li><li><span style=\"font-family: arial, helvetica, sans-serif; font-size: 18px;\">Ba\u011f\u0131\u015f\u00e7\u0131lar ayr\u0131ca se\u00e7me se\u00e7ene\u011fine de sahiptir <em>herhangi<\/em> Vermek istedikleri miktar\u0131, en sa\u011fda $ (dolar i\u015fareti) bulunan serbest bi\u00e7imli kutucu\u011fa girerek bildirebilirler.<\/span><\/li><\/ol><p><span style=\"font-family: arial, helvetica, sans-serif; font-size: 18px;\">L\u00dcTFEN D\u0130KKAT: Ba\u011f\u0131\u015flar\u0131n\u0131z hi\u00e7bir zaman kamuoyuna a\u00e7\u0131klanmayacakt\u0131r.<\/span><\/p>\t\t\t\t\t\t\t\t<\/div>\n\t\t\t\t<\/div>\n\t\t\t\t<div class=\"elementor-element elementor-element-d9d3173 elementor-widget-mobile__width-initial elementor-widget elementor-widget-html\" data-id=\"d9d3173\" data-element_type=\"widget\" data-e-type=\"widget\" data-widget_type=\"html.default\">\n\t\t\t\t<div class=\"elementor-widget-container\">\n\t\t\t\t\t<div style=\"position:relative;overflow:hidden;height:1200px;width:100%;\"><iframe title='Zeffy taraf\u0131ndan desteklenen ba\u011f\u0131\u015f formu' style='position: absolute; border: 0; top:0;left:0;bottom:0;right:0;width:100%;height:100%' src='https:\/\/www.zeffy.com\/embed\/donation-form\/467b26c0-d081-4f17-9f29-94a2cfc8f4dd' allowpaymentrequest allowtransparency=\"true\"><\/iframe><\/div>\t\t\t\t<\/div>\n\t\t\t\t<\/div>\n\t\t\t\t\t<\/div>\n\t\t<\/div>\n\t\t\t\t\t<\/div>\n\t\t<\/section>\n\t\t\t\t<\/div>","protected":false},"excerpt":{"rendered":"<p>\u00d6zet: Corvallis G\u00fcnd\u00fcz Dan\u0131\u015fma Merkezi, k\u00e2r amac\u0131 g\u00fctmeyen bir kurulu\u015ftur ve IRS taraf\u0131ndan 501(c)(3) B\u00f6l\u00fcm\u00fc uyar\u0131nca vergiden muaf olarak tan\u0131nmaktad\u0131r. Federal EIN numaram\u0131z: 80-0019915. Size minnettar\u0131z! A\u015fa\u011f\u0131daki formda, ba\u011f\u0131\u015f\u00e7\u0131lar\u0131n \u00e7evrimi\u00e7i ba\u011f\u0131\u015flar\u0131n\u0131 nas\u0131l yapacaklar\u0131n\u0131 se\u00e7me se\u00e7enekleri mevcuttur. Zeffy kullanarak, art\u0131k 100% tutar\u0131nda ba\u011f\u0131\u015f al\u0131yoruz.<a class=\"more-link\" href=\"https:\/\/corvallisddc.org\/tr\/donateonline\/\"><span class=\"screen-reader-text\">\u201c\u00c7evrimi\u00e7i Ba\u011f\u0131\u015f\u201d<\/span> yaz\u0131n\u0131n devam\u0131n\u0131 oku<\/a><\/p>","protected":false},"author":212331932,"featured_media":0,"parent":0,"menu_order":0,"comment_status":"closed","ping_status":"closed","template":"","meta":{"advanced_seo_description":"","jetpack_seo_html_title":"","jetpack_seo_noindex":false,"footnotes":""},"class_list":["post-2407","page","type-page","status-publish","hentry","entry"],"jetpack_likes_enabled":true,"jetpack_sharing_enabled":true,"jetpack_shortlink":"https:\/\/wp.me\/PdkkQs-CP","amp_enabled":true,"_links":{"self":[{"href":"https:\/\/corvallisddc.org\/tr\/wp-json\/wp\/v2\/pages\/2407","targetHints":{"allow":["GET"]}}],"collection":[{"href":"https:\/\/corvallisddc.org\/tr\/wp-json\/wp\/v2\/pages"}],"about":[{"href":"https:\/\/corvallisddc.org\/tr\/wp-json\/wp\/v2\/types\/page"}],"author":[{"embeddable":true,"href":"https:\/\/corvallisddc.org\/tr\/wp-json\/wp\/v2\/users\/212331932"}],"replies":[{"embeddable":true,"href":"https:\/\/corvallisddc.org\/tr\/wp-json\/wp\/v2\/comments?post=2407"}],"version-history":[{"count":69,"href":"https:\/\/corvallisddc.org\/tr\/wp-json\/wp\/v2\/pages\/2407\/revisions"}],"predecessor-version":[{"id":2900,"href":"https:\/\/corvallisddc.org\/tr\/wp-json\/wp\/v2\/pages\/2407\/revisions\/2900"}],"wp:attachment":[{"href":"https:\/\/corvallisddc.org\/tr\/wp-json\/wp\/v2\/media?parent=2407"}],"curies":[{"name":"wp","href":"https:\/\/api.w.org\/{rel}","templated":true}]}}