{"id":2591,"date":"2024-03-31T19:18:28","date_gmt":"2024-04-01T02:18:28","guid":{"rendered":"https:\/\/corvallisddc.org\/?page_id=2591"},"modified":"2024-06-30T15:42:58","modified_gmt":"2024-06-30T22:42:58","slug":"current-needs-list","status":"publish","type":"page","link":"https:\/\/corvallisddc.org\/tr\/current-needs-list\/","title":{"rendered":"G\u00fcncel \u0130htiya\u00e7 Listesi"},"content":{"rendered":"<div data-elementor-type=\"wp-page\" data-elementor-id=\"2591\" class=\"elementor elementor-2591\">\n\t\t\t\t\t\t<section class=\"elementor-section elementor-top-section elementor-element elementor-element-1d4bd5f elementor-section-boxed elementor-section-height-default elementor-section-height-default\" data-id=\"1d4bd5f\" data-element_type=\"section\" data-e-type=\"section\">\n\t\t\t\t\t\t<div class=\"elementor-container elementor-column-gap-default\">\n\t\t\t\t\t<div class=\"elementor-column elementor-col-100 elementor-top-column elementor-element elementor-element-a8b494c\" data-id=\"a8b494c\" data-element_type=\"column\" data-e-type=\"column\">\n\t\t\t<div class=\"elementor-widget-wrap elementor-element-populated\">\n\t\t\t\t\t\t<div class=\"elementor-element elementor-element-a3c9a91 elementor-widget elementor-widget-text-editor\" data-id=\"a3c9a91\" data-element_type=\"widget\" data-e-type=\"widget\" data-widget_type=\"text-editor.default\">\n\t\t\t\t<div class=\"elementor-widget-container\">\n\t\t\t\t\t\t\t\t\t<p><span style=\"font-weight: 400; font-family: arial, helvetica, sans-serif;\">Misafirlerimizin ihtiya\u00e7lar\u0131 mevsimlere ve \u00e7evresel ko\u015fullara g\u00f6re de\u011fi\u015fir, bu nedenle ba\u011f\u0131\u015flanacak e\u015fyalar\u0131 d\u00fc\u015f\u00fcn\u00fcrken bunu akl\u0131n\u0131zda bulundurun. Bu listeyi g\u00fcncel ve g\u00fcncel tutmak i\u00e7in elimizden geleni yap\u0131yoruz, ancak s\u0131n\u0131rl\u0131 depolama alan\u0131m\u0131z oldu\u011fu i\u00e7in al\u0131nan ba\u011f\u0131\u015flar\u0131n ilgili oldu\u011fundan emin olmak i\u00e7in yard\u0131m\u0131n\u0131za ihtiyac\u0131m\u0131z var. <em>ak\u0131m<\/em> Misafirlerimizin ihtiya\u00e7lar\u0131na cevap veriyoruz.<\/span><\/p><p>\u00a0<\/p><p><span style=\"font-weight: 400; font-family: arial, helvetica, sans-serif;\">L\u00fctfen a\u015fa\u011f\u0131daki listemizden yeni ve az kullan\u0131lm\u0131\u015f e\u015fyalar\u0131n\u0131z\u0131 ba\u011f\u0131\u015flamay\u0131 d\u00fc\u015f\u00fcn\u00fcn.<\/span><\/p><p><span style=\"font-weight: 400; font-family: arial, helvetica, sans-serif;\">Ayr\u0131ca, g\u00fcvenlik ve hijyen nedenlerinden dolay\u0131 SADECE yepyeni (paketi i\u00e7inde) i\u00e7 \u00e7ama\u015f\u0131rlar\u0131n\u0131 kabul edece\u011fimizi unutmay\u0131n.<\/span><\/p><p>\u00a0<\/p><p><span style=\"font-weight: 400; font-family: arial, helvetica, sans-serif;\">Merkezle 458-233-5327 numaral\u0131 telefondan veya e-posta yoluyla ileti\u015fime ge\u00e7mekten \u00e7ekinmeyin <a href=\"mailto:info@corvallisddc.org\">info@corvallisddc.org<\/a>\u00a0 Bu listede olmayan herhangi bir sorunuz veya ba\u011f\u0131\u015flamak istedi\u011finiz bir \u015fey varsa.<\/span><\/p><p>\u00a0<\/p><p><span style=\"font-weight: 400; font-family: arial, helvetica, sans-serif;\">C\u00f6mert ve s\u00fcrekli deste\u011finiz i\u00e7in te\u015fekk\u00fcr ederiz!<\/span><\/p><p>\u00a0<\/p><p><strong><span style=\"font-family: arial, helvetica, sans-serif; font-size: 22px;\">En \u00c7ok \u0130htiya\u00e7 Duyulan \u00d6\u011feler<\/span><\/strong><\/p><ul><li><span style=\"font-weight: 400; font-family: arial, helvetica, sans-serif;\">XXL Sweatshirtler ve Kap\u015fonlu \u00dcstler (kad\u0131ns\u0131, erkeksi ve cinsiyetsiz)<\/span><\/li><li><span style=\"font-weight: 400; font-family: arial, helvetica, sans-serif;\">Pantolon (erkek stilleri)<\/span><\/li><li><span style=\"font-weight: 400; font-family: arial, helvetica, sans-serif;\">\u0130\u00e7 \u00e7ama\u015f\u0131r\u0131 (kad\u0131ns\u0131, erkeksi ve cinsiyetsiz)<\/span><\/li><li><span style=\"font-weight: 400; font-family: arial, helvetica, sans-serif;\">\u00c7oraplar (t\u00fcm bedenler)<\/span><\/li><li><span style=\"font-weight: 400; font-family: arial, helvetica, sans-serif;\">Hijyen malzemeleri (seyahat boyu ve kapal\u0131)<\/span><\/li><li><span style=\"font-weight: 400; font-family: arial, helvetica, sans-serif;\">Tek kullan\u0131ml\u0131k adet \u00fcr\u00fcnleri<\/span><\/li><li><span style=\"font-weight: 400; font-family: arial, helvetica, sans-serif;\">Pon\u00e7olar <\/span><\/li><li><span style=\"font-weight: 400; font-family: arial, helvetica, sans-serif;\">Ya\u011fmurluk<\/span><\/li><li><span style=\"font-weight: 400; font-family: arial, helvetica, sans-serif;\">\u00c7ad\u0131rlar<\/span><\/li><li><span style=\"font-weight: 400; font-family: arial, helvetica, sans-serif;\">Uyku Tulumlar\u0131<\/span><\/li><li><span style=\"font-weight: 400; font-family: arial, helvetica, sans-serif;\">S\u0131rt \u00e7antalar\u0131<\/span><\/li><li><span style=\"font-weight: 400; font-family: arial, helvetica, sans-serif;\">Brandalar<\/span><\/li><li><span style=\"font-weight: 400; font-family: arial, helvetica, sans-serif;\">Sandvi\u00e7 ekme\u011fi<\/span><\/li><li><span style=\"font-weight: 400; font-family: arial, helvetica, sans-serif;\">Meyve<\/span><\/li><li><span style=\"font-weight: 400; font-family: arial, helvetica, sans-serif;\">Sandvi\u00e7 po\u015fetleri<\/span><\/li><li><span style=\"font-weight: 400; font-family: arial, helvetica, sans-serif;\">K\u00fc\u00e7\u00fck yeniden kapat\u0131labilir torbalar<\/span><\/li><\/ul>\t\t\t\t\t\t\t\t<\/div>\n\t\t\t\t<\/div>\n\t\t\t\t\t<\/div>\n\t\t<\/div>\n\t\t\t\t\t<\/div>\n\t\t<\/section>\n\t\t\t\t<\/div>","protected":false},"excerpt":{"rendered":"<p>Misafirlerimizin ihtiya\u00e7lar\u0131 mevsimlere ve \u00e7evresel ko\u015fullara g\u00f6re de\u011fi\u015fmektedir, bu nedenle ba\u011f\u0131\u015flayaca\u011f\u0131n\u0131z e\u015fyalar\u0131 de\u011ferlendirirken bunu g\u00f6z \u00f6n\u00fcnde bulundurun. Bu listeyi g\u00fcncel tutmak i\u00e7in elimizden gelenin en iyisini yap\u0131yoruz, ancak s\u0131n\u0131rl\u0131 depolama alan\u0131m\u0131z nedeniyle, ald\u0131\u011f\u0131m\u0131z ba\u011f\u0131\u015flar\u0131n misafirlerimizin mevcut ihtiya\u00e7lar\u0131yla ilgili oldu\u011fundan emin olmak i\u00e7in yard\u0131m\u0131n\u0131za ihtiyac\u0131m\u0131z var. \u00a0<a class=\"more-link\" href=\"https:\/\/corvallisddc.org\/tr\/current-needs-list\/\"><span class=\"screen-reader-text\">\u201cMevcut \u0130htiya\u00e7lar Listesi\u201d<\/span> yaz\u0131n\u0131n devam\u0131n\u0131 oku<\/a><\/p>","protected":false},"author":212331932,"featured_media":0,"parent":0,"menu_order":0,"comment_status":"closed","ping_status":"closed","template":"","meta":{"advanced_seo_description":"","jetpack_seo_html_title":"","jetpack_seo_noindex":false,"footnotes":""},"class_list":["post-2591","page","type-page","status-publish","hentry","entry"],"jetpack_likes_enabled":true,"jetpack_sharing_enabled":true,"jetpack_shortlink":"https:\/\/wp.me\/PdkkQs-FN","amp_enabled":true,"_links":{"self":[{"href":"https:\/\/corvallisddc.org\/tr\/wp-json\/wp\/v2\/pages\/2591","targetHints":{"allow":["GET"]}}],"collection":[{"href":"https:\/\/corvallisddc.org\/tr\/wp-json\/wp\/v2\/pages"}],"about":[{"href":"https:\/\/corvallisddc.org\/tr\/wp-json\/wp\/v2\/types\/page"}],"author":[{"embeddable":true,"href":"https:\/\/corvallisddc.org\/tr\/wp-json\/wp\/v2\/users\/212331932"}],"replies":[{"embeddable":true,"href":"https:\/\/corvallisddc.org\/tr\/wp-json\/wp\/v2\/comments?post=2591"}],"version-history":[{"count":22,"href":"https:\/\/corvallisddc.org\/tr\/wp-json\/wp\/v2\/pages\/2591\/revisions"}],"predecessor-version":[{"id":2816,"href":"https:\/\/corvallisddc.org\/tr\/wp-json\/wp\/v2\/pages\/2591\/revisions\/2816"}],"wp:attachment":[{"href":"https:\/\/corvallisddc.org\/tr\/wp-json\/wp\/v2\/media?parent=2591"}],"curies":[{"name":"wp","href":"https:\/\/api.w.org\/{rel}","templated":true}]}}