{"id":3321,"date":"2024-10-21T19:49:02","date_gmt":"2024-10-22T02:49:02","guid":{"rendered":"https:\/\/corvallisddc.org\/?page_id=3321"},"modified":"2024-12-01T23:46:22","modified_gmt":"2024-12-02T07:46:22","slug":"basicneedsprojectaction","status":"publish","type":"page","link":"https:\/\/corvallisddc.org\/tr\/get-help\/basicneedsprojectaction\/","title":{"rendered":"Temel \u0130htiya\u00e7lar ve Proje Eylemi"},"content":{"rendered":"<div data-elementor-type=\"wp-page\" data-elementor-id=\"3321\" class=\"elementor elementor-3321\">\n\t\t\t\t\t\t<section class=\"elementor-section elementor-top-section elementor-element elementor-element-6c87ba9 ops-section elementor-section-boxed elementor-section-height-default elementor-section-height-default\" data-id=\"6c87ba9\" data-element_type=\"section\" data-e-type=\"section\" data-settings=\"{&quot;ekit_has_onepagescroll&quot;:&quot;section&quot;,&quot;background_background&quot;:&quot;classic&quot;}\">\n\t\t\t\t\t\t\t<div class=\"elementor-background-overlay\"><\/div>\n\t\t\t\t\t\t\t<div class=\"elementor-container elementor-column-gap-default\">\n\t\t\t\t\t<div class=\"elementor-column elementor-col-100 elementor-top-column elementor-element elementor-element-f13fdea\" data-id=\"f13fdea\" data-element_type=\"column\" data-e-type=\"column\" data-settings=\"{&quot;background_background&quot;:&quot;classic&quot;}\">\n\t\t\t<div class=\"elementor-widget-wrap elementor-element-populated\">\n\t\t\t\t\t\t<section class=\"elementor-section elementor-inner-section elementor-element elementor-element-099371c elementor-section-boxed elementor-section-height-default elementor-section-height-default\" data-id=\"099371c\" data-element_type=\"section\" data-e-type=\"section\">\n\t\t\t\t\t\t<div class=\"elementor-container elementor-column-gap-default\">\n\t\t\t\t\t<div class=\"elementor-column elementor-col-50 elementor-inner-column elementor-element elementor-element-26d6b86\" data-id=\"26d6b86\" data-element_type=\"column\" data-e-type=\"column\">\n\t\t\t<div class=\"elementor-widget-wrap elementor-element-populated\">\n\t\t\t\t\t\t<div class=\"elementor-element elementor-element-8f2c7c1 elementor-widget elementor-widget-image\" data-id=\"8f2c7c1\" data-element_type=\"widget\" data-e-type=\"widget\" data-widget_type=\"image.default\">\n\t\t\t\t<div class=\"elementor-widget-container\">\n\t\t\t\t\t\t\t\t\t\t\t\t\t\t\t<img fetchpriority=\"high\" decoding=\"async\" data-attachment-id=\"3298\" data-permalink=\"https:\/\/corvallisddc.org\/tr\/constructionpaperhearts-cddc-2\/\" data-orig-file=\"https:\/\/i0.wp.com\/corvallisddc.org\/wp-content\/uploads\/2024\/08\/constructionpaperhearts-cddc-e1729563816437.jpg?fit=4379%2C2664&amp;ssl=1\" data-orig-size=\"4379,2664\" data-comments-opened=\"1\" data-image-meta=\"{&quot;aperture&quot;:&quot;0&quot;,&quot;credit&quot;:&quot;&quot;,&quot;camera&quot;:&quot;NIKON D3500&quot;,&quot;caption&quot;:&quot;&quot;,&quot;created_timestamp&quot;:&quot;1715169620&quot;,&quot;copyright&quot;:&quot;&quot;,&quot;focal_length&quot;:&quot;0&quot;,&quot;iso&quot;:&quot;1400&quot;,&quot;shutter_speed&quot;:&quot;0&quot;,&quot;title&quot;:&quot;&quot;,&quot;orientation&quot;:&quot;0&quot;}\" data-image-title=\"constructionpaperhearts-cddc\" data-image-description=\"\" data-image-caption=\"\" data-large-file=\"https:\/\/i0.wp.com\/corvallisddc.org\/wp-content\/uploads\/2024\/08\/constructionpaperhearts-cddc-e1729563816437.jpg?fit=750%2C456&amp;ssl=1\" width=\"750\" height=\"456\" src=\"https:\/\/i0.wp.com\/corvallisddc.org\/wp-content\/uploads\/2024\/08\/constructionpaperhearts-cddc-e1729563816437.jpg?fit=750%2C456&amp;ssl=1\" class=\"attachment-large size-large wp-image-3298\" alt=\"&quot;Ballion Hearts&quot; Multi colored cut-out hearts spread out on pink construction paper. Hearts are made with construction paper.\" srcset=\"https:\/\/i0.wp.com\/corvallisddc.org\/wp-content\/uploads\/2024\/08\/constructionpaperhearts-cddc-e1729563816437.jpg?w=4379&amp;ssl=1 4379w, https:\/\/i0.wp.com\/corvallisddc.org\/wp-content\/uploads\/2024\/08\/constructionpaperhearts-cddc-e1729563816437.jpg?resize=300%2C183&amp;ssl=1 300w, https:\/\/i0.wp.com\/corvallisddc.org\/wp-content\/uploads\/2024\/08\/constructionpaperhearts-cddc-e1729563816437.jpg?resize=1024%2C623&amp;ssl=1 1024w, https:\/\/i0.wp.com\/corvallisddc.org\/wp-content\/uploads\/2024\/08\/constructionpaperhearts-cddc-e1729563816437.jpg?resize=150%2C91&amp;ssl=1 150w, https:\/\/i0.wp.com\/corvallisddc.org\/wp-content\/uploads\/2024\/08\/constructionpaperhearts-cddc-e1729563816437.jpg?resize=768%2C467&amp;ssl=1 768w, https:\/\/i0.wp.com\/corvallisddc.org\/wp-content\/uploads\/2024\/08\/constructionpaperhearts-cddc-e1729563816437.jpg?resize=1536%2C934&amp;ssl=1 1536w, https:\/\/i0.wp.com\/corvallisddc.org\/wp-content\/uploads\/2024\/08\/constructionpaperhearts-cddc-e1729563816437.jpg?resize=2048%2C1246&amp;ssl=1 2048w, https:\/\/i0.wp.com\/corvallisddc.org\/wp-content\/uploads\/2024\/08\/constructionpaperhearts-cddc-e1729563816437.jpg?resize=18%2C12&amp;ssl=1 18w, https:\/\/i0.wp.com\/corvallisddc.org\/wp-content\/uploads\/2024\/08\/constructionpaperhearts-cddc-e1729563816437.jpg?resize=1568%2C954&amp;ssl=1 1568w, https:\/\/i0.wp.com\/corvallisddc.org\/wp-content\/uploads\/2024\/08\/constructionpaperhearts-cddc-e1729563816437.jpg?w=2250&amp;ssl=1 2250w\" sizes=\"(max-width: 750px) 100vw, 750px\" \/>\t\t\t\t\t\t\t\t\t\t\t\t\t\t\t<\/div>\n\t\t\t\t<\/div>\n\t\t\t\t\t<\/div>\n\t\t<\/div>\n\t\t\t\t<div class=\"elementor-column elementor-col-50 elementor-inner-column elementor-element elementor-element-64202e6\" data-id=\"64202e6\" data-element_type=\"column\" data-e-type=\"column\">\n\t\t\t<div class=\"elementor-widget-wrap elementor-element-populated\">\n\t\t\t\t\t\t<div class=\"elementor-element elementor-element-efc0769 elementor-widget__width-initial elementor-widget elementor-widget-text-editor\" data-id=\"efc0769\" data-element_type=\"widget\" data-e-type=\"widget\" data-widget_type=\"text-editor.default\">\n\t\t\t\t<div class=\"elementor-widget-container\">\n\t\t\t\t\t\t\t\t\t<h2 style=\"text-align: center;\"><span style=\"font-family: arial, helvetica, sans-serif; color: #000000;\"><strong>Temel \u0130htiya\u00e7lar<\/strong><\/span><\/h2><h2 style=\"text-align: center;\"><span style=\"font-family: arial, helvetica, sans-serif; color: #000000;\"><strong> Ve<\/strong><\/span><\/h2><h2 style=\"text-align: center;\"><strong><span style=\"font-family: arial, helvetica, sans-serif; color: #000000;\"> Proje Eylemi<\/span>\u00a0<\/strong><\/h2>\t\t\t\t\t\t\t\t<\/div>\n\t\t\t\t<\/div>\n\t\t\t\t\t<\/div>\n\t\t<\/div>\n\t\t\t\t\t<\/div>\n\t\t<\/section>\n\t\t\t\t<div class=\"elementor-element elementor-element-5bebe7d elementor-widget elementor-widget-text-editor\" data-id=\"5bebe7d\" data-element_type=\"widget\" data-e-type=\"widget\" data-widget_type=\"text-editor.default\">\n\t\t\t\t<div class=\"elementor-widget-container\">\n\t\t\t\t\t\t\t\t\t<p><strong>Pazartesi-Cuma 09:00-12:00<\/strong> Telefonunuzu \u015farj etmek, postan\u0131z\u0131 almak ve temel hijyen malzemeleri, giyim, ayakkab\u0131 ve daha fazlas\u0131 konusunda yard\u0131m almak i\u00e7in Merkeze gelin.<\/p><p>\u00a0<\/p><p>CDDC ayr\u0131ca kahve, meyve, at\u0131\u015ft\u0131rmal\u0131klar ve sandvi\u00e7ler de sunuyor!<\/p><p>\u00a0<\/p><ul><li>Hayat\u0131n\u0131zda yolunuzu bulman\u0131z i\u00e7in ek yard\u0131ma ihtiyac\u0131n\u0131z varsa, size yard\u0131mc\u0131 olmak i\u00e7in buraday\u0131z! Daha fazla bilgi ve \u015fu hizmetlerle ilgili yard\u0131m almak i\u00e7in bir \u0130htiya\u00e7 Navigat\u00f6r\u00fc ile g\u00f6r\u00fc\u015febilirsiniz:<\/li><li>S\u00fcr\u00fcc\u00fc belgesi veya do\u011fum belgesi gibi resmi belgelerin al\u0131nmas\u0131 veya de\u011fi\u015ftirilmesi<\/li><li>Sa\u011fl\u0131k hizmeti sa\u011flay\u0131c\u0131lar\u0131na eri\u015fim<br \/>Resmi evraklar\u0131n tamamlanmas\u0131<\/li><li>SNAP&#039;e (g\u0131da kuponu) ba\u015fvurma<\/li><li>Konut yard\u0131m\u0131 bekleme listelerine girmek<\/li><li>Di\u011fer topluluk desteklerine ba\u011flanma ve daha fazlas\u0131!<\/li><\/ul><p>Listede g\u00f6rmedi\u011finiz bir hizmete ihtiyac\u0131n\u0131z varsa, sorman\u0131z yeterli!<\/p><p>\u00a0<\/p><p>B\u00fcy\u00fck ihtimalle size yard\u0131mc\u0131 olabiliriz veya toplulukta ihtiyac\u0131n\u0131z olan\u0131 sunabilecek ba\u015fka biriyle sizi tan\u0131\u015ft\u0131rabiliriz.<\/p>\t\t\t\t\t\t\t\t<\/div>\n\t\t\t\t<\/div>\n\t\t\t\t\t<\/div>\n\t\t<\/div>\n\t\t\t\t\t<\/div>\n\t\t<\/section>\n\t\t\t\t<\/div>","protected":false},"excerpt":{"rendered":"<p>Temel \u0130htiya\u00e7lar ve Proje Eylemi Pazartesi-Cuma 09:00-12:00 Merkeze gelerek telefonunuzu \u015farj edebilir, postalar\u0131n\u0131z\u0131 alabilir ve temel hijyen malzemeleri, giyim, ayakkab\u0131 ve daha fazlas\u0131 konusunda yard\u0131m alabilirsiniz. CDDC ayr\u0131ca kahve, meyve, at\u0131\u015ft\u0131rmal\u0131klar ve sandvi\u00e7ler de sunmaktad\u0131r! Hayat\u0131 kolayla\u015ft\u0131rmak i\u00e7in ek yard\u0131ma ihtiyac\u0131n\u0131z varsa, size yard\u0131mc\u0131 olmak i\u00e7in buraday\u0131z! Bizimle g\u00f6r\u00fc\u015febilirsiniz.<a class=\"more-link\" href=\"https:\/\/corvallisddc.org\/tr\/get-help\/basicneedsprojectaction\/\"><span class=\"screen-reader-text\">\u201cTemel \u0130htiya\u00e7lar ve Proje Eylemi\u201d<\/span> yaz\u0131n\u0131n devam\u0131n\u0131 oku<\/a><\/p>","protected":false},"author":212331932,"featured_media":0,"parent":115,"menu_order":0,"comment_status":"closed","ping_status":"closed","template":"","meta":{"advanced_seo_description":"","jetpack_seo_html_title":"","jetpack_seo_noindex":false,"footnotes":""},"class_list":["post-3321","page","type-page","status-publish","hentry","entry"],"jetpack_likes_enabled":true,"jetpack_sharing_enabled":true,"jetpack_shortlink":"https:\/\/wp.me\/PdkkQs-Rz","amp_enabled":true,"_links":{"self":[{"href":"https:\/\/corvallisddc.org\/tr\/wp-json\/wp\/v2\/pages\/3321","targetHints":{"allow":["GET"]}}],"collection":[{"href":"https:\/\/corvallisddc.org\/tr\/wp-json\/wp\/v2\/pages"}],"about":[{"href":"https:\/\/corvallisddc.org\/tr\/wp-json\/wp\/v2\/types\/page"}],"author":[{"embeddable":true,"href":"https:\/\/corvallisddc.org\/tr\/wp-json\/wp\/v2\/users\/212331932"}],"replies":[{"embeddable":true,"href":"https:\/\/corvallisddc.org\/tr\/wp-json\/wp\/v2\/comments?post=3321"}],"version-history":[{"count":22,"href":"https:\/\/corvallisddc.org\/tr\/wp-json\/wp\/v2\/pages\/3321\/revisions"}],"predecessor-version":[{"id":4126,"href":"https:\/\/corvallisddc.org\/tr\/wp-json\/wp\/v2\/pages\/3321\/revisions\/4126"}],"up":[{"embeddable":true,"href":"https:\/\/corvallisddc.org\/tr\/wp-json\/wp\/v2\/pages\/115"}],"wp:attachment":[{"href":"https:\/\/corvallisddc.org\/tr\/wp-json\/wp\/v2\/media?parent=3321"}],"curies":[{"name":"wp","href":"https:\/\/api.w.org\/{rel}","templated":true}]}}