{"id":4094,"date":"2024-12-01T23:16:24","date_gmt":"2024-12-02T07:16:24","guid":{"rendered":"https:\/\/corvallisddc.org\/?page_id=4094"},"modified":"2024-12-01T23:20:12","modified_gmt":"2024-12-02T07:20:12","slug":"prescription-assistance","status":"publish","type":"page","link":"https:\/\/corvallisddc.org\/tr\/prescription-assistance\/","title":{"rendered":"Re\u00e7ete Yard\u0131m\u0131"},"content":{"rendered":"<div data-elementor-type=\"wp-page\" data-elementor-id=\"4094\" class=\"elementor elementor-4094\">\n\t\t\t\t\t\t<section class=\"elementor-section elementor-top-section elementor-element elementor-element-100bdd2d elementor-section-boxed elementor-section-height-default elementor-section-height-default\" data-id=\"100bdd2d\" data-element_type=\"section\" data-e-type=\"section\">\n\t\t\t\t\t\t<div class=\"elementor-container elementor-column-gap-default\">\n\t\t\t\t\t<div class=\"elementor-column elementor-col-100 elementor-top-column elementor-element elementor-element-1d6efe02\" data-id=\"1d6efe02\" data-element_type=\"column\" data-e-type=\"column\">\n\t\t\t<div class=\"elementor-widget-wrap elementor-element-populated\">\n\t\t\t\t\t\t<div class=\"elementor-element elementor-element-37404146 elementor-widget elementor-widget-text-editor\" data-id=\"37404146\" data-element_type=\"widget\" data-e-type=\"widget\" data-widget_type=\"text-editor.default\">\n\t\t\t\t<div class=\"elementor-widget-container\">\n\t\t\t\t\t\t\t\t\t<p>\u00a0<\/p><h2 style=\"text-align: center;\"><b><span style=\"font-family: arial, helvetica, sans-serif;\">Re\u00e7ete Yard\u0131m\u0131<\/span>\u00a0<\/b><\/h2><p>\u00a0<\/p><p style=\"text-align: center;\"><span style=\"font-weight: 400;\">CDDC, re\u00e7eteli ila\u00e7lar\u0131n katk\u0131 pay\u0131 kapsam\u0131nda s\u0131n\u0131rl\u0131 bir \u015fekilde yard\u0131mc\u0131 olabilir.<\/span><\/p>\t\t\t\t\t\t\t\t<\/div>\n\t\t\t\t<\/div>\n\t\t\t\t<div class=\"elementor-element elementor-element-48a5c08 elementor-widget elementor-widget-image\" data-id=\"48a5c08\" data-element_type=\"widget\" data-e-type=\"widget\" data-widget_type=\"image.default\">\n\t\t\t\t<div class=\"elementor-widget-container\">\n\t\t\t\t\t\t\t\t\t\t\t\t\t\t\t<img fetchpriority=\"high\" decoding=\"async\" data-attachment-id=\"3309\" data-permalink=\"https:\/\/corvallisddc.org\/tr\/paintedmask-cddc-2\/\" data-orig-file=\"https:\/\/i0.wp.com\/corvallisddc.org\/wp-content\/uploads\/2024\/08\/paintedmask-cddc-e1729111064482.jpg?fit=4086%2C3845&amp;ssl=1\" data-orig-size=\"4086,3845\" data-comments-opened=\"1\" data-image-meta=\"{&quot;aperture&quot;:&quot;0&quot;,&quot;credit&quot;:&quot;&quot;,&quot;camera&quot;:&quot;NIKON D3500&quot;,&quot;caption&quot;:&quot;&quot;,&quot;created_timestamp&quot;:&quot;1715169333&quot;,&quot;copyright&quot;:&quot;&quot;,&quot;focal_length&quot;:&quot;0&quot;,&quot;iso&quot;:&quot;1000&quot;,&quot;shutter_speed&quot;:&quot;0&quot;,&quot;title&quot;:&quot;&quot;,&quot;orientation&quot;:&quot;0&quot;}\" data-image-title=\"paintedmask-cddc\" data-image-description=\"\" data-image-caption=\"\" data-large-file=\"https:\/\/i0.wp.com\/corvallisddc.org\/wp-content\/uploads\/2024\/08\/paintedmask-cddc-e1729111064482.jpg?fit=750%2C706&amp;ssl=1\" width=\"750\" height=\"706\" src=\"https:\/\/i0.wp.com\/corvallisddc.org\/wp-content\/uploads\/2024\/08\/paintedmask-cddc-e1729111064482.jpg?fit=750%2C706&amp;ssl=1\" class=\"attachment-medium_large size-medium_large wp-image-3309\" alt=\"Two hands holding a painted mask. Art created by a CDDC guest.\" srcset=\"https:\/\/i0.wp.com\/corvallisddc.org\/wp-content\/uploads\/2024\/08\/paintedmask-cddc-e1729111064482.jpg?w=4086&amp;ssl=1 4086w, https:\/\/i0.wp.com\/corvallisddc.org\/wp-content\/uploads\/2024\/08\/paintedmask-cddc-e1729111064482.jpg?resize=300%2C282&amp;ssl=1 300w, https:\/\/i0.wp.com\/corvallisddc.org\/wp-content\/uploads\/2024\/08\/paintedmask-cddc-e1729111064482.jpg?resize=1024%2C964&amp;ssl=1 1024w, https:\/\/i0.wp.com\/corvallisddc.org\/wp-content\/uploads\/2024\/08\/paintedmask-cddc-e1729111064482.jpg?resize=150%2C141&amp;ssl=1 150w, https:\/\/i0.wp.com\/corvallisddc.org\/wp-content\/uploads\/2024\/08\/paintedmask-cddc-e1729111064482.jpg?resize=768%2C723&amp;ssl=1 768w, https:\/\/i0.wp.com\/corvallisddc.org\/wp-content\/uploads\/2024\/08\/paintedmask-cddc-e1729111064482.jpg?resize=1536%2C1445&amp;ssl=1 1536w, https:\/\/i0.wp.com\/corvallisddc.org\/wp-content\/uploads\/2024\/08\/paintedmask-cddc-e1729111064482.jpg?resize=2048%2C1927&amp;ssl=1 2048w, https:\/\/i0.wp.com\/corvallisddc.org\/wp-content\/uploads\/2024\/08\/paintedmask-cddc-e1729111064482.jpg?resize=13%2C12&amp;ssl=1 13w, https:\/\/i0.wp.com\/corvallisddc.org\/wp-content\/uploads\/2024\/08\/paintedmask-cddc-e1729111064482.jpg?resize=1568%2C1476&amp;ssl=1 1568w, https:\/\/i0.wp.com\/corvallisddc.org\/wp-content\/uploads\/2024\/08\/paintedmask-cddc-e1729111064482.jpg?w=2250&amp;ssl=1 2250w\" sizes=\"(max-width: 750px) 100vw, 750px\" \/>\t\t\t\t\t\t\t\t\t\t\t\t\t\t\t<\/div>\n\t\t\t\t<\/div>\n\t\t\t\t\t<\/div>\n\t\t<\/div>\n\t\t\t\t\t<\/div>\n\t\t<\/section>\n\t\t\t\t<\/div>","protected":false},"excerpt":{"rendered":"<p>\u00a0 CDDC Re\u00e7ete Yard\u0131m\u0131 program\u0131, re\u00e7ete katk\u0131 pay\u0131 kapsam\u0131 konusunda s\u0131n\u0131rl\u0131 \u00f6l\u00e7\u00fcde yard\u0131mc\u0131 olabilir.<\/p>","protected":false},"author":212331932,"featured_media":0,"parent":0,"menu_order":0,"comment_status":"closed","ping_status":"closed","template":"","meta":{"advanced_seo_description":"","jetpack_seo_html_title":"","jetpack_seo_noindex":false,"footnotes":""},"class_list":["post-4094","page","type-page","status-publish","hentry","entry"],"jetpack_likes_enabled":true,"jetpack_sharing_enabled":true,"jetpack_shortlink":"https:\/\/wp.me\/PdkkQs-142","amp_enabled":true,"_links":{"self":[{"href":"https:\/\/corvallisddc.org\/tr\/wp-json\/wp\/v2\/pages\/4094","targetHints":{"allow":["GET"]}}],"collection":[{"href":"https:\/\/corvallisddc.org\/tr\/wp-json\/wp\/v2\/pages"}],"about":[{"href":"https:\/\/corvallisddc.org\/tr\/wp-json\/wp\/v2\/types\/page"}],"author":[{"embeddable":true,"href":"https:\/\/corvallisddc.org\/tr\/wp-json\/wp\/v2\/users\/212331932"}],"replies":[{"embeddable":true,"href":"https:\/\/corvallisddc.org\/tr\/wp-json\/wp\/v2\/comments?post=4094"}],"version-history":[{"count":8,"href":"https:\/\/corvallisddc.org\/tr\/wp-json\/wp\/v2\/pages\/4094\/revisions"}],"predecessor-version":[{"id":4102,"href":"https:\/\/corvallisddc.org\/tr\/wp-json\/wp\/v2\/pages\/4094\/revisions\/4102"}],"wp:attachment":[{"href":"https:\/\/corvallisddc.org\/tr\/wp-json\/wp\/v2\/media?parent=4094"}],"curies":[{"name":"wp","href":"https:\/\/api.w.org\/{rel}","templated":true}]}}