{"id":4106,"date":"2024-12-01T23:27:12","date_gmt":"2024-12-02T07:27:12","guid":{"rendered":"https:\/\/corvallisddc.org\/?page_id=4106"},"modified":"2024-12-01T23:32:02","modified_gmt":"2024-12-02T07:32:02","slug":"transportation-assistance","status":"publish","type":"page","link":"https:\/\/corvallisddc.org\/tr\/transportation-assistance\/","title":{"rendered":"Ta\u015f\u0131ma Yard\u0131m\u0131"},"content":{"rendered":"<div data-elementor-type=\"wp-page\" data-elementor-id=\"4106\" class=\"elementor elementor-4106\">\n\t\t\t\t\t\t<section class=\"elementor-section elementor-top-section elementor-element elementor-element-7522b8e5 elementor-section-boxed elementor-section-height-default elementor-section-height-default\" data-id=\"7522b8e5\" data-element_type=\"section\" data-e-type=\"section\">\n\t\t\t\t\t\t<div class=\"elementor-container elementor-column-gap-default\">\n\t\t\t\t\t<div class=\"elementor-column elementor-col-100 elementor-top-column elementor-element elementor-element-526fafb6\" data-id=\"526fafb6\" data-element_type=\"column\" data-e-type=\"column\">\n\t\t\t<div class=\"elementor-widget-wrap elementor-element-populated\">\n\t\t\t\t\t\t<div class=\"elementor-element elementor-element-4ab78c43 elementor-widget elementor-widget-text-editor\" data-id=\"4ab78c43\" data-element_type=\"widget\" data-e-type=\"widget\" data-widget_type=\"text-editor.default\">\n\t\t\t\t<div class=\"elementor-widget-container\">\n\t\t\t\t\t\t\t\t\t<h2 style=\"text-align: center;\"><span style=\"color: #0000ff;\"><b><span style=\"font-family: arial, helvetica, sans-serif;\">Ta\u015f\u0131ma Yard\u0131m\u0131<\/span>\u00a0<\/b><\/span><\/h2><p>\u00a0<\/p><p style=\"text-align: center;\"><span style=\"font-weight: 400;\">Seyahatin misafirlerin destek sistemleri ve sevdikleriyle ba\u011flant\u0131 kurmas\u0131na yard\u0131mc\u0131 olabilece\u011fi durumlarda CDDC, otob\u00fcs veya tren biletleri i\u00e7in finansal yard\u0131m sa\u011flayabilir.<\/span><\/p><p style=\"text-align: center;\"><span style=\"font-weight: 400;\">(L\u00fctfen CDDC&#039;nin benzin paras\u0131 konusunda yard\u0131mc\u0131 olamayaca\u011f\u0131n\u0131 unutmay\u0131n.)<\/span><\/p>\t\t\t\t\t\t\t\t<\/div>\n\t\t\t\t<\/div>\n\t\t\t\t<div class=\"elementor-element elementor-element-a2151b2 elementor-widget elementor-widget-image\" data-id=\"a2151b2\" data-element_type=\"widget\" data-e-type=\"widget\" data-widget_type=\"image.default\">\n\t\t\t\t<div class=\"elementor-widget-container\">\n\t\t\t\t\t\t\t\t\t\t\t\t\t\t\t<img fetchpriority=\"high\" decoding=\"async\" data-attachment-id=\"3300\" data-permalink=\"https:\/\/corvallisddc.org\/tr\/acryliconcanvaswithdriedrose-cddc-2\/\" data-orig-file=\"https:\/\/i0.wp.com\/corvallisddc.org\/wp-content\/uploads\/2024\/08\/acryliconcanvaswithdriedrose-cddc.jpg?fit=5260%2C3466&amp;ssl=1\" data-orig-size=\"5260,3466\" data-comments-opened=\"1\" data-image-meta=\"{&quot;aperture&quot;:&quot;4.2&quot;,&quot;credit&quot;:&quot;&quot;,&quot;camera&quot;:&quot;NIKON D3500&quot;,&quot;caption&quot;:&quot;&quot;,&quot;created_timestamp&quot;:&quot;1715169556&quot;,&quot;copyright&quot;:&quot;&quot;,&quot;focal_length&quot;:&quot;31&quot;,&quot;iso&quot;:&quot;180&quot;,&quot;shutter_speed&quot;:&quot;0.02&quot;,&quot;title&quot;:&quot;&quot;,&quot;orientation&quot;:&quot;0&quot;}\" data-image-title=\"acryliconcanvaswithdriedrose-cddc\" data-image-description=\"\" data-image-caption=\"\" data-large-file=\"https:\/\/i0.wp.com\/corvallisddc.org\/wp-content\/uploads\/2024\/08\/acryliconcanvaswithdriedrose-cddc.jpg?fit=750%2C494&amp;ssl=1\" width=\"750\" height=\"494\" src=\"https:\/\/i0.wp.com\/corvallisddc.org\/wp-content\/uploads\/2024\/08\/acryliconcanvaswithdriedrose-cddc.jpg?fit=750%2C494&amp;ssl=1\" class=\"attachment-large size-large wp-image-3300\" alt=\"Intergalactic travel, spaceship. Acrylic on canvas.\" srcset=\"https:\/\/i0.wp.com\/corvallisddc.org\/wp-content\/uploads\/2024\/08\/acryliconcanvaswithdriedrose-cddc.jpg?w=5260&amp;ssl=1 5260w, https:\/\/i0.wp.com\/corvallisddc.org\/wp-content\/uploads\/2024\/08\/acryliconcanvaswithdriedrose-cddc.jpg?resize=300%2C198&amp;ssl=1 300w, https:\/\/i0.wp.com\/corvallisddc.org\/wp-content\/uploads\/2024\/08\/acryliconcanvaswithdriedrose-cddc.jpg?resize=1024%2C675&amp;ssl=1 1024w, https:\/\/i0.wp.com\/corvallisddc.org\/wp-content\/uploads\/2024\/08\/acryliconcanvaswithdriedrose-cddc.jpg?resize=150%2C99&amp;ssl=1 150w, https:\/\/i0.wp.com\/corvallisddc.org\/wp-content\/uploads\/2024\/08\/acryliconcanvaswithdriedrose-cddc.jpg?resize=768%2C506&amp;ssl=1 768w, https:\/\/i0.wp.com\/corvallisddc.org\/wp-content\/uploads\/2024\/08\/acryliconcanvaswithdriedrose-cddc.jpg?resize=1536%2C1012&amp;ssl=1 1536w, https:\/\/i0.wp.com\/corvallisddc.org\/wp-content\/uploads\/2024\/08\/acryliconcanvaswithdriedrose-cddc.jpg?resize=2048%2C1349&amp;ssl=1 2048w, https:\/\/i0.wp.com\/corvallisddc.org\/wp-content\/uploads\/2024\/08\/acryliconcanvaswithdriedrose-cddc.jpg?resize=18%2C12&amp;ssl=1 18w, https:\/\/i0.wp.com\/corvallisddc.org\/wp-content\/uploads\/2024\/08\/acryliconcanvaswithdriedrose-cddc.jpg?resize=1568%2C1033&amp;ssl=1 1568w, https:\/\/i0.wp.com\/corvallisddc.org\/wp-content\/uploads\/2024\/08\/acryliconcanvaswithdriedrose-cddc.jpg?w=2250&amp;ssl=1 2250w\" sizes=\"(max-width: 750px) 100vw, 750px\" \/>\t\t\t\t\t\t\t\t\t\t\t\t\t\t\t<\/div>\n\t\t\t\t<\/div>\n\t\t\t\t\t<\/div>\n\t\t<\/div>\n\t\t\t\t\t<\/div>\n\t\t<\/section>\n\t\t\t\t<\/div>","protected":false},"excerpt":{"rendered":"<p>CDDC, seyahat etmenin misafirlerin destek sistemleriyle ve sevdikleriyle ba\u011flant\u0131 kurmas\u0131na yard\u0131mc\u0131 olabilece\u011fi durumlarda otob\u00fcs veya tren biletleri i\u00e7in mali yard\u0131m sa\u011flayabilir. (L\u00fctfen CDDC&#039;nin benzin paras\u0131 konusunda yard\u0131mc\u0131 olamayaca\u011f\u0131n\u0131 unutmay\u0131n.)<\/p>","protected":false},"author":212331932,"featured_media":0,"parent":0,"menu_order":0,"comment_status":"closed","ping_status":"closed","template":"","meta":{"advanced_seo_description":"","jetpack_seo_html_title":"","jetpack_seo_noindex":false,"footnotes":""},"class_list":["post-4106","page","type-page","status-publish","hentry","entry"],"jetpack_likes_enabled":true,"jetpack_sharing_enabled":true,"jetpack_shortlink":"https:\/\/wp.me\/PdkkQs-14e","amp_enabled":true,"_links":{"self":[{"href":"https:\/\/corvallisddc.org\/tr\/wp-json\/wp\/v2\/pages\/4106","targetHints":{"allow":["GET"]}}],"collection":[{"href":"https:\/\/corvallisddc.org\/tr\/wp-json\/wp\/v2\/pages"}],"about":[{"href":"https:\/\/corvallisddc.org\/tr\/wp-json\/wp\/v2\/types\/page"}],"author":[{"embeddable":true,"href":"https:\/\/corvallisddc.org\/tr\/wp-json\/wp\/v2\/users\/212331932"}],"replies":[{"embeddable":true,"href":"https:\/\/corvallisddc.org\/tr\/wp-json\/wp\/v2\/comments?post=4106"}],"version-history":[{"count":4,"href":"https:\/\/corvallisddc.org\/tr\/wp-json\/wp\/v2\/pages\/4106\/revisions"}],"predecessor-version":[{"id":4110,"href":"https:\/\/corvallisddc.org\/tr\/wp-json\/wp\/v2\/pages\/4106\/revisions\/4110"}],"wp:attachment":[{"href":"https:\/\/corvallisddc.org\/tr\/wp-json\/wp\/v2\/media?parent=4106"}],"curies":[{"name":"wp","href":"https:\/\/api.w.org\/{rel}","templated":true}]}}