{"id":4162,"date":"2024-12-16T13:26:20","date_gmt":"2024-12-16T21:26:20","guid":{"rendered":"https:\/\/corvallisddc.org\/?page_id=4162"},"modified":"2024-12-16T14:13:38","modified_gmt":"2024-12-16T22:13:38","slug":"capital-campaign-for-the-navigation-resilience-dream-center","status":"publish","type":"page","link":"https:\/\/corvallisddc.org\/tr\/capital-campaign-for-the-navigation-resilience-dream-center\/","title":{"rendered":"Navigasyon ve Dayan\u0131kl\u0131l\u0131k R\u00fcya Merkezi Ba\u011f\u0131\u015f Sayfas\u0131 i\u00e7in Sermaye Kampanyas\u0131"},"content":{"rendered":"<div data-elementor-type=\"wp-page\" data-elementor-id=\"4162\" class=\"elementor elementor-4162\">\n\t\t\t\t\t\t<section class=\"elementor-section elementor-top-section elementor-element elementor-element-a5694fd elementor-section-boxed elementor-section-height-default elementor-section-height-default\" data-id=\"a5694fd\" data-element_type=\"section\" data-e-type=\"section\">\n\t\t\t\t\t\t<div class=\"elementor-container elementor-column-gap-default\">\n\t\t\t\t\t<div class=\"elementor-column elementor-col-100 elementor-top-column elementor-element elementor-element-21728d8\" data-id=\"21728d8\" data-element_type=\"column\" data-e-type=\"column\">\n\t\t\t<div class=\"elementor-widget-wrap elementor-element-populated\">\n\t\t\t\t\t\t<div class=\"elementor-element elementor-element-49af794 elementor-widget elementor-widget-text-editor\" data-id=\"49af794\" data-element_type=\"widget\" data-e-type=\"widget\" data-widget_type=\"text-editor.default\">\n\t\t\t\t<div class=\"elementor-widget-container\">\n\t\t\t\t\t\t\t\t\t<h2 style=\"text-align: center;\"><span style=\"font-family: arial, helvetica, sans-serif; color: #0000ff;\"><b>Ola\u011fan\u00fcst\u00fc Bir \u015eeyin Par\u00e7as\u0131 Olun!<\/b><\/span><\/h2><p>\u00a0<\/p><p><span style=\"font-weight: 400;\">Deste\u011finizle, yoksulluk ya\u015fayan insanlar i\u00e7in mevcut temel kaynaklar\u0131 ve g\u00fcvenli alanlar\u0131 yeni evimizi g\u00fcvence alt\u0131na alarak ba\u015far\u0131yla geni\u015fletece\u011fiz. Birlikte anlaml\u0131 bir etki yaratabilir ve toplulu\u011fumuzu g\u00fc\u00e7lendirebiliriz! Bu dile\u011fi ger\u00e7e\u011fe d\u00f6n\u00fc\u015ft\u00fcrmek i\u00e7in bize kat\u0131lmaya davet ediyoruz!<\/span><\/p><p>\u00a0<\/p><p><span style=\"font-weight: 400;\">\u015eunu hayal edin: Corvallis sakinlerinin yar\u0131s\u0131 $10 ba\u011f\u0131\u015fta bulunsa, bu destek misafirlerimizin hayallerini ger\u00e7e\u011fe d\u00f6n\u00fc\u015ft\u00fcrecek ve yeni Navigasyon ve Dayan\u0131kl\u0131l\u0131k R\u00fcya Merkezi i\u00e7in belirledi\u011fimiz $1 milyon hedefine ula\u015fmak i\u00e7in ihtiya\u00e7 duyulan bollu\u011fu sa\u011flayacakt\u0131r!<\/span><\/p><p>\u00a0<\/p><p><span style=\"font-weight: 400;\">L\u00fctfen bize kat\u0131l\u0131n! B\u0130RL\u0130KTE herkes i\u00e7in daha parlak bir gelecek yarataca\u011f\u0131z!<\/span><\/p><p>\u00a0<\/p><p><span style=\"font-weight: 400;\">***Corvallis Daytime Drop-in Center, kar amac\u0131 g\u00fctmeyen bir kurulu\u015ftur ve IRS taraf\u0131ndan 501(c)(3) B\u00f6l\u00fcm\u00fc kapsam\u0131nda vergi muafiyeti olarak kabul edilmektedir. Federal EIN numaram\u0131z: 80-0019915<\/span><\/p>\t\t\t\t\t\t\t\t<\/div>\n\t\t\t\t<\/div>\n\t\t\t\t<div class=\"elementor-element elementor-element-999adba elementor-widget-divider--view-line_icon elementor-view-default elementor-widget-divider--element-align-center elementor-widget elementor-widget-divider\" data-id=\"999adba\" data-element_type=\"widget\" data-e-type=\"widget\" data-widget_type=\"divider.default\">\n\t\t\t\t<div class=\"elementor-widget-container\">\n\t\t\t\t\t\t\t<div class=\"elementor-divider\">\n\t\t\t<span class=\"elementor-divider-separator\">\n\t\t\t\t\t\t\t<div class=\"elementor-icon elementor-divider__element\">\n\t\t\t\t\t<i aria-hidden=\"true\" class=\"fas fa-sun\"><\/i><\/div>\n\t\t\t\t\t\t<\/span>\n\t\t<\/div>\n\t\t\t\t\t\t<\/div>\n\t\t\t\t<\/div>\n\t\t\t\t<div class=\"elementor-element elementor-element-07c66b1 elementor-widget elementor-widget-html\" data-id=\"07c66b1\" data-element_type=\"widget\" data-e-type=\"widget\" data-widget_type=\"html.default\">\n\t\t\t\t<div class=\"elementor-widget-container\">\n\t\t\t\t\t<div style=\"position:relative;overflow:hidden;height:1200px;width:100%;\"><iframe title='Zeffy taraf\u0131ndan desteklenen ba\u011f\u0131\u015f formu' style='position: absolute; border: 0; top:0;left:0;bottom:0;right:0;width:100%;height:100%' src='https:\/\/www.zeffy.com\/embed\/donation-form\/new-navigation-and-resilience-center' allowpaymentrequest allowtransparency=\"true\"><\/iframe><\/div>\r\n\t\t\t\t<\/div>\n\t\t\t\t<\/div>\n\t\t\t\t\t<\/div>\n\t\t<\/div>\n\t\t\t\t\t<\/div>\n\t\t<\/section>\n\t\t\t\t<\/div>","protected":false},"excerpt":{"rendered":"<p>Ola\u011fan\u00fcst\u00fc Bir \u015eeyin Par\u00e7as\u0131 Olun! Deste\u011finizle, yeni evimizi g\u00fcvence alt\u0131na alarak yoksulluk i\u00e7inde ya\u015fayan insanlar i\u00e7in mevcut temel kaynaklar\u0131 ve g\u00fcvenli alanlar\u0131 ba\u015far\u0131yla geni\u015fletece\u011fiz. Birlikte, anlaml\u0131 bir etki yaratabilir ve toplulu\u011fumuzu g\u00fc\u00e7lendirebiliriz! Bu dile\u011fi ger\u00e7e\u011fe d\u00f6n\u00fc\u015ft\u00fcrmek i\u00e7in bize kat\u0131lmaya davet ediyoruz! \u015eunu hayal edin:<a class=\"more-link\" href=\"https:\/\/corvallisddc.org\/tr\/capital-campaign-for-the-navigation-resilience-dream-center\/\"><span class=\"screen-reader-text\">\u201cNavigasyon ve Dayan\u0131kl\u0131l\u0131k Hayal Merkezi Ba\u011f\u0131\u015f Kampanyas\u0131 Ba\u011f\u0131\u015f Sayfas\u0131\u201d<\/span> yaz\u0131n\u0131n devam\u0131n\u0131 oku<\/a><\/p>","protected":false},"author":212331932,"featured_media":0,"parent":0,"menu_order":0,"comment_status":"closed","ping_status":"closed","template":"","meta":{"advanced_seo_description":"","jetpack_seo_html_title":"","jetpack_seo_noindex":false,"footnotes":""},"class_list":["post-4162","page","type-page","status-publish","hentry","entry"],"jetpack_likes_enabled":true,"jetpack_sharing_enabled":true,"jetpack_shortlink":"https:\/\/wp.me\/PdkkQs-158","amp_enabled":true,"_links":{"self":[{"href":"https:\/\/corvallisddc.org\/tr\/wp-json\/wp\/v2\/pages\/4162","targetHints":{"allow":["GET"]}}],"collection":[{"href":"https:\/\/corvallisddc.org\/tr\/wp-json\/wp\/v2\/pages"}],"about":[{"href":"https:\/\/corvallisddc.org\/tr\/wp-json\/wp\/v2\/types\/page"}],"author":[{"embeddable":true,"href":"https:\/\/corvallisddc.org\/tr\/wp-json\/wp\/v2\/users\/212331932"}],"replies":[{"embeddable":true,"href":"https:\/\/corvallisddc.org\/tr\/wp-json\/wp\/v2\/comments?post=4162"}],"version-history":[{"count":16,"href":"https:\/\/corvallisddc.org\/tr\/wp-json\/wp\/v2\/pages\/4162\/revisions"}],"predecessor-version":[{"id":4194,"href":"https:\/\/corvallisddc.org\/tr\/wp-json\/wp\/v2\/pages\/4162\/revisions\/4194"}],"wp:attachment":[{"href":"https:\/\/corvallisddc.org\/tr\/wp-json\/wp\/v2\/media?parent=4162"}],"curies":[{"name":"wp","href":"https:\/\/api.w.org\/{rel}","templated":true}]}}