{"id":47,"date":"2021-09-03T12:09:30","date_gmt":"2021-09-03T19:09:30","guid":{"rendered":"https:\/\/corvallisddc.org\/?page_id=47"},"modified":"2024-12-01T22:48:54","modified_gmt":"2024-12-02T06:48:54","slug":"home-2","status":"publish","type":"page","link":"https:\/\/corvallisddc.org\/tr\/","title":{"rendered":"Ev"},"content":{"rendered":"<div data-elementor-type=\"wp-page\" data-elementor-id=\"47\" class=\"elementor elementor-47\">\n\t\t\t\t\t\t<section class=\"elementor-section elementor-top-section elementor-element elementor-element-0396ab1 elementor-section-stretched elementor-section-boxed elementor-section-height-default elementor-section-height-default\" data-id=\"0396ab1\" data-element_type=\"section\" data-e-type=\"section\" data-settings=\"{&quot;stretch_section&quot;:&quot;section-stretched&quot;}\">\n\t\t\t\t\t\t<div class=\"elementor-container elementor-column-gap-default\">\n\t\t\t\t\t<div class=\"elementor-column elementor-col-100 elementor-top-column elementor-element elementor-element-4b5c2b0\" data-id=\"4b5c2b0\" data-element_type=\"column\" data-e-type=\"column\">\n\t\t\t<div class=\"elementor-widget-wrap elementor-element-populated\">\n\t\t\t\t\t\t<div class=\"elementor-element elementor-element-0cf3240 elementor-widget elementor-widget-spacer\" data-id=\"0cf3240\" data-element_type=\"widget\" data-e-type=\"widget\" data-widget_type=\"spacer.default\">\n\t\t\t\t<div class=\"elementor-widget-container\">\n\t\t\t\t\t\t\t<div class=\"elementor-spacer\">\n\t\t\t<div class=\"elementor-spacer-inner\"><\/div>\n\t\t<\/div>\n\t\t\t\t\t\t<\/div>\n\t\t\t\t<\/div>\n\t\t\t\t<div class=\"elementor-element elementor-element-e4f84cd e-transform elementor-widget__width-initial elementor-widget elementor-widget-text-editor\" data-id=\"e4f84cd\" data-element_type=\"widget\" data-e-type=\"widget\" data-settings=\"{&quot;_transform_skewX_effect&quot;:{&quot;unit&quot;:&quot;px&quot;,&quot;size&quot;:&quot;&quot;,&quot;sizes&quot;:[]},&quot;_transform_skewX_effect_tablet&quot;:{&quot;unit&quot;:&quot;deg&quot;,&quot;size&quot;:&quot;&quot;,&quot;sizes&quot;:[]},&quot;_transform_skewX_effect_mobile&quot;:{&quot;unit&quot;:&quot;deg&quot;,&quot;size&quot;:&quot;&quot;,&quot;sizes&quot;:[]},&quot;_transform_skewY_effect&quot;:{&quot;unit&quot;:&quot;px&quot;,&quot;size&quot;:&quot;&quot;,&quot;sizes&quot;:[]},&quot;_transform_skewY_effect_tablet&quot;:{&quot;unit&quot;:&quot;deg&quot;,&quot;size&quot;:&quot;&quot;,&quot;sizes&quot;:[]},&quot;_transform_skewY_effect_mobile&quot;:{&quot;unit&quot;:&quot;deg&quot;,&quot;size&quot;:&quot;&quot;,&quot;sizes&quot;:[]}}\" data-widget_type=\"text-editor.default\">\n\t\t\t\t<div class=\"elementor-widget-container\">\n\t\t\t\t\t\t\t\t\t<p style=\"text-align: left;\"><span style=\"font-size: 27px; font-family: arial, helvetica, sans-serif;\"><b>ARAZ\u0130 TANINMASI: <\/b><span style=\"font-weight: 400;\">Corvallis G\u00fcnd\u00fcz Bak\u0131m Merkezi&#039;nin geleneksel Corvallis topraklar\u0131nda yer almas\u0131n\u0131n minnettarl\u0131\u011f\u0131n\u0131 ya\u015f\u0131yoruz. <a href=\"https:\/\/en.wikipedia.org\/wiki\/Kalapuya\">Kalapuya Halk\u0131.<\/a><\/span><\/span><\/p>\t\t\t\t\t\t\t\t<\/div>\n\t\t\t\t<\/div>\n\t\t\t\t\t<\/div>\n\t\t<\/div>\n\t\t\t\t\t<\/div>\n\t\t<\/section>\n\t\t\t\t<section class=\"elementor-section elementor-top-section elementor-element elementor-element-20a3bef elementor-section-stretched elementor-section-boxed elementor-section-height-default elementor-section-height-default\" data-id=\"20a3bef\" data-element_type=\"section\" data-e-type=\"section\" data-settings=\"{&quot;stretch_section&quot;:&quot;section-stretched&quot;}\">\n\t\t\t\t\t\t<div class=\"elementor-container elementor-column-gap-default\">\n\t\t\t\t\t<div class=\"elementor-column elementor-col-100 elementor-top-column elementor-element elementor-element-59de4cc\" data-id=\"59de4cc\" data-element_type=\"column\" data-e-type=\"column\">\n\t\t\t<div class=\"elementor-widget-wrap elementor-element-populated\">\n\t\t\t\t\t\t<section class=\"elementor-section elementor-inner-section elementor-element elementor-element-a60d816 elementor-section-boxed elementor-section-height-default elementor-section-height-default\" data-id=\"a60d816\" data-element_type=\"section\" data-e-type=\"section\">\n\t\t\t\t\t\t<div class=\"elementor-container elementor-column-gap-default\">\n\t\t\t\t\t<div class=\"elementor-column elementor-col-50 elementor-inner-column elementor-element elementor-element-e723445\" data-id=\"e723445\" data-element_type=\"column\" data-e-type=\"column\">\n\t\t\t<div class=\"elementor-widget-wrap elementor-element-populated\">\n\t\t\t\t\t\t<div class=\"elementor-element elementor-element-ad61b59 elementor-widget__width-initial elementor-widget elementor-widget-text-editor\" data-id=\"ad61b59\" data-element_type=\"widget\" data-e-type=\"widget\" data-widget_type=\"text-editor.default\">\n\t\t\t\t<div class=\"elementor-widget-container\">\n\t\t\t\t\t\t\t\t\t<h2 style=\"text-align: center;\"><span style=\"font-family: arial, helvetica, sans-serif;\"><strong><span style=\"font-size: 42px;\">Ho\u015f Geldiniz!<\/span><\/strong><\/span><\/h2>\n<p style=\"text-align: center;\"><span style=\"font-size: 27px; font-family: arial, helvetica, sans-serif;\">Corvallis G\u00fcnd\u00fcz Bak\u0131m Merkezi (CDDC), Benton County ve \u00f6tesinde evsiz ve yoksul insanlara bilgi, y\u00f6nlendirme ve do\u011frudan hizmetler sa\u011flayan topluluk tabanl\u0131 bir kaynak merkezidir. <\/span><\/p>\t\t\t\t\t\t\t\t<\/div>\n\t\t\t\t<\/div>\n\t\t\t\t\t<\/div>\n\t\t<\/div>\n\t\t\t\t<div class=\"elementor-column elementor-col-50 elementor-inner-column elementor-element elementor-element-537bd9c\" data-id=\"537bd9c\" data-element_type=\"column\" data-e-type=\"column\">\n\t\t\t<div class=\"elementor-widget-wrap elementor-element-populated\">\n\t\t\t\t\t\t<div class=\"elementor-element elementor-element-4e6e33c elementor-widget elementor-widget-image\" data-id=\"4e6e33c\" data-element_type=\"widget\" data-e-type=\"widget\" data-widget_type=\"image.default\">\n\t\t\t\t<div class=\"elementor-widget-container\">\n\t\t\t\t\t\t\t\t\t\t\t\t\t\t\t<img fetchpriority=\"high\" decoding=\"async\" data-attachment-id=\"3292\" data-permalink=\"https:\/\/corvallisddc.org\/tr\/progressivepridesticker-cddc-2\/\" data-orig-file=\"https:\/\/i0.wp.com\/corvallisddc.org\/wp-content\/uploads\/2024\/08\/progressivepridesticker-cddc-e1733121706384.jpg?fit=3996%2C3147&amp;ssl=1\" data-orig-size=\"3996,3147\" data-comments-opened=\"1\" data-image-meta=\"{&quot;aperture&quot;:&quot;0&quot;,&quot;credit&quot;:&quot;&quot;,&quot;camera&quot;:&quot;NIKON D3500&quot;,&quot;caption&quot;:&quot;&quot;,&quot;created_timestamp&quot;:&quot;1715169989&quot;,&quot;copyright&quot;:&quot;&quot;,&quot;focal_length&quot;:&quot;0&quot;,&quot;iso&quot;:&quot;100&quot;,&quot;shutter_speed&quot;:&quot;0&quot;,&quot;title&quot;:&quot;&quot;,&quot;orientation&quot;:&quot;0&quot;}\" data-image-title=\"progressivepridesticker-cddc\" data-image-description=\"\" data-image-caption=\"\" data-large-file=\"https:\/\/i0.wp.com\/corvallisddc.org\/wp-content\/uploads\/2024\/08\/progressivepridesticker-cddc-e1733121706384.jpg?fit=750%2C590&amp;ssl=1\" width=\"750\" height=\"590\" src=\"https:\/\/i0.wp.com\/corvallisddc.org\/wp-content\/uploads\/2024\/08\/progressivepridesticker-cddc-e1733121706384.jpg?fit=750%2C590&amp;ssl=1\" class=\"attachment-large size-large wp-image-3292\" alt=\"Progressive Pride sticker on wooden railing. Plants in background.\" srcset=\"https:\/\/i0.wp.com\/corvallisddc.org\/wp-content\/uploads\/2024\/08\/progressivepridesticker-cddc-e1733121706384.jpg?w=3996&amp;ssl=1 3996w, https:\/\/i0.wp.com\/corvallisddc.org\/wp-content\/uploads\/2024\/08\/progressivepridesticker-cddc-e1733121706384.jpg?resize=300%2C236&amp;ssl=1 300w, https:\/\/i0.wp.com\/corvallisddc.org\/wp-content\/uploads\/2024\/08\/progressivepridesticker-cddc-e1733121706384.jpg?resize=1024%2C806&amp;ssl=1 1024w, https:\/\/i0.wp.com\/corvallisddc.org\/wp-content\/uploads\/2024\/08\/progressivepridesticker-cddc-e1733121706384.jpg?resize=150%2C118&amp;ssl=1 150w, https:\/\/i0.wp.com\/corvallisddc.org\/wp-content\/uploads\/2024\/08\/progressivepridesticker-cddc-e1733121706384.jpg?resize=768%2C605&amp;ssl=1 768w, https:\/\/i0.wp.com\/corvallisddc.org\/wp-content\/uploads\/2024\/08\/progressivepridesticker-cddc-e1733121706384.jpg?resize=1536%2C1210&amp;ssl=1 1536w, https:\/\/i0.wp.com\/corvallisddc.org\/wp-content\/uploads\/2024\/08\/progressivepridesticker-cddc-e1733121706384.jpg?resize=2048%2C1613&amp;ssl=1 2048w, https:\/\/i0.wp.com\/corvallisddc.org\/wp-content\/uploads\/2024\/08\/progressivepridesticker-cddc-e1733121706384.jpg?resize=15%2C12&amp;ssl=1 15w, https:\/\/i0.wp.com\/corvallisddc.org\/wp-content\/uploads\/2024\/08\/progressivepridesticker-cddc-e1733121706384.jpg?resize=1568%2C1235&amp;ssl=1 1568w, https:\/\/i0.wp.com\/corvallisddc.org\/wp-content\/uploads\/2024\/08\/progressivepridesticker-cddc-e1733121706384.jpg?w=2250&amp;ssl=1 2250w\" sizes=\"(max-width: 750px) 100vw, 750px\" \/>\t\t\t\t\t\t\t\t\t\t\t\t\t\t\t<\/div>\n\t\t\t\t<\/div>\n\t\t\t\t\t<\/div>\n\t\t<\/div>\n\t\t\t\t\t<\/div>\n\t\t<\/section>\n\t\t\t\t\t<\/div>\n\t\t<\/div>\n\t\t\t\t\t<\/div>\n\t\t<\/section>\n\t\t\t\t<section class=\"elementor-section elementor-top-section elementor-element elementor-element-b14a24c animated-slow elementor-section-boxed elementor-section-height-default elementor-section-height-default elementor-invisible\" data-id=\"b14a24c\" data-element_type=\"section\" data-e-type=\"section\" data-settings=\"{&quot;animation&quot;:&quot;slideInUp&quot;,&quot;animation_delay&quot;:0}\">\n\t\t\t\t\t\t<div class=\"elementor-container elementor-column-gap-default\">\n\t\t\t\t\t<div class=\"elementor-column elementor-col-100 elementor-top-column elementor-element elementor-element-e94a98e\" data-id=\"e94a98e\" data-element_type=\"column\" data-e-type=\"column\">\n\t\t\t<div class=\"elementor-widget-wrap elementor-element-populated\">\n\t\t\t\t\t\t<div class=\"elementor-element elementor-element-2baca33 elementor-widget__width-initial elementor-widget elementor-widget-video\" data-id=\"2baca33\" data-element_type=\"widget\" data-e-type=\"widget\" data-settings=\"{&quot;youtube_url&quot;:&quot;https:\\\/\\\/www.youtube.com\\\/watch?v=TpR969SKvWE&quot;,&quot;video_type&quot;:&quot;youtube&quot;,&quot;controls&quot;:&quot;yes&quot;}\" data-widget_type=\"video.default\">\n\t\t\t\t<div class=\"elementor-widget-container\">\n\t\t\t\t\t\t\t<div class=\"elementor-wrapper elementor-open-inline\">\n\t\t\t<div class=\"elementor-video\"><\/div>\t\t<\/div>\n\t\t\t\t\t\t<\/div>\n\t\t\t\t<\/div>\n\t\t\t\t<div class=\"elementor-element elementor-element-744a53b elementor-widget elementor-widget-text-editor\" data-id=\"744a53b\" data-element_type=\"widget\" data-e-type=\"widget\" data-widget_type=\"text-editor.default\">\n\t\t\t\t<div class=\"elementor-widget-container\">\n\t\t\t\t\t\t\t\t\t<p><span style=\"font-weight: 400; font-family: arial, helvetica, sans-serif;\">Videonun \u00e7ekimi ve d\u00fczenlemesi Kot\u00e9 Green taraf\u0131ndan 2020&#039;de yap\u0131lm\u0131\u015ft\u0131r<\/span><\/p>\t\t\t\t\t\t\t\t<\/div>\n\t\t\t\t<\/div>\n\t\t\t\t\t<\/div>\n\t\t<\/div>\n\t\t\t\t\t<\/div>\n\t\t<\/section>\n\t\t\t\t<section class=\"elementor-section elementor-top-section elementor-element elementor-element-797d1b09 elementor-section-stretched elementor-reverse-tablet elementor-reverse-mobile elementor-section-boxed elementor-section-height-default elementor-section-height-default\" data-id=\"797d1b09\" data-element_type=\"section\" data-e-type=\"section\" data-settings=\"{&quot;stretch_section&quot;:&quot;section-stretched&quot;}\">\n\t\t\t\t\t\t<div class=\"elementor-container elementor-column-gap-wide\">\n\t\t\t\t\t<div class=\"elementor-column elementor-col-100 elementor-top-column elementor-element elementor-element-2dd45724\" data-id=\"2dd45724\" data-element_type=\"column\" data-e-type=\"column\">\n\t\t\t<div class=\"elementor-widget-wrap elementor-element-populated\">\n\t\t\t\t\t\t<div class=\"elementor-element elementor-element-49d7c2ae elementor-widget__width-inherit elementor-widget elementor-widget-text-editor\" data-id=\"49d7c2ae\" data-element_type=\"widget\" data-e-type=\"widget\" data-widget_type=\"text-editor.default\">\n\t\t\t\t<div class=\"elementor-widget-container\">\n\t\t\t\t\t\t\t\t\t<p><\/p>\n<div class=\"wp-block-columns alignfull is-layout-flex wp-container-core-columns-is-layout-28f84493 wp-block-columns-is-layout-flex\">\n<div><span style=\"color: currentcolor; font-family: arial, helvetica, sans-serif; font-size: 36px; font-weight: bold; text-align: left;\">E-posta listemize kat\u0131l\u0131n!<\/span><\/div>\n<\/div>\n<div class=\"wp-block-columns alignfull\">\n<div class=\"wp-block-column has-background-background-color has-background\" style=\"flex-basis: 80%;\">\n<p><span style=\"font-family: arial, helvetica, sans-serif;\"><\/span><\/p>\n<p class=\"has-text-align-left\"><span style=\"font-family: arial, helvetica, sans-serif;\">Corvallis Daytime Drop-in Center ile ilgili g\u00fcncellemeleri gelen kutunuza al\u0131n. E-posta adresinizi a\u015fa\u011f\u0131ya girin:<\/span><\/p>\n<p><span style=\"font-family: arial, helvetica, sans-serif;\">\n\t<div class=\"wp-block-jetpack-mailchimp\" data-blog-id=\"196939060\">\n\t\t<form\n\t\t\taria-describedby=\"wp-block-jetpack-mailchimp_consent-text\" action=\"\"\n\t\t\t\t\t>\n\t\t\t<p>\n\t\t\t\t<input\n\t\t\t\t\taria-label=\"E-postan\u0131z\u0131 girin\"\n\t\t\t\t\tplaceholder=\"E-postan\u0131z\u0131 girin\"\n\t\t\t\t\trequired\n\t\t\t\t\ttitle=\"E-postan\u0131z\u0131 girin\"\n\t\t\t\t\ttype=\"email\"\n\t\t\t\t\tname=\"email\"\n\t\t\t\t\/>\n\t\t\t<\/p>\n\t\t\t\t\t\t\t\t\t<div class=\"wp-block-jetpack-button wp-block-button\" style=\"\"><button class=\"wp-block-button__link\" style=\"\" data-id-attr=\"mailchimp-button-block-2\" id=\"mailchimp-button-block-2\" type=\"submit\" data-wp-class--is-submitting=\"state.isSubmitting\" data-wp-bind--aria-disabled=\"state.isAriaDisabled\">E-posta g\u00f6nder<span class=\"spinner\" aria-hidden=\"true\"><svg width=\"24\" height=\"24\" viewbox=\"0 0 24 24\" xmlns=\"http:\/\/www.w3.org\/2000\/svg\"><path d=\"M12,1A11,11,0,1,0,23,12,11,11,0,0,0,12,1Zm0,19a8,8,0,1,1,8-8A8,8,0,0,1,12,20Z\" opacity=\".25\"\/><path d=\"M10.14,1.16a11,11,0,0,0-9,8.92A1.59,1.59,0,0,0,2.46,12,1.52,1.52,0,0,0,4.11,10.7a8,8,0,0,1,6.66-6.61A1.42,1.42,0,0,0,12,2.69h0A1.57,1.57,0,0,0,10.14,1.16Z\"><animatetransform attributename=\"transform\" type=\"rotate\" dur=\"0.75s\" values=\"0 12 12;360 12 12\" repeatcount=\"indefinite\"\/><\/path><\/svg><span class=\"is-visually-hidden\">Form g\u00f6nderiliyor<\/span><\/span><\/button><\/div>\t\t\t<p id=\"wp-block-jetpack-mailchimp_consent-text\">\n\t\t\t\tG\u00f6nder ba\u011flant\u0131s\u0131n\u0131 t\u0131klad\u0131\u011f\u0131n\u0131zda, site sahibinden pazarlama, g\u00fcncelleme ve di\u011fer e-postalar\u0131 almak i\u00e7in e-posta adresinizi site sahibiyle ve MailChimp ile payla\u015fmay\u0131 kabul etmi\u015f olursunuz. G\u00f6nderilen e-postalardaki aboneli\u011fi kald\u0131rma ba\u011flant\u0131s\u0131n\u0131 kullanarak se\u00e7ti\u011finiz zaman aral\u0131klar\u0131ndan \u00e7\u0131kabilirsiniz.\t\t\t<\/p>\n\n\t\t\t\n\t\t<input type=\"hidden\" name=\"trp-form-language\" value=\"tr\"\/><\/form>\n\t\t\n\t\t\t<div class=\"wp-block-jetpack-mailchimp_notification wp-block-jetpack-mailchimp_processing\" role=\"status\">\n\t\t\t\t\u0130\u015fleniyor\u2026\t\t\t<\/div>\n\t\t\t<div class=\"wp-block-jetpack-mailchimp_notification wp-block-jetpack-mailchimp_success\" role=\"status\">\n\t\t\t\tBa\u015far\u0131l\u0131! Listedesiniz. Te\u015fekk\u00fcrler!\t\t\t<\/div>\n\t\t\t<div class=\"wp-block-jetpack-mailchimp_notification wp-block-jetpack-mailchimp_error\" role=\"alert\">\n\t\t\t\tHata! Bir hatayla kar\u015f\u0131la\u015ft\u0131k ve aboneli\u011finizi i\u015flemedik. L\u00fctfen program\u0131 yeniden y\u00fckleyip tekrar sorun.\t\t\t<\/div>\n\n\t\t\t<\/div>\n\t<\/span><\/p>\n<\/div>\n<p><span style=\"font-family: arial, helvetica, sans-serif;\"><!-- \/wp:column --><!-- wp:column {\"width\":\"10%\"} --><\/span><\/p>\n<div class=\"wp-block-column\" style=\"flex-basis: 10%;\">\u00a0<\/div>\n<p><span style=\"font-family: arial, helvetica, sans-serif;\"><!-- \/wp:column --><\/span><\/p>\n<\/div>\n<p><span style=\"font-family: arial, helvetica, sans-serif;\"><!-- \/wp:columns --><!-- wp:spacer {\"height\":\"50px\"} --><\/span><\/p>\n<div class=\"wp-block-spacer\" style=\"height: 50px;\" aria-hidden=\"true\">\u00a0<\/div>\n<p><!-- \/wp:spacer --><\/p>\t\t\t\t\t\t\t\t<\/div>\n\t\t\t\t<\/div>\n\t\t\t\t\t<\/div>\n\t\t<\/div>\n\t\t\t\t\t<\/div>\n\t\t<\/section>\n\t\t\t\t<\/div>","protected":false},"excerpt":{"rendered":"<p>ARAZ\u0130 TANIMI: Corvallis G\u00fcnd\u00fcz Bak\u0131m Merkezi&#039;nin Kalapuya Halk\u0131&#039;n\u0131n geleneksel topraklar\u0131nda yer ald\u0131\u011f\u0131n\u0131 minnettarl\u0131kla kabul ediyoruz. Burada HO\u015e GELD\u0130N\u0130Z! Corvallis G\u00fcnd\u00fcz Bak\u0131m Merkezi (CDDC), Benton County ve \u00f6tesinde evsizlik ve yoksulluk ya\u015fayan insanlara bilgi, y\u00f6nlendirme ve do\u011frudan hizmetler sa\u011flayan bir toplum tabanl\u0131 kaynak merkezidir. <a href=\"https:\/\/www.youtube.com\/watch?v=TpR969SKvWE\" rel=\"nofollow\">https:\/\/www.youtube.com\/watch?v=TpR969SKvWE<\/a> Video<a class=\"more-link\" href=\"https:\/\/corvallisddc.org\/tr\/\"><span class=\"screen-reader-text\">&quot;Ev&quot;<\/span> yaz\u0131n\u0131n devam\u0131n\u0131 oku<\/a><\/p>","protected":false},"author":212331932,"featured_media":0,"parent":0,"menu_order":0,"comment_status":"closed","ping_status":"closed","template":"","meta":{"advanced_seo_description":"","jetpack_seo_html_title":"","jetpack_seo_noindex":false,"footnotes":""},"class_list":["post-47","page","type-page","status-publish","hentry","entry"],"jetpack_likes_enabled":true,"jetpack_sharing_enabled":true,"jetpack_shortlink":"https:\/\/wp.me\/PdkkQs-L","amp_enabled":false,"_links":{"self":[{"href":"https:\/\/corvallisddc.org\/tr\/wp-json\/wp\/v2\/pages\/47","targetHints":{"allow":["GET"]}}],"collection":[{"href":"https:\/\/corvallisddc.org\/tr\/wp-json\/wp\/v2\/pages"}],"about":[{"href":"https:\/\/corvallisddc.org\/tr\/wp-json\/wp\/v2\/types\/page"}],"author":[{"embeddable":true,"href":"https:\/\/corvallisddc.org\/tr\/wp-json\/wp\/v2\/users\/212331932"}],"replies":[{"embeddable":true,"href":"https:\/\/corvallisddc.org\/tr\/wp-json\/wp\/v2\/comments?post=47"}],"version-history":[{"count":102,"href":"https:\/\/corvallisddc.org\/tr\/wp-json\/wp\/v2\/pages\/47\/revisions"}],"predecessor-version":[{"id":5071,"href":"https:\/\/corvallisddc.org\/tr\/wp-json\/wp\/v2\/pages\/47\/revisions\/5071"}],"wp:attachment":[{"href":"https:\/\/corvallisddc.org\/tr\/wp-json\/wp\/v2\/media?parent=47"}],"curies":[{"name":"wp","href":"https:\/\/api.w.org\/{rel}","templated":true}]}}