{"id":560,"date":"2022-03-24T15:56:17","date_gmt":"2022-03-24T22:56:17","guid":{"rendered":"https:\/\/corvallisddc.org\/?page_id=560"},"modified":"2025-03-08T15:49:47","modified_gmt":"2025-03-08T23:49:47","slug":"news-events","status":"publish","type":"page","link":"https:\/\/corvallisddc.org\/tr\/news-events\/","title":{"rendered":"Haberler ve Etkinlikler"},"content":{"rendered":"<div data-elementor-type=\"wp-page\" data-elementor-id=\"560\" class=\"elementor elementor-560\">\n\t\t\t\t\t\t<section class=\"elementor-section elementor-top-section elementor-element elementor-element-52f7238 elementor-section-boxed elementor-section-height-default elementor-section-height-default\" data-id=\"52f7238\" data-element_type=\"section\" data-e-type=\"section\">\n\t\t\t\t\t\t<div class=\"elementor-container elementor-column-gap-default\">\n\t\t\t\t\t<div class=\"elementor-column elementor-col-100 elementor-top-column elementor-element elementor-element-18c1e4f\" data-id=\"18c1e4f\" data-element_type=\"column\" data-e-type=\"column\">\n\t\t\t<div class=\"elementor-widget-wrap elementor-element-populated\">\n\t\t\t\t\t\t<div class=\"elementor-element elementor-element-4c4d59a elementor-widget elementor-widget-text-editor\" data-id=\"4c4d59a\" data-element_type=\"widget\" data-e-type=\"widget\" data-widget_type=\"text-editor.default\">\n\t\t\t\t<div class=\"elementor-widget-container\">\n\t\t\t\t\t\t\t\t\t<h3 style=\"text-align: center;\"><b>Tekrarlanan Haftal\u0131k Etkinlikler<\/b><\/h3><h2>\u00a0<\/h2><p style=\"text-align: center;\"><span style=\"color: #339966;\"><b>Pazartesi g\u00fcnleri 09:00 - 12:00 aras\u0131 Ruh Sa\u011fl\u0131\u011f\u0131<\/b><\/span><\/p><p style=\"text-align: center;\"><span style=\"color: #339966;\"><b>Pazartesi g\u00fcnleri 09:00 - 12:00 aras\u0131 sa\u00e7 kesimi<\/b><\/span><\/p><p style=\"text-align: center;\"><span style=\"color: #339966;\"><b>Sanat Sal\u0131lar\u0131 13:00 - 15:00<\/b><\/span><\/p><p style=\"text-align: center;\"><span style=\"color: #339966;\"><b>Sal\u0131 g\u00fcnleri saat 12&#039;de Whiteside Theatre&#039;da film g\u00f6sterimi<\/b><\/span><\/p><p style=\"text-align: center;\"><span style=\"font-weight: 400;\">***Benton County Sa\u011fl\u0131k Departman\u0131 ile ortakla\u015fa d\u00fczenleyece\u011fimiz bir sonraki grip ve COVID-19 a\u015f\u0131 klini\u011fimiz i\u00e7in bizi izlemeye devam edin***<\/span><\/p><p><span style=\"font-weight: 400;\">\u00a0<\/span><\/p><p><span style=\"font-weight: 400;\">\u00a0<\/span><\/p><h3 style=\"text-align: center;\"><b>Haberler\u00a0<\/b><b>CDDC hakk\u0131nda<\/b><\/h3><p>\u00a0<\/p><p style=\"text-align: center;\"><em>Corvallis Gazetesi-Times<\/em>:<\/p><p style=\"text-align: center;\"><a href=\"https:\/\/gazettetimes.com\/search\/\">BURAYA TIKLAYIN<\/a> CDDC ve evsizlikle ilgili makaleler i\u00e7in.<\/p><p>\u00a0<\/p><p style=\"text-align: center;\"><em>Corvallis Avukat\u0131:<\/em><\/p><p style=\"text-align: center;\"><a href=\"http:\/\/Book Bin Displays Art, Stories of People Displaced by Sweeps\" data-wplink-url-error=\"true\">Kitap Kutusunda Sanat Eserleri ve S\u00fcp\u00fcrmeler Sonucu Yerinden Edilen \u0130nsanlar\u0131n Hikayeleri Sergileniyor<\/a><\/p><p style=\"text-align: center;\">27 Kas\u0131m 2021<b><br \/><\/b><\/p><p><span style=\"font-weight: 400;\">\u00a0<\/span><span style=\"font-weight: 400;\">\u00a0<\/span><\/p><p><span style=\"font-weight: 400;\">\u00a0<\/span><\/p><h3 style=\"text-align: center;\"><b>Medya<\/b><\/h3><p style=\"text-align: center;\">(Makaleye ula\u015fmak i\u00e7in medya ba\u015fl\u0131\u011f\u0131na TIKLAYIN.)<\/p><h4><span style=\"text-decoration: underline; color: #000000;\"><a style=\"color: #000000;\" href=\"https:\/\/apeaceofmymind.org\/\"><em><b>\u0130\u00e7imin Huzuru<\/b><\/em><\/a><\/span><\/h4><p>\u00a0<\/p><p><strong><a href=\"https:\/\/apeaceofmymind.org\/2023\/10\/26\/belonging-2\/\">A\u0130T OLMAK EK\u0130M 2023<\/a><\/strong><\/p><p>\u00a0<\/p><p><strong><a href=\"https:\/\/apeaceofmymind.org\/2021\/07\/24\/listen-2\/\">D\u0130NLE-2 TEMMUZ 2021<\/a><\/strong><\/p><p>\u00a0<\/p><p><span style=\"font-weight: 400;\">CDDC, \u00f6d\u00fcll\u00fc foto\u011fraf\u00e7\u0131 John Noltner&#039;\u0131 a\u011f\u0131rlamaktan onur duydu. TWICE! Projesi, &quot;A Peace of My Mind&quot;, portreler ve ki\u015fisel hikayeler kullanarak u\u00e7urumlar\u0131 kapatan ve \u00f6nemli konular etraf\u0131nda diyalo\u011fu te\u015fvik eden bir multimedya sanat giri\u015fimidir. Sergiler, at\u00f6lyeler, dersler, yerinde st\u00fcdyolar ve uzaktan e\u011fitim yoluyla &quot;A Peace of My Mind&quot;, kutupla\u015fm\u0131\u015f bir d\u00fcnyan\u0131n hepimizi birbirine ba\u011flayan ortak insanl\u0131\u011f\u0131 yeniden ke\u015ffetmesine yard\u0131mc\u0131 olan d\u00f6n\u00fc\u015ft\u00fcr\u00fcc\u00fc deneyimlere \u00f6nc\u00fcl\u00fck ediyor.<\/span><\/p><p>\u00a0<\/p><p><strong>TIKLAMAK<\/strong> ba\u015fl\u0131klar \u00fczerine <span style=\"font-family: var(--font-base, 'Rubik', Trebuchet MS, Lucida Grande, Lucida Sans Unicode, Lucida Sans, Tahoma, sans-serif);\">\u00fcst\u00fcnde<\/span><span style=\"font-size: 1em; font-family: var(--font-base, 'Rubik', Trebuchet MS, Lucida Grande, Lucida Sans Unicode, Lucida Sans, Tahoma, sans-serif);\">Corvallis projelerini g\u00f6r\u00fcnt\u00fclemek i\u00e7in \u201cA\u0130T OLMAK\u201d ve \u201cD\u0130NLE-2\u201dyi t\u0131klay\u0131n!<\/span><\/p><p>\u00a0<\/p><h4><span style=\"text-decoration: underline;\"><span style=\"color: #000000;\"><em><strong><a style=\"color: #000000; text-decoration: underline;\" href=\"https:\/\/videopress.com\/v\/HjlyndYM?resizeToParent=true&amp;cover=true&amp;preloadContent=metadata&amp;useAverageColor=true\">Dayan\u0131\u015fma \u0130\u00e7inde Olman\u0131n \u00d6nemi, 2019<\/a><\/strong><\/em><\/span><\/span><\/h4><p><span style=\"font-weight: 400;\">\u00a0<\/span><\/p><h4><span style=\"text-decoration: underline; color: #000000;\"><a style=\"color: #000000;\" href=\"https:\/\/corvallisddc.org\/tr\/local-folks-podcast\/\"><em><b>Yerel Halk Podcast Dizisi, <\/b><b>2019<\/b><\/em><\/a><\/span><\/h4><p>\u00a0<\/p><p><span style=\"font-weight: 400;\">Evsiz insanlar bir \u00e7ift kuru \u00e7orap veya bir \u00e7ift ayakkab\u0131ya, bir \u015feyi birbirine ba\u011flamak i\u00e7in bir ip par\u00e7as\u0131na, bisikletlerini tamir etmek i\u00e7in bir araca veya yeni bir kimlik almak i\u00e7in yard\u0131ma ihtiya\u00e7 duyduklar\u0131nda nereye gidebilirler? Local Folks Podcast&#039;in \u00fc\u00e7\u00fcnc\u00fc sezonu, misyonu yoksulluk i\u00e7inde ya\u015fayan ve evsiz insanlara ihtiya\u00e7 duyduklar\u0131 hizmetleri sa\u011flamak olan bir kurulu\u015f olan Corvallis Daytime Drop-in Center&#039;a odaklan\u0131yor.\u00a0<\/span><\/p><p>\u00a0<\/p><p><a href=\"https:\/\/corvallisddc.org\/tr\/local-folks-podcast\/\"><b>BURAYA TIKLAYIN<\/b><span style=\"font-weight: 400;\"> Bob Madar&#039;\u0131n sundu\u011fu 7 b\u00f6l\u00fcm\u00fcn tamam\u0131n\u0131 dinlemek i\u00e7in.<\/span><\/a><\/p><p><span style=\"font-weight: 400;\">\u00a0<\/span><\/p><p><span style=\"font-weight: 400;\">\u00a0<\/span><\/p><p><span style=\"font-weight: 400;\">\u00a0<\/span><\/p><h2><b>Ar\u015fivlenmi\u015f Haberler ve Etkinlikler<\/b><\/h2><p><a href=\"https:\/\/corvallisddc.org\/tr\/archives\/\"><span style=\"font-weight: 400;\">Ge\u00e7mi\u015f Ar\u015fivlenmi\u015f etkinliklerimizi ve g\u00f6nderilerimizi burada g\u00f6r\u00fcn<\/span><\/a><\/p><p><span style=\"font-weight: 400;\">\u00a0<\/span><\/p>\t\t\t\t\t\t\t\t<\/div>\n\t\t\t\t<\/div>\n\t\t\t\t\t<\/div>\n\t\t<\/div>\n\t\t\t\t\t<\/div>\n\t\t<\/section>\n\t\t\t\t<\/div>","protected":false},"excerpt":{"rendered":"<p>Tekrarlayan Haftal\u0131k Etkinlikler: Ruh Sa\u011fl\u0131\u011f\u0131 Pazartesileri 09:00 - 12:00 aras\u0131, Sa\u00e7 Kesimi Pazartesileri 09:00 - 12:00 aras\u0131, Sanat Sal\u0131lar\u0131 13:00 - 15:00 aras\u0131, Film G\u00f6sterimi Sal\u0131lar\u0131 12:00&#039;de Whiteside Tiyatrosu&#039;nda. ***Benton County Sa\u011fl\u0131k Departman\u0131 ile ortakla\u015fa d\u00fczenleyece\u011fimiz bir sonraki grip ve COVID-19 a\u015f\u0131lama klini\u011fimiz i\u00e7in takipte kal\u0131n*** \u00a0<a class=\"more-link\" href=\"https:\/\/corvallisddc.org\/tr\/news-events\/\"><span class=\"screen-reader-text\">\u201cHaberler ve Etkinlikler\u201d<\/span> yaz\u0131n\u0131n devam\u0131n\u0131 oku<\/a><\/p>","protected":false},"author":212331932,"featured_media":0,"parent":0,"menu_order":0,"comment_status":"closed","ping_status":"closed","template":"","meta":{"advanced_seo_description":"","jetpack_seo_html_title":"","jetpack_seo_noindex":false,"footnotes":""},"class_list":["post-560","page","type-page","status-publish","hentry","entry"],"jetpack_likes_enabled":true,"jetpack_sharing_enabled":true,"jetpack_shortlink":"https:\/\/wp.me\/PdkkQs-92","amp_enabled":true,"_links":{"self":[{"href":"https:\/\/corvallisddc.org\/tr\/wp-json\/wp\/v2\/pages\/560","targetHints":{"allow":["GET"]}}],"collection":[{"href":"https:\/\/corvallisddc.org\/tr\/wp-json\/wp\/v2\/pages"}],"about":[{"href":"https:\/\/corvallisddc.org\/tr\/wp-json\/wp\/v2\/types\/page"}],"author":[{"embeddable":true,"href":"https:\/\/corvallisddc.org\/tr\/wp-json\/wp\/v2\/users\/212331932"}],"replies":[{"embeddable":true,"href":"https:\/\/corvallisddc.org\/tr\/wp-json\/wp\/v2\/comments?post=560"}],"version-history":[{"count":100,"href":"https:\/\/corvallisddc.org\/tr\/wp-json\/wp\/v2\/pages\/560\/revisions"}],"predecessor-version":[{"id":4483,"href":"https:\/\/corvallisddc.org\/tr\/wp-json\/wp\/v2\/pages\/560\/revisions\/4483"}],"wp:attachment":[{"href":"https:\/\/corvallisddc.org\/tr\/wp-json\/wp\/v2\/media?parent=560"}],"curies":[{"name":"wp","href":"https:\/\/api.w.org\/{rel}","templated":true}]}}