{"id":130,"date":"2023-12-05T16:43:27","date_gmt":"2023-12-06T00:43:27","guid":{"rendered":"https:\/\/corvallisddc.org\/?page_id=130"},"modified":"2024-10-16T14:42:00","modified_gmt":"2024-10-16T21:42:00","slug":"contact","status":"publish","type":"page","link":"https:\/\/corvallisddc.org\/vi\/contact\/","title":{"rendered":"Ti\u1ebfp x\u00fac"},"content":{"rendered":"<div class=\"wp-block-columns alignfull is-layout-flex wp-container-core-columns-is-layout-28f84493 wp-block-columns-is-layout-flex\">\n<div class=\"wp-block-column is-layout-flow wp-block-column-is-layout-flow\" style=\"flex-basis:10%\"><\/div>\n\n\n\n<div class=\"wp-block-column is-layout-flow wp-block-column-is-layout-flow\" style=\"flex-basis:80%\">\n<h2 class=\"wp-block-heading\" style=\"font-size:48px\">Li\u00ean h\u1ec7 ch\u00fang t\u00f4i<\/h2>\n\n\n\n<p style=\"font-size:24px\">Trung t\u00e2m g\u1eedi kh\u00e1ch n\u1eb1m g\u1ea7n g\u00f3c Western Blvd v\u00e0 4<sup>th\u1ee9 t\u1ef1<\/sup> \u0110\u01b0\u1eddng ph\u1ed1 \u1edf trung t\u00e2m th\u00e0nh ph\u1ed1 Corvallis, HO\u1eb6C. T\u00f2a nh\u00e0 c\u1ee7a ch\u00fang t\u00f4i c\u00e1ch Safeway trung t\u00e2m m\u1ed9t d\u00e3y nh\u00e0 v\u1ec1 ph\u00eda nam.<\/p>\n<\/div>\n\n\n\n<div class=\"wp-block-column is-layout-flow wp-block-column-is-layout-flow\" style=\"flex-basis:10%\"><\/div>\n<\/div>\n\n\n\n<div style=\"min-height:400px\" data-map-attr=\"\/qaddress\/q:\/q530 SW 4th St. Corvallis, OR 97333\/q||\/qlat\/q:\/qundefined\/q||\/qlng\/q:\/qundefined\/q||\/qskin\/q:\/qstandard\/q||\/qzoom\/q:\/q17\/q||\/qiconSize\/q:\/q36\/q||\/qmapTypeControl\/q:\/qtrue\/q||\/qzoomControl\/q:\/qtrue\/q||\/qstreetViewControl\/q:\/qtrue\/q||\/qfullscreenControl\/q:\/qtrue\/q\" class=\"wp-block-coblocks-map\"><iframe title=\"B\u1ea3n \u0111\u1ed3 Google\" frameborder=\"0\" style=\"width:100%;min-height:400px\" src=\"https:\/\/www.google.com\/maps?q=530%20SW%204th%20St.%20Corvallis%2C%20OR%2097333&amp;output=embed&amp;hl=en-US&amp;z=17\"><\/iframe><\/div>\n\n\n\n<div style=\"height:25px\" aria-hidden=\"true\" id=\"history\" class=\"wp-block-spacer\"><\/div>\n\n\n\n<div class=\"wp-block-columns alignfull is-layout-flex wp-container-core-columns-is-layout-28f84493 wp-block-columns-is-layout-flex\">\n<div class=\"wp-block-column is-layout-flow wp-block-column-is-layout-flow\" style=\"flex-basis:10%\"><\/div>\n\n\n\n<div class=\"wp-block-column is-layout-flow wp-block-column-is-layout-flow\" style=\"flex-basis:80%\">\n<h2 class=\"wp-block-heading\" style=\"font-size:48px\">Gi\u1edd<\/h2>\n\n\n\n<p style=\"font-size:24px\"><strong>C\u00e1c nhu c\u1ea7u c\u01a1 b\u1ea3n v\u00e0 d\u1ecbch v\u1ee5 x\u00e3 h\u1ed9i c\u1ee7a Walk-Up<\/strong><br>9 gi\u1edd s\u00e1ng - 12 gi\u1edd t\u1ed1i, Th\u1ee9 Hai - Th\u1ee9 S\u00e1u<\/p>\n\n\n\n<p style=\"font-size:24px\"><strong>D\u1ecbch v\u1ee5 x\u00e3 h\u1ed9i theo cu\u1ed9c h\u1eb9n<\/strong><br>12 gi\u1edd tr\u01b0a - 2 gi\u1edd chi\u1ec1u, Th\u1ee9 Hai - Th\u1ee9 S\u00e1u&nbsp;<\/p>\n\n\n\n<p style=\"font-size:24px\">\u0110\u00f3ng c\u1eeda v\u00e0o Th\u1ee9 B\u1ea3y v\u00e0 Ch\u1ee7 Nh\u1eadt<\/p>\n<\/div>\n\n\n\n<div class=\"wp-block-column is-layout-flow wp-block-column-is-layout-flow\" style=\"flex-basis:10%\"><\/div>\n<\/div>\n\n\n\n<div style=\"height:25px\" aria-hidden=\"true\" id=\"advocacy\" class=\"wp-block-spacer\"><\/div>\n\n\n\n<div class=\"wp-block-columns alignfull is-layout-flex wp-container-core-columns-is-layout-28f84493 wp-block-columns-is-layout-flex\">\n<div class=\"wp-block-column is-layout-flow wp-block-column-is-layout-flow\" style=\"flex-basis:10%\"><\/div>\n\n\n\n<div class=\"wp-block-column is-layout-flow wp-block-column-is-layout-flow\" style=\"flex-basis:80%\">\n<h2 class=\"wp-block-heading\" style=\"font-size:48px\">\u0110i\u1ec7n tho\u1ea1i<\/h2>\n\n\n\n<p style=\"font-size:24px\"><strong>Ch\u00ednh:<\/strong> (458) 233-5327<br><strong>Ch\u01b0\u01a1ng tr\u00ecnh gi\u1edbi thi\u1ec7u vi\u1ec7c l\u00e0m cho ng\u01b0\u1eddi v\u00f4 gia c\u01b0 (HELP):<\/strong> (458) 262-0400<\/p>\n<\/div>\n\n\n\n<div class=\"wp-block-column is-layout-flow wp-block-column-is-layout-flow\" style=\"flex-basis:10%\"><\/div>\n<\/div>\n\n\n\n<div style=\"height:25px\" aria-hidden=\"true\" id=\"community\" class=\"wp-block-spacer\"><\/div>\n\n\n\n<div class=\"wp-block-columns alignfull is-layout-flex wp-container-core-columns-is-layout-28f84493 wp-block-columns-is-layout-flex\">\n<div class=\"wp-block-column is-layout-flow wp-block-column-is-layout-flow\" style=\"flex-basis:10%\"><\/div>\n\n\n\n<div class=\"wp-block-column is-layout-flow wp-block-column-is-layout-flow\" style=\"flex-basis:80%\">\n<h2 class=\"wp-block-heading\" style=\"font-size:48px\">E-mail<\/h2>\n\n\n\n<p style=\"font-size:24px\"><strong>Chung: <a href=\"mailto:info@corvallisddc.com\">info@corvallisddc.com<\/a><\/strong><\/p>\n<\/div>\n\n\n\n<div class=\"wp-block-column is-layout-flow wp-block-column-is-layout-flow\" style=\"flex-basis:10%\"><\/div>\n<\/div>\n\n\n\n<div style=\"height:25px\" aria-hidden=\"true\" id=\"community\" class=\"wp-block-spacer\"><\/div>\n\n\n\n<div class=\"wp-block-columns alignfull is-layout-flex wp-container-core-columns-is-layout-28f84493 wp-block-columns-is-layout-flex\">\n<div class=\"wp-block-column is-layout-flow wp-block-column-is-layout-flow\" style=\"flex-basis:10%\"><\/div>\n\n\n\n<div class=\"wp-block-column is-layout-flow wp-block-column-is-layout-flow\" style=\"flex-basis:80%\">\n<h2 class=\"wp-block-heading\" style=\"font-size:48px\">\u0110\u1ecba ch\u1ec9 g\u1eedi th\u01b0 qua b\u01b0u \u0111i\u1ec7n<\/h2>\n\n\n\n<p style=\"font-size:24px\">Trung t\u00e2m \u0111\u01b0a kh\u00e1ch v\u00e0o ban ng\u00e0y Corvallis<br>H\u1ed9p th\u01b0 b\u01b0u \u0111i\u1ec7n 1705<br>Corvallis, HO\u1eb6C 97339<\/p>\n<\/div>\n\n\n\n<div class=\"wp-block-column is-layout-flow wp-block-column-is-layout-flow\" style=\"flex-basis:10%\"><\/div>\n<\/div>\n\n\n\n<div style=\"height:25px\" aria-hidden=\"true\" id=\"community\" class=\"wp-block-spacer\"><\/div>\n\n\n\n<div class=\"wp-block-columns alignfull is-layout-flex wp-container-core-columns-is-layout-28f84493 wp-block-columns-is-layout-flex\">\n<div class=\"wp-block-column is-layout-flow wp-block-column-is-layout-flow\" style=\"flex-basis:10%\"><\/div>\n\n\n\n<div class=\"wp-block-column is-layout-flow wp-block-column-is-layout-flow\" style=\"flex-basis:80%\">\n<h2 class=\"wp-block-heading\" style=\"font-size:48px\">N\u01a1i \u0111\u1ec3 t\u00ecm th\u1ea5y ch\u00fang t\u00f4i<\/h2>\n\n\n\n<p style=\"font-size:24px\">Trung t\u00e2m \u0111\u01b0a kh\u00e1ch v\u00e0o ban ng\u00e0y Corvallis<br>530 SW \u0110\u01b0\u1eddng 4<br>Corvallis, HO\u1eb6C 97333<\/p>\n<\/div>\n\n\n\n<div class=\"wp-block-column is-layout-flow wp-block-column-is-layout-flow\" style=\"flex-basis:10%\"><\/div>\n<\/div>","protected":false},"excerpt":{"rendered":"<p>Li\u00ean h\u1ec7 v\u1edbi ch\u00fang t\u00f4i Trung t\u00e2m g\u1eedi kh\u00e1ch n\u1eb1m g\u1ea7n g\u00f3c Western Blvd v\u00e0 4 Street \u1edf trung t\u00e2m th\u00e0nh ph\u1ed1 Corvallis, HO\u1eb6C. T\u00f2a nh\u00e0 c\u1ee7a ch\u00fang t\u00f4i c\u00e1ch Safeway trung t\u00e2m m\u1ed9t d\u00e3y nh\u00e0 v\u1ec1 ph\u00eda nam. Gi\u1edd Th\u1ef1c hi\u1ec7n C\u00e1c nhu c\u1ea7u C\u01a1 b\u1ea3n v\u00e0 D\u1ecbch v\u1ee5 X\u00e3 h\u1ed9i 9 gi\u1edd s\u00e1ng - 12 gi\u1edd \u0111\u00eam, Th\u1ee9 Hai - Th\u1ee9 S\u00e1u D\u1ecbch v\u1ee5 x\u00e3 h\u1ed9i theo l\u1ecbch h\u1eb9n 12 gi\u1edd chi\u1ec1u - 2 gi\u1edd chi\u1ec1u, Th\u1ee9 Hai - Th\u1ee9 S\u00e1u&nbsp;<a class=\"more-link\" href=\"https:\/\/corvallisddc.org\/vi\/contact\/\">\u0110\u1ecdc ti\u1ebfp <span class=\"screen-reader-text\">&quot;Ti\u1ebfp x\u00fac&quot;<\/span><\/a><\/p>","protected":false},"author":212331932,"featured_media":0,"parent":0,"menu_order":0,"comment_status":"closed","ping_status":"closed","template":"","meta":{"advanced_seo_description":"","jetpack_seo_html_title":"","jetpack_seo_noindex":false,"footnotes":""},"class_list":["post-130","page","type-page","status-publish","hentry","entry"],"jetpack_likes_enabled":true,"jetpack_sharing_enabled":true,"jetpack_shortlink":"https:\/\/wp.me\/PdkkQs-26","amp_enabled":true,"_links":{"self":[{"href":"https:\/\/corvallisddc.org\/vi\/wp-json\/wp\/v2\/pages\/130","targetHints":{"allow":["GET"]}}],"collection":[{"href":"https:\/\/corvallisddc.org\/vi\/wp-json\/wp\/v2\/pages"}],"about":[{"href":"https:\/\/corvallisddc.org\/vi\/wp-json\/wp\/v2\/types\/page"}],"author":[{"embeddable":true,"href":"https:\/\/corvallisddc.org\/vi\/wp-json\/wp\/v2\/users\/212331932"}],"replies":[{"embeddable":true,"href":"https:\/\/corvallisddc.org\/vi\/wp-json\/wp\/v2\/comments?post=130"}],"version-history":[{"count":34,"href":"https:\/\/corvallisddc.org\/vi\/wp-json\/wp\/v2\/pages\/130\/revisions"}],"predecessor-version":[{"id":1043,"href":"https:\/\/corvallisddc.org\/vi\/wp-json\/wp\/v2\/pages\/130\/revisions\/1043"}],"wp:attachment":[{"href":"https:\/\/corvallisddc.org\/vi\/wp-json\/wp\/v2\/media?parent=130"}],"curies":[{"name":"wp","href":"https:\/\/api.w.org\/{rel}","templated":true}]}}