{"id":1936,"date":"2023-12-18T14:07:51","date_gmt":"2023-12-18T22:07:51","guid":{"rendered":"https:\/\/corvallisddc.org\/?page_id=1936"},"modified":"2026-02-28T14:08:38","modified_gmt":"2026-02-28T22:08:38","slug":"elementor-1936","status":"publish","type":"page","link":"https:\/\/corvallisddc.org\/vi\/elementor-1936\/","title":{"rendered":"G\u1eb7p \u0111\u1ed9i c\u1ee7a ch\u00fang t\u00f4i"},"content":{"rendered":"<div data-elementor-type=\"wp-page\" data-elementor-id=\"1936\" class=\"elementor elementor-1936\">\n\t\t\t\t\t\t<section class=\"elementor-section elementor-top-section elementor-element elementor-element-37815a5 elementor-section-boxed elementor-section-height-default elementor-section-height-default\" data-id=\"37815a5\" data-element_type=\"section\" data-e-type=\"section\">\n\t\t\t\t\t\t\t<div class=\"elementor-background-overlay\"><\/div>\n\t\t\t\t\t\t\t<div class=\"elementor-container elementor-column-gap-default\">\n\t\t\t\t\t<div class=\"elementor-column elementor-col-100 elementor-top-column elementor-element elementor-element-7e9a6fe\" data-id=\"7e9a6fe\" data-element_type=\"column\" data-e-type=\"column\">\n\t\t\t<div class=\"elementor-widget-wrap elementor-element-populated\">\n\t\t\t\t\t\t<div class=\"elementor-element elementor-element-47b8b51 elementor-widget__width-inherit elementor-widget elementor-widget-text-editor\" data-id=\"47b8b51\" data-element_type=\"widget\" data-e-type=\"widget\" data-widget_type=\"text-editor.default\">\n\t\t\t\t<div class=\"elementor-widget-container\">\n\t\t\t\t\t\t\t\t\t<div id=\"team\" class=\"wp-block-columns alignfull\">\n<div class=\"wp-block-column\" style=\"flex-basis: 80%;\">\n<p style=\"font-size: 24px;\"><span style=\"font-size: 22px; color: #000000;\"><em><span style=\"text-decoration: underline;\"><span style=\"font-family: arial, helvetica, sans-serif;\"><strong>\u0110\u1ed3ng Gi\u00e1m \u0111\u1ed1c \u0111i\u1ec1u h\u00e0nh<\/strong><\/span><\/span><\/em><\/span><\/p>\n<p style=\"font-size: 24px;\"><span style=\"font-family: arial, helvetica, sans-serif; font-size: 22px;\"><strong>Allison Hobgood<\/strong> (c\u00f4 \u1ea5y\/c\u00f4 \u1ea5y)<\/span><br \/><span style=\"font-family: arial, helvetica, sans-serif; font-size: 22px;\">E-mail: <a href=\"mailto:allison.hobgood@gmail.com\">allison.hobgood@gmail.com<\/a><\/span><br \/><span style=\"font-family: arial, helvetica, sans-serif; font-size: 22px;\">\u0110i\u1ec7n tho\u1ea1i: 541-224-7578<\/span><\/p>\n<p><span style=\"font-family: arial, helvetica, sans-serif; font-size: 22px;\"><strong>\u0110\u1eadu Maddie<\/strong> (c\u00f4 \u1ea5y\/c\u00f4 \u1ea5y)<\/span><br \/><span style=\"font-family: arial, helvetica, sans-serif; font-size: 22px;\">E-mail: <a href=\"mailto:maddie@corvallisddc.com\">maddie@corvallisddc.com<\/a><\/span><\/p>\n<p><span style=\"font-family: arial, helvetica, sans-serif; font-size: 22px;\"><strong>Maria Gonzales<\/strong> (c\u00f4 \u1ea5y\/c\u00f4 \u1ea5y)<\/span><br \/><span style=\"font-family: arial, helvetica, sans-serif; font-size: 22px;\">E-mail: <a href=\"mailto:maria@corvallisddc.com\">maria@corvallisddc.com<\/a><\/span><\/p>\n<p><span style=\"text-decoration: underline; font-size: 22px; color: #000000;\"><em><span style=\"font-family: arial, helvetica, sans-serif;\"><b>Ng\u01b0\u1eddi h\u01b0\u1edbng d\u1eabn nhu c\u1ea7u c\u01a1 b\u1ea3n v\u00e0 ng\u01b0\u1eddi \u1ee7ng h\u1ed9 kh\u00e1ch<\/b><\/span><\/em><\/span><\/p>\n<p><strong><span style=\"font-family: arial, helvetica, sans-serif; font-size: 22px;\">Liz Webster (c\u00f4 \u1ea5y\/ch\u1ecb \u1ea5y)<\/span><br \/><span style=\"font-family: arial, helvetica, sans-serif; font-size: 22px;\">E-mail: <a href=\"mailto:liz@corvallisddc.com\">liz@corvallisddc.com<\/a><\/span><\/strong><\/p>\n<p><strong><span style=\"font-family: arial, helvetica, sans-serif; font-size: 22px;\">Jade True (h\u1ecd\/ch\u00fang)<\/span><br \/><span style=\"font-family: arial, helvetica, sans-serif; font-size: 22px;\">E-mail: <a href=\"mailto:jade@corvallisddc.com\">jade@corvallisddc.com<\/a><\/span><\/strong><\/p>\n<p><strong><span style=\"font-family: arial, helvetica, sans-serif; font-size: 22px;\">Ryn Darnell (h\u1ecd\/ch\u00fang)<\/span><br \/><span style=\"font-family: arial, helvetica, sans-serif; font-size: 22px;\">E-mail: <a href=\"mailto:ryn@corvallisddc.com\">ryn@corvallisddc.com<\/a><\/span><\/strong><\/p>\n<p><strong><span style=\"font-family: arial, helvetica, sans-serif; font-size: 22px;\">Matt Easdale (anh \u1ea5y\/\u00f4ng \u1ea5y)<\/span><br \/><span style=\"font-family: arial, helvetica, sans-serif; font-size: 22px;\">E-mail: <a href=\"mailto:matt@corvallisddc.com\">matt@corvallisddc.com<\/a><\/span><\/strong><\/p>\n<p style=\"font-size: 24px;\"><span style=\"font-size: 22px; color: #000000;\"><em><span style=\"text-decoration: underline;\"><span style=\"font-family: arial, helvetica, sans-serif;\"><strong>\u0110i\u1ec1u ph\u1ed1i vi\u00ean Nh\u00f3m Ti\u1ebfp c\u1eadn v\u00e0 \u1ee8ng ph\u00f3 tr\u00ean ph\u1ed1 (SORT)<\/strong><\/span><\/span><\/em><\/span><\/p>\n<p style=\"font-size: 24px;\"><span style=\"font-size: 22px; font-family: arial, helvetica, sans-serif;\"><strong>Eric Swartzendruber<\/strong> (anh \u1ea5y\/anh \u1ea5y)<\/span><br \/><span style=\"font-size: 22px; font-family: arial, helvetica, sans-serif;\">E-mail: <a href=\"mailto:sortoutreachcorvallis@gmail.com\">sortoutreachcorvallis@gmail.com<\/a><\/span><\/p>\n<p style=\"font-size: 24px;\"><span style=\"text-decoration: underline; font-size: 22px; color: #000000;\"><em><span style=\"font-family: arial, helvetica, sans-serif;\"><strong>H\u1ed7 tr\u1ee3 s\u1ee9c kh\u1ecfe c\u1ed9ng \u0111\u1ed3ng tuy\u1ebfn \u0111\u1ea7u<\/strong><\/span><\/em><\/span><\/p>\n<p style=\"font-size: 24px;\"><span style=\"font-size: 22px; font-family: arial, helvetica, sans-serif;\"><strong>Hezz Franklin<\/strong> (kh\u00f4ng c\u00f3 \u0111\u1ea1i t\u1eeb)<\/span><\/p>\n<\/div>\n<div class=\"wp-block-column\" style=\"flex-basis: 80%;\">\n<p><span style=\"text-decoration: underline; font-size: 22px; color: #000000;\"><em><span style=\"font-family: arial, helvetica, sans-serif;\"><strong>\u0110i\u1ec1u ph\u1ed1i vi\u00ean ch\u01b0\u01a1ng tr\u00ecnh Ngh\u1ec7 thu\u1eadt ch\u1eefa b\u1ec7nh<\/strong><\/span><\/em><\/span><\/p>\n<p><span style=\"font-size: 22px;\"><strong>Isobel Robinson<\/strong> (c\u00f4 \u1ea5y\/c\u00f4 \u1ea5y)<\/span><\/p>\n<p><span style=\"text-decoration: underline; font-size: 22px; color: #000000;\"><em><span style=\"font-family: arial, helvetica, sans-serif;\"><strong>Nh\u00e2n vi\u00ean h\u1ed7 tr\u1ee3<\/strong><\/span><\/em><\/span><\/p>\n<p><span style=\"font-size: 22px; font-family: arial, helvetica, sans-serif;\"><strong>Anne Snell<\/strong> (h\u1ecd\/h\u1ecd)<\/span><\/p>\n<p style=\"font-size: 24px;\"><span style=\"font-size: 22px; font-family: arial, helvetica, sans-serif;\"><strong>Marie Palmer<\/strong> (c\u00f4 \u1ea5y\/c\u00f4 \u1ea5y)<\/span><\/p>\n<p><span style=\"font-size: 22px;\"><strong><span style=\"font-family: arial, helvetica, sans-serif;\">Dean Gustafson\u00a0<\/span><\/strong><span style=\"font-family: arial, helvetica, sans-serif;\">(anh \u1ea5y\/anh \u1ea5y)<\/span><\/span><\/p>\n<p style=\"font-size: 24px;\"><span style=\"text-decoration: underline; font-size: 22px; color: #000000;\"><em><span style=\"font-family: arial, helvetica, sans-serif;\"><strong>\u0110i\u1ec1u ph\u1ed1i vi\u00ean D\u1eef li\u1ec7u v\u00e0 Th\u00f4ng tin<\/strong><\/span><\/em><\/span><\/p>\n<p style=\"font-size: 24px;\"><span style=\"font-size: 22px; font-family: arial, helvetica, sans-serif;\"><strong>Val l\u00f2ng t\u1ed1t<\/strong> (b\u1ea5t k\u1ef3 \u0111\u1ea1i t\u1eeb n\u00e0o)<\/span><br \/><span style=\"font-size: 22px; font-family: arial, helvetica, sans-serif;\">E-mail: <a href=\"mailto:val@corvallisddc.com\">val@corvallisddc.com<\/a><\/span><br \/><span style=\"font-size: 22px; font-family: arial, helvetica, sans-serif;\">\u0110i\u1ec7n tho\u1ea1i: 458-233-5327<\/span><\/p>\n<p style=\"font-size: 24px;\"><span style=\"font-size: 22px; color: #000000;\"><em><span style=\"text-decoration: underline;\"><span style=\"font-family: arial, helvetica, sans-serif;\"><strong>Ban gi\u00e1m \u0111\u1ed1c<\/strong><\/span><\/span><\/em><\/span><\/p>\n<p style=\"font-size: 24px;\"><span style=\"font-family: arial, helvetica, sans-serif; font-size: 22px;\"><span style=\"font-weight: 400;\">Aleita Hass-Holcombe (c\u00f4 \u1ea5y\/ch\u1ecb \u1ea5y),\u00a0<\/span><span style=\"font-weight: 400;\"><br \/><\/span><span style=\"font-weight: 400;\">Grant Carlin (anh \u1ea5y\/\u00f4ng \u1ea5y)<\/span><a href=\"mailto:basicneeds@corvallisddc.com\"><span style=\"font-weight: 400;\"><br \/><\/span><\/a><span style=\"font-weight: 400;\">Laura Duncan (c\u00f4 \u1ea5y\/c\u00f4 \u1ea5y)<\/span><\/span><span style=\"font-family: arial, helvetica, sans-serif; font-size: 22px;\"><span style=\"font-weight: 400;\"><br \/><\/span><span style=\"font-weight: 400;\">Dawn Lasater (c\u00f4 \u1ea5y\/c\u00f4 \u1ea5y)<\/span><a href=\"mailto:basicneeds@corvallisddc.com\"><span style=\"font-weight: 400;\"><br \/><\/span><\/a><span style=\"font-weight: 400;\">Vicki Meyer (c\u00f4 \u1ea5y\/c\u00f4 \u1ea5y), Th\u1ee7 qu\u1ef9<\/span><\/span><br \/><span style=\"font-family: arial, helvetica, sans-serif; font-size: 22px;\"><span style=\"font-weight: 400;\">Mandy Place (c\u00f4 \u1ea5y\/c\u00f4 \u1ea5y)<\/span><span style=\"font-weight: 400;\"><br \/><\/span>Sue Schulz (c\u00f4 \u1ea5y\/c\u00f4 \u1ea5y)<a href=\"mailto:basicneeds@corvallisddc.com\"><span style=\"font-weight: 400;\"><br \/><\/span><\/a><\/span><span style=\"font-family: arial, helvetica, sans-serif;\"><span style=\"font-size: 22px;\"><span style=\"font-weight: 400;\">Marybetts Sinclair (c\u00f4 \u1ea5y\/c\u00f4 \u1ea5y)<\/span><span style=\"font-weight: 400;\"><br \/><\/span>Shawn Strobl (anh \u1ea5y\/c\u1eadu \u1ea5y)<span style=\"font-weight: 400;\"><br \/><\/span>Michael Henthorne (anh \u1ea5y\/\u00f4ng \u1ea5y)<\/span><\/span><\/p>\n<\/div>\n<\/div>\n<p><!-- \/wp:spacer --><!-- wp:paragraph --><\/p>\t\t\t\t\t\t\t\t<\/div>\n\t\t\t\t<\/div>\n\t\t\t\t\t<\/div>\n\t\t<\/div>\n\t\t\t\t\t<\/div>\n\t\t<\/section>\n\t\t\t\t<\/div>","protected":false},"excerpt":{"rendered":"<p>\u0110\u1ed3ng Gi\u00e1m \u0111\u1ed1c \u0110i\u1ec1u h\u00e0nh Allison Hobgood (c\u00f4 \u1ea5y\/ch\u1ecb \u1ea5y) Email: allison.hobgood@gmail.com \u0110i\u1ec7n tho\u1ea1i: 541-224-7578 Maddie Bean (c\u00f4 \u1ea5y\/ch\u1ecb \u1ea5y) Email: maddie@corvallisddc.com Maria Gonzales (c\u00f4 \u1ea5y\/ch\u1ecb \u1ea5y) Email: maria@corvallisddc.com \u0110i\u1ec1u ph\u1ed1i vi\u00ean Nhu c\u1ea7u C\u01a1 b\u1ea3n &amp; Ng\u01b0\u1eddi \u1ee7ng h\u1ed9 Kh\u00e1ch Liz Webster (c\u00f4 \u1ea5y\/ch\u1ecb \u1ea5y) Email: liz@corvallisddc.com Jade True (h\u1ecd\/ch\u00fang) Email: jade@corvallisddc.com Ryn Darnell (h\u1ecd\/ch\u00fang) Email: ryn@corvallisddc.com Matt Easdale (anh \u1ea5y\/c\u1eadu \u1ea5y) Email: matt@corvallisddc.com \u0110i\u1ec1u ph\u1ed1i vi\u00ean Nh\u00f3m Ti\u1ebfp c\u1eadn v\u00e0 \u1ee8ng ph\u00f3 \u0110\u01b0\u1eddng ph\u1ed1 (SORT) Eric Swartzendruber (anh \u1ea5y\/c\u1eadu \u1ea5y) Email: sortoutreachcorvallis@gmail.com H\u1ed7 tr\u1ee3 S\u1ee9c kh\u1ecfe C\u1ed9ng \u0111\u1ed3ng Tuy\u1ebfn \u0111\u1ea7u Hezz Franklin (kh\u00f4ng<a class=\"more-link\" href=\"https:\/\/corvallisddc.org\/vi\/elementor-1936\/\">\u0110\u1ecdc ti\u1ebfp <span class=\"screen-reader-text\">&quot;G\u1eb7p \u0111\u1ed9i c\u1ee7a ch\u00fang t\u00f4i&quot;<\/span><\/a><\/p>","protected":false},"author":212331932,"featured_media":0,"parent":0,"menu_order":0,"comment_status":"closed","ping_status":"closed","template":"","meta":{"advanced_seo_description":"","jetpack_seo_html_title":"","jetpack_seo_noindex":false,"footnotes":""},"class_list":["post-1936","page","type-page","status-publish","hentry","entry"],"jetpack_likes_enabled":true,"jetpack_sharing_enabled":true,"jetpack_shortlink":"https:\/\/wp.me\/PdkkQs-ve","amp_enabled":false,"_links":{"self":[{"href":"https:\/\/corvallisddc.org\/vi\/wp-json\/wp\/v2\/pages\/1936","targetHints":{"allow":["GET"]}}],"collection":[{"href":"https:\/\/corvallisddc.org\/vi\/wp-json\/wp\/v2\/pages"}],"about":[{"href":"https:\/\/corvallisddc.org\/vi\/wp-json\/wp\/v2\/types\/page"}],"author":[{"embeddable":true,"href":"https:\/\/corvallisddc.org\/vi\/wp-json\/wp\/v2\/users\/212331932"}],"replies":[{"embeddable":true,"href":"https:\/\/corvallisddc.org\/vi\/wp-json\/wp\/v2\/comments?post=1936"}],"version-history":[{"count":50,"href":"https:\/\/corvallisddc.org\/vi\/wp-json\/wp\/v2\/pages\/1936\/revisions"}],"predecessor-version":[{"id":5004,"href":"https:\/\/corvallisddc.org\/vi\/wp-json\/wp\/v2\/pages\/1936\/revisions\/5004"}],"wp:attachment":[{"href":"https:\/\/corvallisddc.org\/vi\/wp-json\/wp\/v2\/media?parent=1936"}],"curies":[{"name":"wp","href":"https:\/\/api.w.org\/{rel}","templated":true}]}}